{"id":2889,"date":"2021-03-20T20:29:41","date_gmt":"2021-03-20T19:29:41","guid":{"rendered":"http:\/\/image-bible.ch\/?page_id=2889"},"modified":"2024-11-13T14:51:19","modified_gmt":"2024-11-13T13:51:19","slug":"g45-6-icone","status":"publish","type":"page","link":"http:\/\/image-bible.ch\/?page_id=2889","title":{"rendered":"G45.6 \/ Ic\u00f4ne"},"content":{"rendered":"<p style=\"text-align: center;\"><span style=\"font-family: 'comic sans ms', sans-serif; font-size: 14pt;\">G45.6<\/span><span style=\"font-family: 'comic sans ms', sans-serif; font-size: 14pt;\"> &#8211; Apparition aux femmes au tombeau \/ Ic\u00f4ne<\/span><\/p>\n<p><img loading=\"lazy\" decoding=\"async\" class=\"alignnone wp-image-6895\" src=\"http:\/\/image-bible.ch\/wp-content\/uploads\/Aparition-femmes-au-tombeau-296x300.jpg\" alt=\"\" width=\"367\" height=\"372\" srcset=\"http:\/\/image-bible.ch\/wp-content\/uploads\/Aparition-femmes-au-tombeau-296x300.jpg 296w, http:\/\/image-bible.ch\/wp-content\/uploads\/Aparition-femmes-au-tombeau-1009x1024.jpg 1009w, http:\/\/image-bible.ch\/wp-content\/uploads\/Aparition-femmes-au-tombeau-768x779.jpg 768w, http:\/\/image-bible.ch\/wp-content\/uploads\/Aparition-femmes-au-tombeau.jpg 1481w\" sizes=\"(max-width: 367px) 100vw, 367px\" \/><\/p>\n<p class=\"Ilustration\">Mosa\u00efque byzantine, cath\u00e9drale de Montreale, Sicile (Italie)<\/p>\n<p class=\"Normallivre\">Trois femmes portant des vases contenant de la myrrhe (d\u2019o\u00f9 le nom de myrophore) se tiennent \u00e0 c\u00f4t\u00e9 du sarcophage du Christ apr\u00e8s la R\u00e9surrection. Elles regardent l&rsquo;ange assis sur le tombeau. L\u2019ange d\u00e9signe derri\u00e8re lui un rocher en creux avec un linge blanc. Au pied de ce rocher trois soldats romains endormis. Contemplez les beaux visages, qui nous invitent \u00e0 vivre ce myst\u00e8re de l\u2019int\u00e9rieur avec notre c\u0153ur et notre foi.<\/p>\n<p><img loading=\"lazy\" decoding=\"async\" class=\"alignnone  wp-image-8627\" src=\"http:\/\/image-bible.ch\/wp-content\/uploads\/10.2-Resurrection-femmes-atelier-St-Luc-1-232x300.jpg\" alt=\"\" width=\"572\" height=\"740\" srcset=\"http:\/\/image-bible.ch\/wp-content\/uploads\/10.2-Resurrection-femmes-atelier-St-Luc-1-232x300.jpg 232w, http:\/\/image-bible.ch\/wp-content\/uploads\/10.2-Resurrection-femmes-atelier-St-Luc-1-792x1024.jpg 792w, http:\/\/image-bible.ch\/wp-content\/uploads\/10.2-Resurrection-femmes-atelier-St-Luc-1-768x993.jpg 768w, http:\/\/image-bible.ch\/wp-content\/uploads\/10.2-Resurrection-femmes-atelier-St-Luc-1-1188x1536.jpg 1188w, http:\/\/image-bible.ch\/wp-content\/uploads\/10.2-Resurrection-femmes-atelier-St-Luc-1-1584x2048.jpg 1584w, http:\/\/image-bible.ch\/wp-content\/uploads\/10.2-Resurrection-femmes-atelier-St-Luc-1-scaled.jpg 1979w\" sizes=\"(max-width: 572px) 100vw, 572px\" \/><\/p>\n<p><img loading=\"lazy\" decoding=\"async\" class=\"alignnone  wp-image-9424\" src=\"http:\/\/image-bible.ch\/wp-content\/uploads\/Les-femmes-au-tombeau-293x300.jpg\" alt=\"\" width=\"570\" height=\"584\" srcset=\"http:\/\/image-bible.ch\/wp-content\/uploads\/Les-femmes-au-tombeau-293x300.jpg 293w, http:\/\/image-bible.ch\/wp-content\/uploads\/Les-femmes-au-tombeau-999x1024.jpg 999w, http:\/\/image-bible.ch\/wp-content\/uploads\/Les-femmes-au-tombeau-768x787.jpg 768w, http:\/\/image-bible.ch\/wp-content\/uploads\/Les-femmes-au-tombeau-1498x1536.jpg 1498w, http:\/\/image-bible.ch\/wp-content\/uploads\/Les-femmes-au-tombeau-1998x2048.jpg 1998w\" sizes=\"(max-width: 570px) 100vw, 570px\" \/><\/p>\n<p><em>Les femmes au tombeau, fresque, Anaphora, Egypte.<\/em><\/p>\n","protected":false},"excerpt":{"rendered":"<p>G45.6 &#8211; Apparition aux femmes au tombeau \/ Ic\u00f4ne Mosa\u00efque byzantine, cath\u00e9drale de Montreale, Sicile (Italie) Trois femmes portant des vases contenant de la myrrhe (d\u2019o\u00f9 le nom de myrophore) se tiennent \u00e0 c\u00f4t\u00e9 du sarcophage du Christ apr\u00e8s la<\/p>\n","protected":false},"author":1,"featured_media":0,"parent":0,"menu_order":0,"comment_status":"closed","ping_status":"closed","template":"","meta":{"footnotes":""},"_links":{"self":[{"href":"http:\/\/image-bible.ch\/index.php?rest_route=\/wp\/v2\/pages\/2889"}],"collection":[{"href":"http:\/\/image-bible.ch\/index.php?rest_route=\/wp\/v2\/pages"}],"about":[{"href":"http:\/\/image-bible.ch\/index.php?rest_route=\/wp\/v2\/types\/page"}],"author":[{"embeddable":true,"href":"http:\/\/image-bible.ch\/index.php?rest_route=\/wp\/v2\/users\/1"}],"replies":[{"embeddable":true,"href":"http:\/\/image-bible.ch\/index.php?rest_route=%2Fwp%2Fv2%2Fcomments&post=2889"}],"version-history":[{"count":5,"href":"http:\/\/image-bible.ch\/index.php?rest_route=\/wp\/v2\/pages\/2889\/revisions"}],"predecessor-version":[{"id":9425,"href":"http:\/\/image-bible.ch\/index.php?rest_route=\/wp\/v2\/pages\/2889\/revisions\/9425"}],"wp:attachment":[{"href":"http:\/\/image-bible.ch\/index.php?rest_route=%2Fwp%2Fv2%2Fmedia&parent=2889"}],"curies":[{"name":"wp","href":"https:\/\/api.w.org\/{rel}","templated":true}]}}