{"id":2899,"date":"2021-03-21T08:03:11","date_gmt":"2021-03-21T07:03:11","guid":{"rendered":"http:\/\/image-bible.ch\/?page_id=2899"},"modified":"2021-10-05T19:08:40","modified_gmt":"2021-10-05T17:08:40","slug":"f28-1-la-bible-des-pauvres","status":"publish","type":"page","link":"http:\/\/image-bible.ch\/?page_id=2899","title":{"rendered":"F28.1 \/ La Bible des pauvres"},"content":{"rendered":"<p style=\"text-align: center;\"><span style=\"font-family: 'comic sans ms', sans-serif; font-size: 14pt;\">F28.1<\/span><span style=\"font-family: 'comic sans ms', sans-serif; font-size: 14pt;\"> &#8211; Entr\u00e9e de J\u00e9sus \u00e0 J\u00e9rusalem \/ La Bible des pauvres<\/span><\/p>\n<p><img loading=\"lazy\" decoding=\"async\" class=\"alignnone size-medium wp-image-5602\" src=\"http:\/\/image-bible.ch\/wp-content\/uploads\/2021\/05\/17.-Entree-a-Jerusalem-193x300.jpg\" alt=\"\" width=\"193\" height=\"300\" srcset=\"http:\/\/image-bible.ch\/wp-content\/uploads\/2021\/05\/17.-Entree-a-Jerusalem-193x300.jpg 193w, http:\/\/image-bible.ch\/wp-content\/uploads\/2021\/05\/17.-Entree-a-Jerusalem.jpg 633w\" sizes=\"(max-width: 193px) 100vw, 193px\" \/><\/p>\n<p><strong>Types :<\/strong> A son retour du combat avec Goliath, David est accueilli triomphalement par les femmes en dansant &#8211; les fils des proph\u00e8tes saluent Elis\u00e9e<\/p>\n<p><strong>Antitype :<\/strong> l\u2019entr\u00e9e de J\u00e9sus \u00e0 J\u00e9rusalem<\/p>\n<p>De m\u00eame que David a \u00e9t\u00e9 triomphalement accueillit par les femmes de J\u00e9rusalem apr\u00e8s sa victoire sur les philistins gr\u00e2ce \u00e0 un lance pierre.<br \/>\nDe m\u00eame J\u00e9sus sur \u00e2non est accueillit\u00a0 triomphalement par la population \u00e0 son entr\u00e9e \u00e0 J\u00e9rusalem<\/p>\n<p><i>1Sm 17,50 &#8211; 18,7 : \u00a0<\/i><\/p>\n<p><span class=\"verse_number\">50<\/span> Ainsi David triompha du Philistin avec une fronde et un caillou\u00a0: quand il frappa le Philistin et le mit \u00e0 mort, il n\u2019avait pas d\u2019\u00e9p\u00e9e \u00e0 la main.<\/p>\n<p><span class=\"verse_number\">51<\/span> Mais David courut\u00a0; arriv\u00e9 pr\u00e8s du Philistin, il lui prit son \u00e9p\u00e9e, qu\u2019il tira du fourreau, et le tua en lui coupant la t\u00eate. Quand les Philistins virent que leur h\u00e9ros \u00e9tait mort, ils prirent la fuite.<\/p>\n<p><span class=\"verse_number\">52<\/span> Les hommes d\u2019Isra\u00ebl et de Juda se lev\u00e8rent en poussant le cri de guerre\u00a0; ils poursuivirent les Philistins jusqu\u2019\u00e0 l\u2019entr\u00e9e de la vall\u00e9e et jusqu\u2019aux portes d\u2019\u00c9qrone. Des Philistins, bless\u00e9s \u00e0 mort, tomb\u00e8rent sur la route de Shaara\u00efm, jusqu\u2019\u00e0 Gath et jusqu\u2019\u00e0 \u00c9qrone.<\/p>\n<p><span class=\"verse_number\">53<\/span> Puis, les fils d\u2019Isra\u00ebl revinrent de leur poursuite acharn\u00e9e contre les Philistins et se mirent \u00e0 piller leur camp.<\/p>\n<p><span class=\"verse_number\">54<\/span> David saisit la t\u00eate du Philistin et l\u2019apporta \u00e0 J\u00e9rusalem. Quant \u00e0 ses armes, il les d\u00e9posa dans sa propre tente.<\/p>\n<p><span class=\"verse_number\">55<\/span> Lorsque Sa\u00fcl avait vu David sortir \u00e0 la rencontre du Philistin, il avait demand\u00e9 au chef de l\u2019arm\u00e9e, Abner\u00a0: \u00ab\u00a0De qui ce gar\u00e7on est-il le fils, Abner\u00a0?\u00a0\u00bb Et Abner lui avait r\u00e9pondu\u00a0: \u00ab\u00a0Par ta vie, \u00f4 roi, je ne le sais pas.\u00a0\u00bb<\/p>\n<p><span class=\"verse_number\">56<\/span> Le roi lui avait dit\u00a0: \u00ab\u00a0Informe-toi\u00a0: de qui ce jeune homme est-il le fils\u00a0?\u00a0\u00bb<\/p>\n<p><span class=\"verse_number\">57<\/span> Quand David fut de retour, apr\u00e8s avoir abattu le Philistin, Abner le retint et le fit venir devant Sa\u00fcl\u00a0; David avait \u00e0 la main la t\u00eate du Philistin.<\/p>\n<p><span class=\"verse_number\">58<\/span> Sa\u00fcl lui demanda\u00a0: \u00ab\u00a0Mon gar\u00e7on, de qui es-tu le fils\u00a0?\u00a0\u00bb Et David lui r\u00e9pondit\u00a0: \u00ab\u00a0Je suis le fils de ton serviteur Jess\u00e9, de Bethl\u00e9em.\u00a0\u00bb<\/p>\n<p><i>\u00a0<\/i>De m\u00eame que les fils des proph\u00e8tes saluent Elis\u00e9e leur ma\u00eetre, en reconnaissant en lui l\u2019Esprit d\u2019Elie.<br \/>\nDe m\u00eame J\u00e9sus est salu\u00e9 par la foule de J\u00e9rusalem en reconnaissant en Lui le Fils de David .<\/p>\n<p>18,1<\/p>\n<p><span class=\"verse_number\">1<\/span> Or d\u00e8s que David eut fini de parler \u00e0 Sa\u00fcl, Jonathan s\u2019attacha de toute son \u00e2me \u00e0 David et il l\u2019aima comme lui-m\u00eame.<\/p>\n<p><span class=\"verse_number\">2<\/span> Ce jour-l\u00e0, Sa\u00fcl retint David et ne lui permit pas de retourner chez son p\u00e8re.<\/p>\n<p><span class=\"verse_number\">3<\/span> Et Jonathan conclut une alliance avec David, car il l\u2019aimait comme lui-m\u00eame.<\/p>\n<p><span class=\"verse_number\">4<\/span> Jonathan se d\u00e9pouilla du manteau qu\u2019il portait et le donna \u00e0 David, ainsi que ses v\u00eatements, et m\u00eame son \u00e9p\u00e9e, son arc et son ceinturon.<\/p>\n<p><span class=\"verse_number\">5<\/span> Dans ses exp\u00e9ditions, David r\u00e9ussissait partout o\u00f9 l\u2019envoyait Sa\u00fcl, et Sa\u00fcl le mit \u00e0 la t\u00eate des hommes de guerre. Il \u00e9tait bien vu de tout le peuple et m\u00eame des serviteurs de Sa\u00fcl.<\/p>\n<p><span class=\"verse_number\">6<\/span> Au retour de l\u2019arm\u00e9e, lorsque David revint apr\u00e8s avoir tu\u00e9 le Philistin, les femmes sortirent de toutes les villes d\u2019Isra\u00ebl \u00e0 la rencontre du roi Sa\u00fcl pour chanter et danser au son des tambourins, des cris de joie et des cymbales.<\/p>\n<p><span class=\"verse_number\">7<\/span> Les femmes dansaient en se renvoyant ce refrain\u00a0: \u00ab\u00a0Sa\u00fcl a tu\u00e9 ses milliers, et David, ses dizaines de milliers.\u00a0\u00bb<\/p>\n<p><span class=\"verse_number\">8<\/span> Sa\u00fcl le prit tr\u00e8s mal et fut tr\u00e8s irrit\u00e9. Il disait\u00a0: \u00ab\u00a0\u00c0 David on attribue les dizaines de milliers, et \u00e0 moi les milliers\u00a0; il ne lui manque plus que la royaut\u00e9\u00a0!\u00a0\u00bb<\/p>\n<p><span class=\"verse_number\">9<\/span> Depuis ce jour-l\u00e0, Sa\u00fcl regardait David avec m\u00e9fiance.<\/p>\n<p>&nbsp;<\/p>\n<p><i>2R 2,15-16 :\u00a0 <\/i><\/p>\n<p><span class=\"verse_number\">13<\/span> Elis\u00e9e ramassa le manteau qu\u2019\u00c9lie avait laiss\u00e9 tomber, il revint et s\u2019arr\u00eata sur la rive du Jourdain.<\/p>\n<p><span class=\"verse_number\">14<\/span> Avec le manteau d\u2019\u00c9lie, il frappa les eaux, mais elles ne s\u2019\u00e9cart\u00e8rent pas. \u00c9lis\u00e9e dit alors\u00a0: \u00ab\u00a0O\u00f9 est donc le Seigneur, le Dieu d\u2019\u00c9lie\u00a0?\u00a0\u00bb Il frappa encore une fois, les eaux s\u2019\u00e9cart\u00e8rent, et il traversa.<\/p>\n<p><span class=\"verse_number\">15<\/span> Depuis l\u2019autre rive, les fr\u00e8res-proph\u00e8tes, ceux de J\u00e9richo, l\u2019aper\u00e7urent et dirent\u00a0: \u00ab\u00a0L\u2019esprit d\u2019\u00c9lie repose sur \u00c9lis\u00e9e\u00a0\u00bb. Ils vinrent donc \u00e0 sa rencontre et se prostern\u00e8rent jusqu\u2019\u00e0 terre devant lui.<\/p>\n<p>&nbsp;<\/p>\n<p><i>\u00a0<\/i><strong>David :<\/strong><i> Ps 34,16 : <\/i><i>Ils blasph\u00e8ment, ils me couvrent de sarcasmes, grin\u00e7ant des dents contre moi.<\/i><\/p>\n<p><strong>Mich\u00e9e :<\/strong><i> (Za 3,1) : <\/i><i>Le Seigneur me fit voir Josu\u00e9, le grand pr\u00eatre, qui se tenait devant l\u2019ange du Seigneur, tandis que le Satan \u00e9tait debout \u00e0 sa droite pour l\u2019accuser.Job 16,10<\/i><\/p>\n<p><strong>Job :<\/strong><i> Job 16,11 : <\/i><i>Dieu me livre \u00e0 des garnements, aux mains des m\u00e9chants il me jette.<\/i><\/p>\n<p><strong>Isa\u00efe :<\/strong><i> Es 29,16 : <\/i><i>C\u2019est le monde \u00e0 l\u2019envers ! L\u2019argile se prend-elle pour le potier ? L\u2019ouvrage va-t-il dire de son fabricant : \u00ab Il ne m\u2019a pas fabriqu\u00e9 \u00bb, et le pot va-t-il dire du potier : \u00ab Il n\u2019y conna\u00eet rien \u00bb <\/i><\/p>\n<p>&nbsp;<\/p>\n<p>&nbsp;<\/p>\n","protected":false},"excerpt":{"rendered":"<p>F28.1 &#8211; Entr\u00e9e de J\u00e9sus \u00e0 J\u00e9rusalem \/ La Bible des pauvres Types : A son retour du combat avec Goliath, David est accueilli triomphalement par les femmes en dansant &#8211; les fils des proph\u00e8tes saluent Elis\u00e9e Antitype : l\u2019entr\u00e9e<\/p>\n","protected":false},"author":1,"featured_media":0,"parent":0,"menu_order":0,"comment_status":"closed","ping_status":"closed","template":"","meta":{"footnotes":""},"_links":{"self":[{"href":"http:\/\/image-bible.ch\/index.php?rest_route=\/wp\/v2\/pages\/2899"}],"collection":[{"href":"http:\/\/image-bible.ch\/index.php?rest_route=\/wp\/v2\/pages"}],"about":[{"href":"http:\/\/image-bible.ch\/index.php?rest_route=\/wp\/v2\/types\/page"}],"author":[{"embeddable":true,"href":"http:\/\/image-bible.ch\/index.php?rest_route=\/wp\/v2\/users\/1"}],"replies":[{"embeddable":true,"href":"http:\/\/image-bible.ch\/index.php?rest_route=%2Fwp%2Fv2%2Fcomments&post=2899"}],"version-history":[{"count":7,"href":"http:\/\/image-bible.ch\/index.php?rest_route=\/wp\/v2\/pages\/2899\/revisions"}],"predecessor-version":[{"id":6361,"href":"http:\/\/image-bible.ch\/index.php?rest_route=\/wp\/v2\/pages\/2899\/revisions\/6361"}],"wp:attachment":[{"href":"http:\/\/image-bible.ch\/index.php?rest_route=%2Fwp%2Fv2%2Fmedia&parent=2899"}],"curies":[{"name":"wp","href":"https:\/\/api.w.org\/{rel}","templated":true}]}}