{"id":2901,"date":"2021-03-21T08:03:30","date_gmt":"2021-03-21T07:03:30","guid":{"rendered":"http:\/\/image-bible.ch\/?page_id=2901"},"modified":"2024-11-08T18:48:21","modified_gmt":"2024-11-08T17:48:21","slug":"f28-2-images","status":"publish","type":"page","link":"http:\/\/image-bible.ch\/?page_id=2901","title":{"rendered":"F28.2 \/ Images"},"content":{"rendered":"<p style=\"text-align: center;\"><span style=\"font-family: 'comic sans ms', sans-serif; font-size: 14pt;\">F28.2<\/span><span style=\"font-family: 'comic sans ms', sans-serif; font-size: 14pt;\"> &#8211; Entr\u00e9e de J\u00e9sus \u00e0 J\u00e9rusalem \/ Images<\/span><\/p>\n<div id='gallery-1' class='gallery galleryid-2901 gallery-columns-3 gallery-size-medium'><figure class='gallery-item'>\n\t\t\t<div class='gallery-icon portrait'>\n\t\t\t\t<a href='http:\/\/image-bible.ch\/?attachment_id=6820'><img loading=\"lazy\" decoding=\"async\" width=\"218\" height=\"300\" src=\"http:\/\/image-bible.ch\/wp-content\/uploads\/28a_Entree-Jerusalem_-Mt21-218x300.jpg\" class=\"attachment-medium size-medium\" alt=\"\" aria-describedby=\"gallery-1-6820\" srcset=\"http:\/\/image-bible.ch\/wp-content\/uploads\/28a_Entree-Jerusalem_-Mt21-218x300.jpg 218w, http:\/\/image-bible.ch\/wp-content\/uploads\/28a_Entree-Jerusalem_-Mt21-745x1024.jpg 745w, http:\/\/image-bible.ch\/wp-content\/uploads\/28a_Entree-Jerusalem_-Mt21-768x1056.jpg 768w, http:\/\/image-bible.ch\/wp-content\/uploads\/28a_Entree-Jerusalem_-Mt21-1117x1536.jpg 1117w, http:\/\/image-bible.ch\/wp-content\/uploads\/28a_Entree-Jerusalem_-Mt21-1490x2048.jpg 1490w, http:\/\/image-bible.ch\/wp-content\/uploads\/28a_Entree-Jerusalem_-Mt21-scaled.jpg 1862w\" sizes=\"(max-width: 218px) 100vw, 218px\" \/><\/a>\n\t\t\t<\/div>\n\t\t\t\t<figcaption class='wp-caption-text gallery-caption' id='gallery-1-6820'>\n\t\t\t\tJ\u00e9sus entre \u00e0 J\u00e9rusalem\n\t\t\t\t<\/figcaption><\/figure><figure class='gallery-item'>\n\t\t\t<div class='gallery-icon portrait'>\n\t\t\t\t<a href='http:\/\/image-bible.ch\/?attachment_id=9177'><img loading=\"lazy\" decoding=\"async\" width=\"229\" height=\"300\" src=\"http:\/\/image-bible.ch\/wp-content\/uploads\/23.-1Sm-1750-187_Femmes-accueillent-David-229x300.jpg\" class=\"attachment-medium size-medium\" alt=\"\" aria-describedby=\"gallery-1-9177\" srcset=\"http:\/\/image-bible.ch\/wp-content\/uploads\/23.-1Sm-1750-187_Femmes-accueillent-David-229x300.jpg 229w, http:\/\/image-bible.ch\/wp-content\/uploads\/23.-1Sm-1750-187_Femmes-accueillent-David-780x1024.jpg 780w, http:\/\/image-bible.ch\/wp-content\/uploads\/23.-1Sm-1750-187_Femmes-accueillent-David-768x1008.jpg 768w, http:\/\/image-bible.ch\/wp-content\/uploads\/23.-1Sm-1750-187_Femmes-accueillent-David-1170x1536.jpg 1170w, http:\/\/image-bible.ch\/wp-content\/uploads\/23.-1Sm-1750-187_Femmes-accueillent-David.jpg 1404w\" sizes=\"(max-width: 229px) 100vw, 229px\" \/><\/a>\n\t\t\t<\/div>\n\t\t\t\t<figcaption class='wp-caption-text gallery-caption' id='gallery-1-9177'>\n\t\t\t\tDavid est accueilli triomphalement \u00e0 J\u00e9rusalem\n\t\t\t\t<\/figcaption><\/figure><figure class='gallery-item'>\n\t\t\t<div class='gallery-icon portrait'>\n\t\t\t\t<a href='http:\/\/image-bible.ch\/?attachment_id=9178'><img loading=\"lazy\" decoding=\"async\" width=\"224\" height=\"300\" src=\"http:\/\/image-bible.ch\/wp-content\/uploads\/23_Elisee-frappe-eaux-evc-manteau_2R-13-15-224x300.jpg\" class=\"attachment-medium size-medium\" alt=\"\" aria-describedby=\"gallery-1-9178\" srcset=\"http:\/\/image-bible.ch\/wp-content\/uploads\/23_Elisee-frappe-eaux-evc-manteau_2R-13-15-224x300.jpg 224w, http:\/\/image-bible.ch\/wp-content\/uploads\/23_Elisee-frappe-eaux-evc-manteau_2R-13-15-764x1024.jpg 764w, http:\/\/image-bible.ch\/wp-content\/uploads\/23_Elisee-frappe-eaux-evc-manteau_2R-13-15-768x1029.jpg 768w, http:\/\/image-bible.ch\/wp-content\/uploads\/23_Elisee-frappe-eaux-evc-manteau_2R-13-15-1146x1536.jpg 1146w, http:\/\/image-bible.ch\/wp-content\/uploads\/23_Elisee-frappe-eaux-evc-manteau_2R-13-15.jpg 1397w\" sizes=\"(max-width: 224px) 100vw, 224px\" \/><\/a>\n\t\t\t<\/div>\n\t\t\t\t<figcaption class='wp-caption-text gallery-caption' id='gallery-1-9178'>\n\t\t\t\tElis\u00e9e frappe l&rsquo;eau avec le manteau d&rsquo;Elie\n\t\t\t\t<\/figcaption><\/figure>\n\t\t<\/div>\n\n","protected":false},"excerpt":{"rendered":"<p>F28.2 &#8211; Entr\u00e9e de J\u00e9sus \u00e0 J\u00e9rusalem \/ Images<\/p>\n","protected":false},"author":1,"featured_media":0,"parent":0,"menu_order":0,"comment_status":"closed","ping_status":"closed","template":"","meta":{"footnotes":""},"_links":{"self":[{"href":"http:\/\/image-bible.ch\/index.php?rest_route=\/wp\/v2\/pages\/2901"}],"collection":[{"href":"http:\/\/image-bible.ch\/index.php?rest_route=\/wp\/v2\/pages"}],"about":[{"href":"http:\/\/image-bible.ch\/index.php?rest_route=\/wp\/v2\/types\/page"}],"author":[{"embeddable":true,"href":"http:\/\/image-bible.ch\/index.php?rest_route=\/wp\/v2\/users\/1"}],"replies":[{"embeddable":true,"href":"http:\/\/image-bible.ch\/index.php?rest_route=%2Fwp%2Fv2%2Fcomments&post=2901"}],"version-history":[{"count":4,"href":"http:\/\/image-bible.ch\/index.php?rest_route=\/wp\/v2\/pages\/2901\/revisions"}],"predecessor-version":[{"id":9180,"href":"http:\/\/image-bible.ch\/index.php?rest_route=\/wp\/v2\/pages\/2901\/revisions\/9180"}],"wp:attachment":[{"href":"http:\/\/image-bible.ch\/index.php?rest_route=%2Fwp%2Fv2%2Fmedia&parent=2901"}],"curies":[{"name":"wp","href":"https:\/\/api.w.org\/{rel}","templated":true}]}}