{"id":2905,"date":"2021-03-21T08:04:18","date_gmt":"2021-03-21T07:04:18","guid":{"rendered":"http:\/\/image-bible.ch\/?page_id=2905"},"modified":"2024-11-08T18:50:59","modified_gmt":"2024-11-08T17:50:59","slug":"f28-4-bible-a-t","status":"publish","type":"page","link":"http:\/\/image-bible.ch\/?page_id=2905","title":{"rendered":"F28.4 \/ Bible Ancien-Testament"},"content":{"rendered":"<p style=\"text-align: center;\"><span style=\"font-family: 'comic sans ms', sans-serif; font-size: 14pt;\">F28.4<\/span><span style=\"font-family: 'comic sans ms', sans-serif; font-size: 14pt;\"> &#8211; Entr\u00e9e de J\u00e9sus \u00e0 J\u00e9rusalem \/ Bible Ancien-Testament<\/span><\/p>\n<h3><strong>A son retour du combat avec Goliath, David est accueilli triomphalement par les fe<\/strong><strong>mmes en dansant<\/strong><\/h3>\n<p><img loading=\"lazy\" decoding=\"async\" class=\"alignnone size-medium wp-image-5598\" src=\"http:\/\/image-bible.ch\/wp-content\/uploads\/2021\/05\/17.-Entree-a-Jerusalem-A-David-Femmes-au-retour-de-la-victoire-sur-Goliath-204x300.jpg\" alt=\"\" width=\"204\" height=\"300\" srcset=\"http:\/\/image-bible.ch\/wp-content\/uploads\/2021\/05\/17.-Entree-a-Jerusalem-A-David-Femmes-au-retour-de-la-victoire-sur-Goliath-204x300.jpg 204w, http:\/\/image-bible.ch\/wp-content\/uploads\/2021\/05\/17.-Entree-a-Jerusalem-A-David-Femmes-au-retour-de-la-victoire-sur-Goliath.jpg 316w\" sizes=\"(max-width: 204px) 100vw, 204px\" \/><\/p>\n<p><span style=\"color: #0000ff;\">1Sm 17,50 &#8230; 18,7 : \u00a0<\/span><\/p>\n<p><sup><span style=\"color: #0000ff;\">50<\/span><\/sup> Ainsi <strong>David<\/strong> triompha du <strong>Philistin<\/strong> avec <span style=\"color: #ff0000;\"><strong>la fronde et la pierre<\/strong> <\/span>: il abattit le Philistin et le fit <em>mourir<\/em>; il n&rsquo;y avait <em>pas d&rsquo;\u00e9p\u00e9e<\/em> entre les mains de David.<\/p>\n<p><sup><span style=\"color: #0000ff;\">51<\/span><\/sup> <strong>David<\/strong> courut et se tint debout sur le Philistin; saisissant l&rsquo;\u00e9p\u00e9e de celui-ci, il la tira du fourreau, il acheva le Philistin et, avec elle, il lui <em>trancha la t\u00eate<\/em>. Les Philistins, voyant que <em>leur champion \u00e9tait mort<\/em>,<em> s&rsquo;enfuirent<\/em>\u2026.<\/p>\n<p><sup><span style=\"color: #0000ff;\">54<\/span><\/sup><strong> David<\/strong> prit la t\u00eate du Philistin et l&rsquo;apporta <span style=\"color: #008000;\">\u00e0 J\u00e9rusalem;<\/span> quant \u00e0 ses armes, il les mit dans sa propre tente&#8230;.<\/p>\n<p><span style=\"color: #0000ff;\">18<sup>,6<\/sup><\/span><span style=\"color: #993300;\"> A leur retour<\/span>, quand David revint d&rsquo;avoir tu\u00e9 le Philistin, <strong>les femmes<\/strong> sortirent de toutes les villes d&rsquo;Isra\u00ebl au-devant du <strong>roi Sa\u00fcl<\/strong> pour <span style=\"color: #ff0000;\">chanter en dansant<\/span>, au son des tambourins, des cris d&rsquo;all\u00e9gresse et des sistres.<\/p>\n<p><span style=\"color: #0000ff;\">7<\/span> Les femmes qui dansaient chantaient ceci : \u00ab <strong>Sa\u00fcl<\/strong> a tu\u00e9 ses milliers, et <strong>David <span style=\"color: #ff0000;\">ses myriades<\/span><\/strong>. \u00bb<\/p>\n<p><strong><span style=\"color: #993300;\">Vocabulaire :<\/span><\/strong><\/p>\n<p>&nbsp;<\/p>\n<p><strong><span style=\"color: #0000ff;\">Questions :<\/span><\/strong><\/p>\n<p>&nbsp;<\/p>\n<h4>Commentaire :<\/h4>\n<p>Un jeune berger vient \u00e0 bout d&rsquo;une grosse brute (Goliath), \u00e9tonne un roi (Sa\u00fcl), devient l&rsquo;ami du prince h\u00e9ritier (Jonathnan et nous r\u00e9v\u00e8le ce qu&rsquo;est la foi en Dieu&#8230;<\/p>\n<p>Ce r\u00e9cit, est tellement merveilleux \u2013 un jeune berger tue avec sa seule fronde un guerrier gigantesque arm\u00e9 jusqu&rsquo;aux dents \u2013 que le doute saisit le lecteur quant \u00e0 son historicit\u00e9. L&rsquo;histoire royale a-t-elle \u00e9t\u00e9 embellie jusqu&rsquo;\u00e0 attribuer au monarque des faits d&rsquo;armes dus \u00e0 des gens de son entourage ? Peut-\u00eatre. A-t-on suffisamment remarqu\u00e9 que le combat contre Goliath est exp\u00e9di\u00e9 en une phrase ? La guerre contre les Philistins est rel\u00e9gu\u00e9e \u00e0 l&rsquo;arri\u00e8re-plan. Un autre conflit, tenace, est en train de na\u00eetre entre Sa\u00fcl, l&rsquo;ex messie, et David, le nouveau messie (secret) au destin si programm\u00e9 que l&rsquo;h\u00e9ritier du tr\u00f4ne, Jonathan, s&rsquo;incline d\u00e9j\u00e0 de bonne gr\u00e2ce. Et les femmes de J\u00e9rusalem accueillent David comme un h\u00e9ros.<\/p>\n<h3><i>\u00a0<\/i><strong>Les fils des proph\u00e8tes saluent \u00c9lis\u00e9e<\/strong><\/h3>\n<p><img loading=\"lazy\" decoding=\"async\" class=\"alignnone size-medium wp-image-5599\" src=\"http:\/\/image-bible.ch\/wp-content\/uploads\/2021\/05\/17.-Entree-a-Jerusalem-B-les-fils-des-prophetes-saluent-Elisee-198x300.jpg\" alt=\"\" width=\"198\" height=\"300\" srcset=\"http:\/\/image-bible.ch\/wp-content\/uploads\/2021\/05\/17.-Entree-a-Jerusalem-B-les-fils-des-prophetes-saluent-Elisee-198x300.jpg 198w, http:\/\/image-bible.ch\/wp-content\/uploads\/2021\/05\/17.-Entree-a-Jerusalem-B-les-fils-des-prophetes-saluent-Elisee.jpg 301w\" sizes=\"(max-width: 198px) 100vw, 198px\" \/><\/p>\n<p><span style=\"color: #0000ff;\">2R 2,13-15 :<\/span><\/p>\n<p><sup><span class=\"verse_number\" style=\"color: #0000ff;\">13<\/span><\/sup> <strong>\u00c9lis\u00e9e<\/strong> ramassa<strong><span style=\"color: #ff0000;\"> le manteau<\/span><\/strong> qu\u2019<strong>\u00c9lie<\/strong> avait laiss\u00e9 tomber, il revint et s\u2019arr\u00eata sur <span style=\"color: #008000;\">la rive du Jourdain<\/span>.<\/p>\n<p><sup><span class=\"verse_number\" style=\"color: #0000ff;\">14<\/span><\/sup> Avec le manteau d\u2019\u00c9lie, il <em>frappa les eaux<\/em>, mais elles ne s\u2019\u00e9cart\u00e8rent pas. \u00c9lis\u00e9e dit alors\u00a0: \u00ab\u00a0O\u00f9 est donc le Seigneur, le Dieu d\u2019\u00c9lie\u00a0?\u00a0\u00bb Il <span style=\"color: #ff0000;\">frappa encore une fois<\/span>, les <em>eaux s\u2019\u00e9cart\u00e8rent<\/em>, et il<em> traversa<\/em>.<\/p>\n<p><sup><span style=\"color: #0000ff;\">15<\/span><\/sup> Les fr\u00e8res proph\u00e8tes virent \u00c9lis\u00e9e \u00e0 distance et dirent : <b>\u00ab<span style=\"color: #ff0000;\">L&rsquo;esprit<\/span> d&rsquo;\u00c9lie <span style=\"color: #ff0000;\">s&rsquo;est repos\u00e9 sur<\/span> \u00c9lis\u00e9e!;\u00bb <\/b>ils vinrent \u00e0 sa rencontre et se prostern\u00e8rent \u00e0 terre devant lui.<\/p>\n<p><span style=\"color: #993300;\"><strong>Vocabulaire :<\/strong><\/span><\/p>\n<p>&nbsp;<\/p>\n<p><span style=\"color: #0000ff;\"><strong>Questions :<\/strong><\/span><\/p>\n<p>&nbsp;<\/p>\n<h4>Commentaire :<\/h4>\n<p>L&rsquo;une des caract\u00e9ristiques de ce r\u00e9cit est la pr\u00e9sence massive des \u00ab fils des proph\u00e8tes \u00bb, c&rsquo;est-\u00e0-dire des membres des confr\u00e9ries proph\u00e9tiques install\u00e9s \u00e0 B\u00e9thel, J\u00e9richo et Guilgal, et avec qui \u00c9lis\u00e9e semble en relation continuelle.<\/p>\n<p>Sous les yeux des fr\u00e8res proph\u00e8tes, \u00c9lie frappe de son manteau les eaux du fleuve, qu&rsquo;il passe \u00e0 pied sec avec \u00c9lis\u00e9e. Comme cadeau d&rsquo;adieu, \u00c9lis\u00e9e demande alors \u00e0 son ma\u00eetre une double part de son esprit, c&rsquo;est-\u00e0-dire l&rsquo;h\u00e9ritage privil\u00e9gi\u00e9 qui revient au fils a\u00een\u00e9 (Dt 21, 17).<\/p>\n<p>\u00c9lis\u00e9e voit partir un p\u00e8re, un ma\u00eetre v\u00e9n\u00e9r\u00e9 qui \u00e9tait \u00e0 lui seul toute la puissance d&rsquo;Isra\u00ebl, ses chars et ses cavaliers.<\/p>\n<p>La transmission du pouvoir proph\u00e9tique se fait par Dieu. M\u00eame si \u00c9lis\u00e9e a re\u00e7u le manteau d&rsquo;\u00c9lie il doit invoquer le Dieu d&rsquo;\u00c9lie (v. 14).<\/p>\n<p>Apr\u00e8s la disparition d\u2019Elie, le p\u00e8lerin de l&rsquo;Horeb, \u00c9lis\u00e9e revit \u00e0 son tour un \u00e9v\u00e9nement fondateur: il doit passer le Jourdain avec l&rsquo;esprit d&rsquo;\u00c9lie (v.15).<\/p>\n<p><sup><span style=\"color: #0000ff;\">\u00a0<\/span><\/sup><\/p>\n<p><i> <img loading=\"lazy\" decoding=\"async\" class=\"alignnone size-medium wp-image-5601\" src=\"http:\/\/image-bible.ch\/wp-content\/uploads\/2021\/05\/17.-Entree-a-Jerusalem-D-300x249.jpg\" alt=\"\" width=\"300\" height=\"249\" srcset=\"http:\/\/image-bible.ch\/wp-content\/uploads\/2021\/05\/17.-Entree-a-Jerusalem-D-300x249.jpg 300w, http:\/\/image-bible.ch\/wp-content\/uploads\/2021\/05\/17.-Entree-a-Jerusalem-D.jpg 632w\" sizes=\"(max-width: 300px) 100vw, 300px\" \/><\/i><\/p>\n<p><strong>David :<\/strong> Ps 149,2-3<i> : <\/i><i>En Isra\u00ebl, joie pour son cr\u00e9ateur ; dans Sion, all\u00e9gresse pour son Roi! Dansez \u00e0 la louange de son nom, jouez pour lui, tambourins et cithares !<\/i><\/p>\n<p><strong>Zacharie :<\/strong> <i>Za 9,9: <\/i><i>Exulte de toutes tes forces, fille de Sion ! Pousse des cris de joie, fille de J\u00e9rusalem ! Voici ton roi qui vient \u00e0 toi : il est juste et victorieux, pauvre et mont\u00e9 sur un \u00e2ne, un \u00e2non, le petit d\u2019une \u00e2nesse.<\/i><\/p>\n<p><strong>Salomon :<\/strong><i> Ct 3,11 :<\/i><i>Sortez et regardez, filles de Sion, le roi Salomon avec la couronne dont sa m\u00e8re le couronna au jour de ses noces, au jour de la joie de son c\u0153ur.<\/i><\/p>\n<p><i><strong>Isa\u00efe :<\/strong> \u00a0Es (Za 9,9) : <\/i><i>Exulte de toutes tes forces, fille de Sion ! Pousse des cris de joie, fille de J\u00e9rusalem ! Voici ton roi qui vient \u00e0 toi : il est juste et victorieux, pauvre et mont\u00e9 sur un \u00e2ne, un \u00e2non, le petit d\u2019une \u00e2nesse<\/i><\/p>\n<p>&nbsp;<\/p>\n","protected":false},"excerpt":{"rendered":"<p>F28.4 &#8211; Entr\u00e9e de J\u00e9sus \u00e0 J\u00e9rusalem \/ Bible Ancien-Testament A son retour du combat avec Goliath, David est accueilli triomphalement par les femmes en dansant 1Sm 17,50 &#8230; 18,7 : \u00a0 50 Ainsi David triompha du Philistin avec la<\/p>\n","protected":false},"author":1,"featured_media":0,"parent":0,"menu_order":0,"comment_status":"closed","ping_status":"closed","template":"","meta":{"footnotes":""},"_links":{"self":[{"href":"http:\/\/image-bible.ch\/index.php?rest_route=\/wp\/v2\/pages\/2905"}],"collection":[{"href":"http:\/\/image-bible.ch\/index.php?rest_route=\/wp\/v2\/pages"}],"about":[{"href":"http:\/\/image-bible.ch\/index.php?rest_route=\/wp\/v2\/types\/page"}],"author":[{"embeddable":true,"href":"http:\/\/image-bible.ch\/index.php?rest_route=\/wp\/v2\/users\/1"}],"replies":[{"embeddable":true,"href":"http:\/\/image-bible.ch\/index.php?rest_route=%2Fwp%2Fv2%2Fcomments&post=2905"}],"version-history":[{"count":9,"href":"http:\/\/image-bible.ch\/index.php?rest_route=\/wp\/v2\/pages\/2905\/revisions"}],"predecessor-version":[{"id":9182,"href":"http:\/\/image-bible.ch\/index.php?rest_route=\/wp\/v2\/pages\/2905\/revisions\/9182"}],"wp:attachment":[{"href":"http:\/\/image-bible.ch\/index.php?rest_route=%2Fwp%2Fv2%2Fmedia&parent=2905"}],"curies":[{"name":"wp","href":"https:\/\/api.w.org\/{rel}","templated":true}]}}