{"id":2907,"date":"2021-03-21T08:04:38","date_gmt":"2021-03-21T07:04:38","guid":{"rendered":"http:\/\/image-bible.ch\/?page_id=2907"},"modified":"2024-11-08T18:59:43","modified_gmt":"2024-11-08T17:59:43","slug":"f28-5-interpretation","status":"publish","type":"page","link":"http:\/\/image-bible.ch\/?page_id=2907","title":{"rendered":"F28.5 \/ Interpr\u00e9tation"},"content":{"rendered":"<p style=\"text-align: center;\"><span style=\"font-family: 'comic sans ms', sans-serif; font-size: 14pt;\">F28.5<\/span><span style=\"font-family: 'comic sans ms', sans-serif; font-size: 14pt;\"> &#8211; Entr\u00e9e de J\u00e9sus \u00e0 J\u00e9rusalem \/ Interpr\u00e9tation<\/span><\/p>\n<p><strong>David<\/strong> est accueilli triomphalement par les femmes de <strong><em>J\u00e9rusalem <\/em><\/strong>apr\u00e8s sa victoire apr\u00e8s avoir vaincu Goliath.<br \/>\n<strong>J\u00e9sus<\/strong> sur un \u00e2non est accueilli triomphalement par la population \u00e0 son entr\u00e9e \u00e0 <strong><em>J\u00e9rusalem<\/em><\/strong>.<\/p>\n<p>David et J\u00e9sus entrent \u00e0 J\u00e9rusalem dans un cadre triomphal, la mani\u00e8re dont cela se fait r\u00e9v\u00e8le des diff\u00e9rences profondes dans leur conception de la royaut\u00e9 : David comme conqu\u00e9rant guerrier et J\u00e9sus comme roi humble, messianique et pacifique. J\u00e9sus, en entrant sur un \u00e2non, se place dans la continuit\u00e9 des promesses faites \u00e0 David, mais en r\u00e9interpr\u00e9tant le r\u00f4le du Messie de mani\u00e8re radicalement nouvelle.<\/p>\n<p>Le lien entre <strong>David accueilli triomphalement \u00e0 J\u00e9rusalem<\/strong> et <strong>J\u00e9sus entrant \u00e0 J\u00e9rusalem sur un \u00e2non<\/strong> r\u00e9side principalement dans la symbolique messianique et royale de ces \u00e9v\u00e9nements.<\/p>\n<h3>1. <strong>David accueilli triomphalement \u00e0 J\u00e9rusalem<\/strong> :<\/h3>\n<p>Lors du retour de David \u00e0 J\u00e9rusalem, apr\u00e8s avoir \u00e9t\u00e9 exil\u00e9 pendant une r\u00e9bellion men\u00e9e par son fils Absalom, la ville le re\u00e7oit avec un grand triomphe. Dans l&rsquo;Ancien Testament, notamment dans le livre de <strong>2 Samuel 15-19<\/strong>, lorsque David revient \u00e0 J\u00e9rusalem, le peuple de la ville l&rsquo;accueille comme un roi victorieux, ce qui marque la reconqu\u00eate de son royaume. Cet accueil triomphal est un symbole de l&rsquo;autorit\u00e9 divine et de la royaut\u00e9 l\u00e9gitime de David. J\u00e9rusalem, \u00e9tant la capitale du royaume d&rsquo;Isra\u00ebl, devient ainsi un centre du pouvoir spirituel et politique, o\u00f9 Dieu se manifeste \u00e0 travers le roi.<\/p>\n<h3>2. <strong>J\u00e9sus entrant \u00e0 J\u00e9rusalem sur un \u00e2non<\/strong> :<\/h3>\n<p>L&rsquo;entr\u00e9e de J\u00e9sus \u00e0 J\u00e9rusalem, le <strong>dimanche des Rameaux<\/strong>, est un acte symbolique tr\u00e8s fort, qui r\u00e9sonne avec l&rsquo;id\u00e9e de la royaut\u00e9 messianique. L&rsquo;\u00e9v\u00e9nement est d\u00e9crit dans les <strong>\u00c9vangiles<\/strong> (Matthieu 21, Marc 11, Luc 19, Jean 12). J\u00e9sus entre \u00e0 J\u00e9rusalem non pas en conqu\u00e9rant guerrier, mais humblement mont\u00e9 sur un \u00e2non, ce qui se r\u00e9f\u00e8re directement \u00e0 une proph\u00e9tie de <strong>Zacharie 9:9<\/strong> qui annonce l&rsquo;arriv\u00e9e du roi messianique :<br \/>\n<em>\u00ab Sois dans l\u2019all\u00e9gresse, fille de Sion ! Pousse des cris de joie, fille de J\u00e9rusalem ! Voici ton roi qui vient \u00e0 toi : il est juste et victorieux, humble, et mont\u00e9 sur un \u00e2ne, sur un \u00e2non, le petit d\u2019une \u00e2nesse. \u00bb<\/em><\/p>\n<p>Cette proph\u00e9tie est interpr\u00e9t\u00e9e par les premiers chr\u00e9tiens comme une annonce de la nature pacifique et spirituelle du r\u00e8gne de J\u00e9sus, qui ne se manifeste pas par la violence ou la conqu\u00eate militaire, mais par l&rsquo;humilit\u00e9 et la justice divine.<\/p>\n<h3>Le lien symbolique :<\/h3>\n<ul>\n<li><strong>Royaut\u00e9 et messianisme<\/strong> : Tant l&rsquo;entr\u00e9e triomphale de David que celle de J\u00e9sus \u00e0 J\u00e9rusalem sont li\u00e9es \u00e0 l&rsquo;id\u00e9e de royaut\u00e9, mais la fa\u00e7on dont cela se manifeste est diff\u00e9rente. David entre comme un roi victorieux et guerrier, tandis que J\u00e9sus entre comme un roi pacifique et humble.<\/li>\n<li><strong>R\u00e9f\u00e9rence messianique<\/strong> : L&rsquo;entr\u00e9e de J\u00e9sus sur un \u00e2non reprend une tradition messianique qui remonte \u00e0 David. Le roi David est souvent vu dans les \u00c9critures comme une figure type du Messie, celui qui r\u00e9tablira le royaume d&rsquo;Isra\u00ebl. J\u00e9sus, en entrant sur un \u00e2non, s&rsquo;inscrit dans cette lign\u00e9e messianique, mais il le fait de mani\u00e8re \u00e0 remettre en question les attentes populaires d&rsquo;un Messie guerrier et politique.<\/li>\n<li><strong>R\u00e9f\u00e9rence \u00e0 la proph\u00e9tie<\/strong> : L&rsquo;usage de l&rsquo;\u00e2non par J\u00e9sus est aussi un signe clair de la volont\u00e9 de se conformer aux proph\u00e9ties de l&rsquo;Ancien Testament, dont celle de Zacharie. Cela montre que J\u00e9sus se pr\u00e9sente comme le Messie promis, mais selon une vision spirituelle du royaume de Dieu, et non une vision terrestre ou politique.<\/li>\n<\/ul>\n<p>&nbsp;<\/p>\n<p>Lorsque <strong>\u00c9lis\u00e9e<\/strong> rentrait dans sa ville, les <strong>fils des proph\u00e8tes<\/strong> l&rsquo;accueillaient avec beaucoup de gloire et d&rsquo;honneur et le louaient en reconnaissant en lui l\u2019Esprit d\u2019\u00c9lie.<br \/>\n<strong>J\u00e9sus<\/strong> est salu\u00e9 par <strong>la foule<\/strong> de J\u00e9rusalem en reconnaissant en Lui le Fils de David.<\/p>\n<p>Tout comme \u00c9lis\u00e9e re\u00e7oit le manteau d&rsquo;\u00c9lie, J\u00e9sus prend possession de son r\u00f4le messianique et proph\u00e9tique, inaugurant ainsi un nouveau r\u00e8gne spirituel, annonc\u00e9 par les proph\u00e8tes et accompli en lui. Les deux \u00e9v\u00e9nements soulignent une continuit\u00e9 dans le plan divin de salut, mais avec un accomplissement nouveau et d\u00e9finitif en J\u00e9sus.<\/p>\n<p>Le passage de <strong>2 Rois 2,13-15<\/strong> et l&rsquo;entr\u00e9e de J\u00e9sus \u00e0 J\u00e9rusalem (souvent appel\u00e9e \u00ab\u00a0l&rsquo;Entr\u00e9e triomphale\u00a0\u00bb et relat\u00e9e dans les \u00c9vangiles, par exemple dans <strong>Matthieu 21,1-11<\/strong> ou <strong>Jean 12,12-19<\/strong>) peuvent \u00eatre mis en relation par le biais de certains symboles et significations li\u00e9es \u00e0 la royaut\u00e9 et \u00e0 l&rsquo;autorit\u00e9 divine.<\/p>\n<h3>2 Rois 2,13-15 : \u00c9lie et \u00c9lis\u00e9e<\/h3>\n<p>Dans <strong>2 Rois 2,13-15<\/strong>, \u00c9lis\u00e9e re\u00e7oit la cape d&rsquo;\u00c9lie, symbolisant ainsi le passage de l&rsquo;autorit\u00e9 proph\u00e9tique. Apr\u00e8s qu&rsquo;\u00c9lie ait \u00e9t\u00e9 enlev\u00e9 au ciel, \u00c9lis\u00e9e h\u00e9rite de son esprit et de son pouvoir, ce qui se manifeste par la capacit\u00e9 d&rsquo;\u00c9lis\u00e9e \u00e0 accomplir des miracles, notamment lorsqu&rsquo;il traverse le Jourdain \u00e0 l&rsquo;aide du manteau d&rsquo;\u00c9lie.<\/p>\n<p>Ce passage est important dans le contexte de la succession spirituelle et de l&rsquo;autorit\u00e9 divine. Il marque un moment o\u00f9 l&rsquo;h\u00e9ritage d&rsquo;\u00c9lie, proph\u00e8te puissant, passe \u00e0 \u00c9lis\u00e9e, garantissant la continuit\u00e9 du message et de l&rsquo;action de Dieu parmi son peuple.<\/p>\n<h3>L&rsquo;Entr\u00e9e triomphale de J\u00e9sus \u00e0 J\u00e9rusalem<\/h3>\n<p>L&rsquo;entr\u00e9e de J\u00e9sus \u00e0 J\u00e9rusalem, d\u00e9crite dans les \u00c9vangiles, est un moment de proclamation publique de sa messianit\u00e9 et de son autorit\u00e9 royale. J\u00e9sus entre dans la ville mont\u00e9 sur un \u00e2ne, conform\u00e9ment \u00e0 la proph\u00e9tie de Zacharie 9,9, symbolisant un roi humble et pacifique, mais aussi un roi puissant venu \u00e9tablir un r\u00e8gne spirituel.<\/p>\n<h3>Le lien entre les deux \u00e9v\u00e9nements<\/h3>\n<ol>\n<li><strong>L&rsquo;h\u00e9ritage et la transmission de l&rsquo;autorit\u00e9 divine :<\/strong>\n<ul>\n<li>Dans <strong>2 Rois 2,13-15<\/strong>, \u00c9lis\u00e9e h\u00e9rite de l&rsquo;autorit\u00e9 d&rsquo;\u00c9lie, un proph\u00e8te qui a \u00e9t\u00e9 un instrument majeur de Dieu dans l&rsquo;Ancien Testament. J\u00e9sus, dans son entr\u00e9e \u00e0 J\u00e9rusalem, se positionne comme celui qui h\u00e9rite et accomplit toute la tradition proph\u00e9tique d&rsquo;Isra\u00ebl, dont \u00c9lie est un mod\u00e8le. L&rsquo;entr\u00e9e de J\u00e9sus \u00e0 J\u00e9rusalem peut donc \u00eatre vue comme une continuit\u00e9 de l&rsquo;\u0153uvre divine entam\u00e9e par les proph\u00e8tes.<\/li>\n<\/ul>\n<\/li>\n<li><strong>Un messie roi et proph\u00e8te :<\/strong>\n<ul>\n<li>Comme \u00c9lis\u00e9e h\u00e9rite d&rsquo;une autorit\u00e9 proph\u00e9tique et royale (symbolis\u00e9e par le manteau d&rsquo;\u00c9lie), J\u00e9sus, par son entr\u00e9e \u00e0 J\u00e9rusalem, se manifeste comme le Messie proph\u00e9tique et royal, celui qui porte l&rsquo;autorit\u00e9 divine et qui accomplira la volont\u00e9 de Dieu, non pas de mani\u00e8re violente, mais selon une humble royaut\u00e9 (mont\u00e9 sur un \u00e2ne, dans l&rsquo;humilit\u00e9, mais en affirmant sa royaut\u00e9).<\/li>\n<\/ul>\n<\/li>\n<li><strong>La transition vers un nouveau royaume :<\/strong>\n<ul>\n<li>\u00c9lis\u00e9e, en recevant la cape d&rsquo;\u00c9lie, inaugure une nouvelle phase dans l\u2019histoire de la proph\u00e9tie d&rsquo;Isra\u00ebl. De m\u00eame, J\u00e9sus, en entrant \u00e0 J\u00e9rusalem, inaugure la phase finale du r\u00e8gne de Dieu sur Terre, un royaume qui ne sera pas de ce monde, mais qui sera spirituel, et qui marque la transition de l&rsquo;Ancien au Nouveau Testament, o\u00f9 le Messie attendu prend toute son ampleur.<\/li>\n<\/ul>\n<\/li>\n<\/ol>\n<p>&nbsp;<\/p>\n","protected":false},"excerpt":{"rendered":"<p>F28.5 &#8211; Entr\u00e9e de J\u00e9sus \u00e0 J\u00e9rusalem \/ Interpr\u00e9tation David est accueilli triomphalement par les femmes de J\u00e9rusalem apr\u00e8s sa victoire apr\u00e8s avoir vaincu Goliath. J\u00e9sus sur un \u00e2non est accueilli triomphalement par la population \u00e0 son entr\u00e9e \u00e0 J\u00e9rusalem.<\/p>\n","protected":false},"author":1,"featured_media":0,"parent":0,"menu_order":0,"comment_status":"closed","ping_status":"closed","template":"","meta":{"footnotes":""},"_links":{"self":[{"href":"http:\/\/image-bible.ch\/index.php?rest_route=\/wp\/v2\/pages\/2907"}],"collection":[{"href":"http:\/\/image-bible.ch\/index.php?rest_route=\/wp\/v2\/pages"}],"about":[{"href":"http:\/\/image-bible.ch\/index.php?rest_route=\/wp\/v2\/types\/page"}],"author":[{"embeddable":true,"href":"http:\/\/image-bible.ch\/index.php?rest_route=\/wp\/v2\/users\/1"}],"replies":[{"embeddable":true,"href":"http:\/\/image-bible.ch\/index.php?rest_route=%2Fwp%2Fv2%2Fcomments&post=2907"}],"version-history":[{"count":5,"href":"http:\/\/image-bible.ch\/index.php?rest_route=\/wp\/v2\/pages\/2907\/revisions"}],"predecessor-version":[{"id":9184,"href":"http:\/\/image-bible.ch\/index.php?rest_route=\/wp\/v2\/pages\/2907\/revisions\/9184"}],"wp:attachment":[{"href":"http:\/\/image-bible.ch\/index.php?rest_route=%2Fwp%2Fv2%2Fmedia&parent=2907"}],"curies":[{"name":"wp","href":"https:\/\/api.w.org\/{rel}","templated":true}]}}