{"id":2911,"date":"2021-03-21T08:05:22","date_gmt":"2021-03-21T07:05:22","guid":{"rendered":"http:\/\/image-bible.ch\/?page_id=2911"},"modified":"2024-11-08T19:08:02","modified_gmt":"2024-11-08T18:08:02","slug":"f28-7-fete-juive-et-chretienne","status":"publish","type":"page","link":"http:\/\/image-bible.ch\/?page_id=2911","title":{"rendered":"F28.7 \/ F\u00eate juive et chr\u00e9tienne"},"content":{"rendered":"<p style=\"text-align: center;\"><span style=\"font-family: 'comic sans ms', sans-serif; font-size: 14pt;\">F28.7<\/span><span style=\"font-family: 'comic sans ms', sans-serif; font-size: 14pt;\"> &#8211; Entr\u00e9e de J\u00e9sus \u00e0 J\u00e9rusalem \/ F\u00eate juive et chr\u00e9tienne<\/span><\/p>\n<h3><img decoding=\"async\" class=\"embed-responsive-item gr-content-image gr-main-image img-responsive\" src=\"https:\/\/www.famillechretienne.fr\/sites\/default\/files\/dpistyles\/ena_16_9_extra_big\/node_10605\/47917\/public\/thumbnails\/image\/rameaux.jpg?itok=Ku_PbpYf1616690683\" alt=\"&lt;p&gt;Enfants r\u00e9unis autour du pr\u00eatre, lors de la c\u00e9l\u00e9bration de la messe du dimanche des Rameaux en l'\u00e9glise\u00a0Saint Jean Baptiste de Belleville \u00e0 Paris\u00a0&lt;\/p&gt;\" data-copyright=\"Corinne SIMON \/ CIRIC\" data-width=\"\" data-height=\"\" \/><\/h3>\n<h3>Dimanche des rameaux<\/h3>\n<p>L&rsquo;entr\u00e9e de J\u00e9sus \u00e0 J\u00e9rusalem marque le d\u00e9but de la semaine sainte. Durant la messe on b\u00e9nit \u00e0 la fois les rameaux avant l&rsquo;entr\u00e9e dans l&rsquo;\u00e9glise et on lit le r\u00e9cit de la passion,<\/p>\n<p>a f\u00eate des Rameaux est une c\u00e9l\u00e9bration chr\u00e9tienne qui marque le d\u00e9but de la Semaine sainte, qui pr\u00e9c\u00e8de la f\u00eate de P\u00e2ques. Elle comm\u00e9more l&rsquo;entr\u00e9e triomphale de J\u00e9sus \u00e0 J\u00e9rusalem, telle qu&rsquo;elle est relat\u00e9e dans les \u00c9vangiles. Selon la tradition, lorsque J\u00e9sus entra dans la ville, les habitants le salu\u00e8rent en agitant des rameaux de palmier, symbolisant \u00e0 la fois la paix et la victoire. En France et dans de nombreuses r\u00e9gions chr\u00e9tiennes, la f\u00eate des Rameaux est c\u00e9l\u00e9br\u00e9e le dimanche pr\u00e9c\u00e9dant le Dimanche de P\u00e2ques.<\/p>\n<h3>Tradition et Signification<\/h3>\n<ul>\n<li><strong>Les Rameaux<\/strong> : Le mot \u00ab\u00a0rameaux\u00a0\u00bb fait r\u00e9f\u00e9rence aux branches d&rsquo;arbres b\u00e9nies durant la messe ce jour-l\u00e0. Traditionnellement, ces branches \u00e9taient des palmes, mais dans certaines r\u00e9gions o\u00f9 les palmiers ne sont pas pr\u00e9sents, on utilise des branches de buis, de lauriers ou d&rsquo;oliviers. Apr\u00e8s la b\u00e9n\u00e9diction des rameaux, les fid\u00e8les les emportent chez eux en signe de b\u00e9n\u00e9diction.<\/li>\n<li><strong>La Procession<\/strong> : Une procession a souvent lieu avant ou pendant la messe, au cours de laquelle les croyants portent des rameaux et chantent des hymnes. Cette procession symbolise l&rsquo;accueil de J\u00e9sus \u00e0 J\u00e9rusalem.<\/li>\n<li><strong>Le Dimanche des Rameaux<\/strong> : Ce dimanche marque aussi le d\u00e9but de la Semaine Sainte, qui culmine avec le dimanche de P\u00e2ques, la f\u00eate de la r\u00e9surrection de J\u00e9sus. C&rsquo;est un moment de pr\u00e9paration spirituelle pour les chr\u00e9tiens, qui entrent dans une p\u00e9riode de pri\u00e8re et de m\u00e9ditation.<\/li>\n<\/ul>\n","protected":false},"excerpt":{"rendered":"<p>F28.7 &#8211; Entr\u00e9e de J\u00e9sus \u00e0 J\u00e9rusalem \/ F\u00eate juive et chr\u00e9tienne Dimanche des rameaux L&rsquo;entr\u00e9e de J\u00e9sus \u00e0 J\u00e9rusalem marque le d\u00e9but de la semaine sainte. Durant la messe on b\u00e9nit \u00e0 la fois les rameaux avant l&rsquo;entr\u00e9e dans<\/p>\n","protected":false},"author":1,"featured_media":0,"parent":0,"menu_order":0,"comment_status":"closed","ping_status":"closed","template":"","meta":{"footnotes":""},"_links":{"self":[{"href":"http:\/\/image-bible.ch\/index.php?rest_route=\/wp\/v2\/pages\/2911"}],"collection":[{"href":"http:\/\/image-bible.ch\/index.php?rest_route=\/wp\/v2\/pages"}],"about":[{"href":"http:\/\/image-bible.ch\/index.php?rest_route=\/wp\/v2\/types\/page"}],"author":[{"embeddable":true,"href":"http:\/\/image-bible.ch\/index.php?rest_route=\/wp\/v2\/users\/1"}],"replies":[{"embeddable":true,"href":"http:\/\/image-bible.ch\/index.php?rest_route=%2Fwp%2Fv2%2Fcomments&post=2911"}],"version-history":[{"count":4,"href":"http:\/\/image-bible.ch\/index.php?rest_route=\/wp\/v2\/pages\/2911\/revisions"}],"predecessor-version":[{"id":9188,"href":"http:\/\/image-bible.ch\/index.php?rest_route=\/wp\/v2\/pages\/2911\/revisions\/9188"}],"wp:attachment":[{"href":"http:\/\/image-bible.ch\/index.php?rest_route=%2Fwp%2Fv2%2Fmedia&parent=2911"}],"curies":[{"name":"wp","href":"https:\/\/api.w.org\/{rel}","templated":true}]}}