{"id":2913,"date":"2021-03-21T08:05:57","date_gmt":"2021-03-21T07:05:57","guid":{"rendered":"http:\/\/image-bible.ch\/?page_id=2913"},"modified":"2021-10-06T16:15:37","modified_gmt":"2021-10-06T14:15:37","slug":"f28-8-kt-enfants","status":"publish","type":"page","link":"http:\/\/image-bible.ch\/?page_id=2913","title":{"rendered":"F28.8 \/ KT enfants"},"content":{"rendered":"<p style=\"text-align: center;\"><span style=\"font-family: 'comic sans ms', sans-serif; font-size: 14pt;\">F28.8<\/span><span style=\"font-family: 'comic sans ms', sans-serif; font-size: 14pt;\"> &#8211; Entr\u00e9e de J\u00e9sus \u00e0 J\u00e9rusalem \/ KT enfants<\/span><\/p>\n<p>Des animation, jeu et images : <a href=\"http:\/\/www.idees-cate.com\/le_cate\/rameaux.html\">Id\u00e9es KT<\/a><\/p>\n","protected":false},"excerpt":{"rendered":"<p>F28.8 &#8211; Entr\u00e9e de J\u00e9sus \u00e0 J\u00e9rusalem \/ KT enfants Des animation, jeu et images : Id\u00e9es KT<\/p>\n","protected":false},"author":1,"featured_media":0,"parent":0,"menu_order":0,"comment_status":"closed","ping_status":"closed","template":"","meta":{"footnotes":""},"_links":{"self":[{"href":"http:\/\/image-bible.ch\/index.php?rest_route=\/wp\/v2\/pages\/2913"}],"collection":[{"href":"http:\/\/image-bible.ch\/index.php?rest_route=\/wp\/v2\/pages"}],"about":[{"href":"http:\/\/image-bible.ch\/index.php?rest_route=\/wp\/v2\/types\/page"}],"author":[{"embeddable":true,"href":"http:\/\/image-bible.ch\/index.php?rest_route=\/wp\/v2\/users\/1"}],"replies":[{"embeddable":true,"href":"http:\/\/image-bible.ch\/index.php?rest_route=%2Fwp%2Fv2%2Fcomments&post=2913"}],"version-history":[{"count":3,"href":"http:\/\/image-bible.ch\/index.php?rest_route=\/wp\/v2\/pages\/2913\/revisions"}],"predecessor-version":[{"id":6367,"href":"http:\/\/image-bible.ch\/index.php?rest_route=\/wp\/v2\/pages\/2913\/revisions\/6367"}],"wp:attachment":[{"href":"http:\/\/image-bible.ch\/index.php?rest_route=%2Fwp%2Fv2%2Fmedia&parent=2913"}],"curies":[{"name":"wp","href":"https:\/\/api.w.org\/{rel}","templated":true}]}}