{"id":2915,"date":"2021-03-21T08:06:23","date_gmt":"2021-03-21T07:06:23","guid":{"rendered":"http:\/\/image-bible.ch\/?page_id=2915"},"modified":"2021-03-30T16:57:53","modified_gmt":"2021-03-30T14:57:53","slug":"f28-9-jeunes","status":"publish","type":"page","link":"http:\/\/image-bible.ch\/?page_id=2915","title":{"rendered":"F28.9 \/ Jeunes"},"content":{"rendered":"<p style=\"text-align: center;\"><span style=\"font-family: 'comic sans ms', sans-serif; font-size: 14pt;\">F28.9<\/span><span style=\"font-family: 'comic sans ms', sans-serif; font-size: 14pt;\"> &#8211; Entr\u00e9e de J\u00e9sus \u00e0 J\u00e9rusalem \/ Jeunes<\/span><\/p>\n<p>Texte<\/p>\n","protected":false},"excerpt":{"rendered":"<p>F28.9 &#8211; Entr\u00e9e de J\u00e9sus \u00e0 J\u00e9rusalem \/ Jeunes Texte<\/p>\n","protected":false},"author":1,"featured_media":0,"parent":0,"menu_order":0,"comment_status":"closed","ping_status":"closed","template":"","meta":{"footnotes":""},"_links":{"self":[{"href":"http:\/\/image-bible.ch\/index.php?rest_route=\/wp\/v2\/pages\/2915"}],"collection":[{"href":"http:\/\/image-bible.ch\/index.php?rest_route=\/wp\/v2\/pages"}],"about":[{"href":"http:\/\/image-bible.ch\/index.php?rest_route=\/wp\/v2\/types\/page"}],"author":[{"embeddable":true,"href":"http:\/\/image-bible.ch\/index.php?rest_route=\/wp\/v2\/users\/1"}],"replies":[{"embeddable":true,"href":"http:\/\/image-bible.ch\/index.php?rest_route=%2Fwp%2Fv2%2Fcomments&post=2915"}],"version-history":[{"count":2,"href":"http:\/\/image-bible.ch\/index.php?rest_route=\/wp\/v2\/pages\/2915\/revisions"}],"predecessor-version":[{"id":4125,"href":"http:\/\/image-bible.ch\/index.php?rest_route=\/wp\/v2\/pages\/2915\/revisions\/4125"}],"wp:attachment":[{"href":"http:\/\/image-bible.ch\/index.php?rest_route=%2Fwp%2Fv2%2Fmedia&parent=2915"}],"curies":[{"name":"wp","href":"https:\/\/api.w.org\/{rel}","templated":true}]}}