{"id":2919,"date":"2021-03-21T08:11:19","date_gmt":"2021-03-21T07:11:19","guid":{"rendered":"http:\/\/image-bible.ch\/?page_id=2919"},"modified":"2021-09-21T18:48:41","modified_gmt":"2021-09-21T16:48:41","slug":"f29-1-la-bible-des-pauvres","status":"publish","type":"page","link":"http:\/\/image-bible.ch\/?page_id=2919","title":{"rendered":"F29.1 \/ La Bible des pauvres"},"content":{"rendered":"<p style=\"text-align: center;\"><span style=\"font-family: 'comic sans ms', sans-serif; font-size: 14pt;\">F29.1<\/span><span style=\"font-family: 'comic sans ms', sans-serif; font-size: 14pt;\"> &#8211; Derni\u00e8re C\u00e8ne \/ La Bible des pauvres<\/span><\/p>\n<p><img loading=\"lazy\" decoding=\"async\" class=\"alignnone size-medium wp-image-5607\" src=\"http:\/\/image-bible.ch\/wp-content\/uploads\/2021\/05\/18.-Sainte-Cene-193x300.jpg\" alt=\"\" width=\"193\" height=\"300\" srcset=\"http:\/\/image-bible.ch\/wp-content\/uploads\/2021\/05\/18.-Sainte-Cene-193x300.jpg 193w, http:\/\/image-bible.ch\/wp-content\/uploads\/2021\/05\/18.-Sainte-Cene.jpg 642w\" sizes=\"(max-width: 193px) 100vw, 193px\" \/><\/p>\n<p><strong>Types :<\/strong> Abraham et Melchis\u00e9dech &#8211; Mo\u00efse avec le peuple qui ramasse la manne.<\/p>\n<p><strong>Antitype :<\/strong> le dernier repas de J\u00e9sus avec ses ap\u00f4tres<\/p>\n<p>Dans la Gen\u00e8se on lit : le pr\u00eatre de Dieu, Melchis\u00e9dech, offrit du pain et du vin lorsque Abraham revint de sa sanglante victoire contre ses ennemis. Melchis\u00e9dech est une pr\u00e9figuration du Christ qui offrit son corps sous les esp\u00e8ces du pain et son sang sous les esp\u00e8ces du vin lors du dernier repas, \u00e0 ses ap\u00f4tres comme nourriture et boisson.<\/p>\n<p><i>Gn 14,16-20 : \u00a0Quand Abram revint apr\u00e8s avoir battu Kedor-Laomer et les rois qui \u00e9taient avec lui, le roi de Sodome alla \u00e0 sa rencontre dans la vall\u00e9e de Shav\u00e9 c&rsquo;est la vall\u00e9e du Roi .18.\u00a0Melchis\u00e9dech, roi de Shalem, apporta du pain et du vin; il \u00e9tait pr\u00eatre du Dieu Tr\u00e8s Haut.19.\u00a0Il pronon\u00e7a cette b\u00e9n\u00e9diction : B\u00e9ni soit Abram par le Dieu Tr\u00e8s Haut qui cr\u00e9a ciel et terre,20.\u00a0et b\u00e9ni soit le Dieu Tr\u00e8s Haut qui a livr\u00e9 tes ennemis entre tes mains. Et Abram lui donna la d\u00eeme de tout.<\/i><\/p>\n<p>Dans l\u2019Exode ont lit : le Seigneur ordonna \u00e0 Mo\u00efse de dire au peuple de r\u00e9colter la manne suffisante pour un jour. La manne c\u00e9leste que le Seigneru donne au peuple est une pr\u00e9figuration du pain saint, c&rsquo;est-\u00e0-dire du tr\u00e8s saint coprs sous l\u2019esp\u00e8ce du pain que le Christ lui-m\u00eame donna \u00e0 ses ap\u00f4tres en leur disant : \u00ab\u00a0prenez et mangez\u2026..\u00a0\u00bb.<\/p>\n<p><i>Ex 16,2-15 : \u00a0<\/i><i>Toute la communaut\u00e9 des Isra\u00e9lites se mit \u00e0 murmurer contre Mo\u00efse et Aaron dans le d\u00e9sert.3.\u00a0Les Isra\u00e9lites leur dirent : \u00ab Que ne sommes-nous morts de la main de Yahv\u00e9 au pays d&rsquo;\u00c9gypte, quand nous \u00e9tions assis aupr\u00e8s de la marmite de viande et mangions du pain \u00e0 sati\u00e9t\u00e9 !A coup s\u00fbr, vous nous avez amen\u00e9s dans ce d\u00e9sert pour faire mourir de faim toute cette multitude. \u00bb4.\u00a0Yahv\u00e9 dit \u00e0 Mo\u00efse : \u00ab Je vais faire pleuvoir pour vous du pain du haut du ciel. Les gens sortiront et recueilleront chaque jour leur ration du jour ; je veux ainsi les mettre \u00e0 l&rsquo;\u00e9preuve pour voir s&rsquo;ils marcheront selon ma loi ou non.5.\u00a0Et le sixi\u00e8me jour, quand ils pr\u00e9pareront ce qu&rsquo;ils auront rapport\u00e9, il y en aura le double de ce qu&rsquo;ils recueillent chaque jour. \u00bb<\/i><\/p>\n<p><i><strong>David :<\/strong> Ps 77,25 : <\/i><i>chacun se nourrit du pain des Forts, il les pourvoit de vivres \u00e0 sati\u00e9t\u00e9.<\/i><\/p>\n<p><i><strong>Jesus\u00a0 (Ben )sirach<\/strong> :\u00a0 Sir (Es 55,2) : <\/i><i>Pourquoi d\u00e9penser votre argent pour ce qui ne nourrit pas, vous fatiguer pour ce qui ne rassasie pas ? \u00c9coutez-moi bien, et vous mangerez de bonnes choses, vous vous r\u00e9galerez de viandes savoureuses !<\/i><\/p>\n<p><i><strong>Salomon :<\/strong> Ct 5,1 : <\/i><i>ELLE :\u00a0 Je suis entr\u00e9 dans mon jardin, ma s\u0153ur fianc\u00e9e : j\u2019ai recueilli ma myrrhe, avec mes aromates, j\u2019ai mang\u00e9 mon pain et mon miel, j\u2019ai bu mon vin et mon lait. CH\u0152UR : Mangez, amis ! Buvez, bien-aim\u00e9s, enivrez-vous ! <\/i><\/p>\n<p><i>Abanir ? : (Ps 77,24) : <\/i><i>Pour les nourrir il fait pleuvoir la manne, il leur donne le froment du ciel<\/i><\/p>\n<p>&nbsp;<\/p>\n","protected":false},"excerpt":{"rendered":"<p>F29.1 &#8211; Derni\u00e8re C\u00e8ne \/ La Bible des pauvres Types : Abraham et Melchis\u00e9dech &#8211; Mo\u00efse avec le peuple qui ramasse la manne. Antitype : le dernier repas de J\u00e9sus avec ses ap\u00f4tres Dans la Gen\u00e8se on lit : le<\/p>\n","protected":false},"author":1,"featured_media":0,"parent":0,"menu_order":0,"comment_status":"closed","ping_status":"closed","template":"","meta":{"footnotes":""},"_links":{"self":[{"href":"http:\/\/image-bible.ch\/index.php?rest_route=\/wp\/v2\/pages\/2919"}],"collection":[{"href":"http:\/\/image-bible.ch\/index.php?rest_route=\/wp\/v2\/pages"}],"about":[{"href":"http:\/\/image-bible.ch\/index.php?rest_route=\/wp\/v2\/types\/page"}],"author":[{"embeddable":true,"href":"http:\/\/image-bible.ch\/index.php?rest_route=\/wp\/v2\/users\/1"}],"replies":[{"embeddable":true,"href":"http:\/\/image-bible.ch\/index.php?rest_route=%2Fwp%2Fv2%2Fcomments&post=2919"}],"version-history":[{"count":5,"href":"http:\/\/image-bible.ch\/index.php?rest_route=\/wp\/v2\/pages\/2919\/revisions"}],"predecessor-version":[{"id":6246,"href":"http:\/\/image-bible.ch\/index.php?rest_route=\/wp\/v2\/pages\/2919\/revisions\/6246"}],"wp:attachment":[{"href":"http:\/\/image-bible.ch\/index.php?rest_route=%2Fwp%2Fv2%2Fmedia&parent=2919"}],"curies":[{"name":"wp","href":"https:\/\/api.w.org\/{rel}","templated":true}]}}