{"id":2923,"date":"2021-03-21T08:12:05","date_gmt":"2021-03-21T07:12:05","guid":{"rendered":"http:\/\/image-bible.ch\/?page_id=2923"},"modified":"2024-11-08T21:56:27","modified_gmt":"2024-11-08T20:56:27","slug":"f29-3-bible-n-t","status":"publish","type":"page","link":"http:\/\/image-bible.ch\/?page_id=2923","title":{"rendered":"F29.3 \/ Bible N-T"},"content":{"rendered":"<p style=\"text-align: center;\"><span style=\"font-family: 'comic sans ms', sans-serif; font-size: 14pt;\">F29.3<\/span><span style=\"font-family: 'comic sans ms', sans-serif; font-size: 14pt;\"> &#8211; Derni\u00e8re C\u00e8ne \/ Bible Nouveau-Testament<\/span><\/p>\n<p><img loading=\"lazy\" decoding=\"async\" class=\"alignnone wp-image-5605\" src=\"http:\/\/image-bible.ch\/wp-content\/uploads\/2021\/05\/18.-Sainte-Cene-C-184x300.jpg\" alt=\"\" width=\"288\" height=\"470\" srcset=\"http:\/\/image-bible.ch\/wp-content\/uploads\/2021\/05\/18.-Sainte-Cene-C-184x300.jpg 184w, http:\/\/image-bible.ch\/wp-content\/uploads\/2021\/05\/18.-Sainte-Cene-C.jpg 311w\" sizes=\"(max-width: 288px) 100vw, 288px\" \/><\/p>\n<p><span style=\"color: #0000ff;\">Mt 26,17-30\u00a0:<\/span><\/p>\n<p><span style=\"color: #0000ff;\"><sup>17<\/sup><\/span> Le premier jour de la <em>f\u00eate des pains sans levain<\/em>, <strong>les disciples<\/strong> s\u2019approch\u00e8rent et dirent \u00e0 <strong>J\u00e9sus<\/strong>\u00a0: \u00ab\u00a0O\u00f9 veux-tu que nous te fassions <em>les pr\u00e9paratifs<\/em> pour manger la P\u00e2que\u00a0?\u00a0\u00bb<\/p>\n<p><span style=\"color: #0000ff;\"><sup>18<\/sup><\/span> Il leur dit\u00a0: \u00ab\u00a0<em>Allez \u00e0 <\/em><em>la ville<\/em>, chez un tel, et dites-lui\u00a0: \u201c<strong>Le Ma\u00eetre<\/strong> te fait dire\u00a0: Mon temps est proche\u00a0; <em>c\u2019est chez toi que je veux <\/em><strong><em>c\u00e9l\u00e9brer la P\u00e2qu<\/em><\/strong><em>e avec mes disciples<\/em>.\u201d\u00a0\u00bb<\/p>\n<p><span style=\"color: #0000ff;\"><sup>19<\/sup><\/span> Les disciples firent ce que J\u00e9sus leur avait prescrit et ils <em>pr\u00e9par\u00e8rent la <\/em><strong><em>P\u00e2que<\/em><\/strong>.<\/p>\n<p><span style=\"color: #0000ff;\"><sup>20<\/sup><\/span> Le soir venu, <strong>J\u00e9sus<\/strong> se trouvait \u00e0 table avec <strong>les Douze<\/strong>.<\/p>\n<p><span style=\"color: #0000ff;\"><sup>21<\/sup><\/span> Pendant le repas, il d\u00e9clara\u00a0: \u00ab\u00a0Amen, je vous le dis\u00a0: l\u2019un de vous va me livrer.\u00a0\u00bb<\/p>\n<p><span style=\"color: #0000ff;\"><sup>22<\/sup><\/span> Profond\u00e9ment attrist\u00e9s, ils se mirent \u00e0 lui demander, chacun son tour\u00a0: \u00ab\u00a0<em>Serait-ce moi, Seigneur<\/em>\u00a0?\u00a0\u00bb<\/p>\n<p><span style=\"color: #0000ff;\"><sup>23<\/sup><\/span> Prenant la parole, il dit\u00a0: \u00ab\u00a0Celui qui s\u2019est servi au plat <em>en m\u00eame temps que moi<\/em>, celui-l\u00e0 va me livrer.<\/p>\n<p><span style=\"color: #0000ff;\"><sup>24<\/sup><\/span> <strong>Le Fils de l\u2019homme<\/strong> s\u2019en va, comme il est \u00e9crit \u00e0 son sujet\u00a0; mais malheureux celui par qui le Fils de l\u2019homme est <strong>livr\u00e9<\/strong>\u00a0! Il vaudrait mieux pour lui qu\u2019il ne soit pas n\u00e9, cet homme-l\u00e0\u00a0!\u00a0\u00bb<\/p>\n<p><span style=\"color: #0000ff;\"><sup>25<\/sup><\/span><strong> Judas<\/strong>, celui qui le livrait, prit la parole\u00a0: \u00ab\u00a0Rabbi, serait-ce moi\u00a0?\u00a0\u00bb J\u00e9sus lui r\u00e9pond\u00a0: \u00ab\u00a0C\u2019est toi-m\u00eame qui l\u2019as dit\u00a0!\u00a0\u00bb<\/p>\n<p><span style=\"color: #0000ff;\"><sup>26<\/sup><\/span> Pendant le repas, <strong>J\u00e9sus,<\/strong> ayant pris du pain et prononc\u00e9 la b\u00e9n\u00e9diction, le rompit et, le donnant aux disciples, il dit\u00a0: \u00ab\u00a0<strong>Prenez, mangez\u00a0: ceci est mon corp<\/strong>s.\u00a0\u00bb<\/p>\n<p><span style=\"color: #0000ff;\"><sup>27<\/sup><\/span> Puis, ayant pris une coupe et ayant rendu gr\u00e2ce, il la leur donna, en disant\u00a0: \u00ab\u00a0<strong>Buvez-en tous,<\/strong><\/p>\n<p><span style=\"color: #0000ff;\"><sup>28<\/sup><\/span><strong> car ceci est mon sang, le sang de l\u2019Alliance, vers\u00e9 pour la multitude en r\u00e9mission des p\u00e9ch\u00e9s.<\/strong><\/p>\n<p><span style=\"color: #0000ff;\"><sup>29<\/sup><\/span> Je vous le dis\u00a0: d\u00e9sormais<em> je ne boirai plus de ce fruit de la vigne<\/em>, jusqu\u2019au jour o\u00f9 je le boirai, nouveau, avec vous <em>dans le royaume de mon P\u00e8re<\/em>.\u00a0\u00bb<\/p>\n<p><span style=\"color: #0000ff;\"><sup>30<\/sup><\/span> Apr\u00e8s avoir chant\u00e9 les psaumes, ils partirent pour le mont des Oliviers.<\/p>\n<p><span style=\"color: #993300;\"><strong>Vocabulaire :<\/strong><\/span><\/p>\n<p>&nbsp;<\/p>\n<p><span style=\"color: #0000ff;\"><strong>Questions :<\/strong><\/span><\/p>\n<p>&nbsp;<\/p>\n<p><strong>Commentaire :<\/strong><\/p>\n<p>Le r\u00e9cit du dernier repas est pr\u00e9figur\u00e9 par le miracle de la multiplication des pains (voir p. 60). Dans le r\u00e9cit lui-m\u00eame, Mt renforce le parall\u00e9lisme liturgique en introduisant deux imp\u00e9ratifs\u00a0: <em>\u00ab\u00a0Mangez\u2026 \/ buvez en tous \u2026\u00a0\u00bb.<\/em> Surtout, la parole sur la coupe pr\u00e9cise que le sang est vers\u00e9 <em>\u00ab\u00a0en r\u00e9mission des p\u00e9ch\u00e9s\u00a0\u00bb<\/em>\u00a0: c\u2019est par ce sang que la multitude est pardonn\u00e9e. Ainsi le corps et le sang sont mis en relation\u00a0: ces deux \u00e9l\u00e9ments qui constituent la personne sont s\u00e9par\u00e9s lors du sacrifice. L\u2019allusion \u00e0 Ex 24,8 est en r\u00e9sonance avec la christologie matth\u00e9enne de J\u00e9sus nouveau Mo\u00efse\u00a0: comme le premier lib\u00e9rateur (Mo\u00efse) a fait un sacrifice pour le peuple, en sorte qu\u2019ils puissent entrer dans l\u2019Alliance avec Dieu, ainsi le dernier (J\u00e9sus) inaugure une autre Alliance pour tous les hommes en offrant son sang, c\u2019est-\u00e0-dire sa vie, pour le pardon des p\u00e9ch\u00e9s.<\/p>\n<p>Le repas du Seigneur se caract\u00e9rise par une table commune o\u00f9, en partageant un unique pain et en buvant \u00e0 la m\u00eame coupe, les croyants proclament qu\u2019ils sont un seul corps, le corps du Christ. Partage du pain eucharistique et unit\u00e9 de l\u2019\u00c9glise ne peuvent \u00eatre dissoci\u00e9s.<\/p>\n<p>&nbsp;<\/p>\n<p>&nbsp;<\/p>\n","protected":false},"excerpt":{"rendered":"<p>F29.3 &#8211; Derni\u00e8re C\u00e8ne \/ Bible Nouveau-Testament Mt 26,17-30\u00a0: 17 Le premier jour de la f\u00eate des pains sans levain, les disciples s\u2019approch\u00e8rent et dirent \u00e0 J\u00e9sus\u00a0: \u00ab\u00a0O\u00f9 veux-tu que nous te fassions les pr\u00e9paratifs pour manger la P\u00e2que\u00a0?\u00a0\u00bb 18<\/p>\n","protected":false},"author":1,"featured_media":0,"parent":0,"menu_order":0,"comment_status":"closed","ping_status":"closed","template":"","meta":{"footnotes":""},"_links":{"self":[{"href":"http:\/\/image-bible.ch\/index.php?rest_route=\/wp\/v2\/pages\/2923"}],"collection":[{"href":"http:\/\/image-bible.ch\/index.php?rest_route=\/wp\/v2\/pages"}],"about":[{"href":"http:\/\/image-bible.ch\/index.php?rest_route=\/wp\/v2\/types\/page"}],"author":[{"embeddable":true,"href":"http:\/\/image-bible.ch\/index.php?rest_route=\/wp\/v2\/users\/1"}],"replies":[{"embeddable":true,"href":"http:\/\/image-bible.ch\/index.php?rest_route=%2Fwp%2Fv2%2Fcomments&post=2923"}],"version-history":[{"count":6,"href":"http:\/\/image-bible.ch\/index.php?rest_route=\/wp\/v2\/pages\/2923\/revisions"}],"predecessor-version":[{"id":9194,"href":"http:\/\/image-bible.ch\/index.php?rest_route=\/wp\/v2\/pages\/2923\/revisions\/9194"}],"wp:attachment":[{"href":"http:\/\/image-bible.ch\/index.php?rest_route=%2Fwp%2Fv2%2Fmedia&parent=2923"}],"curies":[{"name":"wp","href":"https:\/\/api.w.org\/{rel}","templated":true}]}}