{"id":2925,"date":"2021-03-21T08:12:23","date_gmt":"2021-03-21T07:12:23","guid":{"rendered":"http:\/\/image-bible.ch\/?page_id=2925"},"modified":"2024-11-08T21:58:37","modified_gmt":"2024-11-08T20:58:37","slug":"f29-4-bible-a-t","status":"publish","type":"page","link":"http:\/\/image-bible.ch\/?page_id=2925","title":{"rendered":"F29.4 \/ Bible A-T"},"content":{"rendered":"<p style=\"text-align: center;\"><span style=\"font-family: 'comic sans ms', sans-serif; font-size: 14pt;\">F29.4<\/span><span style=\"font-family: 'comic sans ms', sans-serif; font-size: 14pt;\"> &#8211; Derni\u00e8re C\u00e8ne \/ Bible Ancien-Testament<\/span><\/p>\n<h3><strong>Abraham et Melchis\u00e9dech<\/strong><\/h3>\n<p><img loading=\"lazy\" decoding=\"async\" class=\"alignnone size-medium wp-image-5603\" src=\"http:\/\/image-bible.ch\/wp-content\/uploads\/2021\/05\/18.-Sainte-Cene-A-Abraham-et-Melchisedech-189x300.jpg\" alt=\"\" width=\"189\" height=\"300\" srcset=\"http:\/\/image-bible.ch\/wp-content\/uploads\/2021\/05\/18.-Sainte-Cene-A-Abraham-et-Melchisedech-189x300.jpg 189w, http:\/\/image-bible.ch\/wp-content\/uploads\/2021\/05\/18.-Sainte-Cene-A-Abraham-et-Melchisedech.jpg 312w\" sizes=\"(max-width: 189px) 100vw, 189px\" \/><\/p>\n<p class=\"Normallivre\"><span style=\"color: #0000ff;\">Gn 14,18-20 :<\/span><\/p>\n<p class=\"Normallivre\"><span style=\"color: #0000ff;\"><sup>18<\/sup><\/span> <strong>Melkis\u00e9dek<\/strong>, roi <span style=\"color: #008000;\">de Salem<\/span>, fit apporter du pain et du vin\u00a0: il \u00e9tait <span style=\"color: #ff0000;\">pr\u00eatre du Dieu tr\u00e8s-haut.<\/span><\/p>\n<p class=\"Normallivre\"><span style=\"color: #0000ff;\"><sup>19<\/sup><\/span> Il le b\u00e9nit en disant\u00a0: \u00ab\u00a0<strong><span style=\"color: #ff0000;\">B\u00e9ni<\/span> <\/strong>soit <strong>Abram<\/strong> par le <strong>Dieu tr\u00e8s-haut<\/strong>, qui a <span style=\"color: #ff0000;\">cr\u00e9\u00e9 le ciel et la terre<\/span> ; <span style=\"color: #0000ff;\"><sup>20<\/sup><\/span> et <strong><span style=\"color: #ff0000;\">b\u00e9ni<\/span><\/strong> soit le <strong>Dieu<\/strong> tr\u00e8s-haut, qui a <strong><span style=\"color: #ff0000;\">livr\u00e9<\/span><\/strong> <strong>tes ennemis<\/strong> entre tes mains.\u00a0\u00bb Et <strong>Abram<\/strong> lui donna le dixi\u00e8me de tout ce qu\u2019il avait pris.<\/p>\n<p><strong><span style=\"color: #993300;\">Vocabulaire :<\/span><\/strong><\/p>\n<p>&nbsp;<\/p>\n<p><strong><span style=\"color: #0000ff;\">Questions :<\/span><\/strong><\/p>\n<h4><\/h4>\n<h4>Commentaire :<\/h4>\n<p>Melchis\u00e9dech surgit abruptement dans le texte biblique, le temps d\u2019une br\u00e8ve rencontre avec Abraham. On ne sait rien de lui, et il dispara\u00eet aussit\u00f4t. Son nom resurgit dans un psaume, pour s\u2019effacer \u2013 cette fois \u00e0 jamais. Il se compose de deux mots h\u00e9breux signifiant \u00a0\u00bb mon roi \u00a0\u00bb et \u00a0\u00bb juste \u00ab\u00a0, et s\u2019apparente ainsi au nom de Adoni-Ts\u00e8d\u00e8q (\u00a0\u00bb mon Seigneur [est] juste \u00ab\u00a0) que le livre de Josu\u00e9 pr\u00e9sente comme\u2026 roi de J\u00e9rusalem (Jos 10,1-5).<\/p>\n<h3><strong>Mo\u00efse avec le peuple qui ramasse la manne.<\/strong><\/h3>\n<p><img loading=\"lazy\" decoding=\"async\" class=\"alignnone size-medium wp-image-5604\" src=\"http:\/\/image-bible.ch\/wp-content\/uploads\/2021\/05\/18.-Sainte-Cene-B-Moise-avec-le-peuple-qui-ramasse-la-manne-198x300.jpg\" alt=\"\" width=\"198\" height=\"300\" srcset=\"http:\/\/image-bible.ch\/wp-content\/uploads\/2021\/05\/18.-Sainte-Cene-B-Moise-avec-le-peuple-qui-ramasse-la-manne-198x300.jpg 198w, http:\/\/image-bible.ch\/wp-content\/uploads\/2021\/05\/18.-Sainte-Cene-B-Moise-avec-le-peuple-qui-ramasse-la-manne.jpg 328w\" sizes=\"(max-width: 198px) 100vw, 198px\" \/><\/p>\n<p><span style=\"color: #0000ff;\">Ex 16,2 \u2026 15 :<\/span><\/p>\n<p><span style=\"color: #0000ff;\"><sup>2 <\/sup><\/span><span style=\"color: #008000;\">Dans le d\u00e9sert<\/span>, toute la <strong>communaut\u00e9 des fils d\u2019Isra\u00ebl<\/strong> <span style=\"color: #ff0000;\">r\u00e9criminait<\/span> contre <strong>Mo\u00efse et Aaron.<\/strong><span style=\"color: #0000ff;\"> <sup>3<\/sup><\/span> Les fils d\u2019Isra\u00ebl leur dirent\u00a0: \u00ab\u00a0Ah\u00a0! Il aurait mieux valu <span style=\"color: #ff0000;\">mourir<\/span> de la main du Seigneur, <span style=\"color: #008000;\">au pays d\u2019\u00c9gypte<\/span>, quand nous \u00e9tions assis pr\u00e8s des <em>marmites de viande<\/em>, quand nous mangions du<em> pain \u00e0 sati\u00e9t\u00e9<\/em>\u00a0! Vous nous avez fait sortir dans ce d\u00e9sert pour faire <span style=\"color: #ff0000;\">mourir de faim<\/span> tout ce peuple assembl\u00e9\u00a0!\u00a0\u00bb<\/p>\n<p><span style=\"color: #0000ff;\"><sup>4<\/sup><\/span> <strong>Le Seigneur<\/strong> dit \u00e0 <strong>Mo\u00efse<\/strong>\u00a0: \u00ab\u00a0Voici que, du ciel, je vais faire<strong><span style=\"color: #ff0000;\"> pleuvoir du pain<\/span><\/strong> pour vous. Le peuple sortira pour recueillir chaque jour sa ration quotidienne, et ainsi je vais le mettre \u00e0 l\u2019\u00e9preuve\u00a0: je verrai s\u2019il marchera, ou non, selon ma loi.<\/p>\n<p><span style=\"color: #0000ff;\"><sup>5<\/sup><\/span> Mais,<span style=\"color: #993300;\"> le sixi\u00e8me jour<\/span>, quand ils feront le compte de leur r\u00e9colte, ils trouveront le <em>double de la ration quotidienne<\/em>.\u00a0\u00bb \u2026<\/p>\n<p><span style=\"color: #0000ff;\"><sup>13<\/sup><\/span> <span style=\"color: #993300;\">Le soir<\/span> m\u00eame, surgit un <strong><span style=\"color: #ff0000;\">vol de cailles<\/span> <\/strong>qui recouvrirent le camp\u00a0; et, le<span style=\"color: #993300;\"> lendemain matin,<\/span> il y avait une <strong>couche de ros\u00e9<\/strong>e autour du <span style=\"color: #008000;\">camp<\/span>.<span style=\"color: #0000ff;\"> <sup>14<\/sup><\/span> Lorsque la couche de ros\u00e9e s\u2019\u00e9vapora, il y avait, \u00e0 la surface du <span style=\"color: #008000;\">d\u00e9sert<\/span>, une fine cro\u00fbte, quelque chose de fin comme du givre, sur le sol.<\/p>\n<p><span style=\"color: #0000ff;\"><sup>15<\/sup><\/span> Quand ils virent cela, <strong>les fils d\u2019Isra\u00ebl<\/strong> se dirent l\u2019un \u00e0 l\u2019autre\u00a0: \u00ab\u00a0<span style=\"color: #ff0000;\">Mann hou\u00a0?<\/span>\u00a0\u00bb (ce qui veut dire\u00a0: Qu\u2019est-ce que c\u2019est\u00a0?), car ils ne savaient pas ce que c\u2019\u00e9tait. Mo\u00efse leur dit\u00a0: \u00ab\u00a0<strong><span style=\"color: #ff0000;\">C\u2019est le pain que le Seigneur vous donne \u00e0 manger<\/span><\/strong>.\u00bb<\/p>\n<p><span style=\"color: #993300;\">Vocabulaire :<\/span><\/p>\n<p>&nbsp;<\/p>\n<p><strong><span style=\"color: #0000ff;\">Questions :<\/span><\/strong><\/p>\n<p>&nbsp;<\/p>\n<h4>Commentaire :<\/h4>\n<p>Dans le d\u00e9sert, la longue marche pour former le peuple de Dieu, suscite apr\u00e8s l\u2019\u00e9preuve de la soif, l\u2019\u00e9preuve de la faim. Ce qu&rsquo;ils re\u00e7oivent, c&rsquo;est une question (\u00ab manouh\u00a0\u00bb = qu\u2019est-ce que c\u2019est\u00a0?). C&rsquo;est aussi une mise \u00e0 l&rsquo;\u00e9preuve. D&rsquo;une part, chacun ne peut recueillir que ce qu&rsquo;il lui faut pour le jour m\u00eame, sous peine de voir celle-ci se corrompre\u00a0; \u00e0 chacun donc selon sa faim, sans possibilit\u00e9 d&rsquo;accumuler. D&rsquo;autre part, en vue du sabbat, \u00ab jour de repos consacr\u00e9 au Seigneur\u00a0\u00bb, la r\u00e9serve doit \u00eatre faite la veille.<br \/>\nEnfin il sera fait m\u00e9moire de ce don de Dieu pour que les g\u00e9n\u00e9rations \u00e0 venir voient cette manne\u00a0: c\u2019est la c\u00e9l\u00e9bration du repas de la P\u00e2que juive.<\/p>\n<p><img loading=\"lazy\" decoding=\"async\" class=\"alignnone size-medium wp-image-5606\" src=\"http:\/\/image-bible.ch\/wp-content\/uploads\/2021\/05\/18.-Sainte-Cene-D-300x241.jpg\" alt=\"\" width=\"300\" height=\"241\" srcset=\"http:\/\/image-bible.ch\/wp-content\/uploads\/2021\/05\/18.-Sainte-Cene-D-300x241.jpg 300w, http:\/\/image-bible.ch\/wp-content\/uploads\/2021\/05\/18.-Sainte-Cene-D.jpg 640w\" sizes=\"(max-width: 300px) 100vw, 300px\" \/><\/p>\n<p><i><strong>David :<\/strong> Ps 77,25 : <\/i><i>chacun se nourrit du pain des Forts, il les pourvoit de vivres \u00e0 sati\u00e9t\u00e9.<\/i><\/p>\n<p><i><strong>Jesus\u00a0 (Ben )sirach<\/strong> :\u00a0 Sir (Es 55,2) : <\/i><i>Pourquoi d\u00e9penser votre argent pour ce qui ne nourrit pas, vous fatiguer pour ce qui ne rassasie pas ? \u00c9coutez-moi bien, et vous mangerez de bonnes choses, vous vous r\u00e9galerez de viandes savoureuses !<\/i><\/p>\n<p><i><strong>Salomon :<\/strong> Ct 5,1 : <\/i><i>ELLE :\u00a0 Je suis entr\u00e9 dans mon jardin, ma s\u0153ur fianc\u00e9e : j\u2019ai recueilli ma myrrhe, avec mes aromates, j\u2019ai mang\u00e9 mon pain et mon miel, j\u2019ai bu mon vin et mon lait. CH\u0152UR : Mangez, amis ! Buvez, bien-aim\u00e9s, enivrez-vous ! <\/i><\/p>\n<p><i>Abanir ? : (Ps 77,24) : <\/i><i>Pour les nourrir il fait pleuvoir la manne, il leur donne le froment du ciel<\/i><\/p>\n<p>&nbsp;<\/p>\n","protected":false},"excerpt":{"rendered":"<p>F29.4 &#8211; Derni\u00e8re C\u00e8ne \/ Bible Ancien-Testament Abraham et Melchis\u00e9dech Gn 14,18-20 : 18 Melkis\u00e9dek, roi de Salem, fit apporter du pain et du vin\u00a0: il \u00e9tait pr\u00eatre du Dieu tr\u00e8s-haut. 19 Il le b\u00e9nit en disant\u00a0: \u00ab\u00a0B\u00e9ni soit Abram<\/p>\n","protected":false},"author":1,"featured_media":0,"parent":0,"menu_order":0,"comment_status":"closed","ping_status":"closed","template":"","meta":{"footnotes":""},"_links":{"self":[{"href":"http:\/\/image-bible.ch\/index.php?rest_route=\/wp\/v2\/pages\/2925"}],"collection":[{"href":"http:\/\/image-bible.ch\/index.php?rest_route=\/wp\/v2\/pages"}],"about":[{"href":"http:\/\/image-bible.ch\/index.php?rest_route=\/wp\/v2\/types\/page"}],"author":[{"embeddable":true,"href":"http:\/\/image-bible.ch\/index.php?rest_route=\/wp\/v2\/users\/1"}],"replies":[{"embeddable":true,"href":"http:\/\/image-bible.ch\/index.php?rest_route=%2Fwp%2Fv2%2Fcomments&post=2925"}],"version-history":[{"count":9,"href":"http:\/\/image-bible.ch\/index.php?rest_route=\/wp\/v2\/pages\/2925\/revisions"}],"predecessor-version":[{"id":9195,"href":"http:\/\/image-bible.ch\/index.php?rest_route=\/wp\/v2\/pages\/2925\/revisions\/9195"}],"wp:attachment":[{"href":"http:\/\/image-bible.ch\/index.php?rest_route=%2Fwp%2Fv2%2Fmedia&parent=2925"}],"curies":[{"name":"wp","href":"https:\/\/api.w.org\/{rel}","templated":true}]}}