{"id":2929,"date":"2021-03-21T08:13:05","date_gmt":"2021-03-21T07:13:05","guid":{"rendered":"http:\/\/image-bible.ch\/?page_id=2929"},"modified":"2024-11-08T23:14:06","modified_gmt":"2024-11-08T22:14:06","slug":"f29-6-icone","status":"publish","type":"page","link":"http:\/\/image-bible.ch\/?page_id=2929","title":{"rendered":"F29.6 \/ Ic\u00f4ne"},"content":{"rendered":"<p style=\"text-align: center;\"><span style=\"font-family: 'comic sans ms', sans-serif; font-size: 14pt;\">F29.6<\/span><span style=\"font-family: 'comic sans ms', sans-serif; font-size: 14pt;\"> &#8211; Derni\u00e8re C\u00e8ne \/ Ic\u00f4ne<\/span><\/p>\n<p><img loading=\"lazy\" decoding=\"async\" class=\"alignnone size-medium wp-image-7121\" src=\"http:\/\/image-bible.ch\/wp-content\/uploads\/4.10-Dernier-repas-Icone-centre-international-Marial-Nazareth-14-258x300.jpg\" alt=\"\" width=\"258\" height=\"300\" srcset=\"http:\/\/image-bible.ch\/wp-content\/uploads\/4.10-Dernier-repas-Icone-centre-international-Marial-Nazareth-14-258x300.jpg 258w, http:\/\/image-bible.ch\/wp-content\/uploads\/4.10-Dernier-repas-Icone-centre-international-Marial-Nazareth-14-880x1024.jpg 880w, http:\/\/image-bible.ch\/wp-content\/uploads\/4.10-Dernier-repas-Icone-centre-international-Marial-Nazareth-14-768x894.jpg 768w, http:\/\/image-bible.ch\/wp-content\/uploads\/4.10-Dernier-repas-Icone-centre-international-Marial-Nazareth-14-1320x1536.jpg 1320w, http:\/\/image-bible.ch\/wp-content\/uploads\/4.10-Dernier-repas-Icone-centre-international-Marial-Nazareth-14-1760x2048.jpg 1760w\" sizes=\"(max-width: 258px) 100vw, 258px\" \/><\/p>\n<p>Cette ic\u00f4ne repr\u00e9sente l&rsquo;assembl\u00e9e \u00e0 la table de la derni\u00e8re C\u00e8ne. Mais elle en pr\u00e9sente \u00e9galement la forme \u00ab liturgique \u00bb, o\u00f9 le Christ, repr\u00e9sent\u00e9 en pr\u00eatre, distribue le pain et le vin \u00e0 ses douze ap\u00f4tres.<\/p>\n<p>Les b\u00e2timents \u00e0 l&rsquo;arri\u00e8re-plan symbolisent la ville de J\u00e9rusalem avec le mur d\u2019enceinte.<\/p>\n<p>Les ap\u00f4tres sont rassembl\u00e9s autour de la table. Jean \u00e0 gauche a pos\u00e9 sa t\u00eate sur le sein du Christ, pour scruter le c\u0153ur de Dieu, il tient dans une main le rouleau de la Parole. Pierre \u00e0 c\u00f4t\u00e9 de lui proteste de sa fid\u00e9lit\u00e9. Judas est pench\u00e9 sur la table et tend la main pour prendre la coupe. Les deux ap\u00f4tres ont des attitudes parall\u00e8les, mais le mouvement de leurs mains est oppos\u00e9, Jean s\u2019ouvre au myst\u00e8re, Judas veut saisir J\u00e9sus.<\/p>\n<p>Alors que les ap\u00f4tres sont assis sur des bancs, J\u00e9sus est sur un pi\u00e9destal, dans une mandorle dor\u00e9e. Il est habill\u00e9 de bleu et pourpre, ses deux natures divines et humaines et il b\u00e9nit avec sa main le repas et les convives (deux doigt = sa double nature, trois doigt = la Trinit\u00e9).<\/p>\n<p>Chaque ap\u00f4tre est pr\u00e9sent\u00e9 avec une attitude diff\u00e9rente, ils sont tourn\u00e9s les uns vers les autres dans une attitude de questionnement et de bouleversement.<\/p>\n<p>Thomas et Philippe sont imberbe l\u2019un en bas \u00e0 gauche et l\u2019autre \u00e0 droite.<\/p>\n<p>Les deux coupes (la grande et la petite) et les trois pains, se rapportent \u00e0 la P\u00e2que juive, le repas de pesah.<\/p>\n<p>Explications : <a href=\"https:\/\/www.youtube.com\/watch?v=1zNlSsxxQx8\">Explications de l&rsquo;ic\u00f4ne de la derni\u00e8re C\u00e8ne<\/a><\/p>\n<div id='gallery-1' class='gallery galleryid-2929 gallery-columns-3 gallery-size-medium'><figure class='gallery-item'>\n\t\t\t<div class='gallery-icon landscape'>\n\t\t\t\t<a href='http:\/\/image-bible.ch\/?attachment_id=8621'><img loading=\"lazy\" decoding=\"async\" width=\"300\" height=\"235\" src=\"http:\/\/image-bible.ch\/wp-content\/uploads\/8.1-Cene-atelier-S.-Luc-juin-2012-1-300x235.jpg\" class=\"attachment-medium size-medium\" alt=\"\" srcset=\"http:\/\/image-bible.ch\/wp-content\/uploads\/8.1-Cene-atelier-S.-Luc-juin-2012-1-300x235.jpg 300w, http:\/\/image-bible.ch\/wp-content\/uploads\/8.1-Cene-atelier-S.-Luc-juin-2012-1-1024x802.jpg 1024w, http:\/\/image-bible.ch\/wp-content\/uploads\/8.1-Cene-atelier-S.-Luc-juin-2012-1-768x601.jpg 768w, http:\/\/image-bible.ch\/wp-content\/uploads\/8.1-Cene-atelier-S.-Luc-juin-2012-1-1536x1202.jpg 1536w, http:\/\/image-bible.ch\/wp-content\/uploads\/8.1-Cene-atelier-S.-Luc-juin-2012-1-2048x1603.jpg 2048w\" sizes=\"(max-width: 300px) 100vw, 300px\" \/><\/a>\n\t\t\t<\/div><\/figure><figure class='gallery-item'>\n\t\t\t<div class='gallery-icon portrait'>\n\t\t\t\t<a href='http:\/\/image-bible.ch\/?attachment_id=8620'><img loading=\"lazy\" decoding=\"async\" width=\"224\" height=\"300\" src=\"http:\/\/image-bible.ch\/wp-content\/uploads\/8.1-Cene-10.-Resurrection-Novgorod-Serie-Fetes-Ste-Sophie-15e-224x300.jpg\" class=\"attachment-medium size-medium\" alt=\"\" srcset=\"http:\/\/image-bible.ch\/wp-content\/uploads\/8.1-Cene-10.-Resurrection-Novgorod-Serie-Fetes-Ste-Sophie-15e-224x300.jpg 224w, http:\/\/image-bible.ch\/wp-content\/uploads\/8.1-Cene-10.-Resurrection-Novgorod-Serie-Fetes-Ste-Sophie-15e-765x1024.jpg 765w, http:\/\/image-bible.ch\/wp-content\/uploads\/8.1-Cene-10.-Resurrection-Novgorod-Serie-Fetes-Ste-Sophie-15e-768x1028.jpg 768w, http:\/\/image-bible.ch\/wp-content\/uploads\/8.1-Cene-10.-Resurrection-Novgorod-Serie-Fetes-Ste-Sophie-15e-1148x1536.jpg 1148w, http:\/\/image-bible.ch\/wp-content\/uploads\/8.1-Cene-10.-Resurrection-Novgorod-Serie-Fetes-Ste-Sophie-15e-1530x2048.jpg 1530w, http:\/\/image-bible.ch\/wp-content\/uploads\/8.1-Cene-10.-Resurrection-Novgorod-Serie-Fetes-Ste-Sophie-15e-scaled.jpg 1913w\" sizes=\"(max-width: 224px) 100vw, 224px\" \/><\/a>\n\t\t\t<\/div><\/figure><figure class='gallery-item'>\n\t\t\t<div class='gallery-icon landscape'>\n\t\t\t\t<a href='http:\/\/image-bible.ch\/?attachment_id=8549'><img loading=\"lazy\" decoding=\"async\" width=\"300\" height=\"157\" src=\"http:\/\/image-bible.ch\/wp-content\/uploads\/Bucarest-eglise-St-Jean-Chrisosthome-Iconostase-4-Ste-Cene-2-300x157.jpg\" class=\"attachment-medium size-medium\" alt=\"\" srcset=\"http:\/\/image-bible.ch\/wp-content\/uploads\/Bucarest-eglise-St-Jean-Chrisosthome-Iconostase-4-Ste-Cene-2-300x157.jpg 300w, http:\/\/image-bible.ch\/wp-content\/uploads\/Bucarest-eglise-St-Jean-Chrisosthome-Iconostase-4-Ste-Cene-2-1024x537.jpg 1024w, http:\/\/image-bible.ch\/wp-content\/uploads\/Bucarest-eglise-St-Jean-Chrisosthome-Iconostase-4-Ste-Cene-2-768x403.jpg 768w, http:\/\/image-bible.ch\/wp-content\/uploads\/Bucarest-eglise-St-Jean-Chrisosthome-Iconostase-4-Ste-Cene-2-1536x806.jpg 1536w, http:\/\/image-bible.ch\/wp-content\/uploads\/Bucarest-eglise-St-Jean-Chrisosthome-Iconostase-4-Ste-Cene-2-2048x1075.jpg 2048w\" sizes=\"(max-width: 300px) 100vw, 300px\" \/><\/a>\n\t\t\t<\/div><\/figure>\n\t\t<\/div>\n\n","protected":false},"excerpt":{"rendered":"<p>F29.6 &#8211; Derni\u00e8re C\u00e8ne \/ Ic\u00f4ne Cette ic\u00f4ne repr\u00e9sente l&rsquo;assembl\u00e9e \u00e0 la table de la derni\u00e8re C\u00e8ne. Mais elle en pr\u00e9sente \u00e9galement la forme \u00ab liturgique \u00bb, o\u00f9 le Christ, repr\u00e9sent\u00e9 en pr\u00eatre, distribue le pain et le vin \u00e0<\/p>\n","protected":false},"author":1,"featured_media":0,"parent":0,"menu_order":0,"comment_status":"closed","ping_status":"closed","template":"","meta":{"footnotes":""},"_links":{"self":[{"href":"http:\/\/image-bible.ch\/index.php?rest_route=\/wp\/v2\/pages\/2929"}],"collection":[{"href":"http:\/\/image-bible.ch\/index.php?rest_route=\/wp\/v2\/pages"}],"about":[{"href":"http:\/\/image-bible.ch\/index.php?rest_route=\/wp\/v2\/types\/page"}],"author":[{"embeddable":true,"href":"http:\/\/image-bible.ch\/index.php?rest_route=\/wp\/v2\/users\/1"}],"replies":[{"embeddable":true,"href":"http:\/\/image-bible.ch\/index.php?rest_route=%2Fwp%2Fv2%2Fcomments&post=2929"}],"version-history":[{"count":5,"href":"http:\/\/image-bible.ch\/index.php?rest_route=\/wp\/v2\/pages\/2929\/revisions"}],"predecessor-version":[{"id":9198,"href":"http:\/\/image-bible.ch\/index.php?rest_route=\/wp\/v2\/pages\/2929\/revisions\/9198"}],"wp:attachment":[{"href":"http:\/\/image-bible.ch\/index.php?rest_route=%2Fwp%2Fv2%2Fmedia&parent=2929"}],"curies":[{"name":"wp","href":"https:\/\/api.w.org\/{rel}","templated":true}]}}