{"id":2931,"date":"2021-03-21T08:13:40","date_gmt":"2021-03-21T07:13:40","guid":{"rendered":"http:\/\/image-bible.ch\/?page_id=2931"},"modified":"2021-09-17T19:05:35","modified_gmt":"2021-09-17T17:05:35","slug":"f29-7-icone","status":"publish","type":"page","link":"http:\/\/image-bible.ch\/?page_id=2931","title":{"rendered":"F29.7 \/ F\u00eate juive et chr\u00e9tienne"},"content":{"rendered":"<p style=\"text-align: center;\"><span style=\"font-family: 'comic sans ms', sans-serif; font-size: 14pt;\">F29.7<\/span><span style=\"font-family: 'comic sans ms', sans-serif; font-size: 14pt;\"> &#8211; Derni\u00e8re C\u00e8ne \/ F\u00eate juive et chr\u00e9tienne<\/span><\/p>\n<p>La derni\u00e8re c\u00e8ne, le dernier repas de J\u00e9sus est f\u00eat\u00e9 le jeudi-saint dans le triduum pascal : jeudi-saint (sainte c\u00e8ne) &#8211; vendredi saint (la passion), samedi-saint (veill\u00e9e pascale).<\/p>\n<p>&nbsp;<\/p>\n","protected":false},"excerpt":{"rendered":"<p>F29.7 &#8211; Derni\u00e8re C\u00e8ne \/ F\u00eate juive et chr\u00e9tienne La derni\u00e8re c\u00e8ne, le dernier repas de J\u00e9sus est f\u00eat\u00e9 le jeudi-saint dans le triduum pascal : jeudi-saint (sainte c\u00e8ne) &#8211; vendredi saint (la passion), samedi-saint (veill\u00e9e pascale). &nbsp;<\/p>\n","protected":false},"author":1,"featured_media":0,"parent":0,"menu_order":0,"comment_status":"closed","ping_status":"closed","template":"","meta":{"footnotes":""},"_links":{"self":[{"href":"http:\/\/image-bible.ch\/index.php?rest_route=\/wp\/v2\/pages\/2931"}],"collection":[{"href":"http:\/\/image-bible.ch\/index.php?rest_route=\/wp\/v2\/pages"}],"about":[{"href":"http:\/\/image-bible.ch\/index.php?rest_route=\/wp\/v2\/types\/page"}],"author":[{"embeddable":true,"href":"http:\/\/image-bible.ch\/index.php?rest_route=\/wp\/v2\/users\/1"}],"replies":[{"embeddable":true,"href":"http:\/\/image-bible.ch\/index.php?rest_route=%2Fwp%2Fv2%2Fcomments&post=2931"}],"version-history":[{"count":5,"href":"http:\/\/image-bible.ch\/index.php?rest_route=\/wp\/v2\/pages\/2931\/revisions"}],"predecessor-version":[{"id":6012,"href":"http:\/\/image-bible.ch\/index.php?rest_route=\/wp\/v2\/pages\/2931\/revisions\/6012"}],"wp:attachment":[{"href":"http:\/\/image-bible.ch\/index.php?rest_route=%2Fwp%2Fv2%2Fmedia&parent=2931"}],"curies":[{"name":"wp","href":"https:\/\/api.w.org\/{rel}","templated":true}]}}