{"id":2944,"date":"2021-03-21T08:20:38","date_gmt":"2021-03-21T07:20:38","guid":{"rendered":"http:\/\/image-bible.ch\/?page_id=2944"},"modified":"2024-11-09T12:20:08","modified_gmt":"2024-11-09T11:20:08","slug":"f30-3-bible-n-t","status":"publish","type":"page","link":"http:\/\/image-bible.ch\/?page_id=2944","title":{"rendered":"F30.3 \/ Bible Nouveau-Testament"},"content":{"rendered":"<p style=\"text-align: center;\"><span style=\"font-family: 'comic sans ms', sans-serif; font-size: 14pt;\">F30.3<\/span><span style=\"font-family: 'comic sans ms', sans-serif; font-size: 14pt;\"> &#8211; Lavement des pieds \/ Bible Nouveau-Testament<\/span><\/p>\n<p><img loading=\"lazy\" decoding=\"async\" class=\"alignnone wp-image-5610\" src=\"http:\/\/image-bible.ch\/wp-content\/uploads\/2021\/05\/19.-Lavement-des-pieds-C-191x300.jpg\" alt=\"\" width=\"273\" height=\"429\" srcset=\"http:\/\/image-bible.ch\/wp-content\/uploads\/2021\/05\/19.-Lavement-des-pieds-C-191x300.jpg 191w, http:\/\/image-bible.ch\/wp-content\/uploads\/2021\/05\/19.-Lavement-des-pieds-C.jpg 312w\" sizes=\"(max-width: 273px) 100vw, 273px\" \/><\/p>\n<p><span style=\"color: #0000ff;\">Jn 13,1-15\u00a0:<\/span><\/p>\n<p><span style=\"color: #0000ff;\"><sup>1<\/sup><\/span> Avant<span style=\"color: #993300;\"> la f\u00eate de la P\u00e2que<\/span>, sachant que l\u2019heure \u00e9tait venue pour lui de passer de ce monde \u00e0 son P\u00e8re, <strong>J\u00e9sus<\/strong>, ayant aim\u00e9 les siens qui \u00e9taient dans le monde, les aima jusqu\u2019au bout. <span style=\"color: #0000ff;\"><sup>2<\/sup><\/span> Au cours du repas, alors que <strong>le diable<\/strong> a d\u00e9j\u00e0 mis dans le c\u0153ur de <strong>Judas<\/strong>, fils de Simon l\u2019Iscariote, l\u2019intention de<span style=\"color: #ff0000;\"><strong> le livrer<\/strong><\/span>, <span style=\"color: #0000ff;\"><sup>3<\/sup><\/span> J\u00e9sus, sachant que le P\u00e8re a tout remis entre ses mains, qu\u2019il est <em>sorti de Dieu et qu\u2019il s\u2019en va vers Dieu<\/em>, <span style=\"color: #0000ff;\"><sup>4<\/sup><\/span> se l\u00e8ve de table, <span style=\"color: #ff0000;\">d\u00e9pose son v\u00eatement<\/span>, et <span style=\"color: #ff0000;\">prend un linge<\/span> qu\u2019il se noue \u00e0 la ceinture\u00a0;<span style=\"color: #0000ff;\"> <sup>5<\/sup><\/span> puis il verse de <span style=\"color: #ff0000;\">l\u2019eau dans un bassin<\/span>. Alors il se mit<span style=\"color: #ff0000;\"><strong> \u00e0 laver les pieds<\/strong><\/span> des disciples et \u00e0 les essuyer avec le linge qu\u2019il avait \u00e0 la ceinture.<\/p>\n<p><span style=\"color: #0000ff;\"><sup>6<\/sup><\/span> Il arrive donc \u00e0 <strong>Simon-Pierre<\/strong>, qui lui dit\u00a0: \u00ab\u00a0C\u2019est toi, Seigneur, qui me laves les pieds\u00a0?\u00a0\u00bb<\/p>\n<p><span style=\"color: #0000ff;\"><sup>7<\/sup><\/span> <strong>J\u00e9sus<\/strong> lui r\u00e9pondit\u00a0: \u00ab\u00a0Ce que je veux faire, tu ne le sais pas maintenant\u00a0; plus tard tu comprendras.\u00a0\u00bb<\/p>\n<p><span style=\"color: #0000ff;\"><sup>8<\/sup><\/span> <strong>Pierre<\/strong> lui dit\u00a0: \u00ab\u00a0Tu ne me laveras pas les pieds\u00a0; non, jamais\u00a0!\u00a0\u00bb J\u00e9sus lui r\u00e9pondit\u00a0: \u00ab\u00a0<span style=\"color: #ff0000;\">Si je ne te lave pas, tu n\u2019auras pas de part avec moi<\/span>.\u00a0\u00bb<\/p>\n<p><span style=\"color: #0000ff;\"><sup>9<\/sup><\/span> <strong>Simon-Pierre<\/strong> lui dit\u00a0: \u00ab\u00a0Alors, Seigneur, pas seulement les pieds, mais aussi les mains et la t\u00eate\u00a0!\u00a0\u00bb<\/p>\n<p><span style=\"color: #0000ff;\"><sup>10<\/sup><\/span> <strong>J\u00e9sus<\/strong> lui dit\u00a0: \u00ab\u00a0Quand on vient de prendre un bain, on n\u2019a pas besoin de se laver, sinon les pieds\u00a0: on est <strong><span style=\"color: #ff0000;\">pur<\/span><\/strong> tout entier. Vous-m\u00eames, vous \u00eates purs, mais non pas tous.\u00a0\u00bb<\/p>\n<p><span style=\"color: #0000ff;\"><sup>11<\/sup><\/span> Il savait bien <span style=\"color: #ff0000;\">qui allait le livrer<\/span>\u00a0; et c\u2019est pourquoi il disait\u00a0: \u00ab\u00a0Vous n\u2019\u00eates pas tous purs.\u00a0\u00bb<\/p>\n<p><span style=\"color: #0000ff;\"><sup>12<\/sup> <\/span>Quand il leur eut lav\u00e9 les pieds, il <span style=\"color: #ff0000;\">reprit son v\u00eatement<\/span>, se <span style=\"color: #ff0000;\">remit \u00e0 table<\/span> et leur dit\u00a0: \u00ab\u00a0Comprenez-vous ce que je viens de faire pour vous\u00a0?<\/p>\n<p><span style=\"color: #0000ff;\"><sup>13<\/sup><\/span> Vous m\u2019appelez <strong><span style=\"color: #ff0000;\">\u201cMa\u00eetre\u201d et \u201cSeigneur\u201d<\/span><\/strong>, et vous avez raison, car vraiment je le suis.<\/p>\n<p><span style=\"color: #0000ff;\"><sup>14<\/sup><\/span> Si donc moi, le Seigneur et le Ma\u00eetre, je vous ai lav\u00e9 les pieds, vous aussi, <em>vous devez vous laver les pieds les uns aux autres<\/em>.<\/p>\n<p><span style=\"color: #0000ff;\"><sup>15<\/sup><\/span> C\u2019est <span style=\"color: #ff0000;\"><strong>un exemple<\/strong><\/span> que je vous ai donn\u00e9 afin que vous fassiez, vous aussi, <span style=\"color: #ff0000;\">comme j\u2019ai fait pour vous<\/span>.<\/p>\n<p><strong><span style=\"color: #993300;\">Vocabulaire :<\/span><\/strong><\/p>\n<p>&nbsp;<\/p>\n<p><strong><span style=\"color: #0000ff;\">Questions :<\/span><\/strong><\/p>\n<p>&nbsp;<\/p>\n<h4>Commentaire :<\/h4>\n<p>En lavant les pieds de ses disciples J\u00e9sus prend la derni\u00e8re place, celle du serviteur qui, chez un h\u00f4te, est assign\u00e9 \u00e0 cette t\u00e2che. Ainsi le lavement des pieds est un signe, un sacrement, qui r\u00e9sume toute la vie de J\u00e9sus, jusque dans les d\u00e9tails du r\u00e9cit. J\u00e9sus se l\u00e8ve de chez Dieu son P\u00e8re et d\u00e9pose son v\u00eatement divin, il s\u2019abaisse pour prendre le linge de l\u2019humanit\u00e9 et se met \u00e0 genoux, au plus bas pour laver les pieds de ses disciples, en offrant sa vie sur la croix pour le pardon des p\u00e9ch\u00e9s, puis il se rel\u00e8ve et remet son v\u00eatement, Dieu le P\u00e8re le ressuscite et il retourne aupr\u00e8s de Lui. Ce mouvement d\u2019abaissement et de rel\u00e8vement est la trajectoire de la vie de J\u00e9sus venu de Dieu, abaiss\u00e9, jusqu\u2019\u00e0 la mort sur la croix et \u00e9lev\u00e9 par la r\u00e9surrection et l\u2019ascension jusqu\u2019\u00e0 la Gloire du P\u00e8re. C\u2019est aussi la structure de tout l\u2019\u00e9vangile de saint Jean.<\/p>\n<p>J\u00e9sus invite les disciples \u00e0 suivre le m\u00eame mouvement, pour se mettre au service de tous les fr\u00e8res et s\u0153urs en s\u2019abaissant humblement devant eux. Il donne ainsi le sens profond de l\u2019eucharistie\u00a0: action de gr\u00e2ce envers Dieu \u00e0 travers le service des fr\u00e8res.<\/p>\n<p>&nbsp;<\/p>\n","protected":false},"excerpt":{"rendered":"<p>F30.3 &#8211; Lavement des pieds \/ Bible Nouveau-Testament Jn 13,1-15\u00a0: 1 Avant la f\u00eate de la P\u00e2que, sachant que l\u2019heure \u00e9tait venue pour lui de passer de ce monde \u00e0 son P\u00e8re, J\u00e9sus, ayant aim\u00e9 les siens qui \u00e9taient dans<\/p>\n","protected":false},"author":1,"featured_media":0,"parent":0,"menu_order":0,"comment_status":"closed","ping_status":"closed","template":"","meta":{"footnotes":""},"_links":{"self":[{"href":"http:\/\/image-bible.ch\/index.php?rest_route=\/wp\/v2\/pages\/2944"}],"collection":[{"href":"http:\/\/image-bible.ch\/index.php?rest_route=\/wp\/v2\/pages"}],"about":[{"href":"http:\/\/image-bible.ch\/index.php?rest_route=\/wp\/v2\/types\/page"}],"author":[{"embeddable":true,"href":"http:\/\/image-bible.ch\/index.php?rest_route=\/wp\/v2\/users\/1"}],"replies":[{"embeddable":true,"href":"http:\/\/image-bible.ch\/index.php?rest_route=%2Fwp%2Fv2%2Fcomments&post=2944"}],"version-history":[{"count":7,"href":"http:\/\/image-bible.ch\/index.php?rest_route=\/wp\/v2\/pages\/2944\/revisions"}],"predecessor-version":[{"id":9204,"href":"http:\/\/image-bible.ch\/index.php?rest_route=\/wp\/v2\/pages\/2944\/revisions\/9204"}],"wp:attachment":[{"href":"http:\/\/image-bible.ch\/index.php?rest_route=%2Fwp%2Fv2%2Fmedia&parent=2944"}],"curies":[{"name":"wp","href":"https:\/\/api.w.org\/{rel}","templated":true}]}}