{"id":2946,"date":"2021-03-21T08:20:59","date_gmt":"2021-03-21T07:20:59","guid":{"rendered":"http:\/\/image-bible.ch\/?page_id=2946"},"modified":"2024-11-09T12:29:00","modified_gmt":"2024-11-09T11:29:00","slug":"f30-4-bible-a-t","status":"publish","type":"page","link":"http:\/\/image-bible.ch\/?page_id=2946","title":{"rendered":"F30.4 \/ Bible A-T"},"content":{"rendered":"<p style=\"text-align: center;\"><span style=\"font-family: 'comic sans ms', sans-serif; font-size: 14pt;\">F30.4<\/span><span style=\"font-family: 'comic sans ms', sans-serif; font-size: 14pt;\"> &#8211; Lavement des pieds \/ Bible Ancien-Testament<\/span><\/p>\n<h3><strong>Abraham lave les pieds des trois visiteurs (anges)<\/strong><\/h3>\n<p><img loading=\"lazy\" decoding=\"async\" class=\"alignnone size-medium wp-image-5608\" src=\"http:\/\/image-bible.ch\/wp-content\/uploads\/2021\/05\/19.-Lavement-des-pieds-A-Abraham-lave-les-pieds-des-trois-visiteurs-anges-202x300.jpg\" alt=\"\" width=\"202\" height=\"300\" srcset=\"http:\/\/image-bible.ch\/wp-content\/uploads\/2021\/05\/19.-Lavement-des-pieds-A-Abraham-lave-les-pieds-des-trois-visiteurs-anges-202x300.jpg 202w, http:\/\/image-bible.ch\/wp-content\/uploads\/2021\/05\/19.-Lavement-des-pieds-A-Abraham-lave-les-pieds-des-trois-visiteurs-anges.jpg 312w\" sizes=\"(max-width: 202px) 100vw, 202px\" \/><\/p>\n<p><span style=\"color: #0000ff;\">Gn 18,1-4\u00a0:<\/span><\/p>\n<p><span style=\"color: #0000ff;\"><sup>1<\/sup><\/span> <span style=\"color: #008000;\">Aux ch\u00eanes de Mambr\u00e9,<\/span> le Seigneur apparut \u00e0 <strong>Abraham<\/strong>, qui \u00e9tait assis \u00e0 l\u2019entr\u00e9e de <span style=\"color: #008000;\">la tente.<\/span> C\u2019\u00e9tait<span style=\"color: #993300;\"> l\u2019heure<\/span> la plus chaude du jour.<\/p>\n<p><span style=\"color: #0000ff;\"><sup>2<\/sup><\/span> <strong>Abraham<\/strong> leva les yeux, et il vit <strong>trois hommes<\/strong> qui se tenaient debout pr\u00e8s de lui. D\u00e8s qu\u2019il les vit, il courut \u00e0 leur rencontre depuis l\u2019entr\u00e9e de <span style=\"color: #008000;\">la tente<\/span> et se prosterna jusqu\u2019\u00e0 terre.<\/p>\n<p><span style=\"color: #0000ff;\"><sup>3<\/sup><\/span> Il dit\u00a0: \u00ab\u00a0<strong><span style=\"color: #ff0000;\">Mon seigneur<\/span><\/strong>, si j\u2019ai pu trouver gr\u00e2ce \u00e0 tes yeux, ne passe pas sans t\u2019arr\u00eater pr\u00e8s de ton serviteur.<\/p>\n<p><span style=\"color: #0000ff;\"><sup>4<\/sup><\/span> Permettez que l\u2019on vous apporte <span style=\"color: #ff0000;\">un peu d\u2019eau<\/span>, vous vous <span style=\"color: #ff0000;\">laverez les pieds<\/span>, et vous vous \u00e9tendrez sous cet arbre.<\/p>\n<p><strong><span style=\"color: #993300;\">Vocabulaire :<\/span><\/strong><\/p>\n<p>&nbsp;<\/p>\n<p><strong><span style=\"color: #0000ff;\">Questions :<\/span><\/strong><\/p>\n<p>&nbsp;<\/p>\n<h4>Commentaire :<\/h4>\n<p>Abraham prend soin du corps de ses visiteurs et comme dans les habitudes de l\u2019hospitalit\u00e9 de l\u2019\u00e9poque, il leur apporte de l\u2019eau pour qu\u2019ils puissent se laver les pieds. En effet dans le d\u00e9sert les pieds sont plein de sable et fatigu\u00e9 apr\u00e8s la marche.<\/p>\n<h3><strong>Laban lave les pieds d\u2019\u00c9li\u00e8zer.<\/strong><\/h3>\n<figure id=\"attachment_9201\" aria-describedby=\"caption-attachment-9201\" style=\"width: 220px\" class=\"wp-caption alignnone\"><img loading=\"lazy\" decoding=\"async\" class=\"size-medium wp-image-9201\" src=\"http:\/\/image-bible.ch\/wp-content\/uploads\/25.-Gn-24-32_Laban-Donne-de-leau-pour-laver-les-pieds-220x300.jpg\" alt=\"\" width=\"220\" height=\"300\" srcset=\"http:\/\/image-bible.ch\/wp-content\/uploads\/25.-Gn-24-32_Laban-Donne-de-leau-pour-laver-les-pieds-220x300.jpg 220w, http:\/\/image-bible.ch\/wp-content\/uploads\/25.-Gn-24-32_Laban-Donne-de-leau-pour-laver-les-pieds-752x1024.jpg 752w, http:\/\/image-bible.ch\/wp-content\/uploads\/25.-Gn-24-32_Laban-Donne-de-leau-pour-laver-les-pieds-768x1046.jpg 768w, http:\/\/image-bible.ch\/wp-content\/uploads\/25.-Gn-24-32_Laban-Donne-de-leau-pour-laver-les-pieds-1127x1536.jpg 1127w, http:\/\/image-bible.ch\/wp-content\/uploads\/25.-Gn-24-32_Laban-Donne-de-leau-pour-laver-les-pieds.jpg 1369w\" sizes=\"(max-width: 220px) 100vw, 220px\" \/><figcaption id=\"caption-attachment-9201\" class=\"wp-caption-text\">Laban lave les pieds d&rsquo;Eliezer<\/figcaption><\/figure>\n<p><strong>Gn 24,31-32<\/strong><\/p>\n<p><em>\u00c9li\u00e8zer, le serviteur, est envoy\u00e9 par Abraham pour trouver une femme pour son fils Isaac. Il rencontre Rebecca au bord du puits et l\u2019aide \u00e0 abreuver ses chameaux.<\/em><\/p>\n<p><em>Laban le p\u00e8re de R\u00e9becca vient \u00e0 sa rencontre, ayant entendu ce qu\u2019il a fait pour sa fille.<\/em><\/p>\n<p><sup>31<\/sup> Laban dit : \u00ab Viens, b\u00e9ni du Seigneur ! Pourquoi rester dehors ? J\u2019ai fait place dans la maison pour les chameaux. \u00bb<br \/>\n<sup>32<\/sup> L\u2019homme entra donc dans la maison et d\u00e9chargea les chameaux. On leur donna de la paille et du fourrage et, pour lui et ses compagnons, de l\u2019eau pour se laver les pieds.<\/p>\n<p>Le puits est le lieu de la rencontre dans l\u2019Ancien Testament, car chacun doit venir puiser de l\u2019eau et abreuver son troupeau. C\u2019est l\u00e0 qu\u2019Eli\u00e8zer rencontre la belle R\u00e9becca qui deviendra la femme d\u2019Isaac. Le serviteur d\u2019Abraham est accueilli chez Laban comme il se doit en lui apportant de l\u2019eau pour se laver les pieds.<\/p>\n<p><span style=\"color: #993300;\"><strong>Vocabulaire :<\/strong><\/span><\/p>\n<p>&nbsp;<\/p>\n<p><span style=\"color: #0000ff;\"><strong>Questions :<\/strong><\/span><\/p>\n<p>&nbsp;<\/p>\n<h4>Commentaire :<\/h4>\n<p>Le puits est le lieu de la rencontre dans l\u2019Ancien Testament, car chacun doit venir puiser de l\u2019eau et abreuver son troupeau. C\u2019est l\u00e0 qu\u2019Eli\u00e8zer rencontre la belle R\u00e9becca qui deviendra la femme d\u2019Isaac. Le serviteur d\u2019Abraham est accueilli chez Laban comme il se doit en lui apportant de l\u2019eau pour se laver les pieds.<\/p>\n<h3><strong>Mo\u00efse prie pour le peuple d\u2019Isra\u00ebl<\/strong><\/h3>\n<p><img loading=\"lazy\" decoding=\"async\" class=\"alignnone size-medium wp-image-5609\" src=\"http:\/\/image-bible.ch\/wp-content\/uploads\/2021\/05\/19.-Lavement-des-pieds-B-Moise-prie-pour-le-peuple-dIsrael-197x300.jpg\" alt=\"\" width=\"197\" height=\"300\" srcset=\"http:\/\/image-bible.ch\/wp-content\/uploads\/2021\/05\/19.-Lavement-des-pieds-B-Moise-prie-pour-le-peuple-dIsrael-197x300.jpg 197w, http:\/\/image-bible.ch\/wp-content\/uploads\/2021\/05\/19.-Lavement-des-pieds-B-Moise-prie-pour-le-peuple-dIsrael.jpg 306w\" sizes=\"(max-width: 197px) 100vw, 197px\" \/><\/p>\n<p><span style=\"color: #0000ff;\">Ex 32,1 ss (9-14)\u00a0:<\/span><\/p>\n<p><em>Comme Mo\u00efse tardait \u00e0 redescendre du mont Sina\u00ef le peuple avec l\u2019aide d\u2019Aaron se fabrique un veau d\u2019or. Dieu le menace de mort car il s\u2019est \u00e9loign\u00e9 du chemin du Seigneur. Mo\u00efse interc\u00e8de aupr\u00e8s de Dieu\u00a0:<\/em><\/p>\n<p><span style=\"color: #0000ff;\"><sup>9<\/sup><\/span> <strong>Le Seigneur<\/strong> dit encore \u00e0 <strong>Mo\u00efse\u00a0<\/strong>: \u00ab\u00a0Je vois que ce peuple est un <em>peuple \u00e0 la nuque raide<\/em>.<span style=\"color: #0000ff;\"> <sup>10<\/sup><\/span> Maintenant, laisse-moi faire\u00a0; ma <em>col\u00e8re va s\u2019enflammer<\/em> contre eux et je vais les exterminer\u00a0! Mais, de toi, je ferai une grande nation.\u00a0\u00bb<br \/>\n<span style=\"color: #0000ff;\"><sup>11<\/sup><\/span> <strong>Mo\u00efse<\/strong> apaisa le visage du Seigneur son Dieu en disant\u00a0: \u00ab\u00a0Pourquoi, Seigneur, ta col\u00e8re s\u2019enflammerait-elle contre ton peuple, que tu as <span style=\"color: #ff0000;\">fait sortir du pays d\u2019\u00c9gypte<\/span> par ta grande force et ta main puissante\u00a0?<span style=\"color: #0000ff;\"> <sup>12<\/sup><\/span> \u2026 Reviens de l\u2019ardeur de ta col\u00e8re, renonce au mal que tu veux faire \u00e0 ton peuple. <span style=\"color: #0000ff;\"><sup>13<\/sup><\/span> <span style=\"color: #ff0000;\">Souviens-toi de tes serviteurs, Abraham, Isaac et Isra\u00ebl<\/span>, \u00e0 qui tu as jur\u00e9 par toi-m\u00eame\u00a0: \u201cJe multiplierai votre descendance comme les \u00e9toiles du ciel\u00a0; je donnerai, comme je l\u2019ai dit, tout ce pays \u00e0 vos descendants, et il sera pour toujours leur h\u00e9ritage.\u201d\u00a0\u00bb<\/p>\n<p><span style=\"color: #0000ff;\"><sup>14<\/sup><\/span> Le <strong><span style=\"color: #ff0000;\">Seigneur renon\u00e7a au mal<\/span> <\/strong>qu\u2019il avait voulu faire \u00e0 son peuple.<\/p>\n<p><strong><span style=\"color: #993300;\">Vocabulaire :<\/span><\/strong><\/p>\n<p>&nbsp;<\/p>\n<p><strong><span style=\"color: #0000ff;\">Questions :<\/span><\/strong><\/p>\n<p>&nbsp;<\/p>\n<h4>Commentaire :<\/h4>\n<p>Le peuple a fabriqu\u00e9 un veau d\u2019or en attendant que Mo\u00efse descende du Sina\u00ef o\u00f9 il a re\u00e7u la Loi du Seigneur.<br \/>\nLe Seigneur est en col\u00e8re contre son peuple qui s\u2019est d\u00e9tourn\u00e9 de lui. Mo\u00efse va apaiser la col\u00e8re de Dieu envers le peuple.<br \/>\nIl purifie le peuple de son p\u00e9ch\u00e9.<\/p>\n<h3 class=\"Normallivre\"><strong>Abiga\u00efl devient la femme de David.<\/strong><\/h3>\n<figure id=\"attachment_9202\" aria-describedby=\"caption-attachment-9202\" style=\"width: 226px\" class=\"wp-caption alignnone\"><img loading=\"lazy\" decoding=\"async\" class=\"size-medium wp-image-9202\" src=\"http:\/\/image-bible.ch\/wp-content\/uploads\/25_Abigail-devient-femme-David_1Sm-25-40-42-p121-226x300.jpg\" alt=\"\" width=\"226\" height=\"300\" srcset=\"http:\/\/image-bible.ch\/wp-content\/uploads\/25_Abigail-devient-femme-David_1Sm-25-40-42-p121-226x300.jpg 226w, http:\/\/image-bible.ch\/wp-content\/uploads\/25_Abigail-devient-femme-David_1Sm-25-40-42-p121-770x1024.jpg 770w, http:\/\/image-bible.ch\/wp-content\/uploads\/25_Abigail-devient-femme-David_1Sm-25-40-42-p121-768x1021.jpg 768w, http:\/\/image-bible.ch\/wp-content\/uploads\/25_Abigail-devient-femme-David_1Sm-25-40-42-p121-1155x1536.jpg 1155w, http:\/\/image-bible.ch\/wp-content\/uploads\/25_Abigail-devient-femme-David_1Sm-25-40-42-p121.jpg 1396w\" sizes=\"(max-width: 226px) 100vw, 226px\" \/><figcaption id=\"caption-attachment-9202\" class=\"wp-caption-text\">Abiga\u00efl devient la femme de David<\/figcaption><\/figure>\n<p><em>Abiga\u00efl est la femme de Nabal un riche propri\u00e9taire, affubl\u00e9 d\u2019un nom qui veut dire \u00ab\u00a0brute\u00a0\u00bb, \u00ab\u00a0fou\u00a0\u00bb ou \u00ab\u00a0inf\u00e2me\u00a0\u00bb. Le personnage est dur et grossier, d\u2019un caract\u00e8re primaire et sanguin\u00a0:<\/em> <em>il repousse d\u2019un revers de la main les hommes de David qui lui demandent quelques vivres en \u00e9change de la protection qu\u2019ils lui ont accord\u00e9e. Alors David part \u00e0 la t\u00eate de quatre cents hommes arm\u00e9s jusqu\u2019aux dents, bien d\u00e9termin\u00e9 \u00e0 infliger \u00e0 l\u2019impudent les pires repr\u00e9sailles. Mais Abiga\u00efl dans sa sagesse fait pr\u00e9parer en abondance des vivres avec lesquels ses serviteurs iront \u00e0 la rencontre de David pour d\u00e9montrer \u00e9loquemment la sinc\u00e9rit\u00e9 de ses excuses.<\/em><\/p>\n<p><em>A<\/em>biga\u00efl <em>lui fait comprendre qu\u2019en versant le sang par pur orgueil, David se serait substitu\u00e9 au Juste en se faisant justice lui-m\u00eame et aurait pi\u00e9tin\u00e9 l\u2019essentiel. David abandonne sa conqu\u00eate. Nabal, en apprenant ce \u00e0 quoi il a \u00e9chapp\u00e9, meurt foudroy\u00e9 par une crise d\u2019apoplexie. David, encore \u00e9mu par la clairvoyance d\u2019Abiga\u00efl la choisit comme l\u2019une de ses \u00e9pouses.<\/em><\/p>\n<p><strong>1Sm 25,40-42<\/strong><\/p>\n<p><sup>40<\/sup> Les serviteurs de David vinrent donc chez Abiga\u00efl \u00e0 Carmel et lui dirent\u00a0: \u00ab David nous a envoy\u00e9s chez toi afin de te prendre pour sa femme.\u00a0\u00bb<br \/>\n<sup>41<\/sup> Elle se leva, puis se prosterna face contre terre et dit\u00a0: \u00ab Voici ta servante, comme une esclave pr\u00eate \u00e0 laver les pieds des serviteurs de mon seigneur.\u00a0\u00bb<br \/>\n<sup>42<\/sup> Se relevant en toute h\u00e2te, Abiga\u00efl monta sur son \u00e2ne et, accompagn\u00e9e de cinq de ses servantes, elle suivit les messagers de David et devint sa femme.<\/p>\n<p><strong>Vocabulaire :<\/strong><\/p>\n<p>&nbsp;<\/p>\n<p><strong>Questions :<\/strong><\/p>\n<p>&nbsp;<\/p>\n<h4>Commentaire :<\/h4>\n<p>Abiga\u00efl a cette merveilleuse formule pour accepter de devenir une des \u00e9pouses de David\u00a0: \u00ab\u00a0Voici ta servante, comme une esclave pr\u00eate \u00e0 laver les pieds des serviteurs de mon seigneur.\u00a0\u00bb<br \/>\nIci le lavement des pieds signifie une soumission et une acceptation\u00a0: devenir l\u2019\u00e9pouse de David.<\/p>\n<p>&nbsp;<\/p>\n<p><img loading=\"lazy\" decoding=\"async\" class=\"alignnone size-medium wp-image-5611\" src=\"http:\/\/image-bible.ch\/wp-content\/uploads\/2021\/05\/19.-Lavement-des-pieds-D-300x237.jpg\" alt=\"\" width=\"300\" height=\"237\" srcset=\"http:\/\/image-bible.ch\/wp-content\/uploads\/2021\/05\/19.-Lavement-des-pieds-D-300x237.jpg 300w, http:\/\/image-bible.ch\/wp-content\/uploads\/2021\/05\/19.-Lavement-des-pieds-D.jpg 622w\" sizes=\"(max-width: 300px) 100vw, 300px\" \/><\/p>\n<p><i><strong>Mo\u00efse<\/strong> (Ps 57,11) : Joie pour le juste de voir la vengeance, de laver ses pieds dans le sang de l&rsquo;impie !<\/i><\/p>\n<p><i><strong>Jesus\u00a0 (Ben ) sirach<\/strong> :\u00a0 Sir : <\/i><i>(Job 29,6) Quand je lavais mes pieds dans le lait !<\/i><\/p>\n<p><i><strong>Jesus\u00a0 (Ben ) sirach<\/strong> :\u00a0 Sir ( Esther8.,3 )De nouveau, Esther vint parler au roi Assu\u00e9rus. Elle tomba \u00e0 ses pieds, en pleurant, et elle le supplia d\u2019\u00e9carter le malheur pr\u00e9par\u00e9 par Amane, et tous les affreux projets qu\u2019il avait form\u00e9s contre les Juifs.)<\/i><\/p>\n<p><i><strong>Ez\u00e9chiel<\/strong> : Ez\u00a0 \u00a034,19 : Ainsi mes brebis doivent pa\u00eetre dans ce que vos pieds ont foul\u00e9, et boire l\u2019eau que vos pieds ont troubl\u00e9e.<\/i><\/p>\n","protected":false},"excerpt":{"rendered":"<p>F30.4 &#8211; Lavement des pieds \/ Bible Ancien-Testament Abraham lave les pieds des trois visiteurs (anges) Gn 18,1-4\u00a0: 1 Aux ch\u00eanes de Mambr\u00e9, le Seigneur apparut \u00e0 Abraham, qui \u00e9tait assis \u00e0 l\u2019entr\u00e9e de la tente. C\u2019\u00e9tait l\u2019heure la plus<\/p>\n","protected":false},"author":1,"featured_media":0,"parent":0,"menu_order":0,"comment_status":"closed","ping_status":"closed","template":"","meta":{"footnotes":""},"_links":{"self":[{"href":"http:\/\/image-bible.ch\/index.php?rest_route=\/wp\/v2\/pages\/2946"}],"collection":[{"href":"http:\/\/image-bible.ch\/index.php?rest_route=\/wp\/v2\/pages"}],"about":[{"href":"http:\/\/image-bible.ch\/index.php?rest_route=\/wp\/v2\/types\/page"}],"author":[{"embeddable":true,"href":"http:\/\/image-bible.ch\/index.php?rest_route=\/wp\/v2\/users\/1"}],"replies":[{"embeddable":true,"href":"http:\/\/image-bible.ch\/index.php?rest_route=%2Fwp%2Fv2%2Fcomments&post=2946"}],"version-history":[{"count":8,"href":"http:\/\/image-bible.ch\/index.php?rest_route=\/wp\/v2\/pages\/2946\/revisions"}],"predecessor-version":[{"id":9205,"href":"http:\/\/image-bible.ch\/index.php?rest_route=\/wp\/v2\/pages\/2946\/revisions\/9205"}],"wp:attachment":[{"href":"http:\/\/image-bible.ch\/index.php?rest_route=%2Fwp%2Fv2%2Fmedia&parent=2946"}],"curies":[{"name":"wp","href":"https:\/\/api.w.org\/{rel}","templated":true}]}}