{"id":2959,"date":"2021-03-21T08:23:22","date_gmt":"2021-03-21T07:23:22","guid":{"rendered":"http:\/\/image-bible.ch\/?page_id=2959"},"modified":"2021-12-15T23:09:23","modified_gmt":"2021-12-15T22:09:23","slug":"f30-10-divers-video-references","status":"publish","type":"page","link":"http:\/\/image-bible.ch\/?page_id=2959","title":{"rendered":"F30.10 \/ Divers Vid\u00e9o &#8211; R\u00e9f\u00e9rences"},"content":{"rendered":"<p style=\"text-align: center;\"><span style=\"font-family: 'comic sans ms', sans-serif; font-size: 14pt;\">F30.10<\/span><span style=\"font-family: 'comic sans ms', sans-serif; font-size: 14pt;\"> &#8211; Lavement des pieds \/ Divers Vid\u00e9o &#8211; R\u00e9f\u00e9rences<\/span><\/p>\n<p>Informations sur Abraham : <a href=\"http:\/\/expositions.bnf.fr\/parole\/zoom\/14\/01.htm\">Infos sur Abraham<\/a><\/p>\n","protected":false},"excerpt":{"rendered":"<p>F30.10 &#8211; Lavement des pieds \/ Divers Vid\u00e9o &#8211; R\u00e9f\u00e9rences Informations sur Abraham : Infos sur Abraham<\/p>\n","protected":false},"author":1,"featured_media":0,"parent":0,"menu_order":0,"comment_status":"closed","ping_status":"closed","template":"","meta":{"footnotes":""},"_links":{"self":[{"href":"http:\/\/image-bible.ch\/index.php?rest_route=\/wp\/v2\/pages\/2959"}],"collection":[{"href":"http:\/\/image-bible.ch\/index.php?rest_route=\/wp\/v2\/pages"}],"about":[{"href":"http:\/\/image-bible.ch\/index.php?rest_route=\/wp\/v2\/types\/page"}],"author":[{"embeddable":true,"href":"http:\/\/image-bible.ch\/index.php?rest_route=\/wp\/v2\/users\/1"}],"replies":[{"embeddable":true,"href":"http:\/\/image-bible.ch\/index.php?rest_route=%2Fwp%2Fv2%2Fcomments&post=2959"}],"version-history":[{"count":4,"href":"http:\/\/image-bible.ch\/index.php?rest_route=\/wp\/v2\/pages\/2959\/revisions"}],"predecessor-version":[{"id":6755,"href":"http:\/\/image-bible.ch\/index.php?rest_route=\/wp\/v2\/pages\/2959\/revisions\/6755"}],"wp:attachment":[{"href":"http:\/\/image-bible.ch\/index.php?rest_route=%2Fwp%2Fv2%2Fmedia&parent=2959"}],"curies":[{"name":"wp","href":"https:\/\/api.w.org\/{rel}","templated":true}]}}