{"id":2965,"date":"2021-03-21T08:28:25","date_gmt":"2021-03-21T07:28:25","guid":{"rendered":"http:\/\/image-bible.ch\/?page_id=2965"},"modified":"2024-11-09T12:50:59","modified_gmt":"2024-11-09T11:50:59","slug":"f31-3-bible-n-t","status":"publish","type":"page","link":"http:\/\/image-bible.ch\/?page_id=2965","title":{"rendered":"F31.3 \/ Bible N-T"},"content":{"rendered":"<p style=\"text-align: center;\"><span style=\"font-family: 'comic sans ms', sans-serif; font-size: 14pt;\">F31.3<\/span><span style=\"font-family: 'comic sans ms', sans-serif; font-size: 14pt;\"> &#8211; Agonie du Christ \u00e0 Geths\u00e9mani \/ Bible Nouveau-Testament<\/span><\/p>\n<p><img loading=\"lazy\" decoding=\"async\" class=\"alignnone wp-image-5621\" src=\"http:\/\/image-bible.ch\/wp-content\/uploads\/2021\/05\/20.-Agonie-de-Jesus-C-182x300.jpg\" alt=\"\" width=\"298\" height=\"491\" srcset=\"http:\/\/image-bible.ch\/wp-content\/uploads\/2021\/05\/20.-Agonie-de-Jesus-C-182x300.jpg 182w, http:\/\/image-bible.ch\/wp-content\/uploads\/2021\/05\/20.-Agonie-de-Jesus-C.jpg 306w\" sizes=\"(max-width: 298px) 100vw, 298px\" \/><\/p>\n<p><span style=\"color: #0000ff;\">Mt 26,36-46 :<\/span><\/p>\n<p><span style=\"color: #0000ff;\"><sup>36<\/sup><\/span> Alors J\u00e9sus parvient avec eux \u00e0 un domaine appel\u00e9<span style=\"color: #008080;\"> Geths\u00e9mani<\/span> et leur dit\u00a0: \u00ab\u00a0Asseyez-vous ici, pendant que je vais l\u00e0-bas <strong><span style=\"color: #ff0000;\">pour prier<\/span><\/strong>.\u00a0\u00bb<\/p>\n<p><span style=\"color: #0000ff;\"><sup>37<\/sup><\/span> Il emmena <strong>Pierre, ainsi que Jacques et Jean<\/strong>, les deux fils de Z\u00e9b\u00e9d\u00e9e, et il commen\u00e7a \u00e0 <span style=\"color: #ff0000;\">ressentir tristesse<\/span> et <span style=\"color: #ff0000;\">angoisse<\/span>.<\/p>\n<p><span style=\"color: #0000ff;\"><sup>38<\/sup><\/span> Il leur dit alors\u00a0: \u00ab\u00a0Mon \u00e2me est triste \u00e0 en mourir. <span style=\"color: #ff0000;\">Restez<\/span> <span style=\"color: #008000;\">ici<\/span> et<span style=\"color: #ff0000;\"> veillez<\/span> avec moi.\u00a0\u00bb<\/p>\n<p><span style=\"color: #0000ff;\"><sup>39<\/sup><\/span> Allant un peu plus loin, il tomba face contre terre en priant, et il disait\u00a0: \u00ab\u00a0<strong>Mon P\u00e8re<\/strong>, s\u2019il est possible, que cette <span style=\"color: #ff0000;\">coupe passe loin de moi<\/span>\u00a0! Cependant, non <span style=\"color: #ff0000;\"><strong>pas comme moi, je veux, mais comme toi, tu veux.<\/strong><\/span>\u00a0\u00bb<\/p>\n<p><span style=\"color: #0000ff;\"><sup>40<\/sup><\/span> Puis il revient vers ses disciples et les trouve endormis\u00a0; il dit \u00e0 <strong>Pierre<\/strong>\u00a0: \u00ab\u00a0Ainsi, vous n\u2019avez <em>pas eu la force de veiller<\/em> seulement <span style=\"color: #993300;\">une heure<\/span> avec moi\u00a0?<\/p>\n<p><span style=\"color: #0000ff;\"><sup>41<\/sup><\/span> <strong><span style=\"color: #ff0000;\">Veillez et priez<\/span><\/strong>, pour ne pas entrer en <span style=\"color: #ff0000;\">tentation<\/span>\u00a0; l\u2019esprit est ardent, mais la chair est faible.\u00a0\u00bb<\/p>\n<p><span style=\"color: #0000ff;\"><sup>42<\/sup><\/span> De nouveau, il s\u2019\u00e9loigna et pria, pour la deuxi\u00e8me fois\u00a0; il disait\u00a0: \u00ab\u00a0Mon P\u00e8re, si cette coupe ne peut passer sans que je la boive, <span style=\"color: #ff0000;\">que ta volont\u00e9 soit faite<\/span>\u00a0!\u00a0\u00bb<\/p>\n<p><span style=\"color: #0000ff;\"><sup>43<\/sup><\/span> Revenu pr\u00e8s des disciples, de nouveau il les trouva <em>endormis<\/em>, car leurs yeux \u00e9taient lourds de sommeil.<\/p>\n<p><span style=\"color: #0000ff;\"><sup>44<\/sup><\/span> Les laissant, de nouveau il s\u2019\u00e9loigna et pria <em>pour la troisi\u00e8me fois<\/em>, en r\u00e9p\u00e9tant les m\u00eames paroles.<\/p>\n<p><span style=\"color: #0000ff;\"><sup>45<\/sup><\/span> Alors il revient vers les disciples et leur dit\u00a0: \u00ab\u00a0<span style=\"color: #993300;\">D\u00e9sormais<\/span>, vous pouvez <em>dormir et vous reposer<\/em>. Voici qu\u2019elle est proche, <span style=\"color: #993300;\">l\u2019heure<\/span> o\u00f9 <span style=\"color: #ff0000;\">le Fils de l\u2019homme est livr\u00e9 aux mains des p\u00e9cheurs.<\/span><\/p>\n<p><span style=\"color: #0000ff;\"><sup>46<\/sup><\/span> <em>Levez-vous\u00a0! Allons\u00a0!<\/em> Voici qu\u2019il est proche, celui qui me livre.\u00a0\u00bb<\/p>\n<p><span style=\"color: #993300;\"><strong>Vocabulaire :<\/strong> <\/span><\/p>\n<p>&nbsp;<\/p>\n<p><strong><span style=\"color: #0000ff;\">Questions :<\/span><\/strong><\/p>\n<p>&nbsp;<\/p>\n<p><strong>Commentaire :<\/strong><\/p>\n<p>Le r\u00e9cit pr\u00e9sente J\u00e9sus de fa\u00e7on inhabituelle. Avant et apr\u00e8s le moment d&rsquo;angoisse, il est calme. En outre c&rsquo;est la seule fois qu&rsquo;il cherche compagnie et soulagement, qu&rsquo;il souhaite une proximit\u00e9 avec ses ap\u00f4tres tout en prenant ses distances. Cela ne signifierait-il pas que tout ce qu&rsquo;il va vivre est profond\u00e9ment n\u00f4tre tout en \u00e9tant \u00e0 lui ? En ce soir donc, il sera seul humainement puisque les disciples dorment (vv. 40.43.45), alourdis par la tristesse, incapables d&rsquo;entrer dans ce scandale que repr\u00e9sente pour eux la venue d&rsquo;un Messie souffrant. J\u00e9sus, seul, entre en dialogue avec son P\u00e8re dans une attitude de foi totale. Il laisse para\u00eetre, d&rsquo;une part, le trouble qui l&rsquo;\u00e9treint \u00e0 une heure d\u00e9cisive et, d&rsquo;autre part, sa volont\u00e9 d&rsquo;\u00eatre disponible, en soumettant et en s&rsquo;abandonnant, face \u00e0 la dure et cruelle r\u00e9alit\u00e9 du p\u00e9ch\u00e9, de la mort imminente, cette coupe imbuvable.<\/p>\n<p>J\u00e9sus s&rsquo;adresse au P\u00e8re qui l&rsquo;exauce toujours\u00a0; or, paradoxalement, \u00e0 l&rsquo;agonie, sa pri\u00e8re ne sera pas exauc\u00e9e selon le d\u00e9sir exprim\u00e9. Ce que demande le Fils semble incompatible avec la volont\u00e9 du P\u00e8re. Le P\u00e8re et le Fils sont dans un certain d\u00e9saccord, un \u00e9cart, mais l&rsquo;entente de fond n&rsquo;est pas touch\u00e9e. Le drame est infini ; il est de l&rsquo;ordre du myst\u00e8re. Et tout se d\u00e9roule sous le signe de l&rsquo;amour. De l&rsquo;amour du P\u00e8re sans lequel, le Fils n&rsquo;est plus rien. Et de l&rsquo;amour du Fils pour ses disciples et pour nous, pour qui il va jusqu&rsquo;au bout dans la fid\u00e9lit\u00e9. J\u00e9sus s\u2019abandonne totalement \u00e0 la volont\u00e9 du P\u00e8re\u00a0: <em>\u00ab\u00a0non <strong>pas comme moi, je veux, mais comme toi, tu veux<\/strong><strong>\u00a0\u00bb.<\/strong><\/em><strong> Et en m\u00eame temps aux d\u00e9cisions de l\u2019homme. <\/strong>Il nous montre ainsi le vrai chemin de libert\u00e9\u00a0: accepter librement, ce que l\u2019on ne peut pas choisir.<\/p>\n<p>&nbsp;<\/p>\n","protected":false},"excerpt":{"rendered":"<p>F31.3 &#8211; Agonie du Christ \u00e0 Geths\u00e9mani \/ Bible Nouveau-Testament Mt 26,36-46 : 36 Alors J\u00e9sus parvient avec eux \u00e0 un domaine appel\u00e9 Geths\u00e9mani et leur dit\u00a0: \u00ab\u00a0Asseyez-vous ici, pendant que je vais l\u00e0-bas pour prier.\u00a0\u00bb 37 Il emmena Pierre,<\/p>\n","protected":false},"author":1,"featured_media":0,"parent":0,"menu_order":0,"comment_status":"closed","ping_status":"closed","template":"","meta":{"footnotes":""},"_links":{"self":[{"href":"http:\/\/image-bible.ch\/index.php?rest_route=\/wp\/v2\/pages\/2965"}],"collection":[{"href":"http:\/\/image-bible.ch\/index.php?rest_route=\/wp\/v2\/pages"}],"about":[{"href":"http:\/\/image-bible.ch\/index.php?rest_route=\/wp\/v2\/types\/page"}],"author":[{"embeddable":true,"href":"http:\/\/image-bible.ch\/index.php?rest_route=\/wp\/v2\/users\/1"}],"replies":[{"embeddable":true,"href":"http:\/\/image-bible.ch\/index.php?rest_route=%2Fwp%2Fv2%2Fcomments&post=2965"}],"version-history":[{"count":6,"href":"http:\/\/image-bible.ch\/index.php?rest_route=\/wp\/v2\/pages\/2965\/revisions"}],"predecessor-version":[{"id":9214,"href":"http:\/\/image-bible.ch\/index.php?rest_route=\/wp\/v2\/pages\/2965\/revisions\/9214"}],"wp:attachment":[{"href":"http:\/\/image-bible.ch\/index.php?rest_route=%2Fwp%2Fv2%2Fmedia&parent=2965"}],"curies":[{"name":"wp","href":"https:\/\/api.w.org\/{rel}","templated":true}]}}