{"id":2981,"date":"2021-03-21T08:34:26","date_gmt":"2021-03-21T07:34:26","guid":{"rendered":"http:\/\/image-bible.ch\/?page_id=2981"},"modified":"2021-09-21T18:57:19","modified_gmt":"2021-09-21T16:57:19","slug":"f32-1-la-bible-des-pauvres","status":"publish","type":"page","link":"http:\/\/image-bible.ch\/?page_id=2981","title":{"rendered":"F32.1 \/ La Bible des pauvres"},"content":{"rendered":"<p style=\"text-align: center;\"><span style=\"font-family: 'comic sans ms', sans-serif; font-size: 14pt;\">F32.1<\/span><span style=\"font-family: 'comic sans ms', sans-serif; font-size: 14pt;\"> &#8211; Juda vend J\u00e9sus \/ La Bible des pauvres<\/span><\/p>\n<p><img loading=\"lazy\" decoding=\"async\" class=\"alignnone size-medium wp-image-5628\" src=\"http:\/\/image-bible.ch\/wp-content\/uploads\/2021\/05\/21.-Judas-vend-Jesus-194x300.jpg\" alt=\"\" width=\"194\" height=\"300\" srcset=\"http:\/\/image-bible.ch\/wp-content\/uploads\/2021\/05\/21.-Judas-vend-Jesus-194x300.jpg 194w, http:\/\/image-bible.ch\/wp-content\/uploads\/2021\/05\/21.-Judas-vend-Jesus.jpg 621w\" sizes=\"(max-width: 194px) 100vw, 194px\" \/><\/p>\n<p><strong>Types :<\/strong> Les fr\u00e8res de Joseph envoie un serviteur \u00e0 la robe \u00e0 leur p\u00e8re Jacob &#8211; Absalon conspire contre David<\/p>\n<p><strong>Antitype :<\/strong> Judas propose la trahison de J\u00e9sus<\/p>\n<p>Dans la Gen\u00e8se on lit : les propres fr\u00e8res de Joseph complot\u00e8rent en envoyant sa tunique, tremp\u00e9e dans du sang, \u00e0 leur p\u00e8re Jacob et en lui disant : une b\u00eate f\u00e9roce a d\u00e9vor\u00e9 son fils. C\u2019est ce qui fit aussi Judas avec les juifs, lorsqu\u2019il chercha une bonne occasion pour le livrer sans \u00e9veiller le peuple.<\/p>\n<p><i>Gn 37,31-34 : \u00a0Ils prirent la tunique de Joseph et, ayant \u00e9gorg\u00e9 un bouc, ils tremp\u00e8rent la tunique dans le sang.32.\u00a0Ils envoy\u00e8rent la tunique orn\u00e9e, il la firent porter \u00e0 leur p\u00e8re avec ces mots : Voil\u00e0 ce que nous avons trouv\u00e9 ! <\/i><b><i>Regarde si ce ne serait pas la tunique de ton fils<\/i><\/b><i>.33.\u00a0Celui-ci regarda et dit : C&rsquo;est la tunique de mon fils ! Une b\u00eate f\u00e9roce l&rsquo;a d\u00e9vor\u00e9. Joseph a \u00e9t\u00e9 mis en pi\u00e8ces !34.\u00a0Jacob d\u00e9chira son v\u00eatement, il mit un sac sur ses reins et fit le deuil de son fils pendant longtemps.<\/i><\/p>\n<p>Dans le livre des Rois on lit : Absalon, le fils de David, se tenait \u00e0 la porte de la ville et parle au peuple : \u00ab\u00a0Qui va m\u2019instaurer juge pour juger avec \u00e9quit\u00e9 ?\u00a0\u00bb. Alors qu\u2019il parlait ainsi il gagna les c\u0153urs des hommes qui avec lui complotaient contre le roi David; il le plac\u00e8rent comme roi et cherch\u00e8rent \u00e0 tuer David. Absalon est un pr\u00e9figuration de Judas, qui complota avec les juifs contre le Christ.<\/p>\n<p><i>2Sm 15,1-6 : \u00a0Il arriva apr\u00e8s cela qu&rsquo;Absalom se procura un char et des chevaux, et cinquante hommes couraient devant lui.2.\u00a0Lev\u00e9 de bonne heure, Absalom se tenait au bord du chemin qui m\u00e8ne \u00e0 la porte, et chaque fois qu&rsquo;un homme, ayant un proc\u00e8s, devait venir au tribunal du roi, Absalom l&rsquo;interpellait et lui demandait : \u00ab De quelle ville es-tu ? \u00bb Il r\u00e9pondait : \u00ab Ton serviteur est de l&rsquo;une des tribus d&rsquo;Isra\u00ebl. \u00bb3.\u00a0Alors Absalom lui disait : \u00ab Vois! Ta cause est bonne et juste, mais tu n&rsquo;auras personne qui t&rsquo;\u00e9coute de la part du roi. \u00bb4.\u00a0Absalom continuait : \u00ab Ah! qui m&rsquo;\u00e9tablira juge dans le pays ? Tous ceux qui ont un proc\u00e8s et un jugement viendraient \u00e0 moi et je leur rendrais justice! \u00bb5.\u00a0Et lorsque quelqu&rsquo;un s&rsquo;approchait pour se prosterner devant lui, il tendait la main, l&rsquo;attirait \u00e0 lui et l&#8217;embrassait.6.\u00a0Absalom agissait de la sorte envers tous les Isra\u00e9lites qui en appelaient au tribunal du roi et Absalom s\u00e9duisait le c\u0153ur des gens d&rsquo;Isra\u00ebl.<\/i><\/p>\n<p><strong>David <\/strong><strong>:<\/strong><i> (Ps 30,14) : J&rsquo;entends les calomnies de la foule : de tous c\u00f4t\u00e9s c&rsquo;est l&rsquo;\u00e9pouvante. * Ils ont tenu conseil contre moi, ils s&rsquo;accordent pour m&rsquo;\u00f4ter la vie<br \/>\n<\/i><\/p>\n<p><strong>Nahum : <\/strong><i>Na 1,9 : Quelle id\u00e9e vous faites-vous du Seigneur ? C\u2019est lui qui r\u00e9duit \u00e0 n\u00e9ant Ninive ; vous ne conna\u00eetrez pas une nouvelle d\u00e9tresse.<br \/>\n<\/i><\/p>\n<p><strong>Salomon :<\/strong><i> (Pr 21,30) : Point de sagesse, point de raison, point de projet qui tienne en face du Seigneur !<br \/>\n<\/i><\/p>\n<p><strong>Jacob :<\/strong><i> (Gn 49,6) : Que je ne participe pas \u00e0 leur conseil, que je ne rejoigne pas leur assembl\u00e9e ! Car, dans leur col\u00e8re, ils ont massacr\u00e9 des hommes, dans leur fr\u00e9n\u00e9sie, ils ont mutil\u00e9 des taureaux.<\/i><\/p>\n<p>&nbsp;<\/p>\n","protected":false},"excerpt":{"rendered":"<p>F32.1 &#8211; Juda vend J\u00e9sus \/ La Bible des pauvres Types : Les fr\u00e8res de Joseph envoie un serviteur \u00e0 la robe \u00e0 leur p\u00e8re Jacob &#8211; Absalon conspire contre David Antitype : Judas propose la trahison de J\u00e9sus Dans<\/p>\n","protected":false},"author":1,"featured_media":0,"parent":0,"menu_order":0,"comment_status":"closed","ping_status":"closed","template":"","meta":{"footnotes":""},"_links":{"self":[{"href":"http:\/\/image-bible.ch\/index.php?rest_route=\/wp\/v2\/pages\/2981"}],"collection":[{"href":"http:\/\/image-bible.ch\/index.php?rest_route=\/wp\/v2\/pages"}],"about":[{"href":"http:\/\/image-bible.ch\/index.php?rest_route=\/wp\/v2\/types\/page"}],"author":[{"embeddable":true,"href":"http:\/\/image-bible.ch\/index.php?rest_route=\/wp\/v2\/users\/1"}],"replies":[{"embeddable":true,"href":"http:\/\/image-bible.ch\/index.php?rest_route=%2Fwp%2Fv2%2Fcomments&post=2981"}],"version-history":[{"count":7,"href":"http:\/\/image-bible.ch\/index.php?rest_route=\/wp\/v2\/pages\/2981\/revisions"}],"predecessor-version":[{"id":6253,"href":"http:\/\/image-bible.ch\/index.php?rest_route=\/wp\/v2\/pages\/2981\/revisions\/6253"}],"wp:attachment":[{"href":"http:\/\/image-bible.ch\/index.php?rest_route=%2Fwp%2Fv2%2Fmedia&parent=2981"}],"curies":[{"name":"wp","href":"https:\/\/api.w.org\/{rel}","templated":true}]}}