{"id":2985,"date":"2021-03-21T08:35:07","date_gmt":"2021-03-21T07:35:07","guid":{"rendered":"http:\/\/image-bible.ch\/?page_id=2985"},"modified":"2024-11-09T13:56:03","modified_gmt":"2024-11-09T12:56:03","slug":"f32-3-bible-n-t","status":"publish","type":"page","link":"http:\/\/image-bible.ch\/?page_id=2985","title":{"rendered":"F32.3 \/ Bible N-T"},"content":{"rendered":"<p style=\"text-align: center;\"><span style=\"font-family: 'comic sans ms', sans-serif; font-size: 14pt;\">F32.3<\/span><span style=\"font-family: 'comic sans ms', sans-serif; font-size: 14pt;\"> &#8211; Juda vend J\u00e9sus \/ Bible Nouveau-Testaament<\/span><\/p>\n<p><img loading=\"lazy\" decoding=\"async\" class=\"alignnone wp-image-5626\" src=\"http:\/\/image-bible.ch\/wp-content\/uploads\/2021\/05\/21.-Judas-vend-Jesus-C-183x300.jpg\" alt=\"\" width=\"285\" height=\"467\" srcset=\"http:\/\/image-bible.ch\/wp-content\/uploads\/2021\/05\/21.-Judas-vend-Jesus-C-183x300.jpg 183w, http:\/\/image-bible.ch\/wp-content\/uploads\/2021\/05\/21.-Judas-vend-Jesus-C.jpg 294w\" sizes=\"(max-width: 285px) 100vw, 285px\" \/><\/p>\n<p><strong>Mt 26,14-16<\/strong><\/p>\n<p><sup>14<\/sup> Alors, l\u2019un des Douze, nomm\u00e9 Judas Iscariote, se rendit chez les grands pr\u00eatres <sup>15<\/sup> et leur dit\u00a0: \u00ab\u00a0Que voulez-vous me donner, si je vous le livre\u00a0?\u00a0\u00bb Ils lui remirent trente pi\u00e8ces d\u2019argent.<br \/>\n<sup>16<\/sup> Et depuis, Judas cherchait une occasion favorable pour le livrer.<\/p>\n<p><strong><span style=\"color: #993300;\">Vocabulaire :<\/span><\/strong><\/p>\n<p>&nbsp;<\/p>\n<p><strong><span style=\"color: #0000ff;\">Questions :<\/span><\/strong><\/p>\n<p>&nbsp;<\/p>\n<p><strong>Commentaire :<\/strong><\/p>\n<p>Ce passage marque un tournant dans le r\u00e9cit de la Passion : c\u2019est l\u2019instant o\u00f9 l\u2019un des disciples de J\u00e9sus, un proche parmi les Douze, d\u00e9cide de le livrer aux autorit\u00e9s religieuses. Cette trahison souligne plusieurs \u00e9l\u00e9ments spirituels et th\u00e9ologiques importants.<\/p>\n<ol>\n<li><strong>La vuln\u00e9rabilit\u00e9 de J\u00e9sus<\/strong><br \/>\nJ\u00e9sus se livre enti\u00e8rement dans sa mission et accepte m\u00eame la trahison de l\u2019un de ses proches. En ce sens, la trahison de Judas r\u00e9v\u00e8le l&rsquo;amour d\u00e9sarm\u00e9 de J\u00e9sus, qui accepte jusqu&rsquo;\u00e0 l&rsquo;injustice pour accomplir son \u0153uvre r\u00e9demptrice.<\/li>\n<li><strong>Le myst\u00e8re de la trahison et de la libert\u00e9 humaine<\/strong><br \/>\nCe geste de Judas met en lumi\u00e8re la complexit\u00e9 du c\u0153ur humain. Judas, qui a march\u00e9 avec J\u00e9sus, entendu ses enseignements et vu ses miracles, choisit pourtant de le livrer pour de l&rsquo;argent. Ce choix douloureux rappelle que la libert\u00e9 humaine peut \u00eatre d\u00e9tourn\u00e9e vers le mal. La question de savoir pourquoi Judas agit ainsi reste un myst\u00e8re, mais elle illustre la fragilit\u00e9 humaine face \u00e0 la tentation.<\/li>\n<li><strong>Les trente pi\u00e8ces d\u2019argent<\/strong><br \/>\nCe montant \u00e9voque un prix d\u00e9risoire pour la vie de J\u00e9sus, soulignant l\u2019injustice de cette transaction. Dans l\u2019Ancien Testament, trente pi\u00e8ces d\u2019argent \u00e9taient \u00e9galement le prix d\u2019un esclave (Exode 21,32), ce qui souligne l&rsquo;humiliation et l&rsquo;abaissement extr\u00eames de J\u00e9sus. En acceptant d&rsquo;\u00eatre livr\u00e9 pour ce prix, J\u00e9sus prend volontairement le chemin du serviteur souffrant.<\/li>\n<li><strong>Un appel \u00e0 la fid\u00e9lit\u00e9<\/strong><br \/>\n\u00c0 travers la figure de Judas, ce passage rappelle \u00e0 chaque croyant l&rsquo;importance de la fid\u00e9lit\u00e9 et de la vigilance. Il nous invite \u00e0 rester attach\u00e9s au Christ et \u00e0 \u00eatre vigilants face aux tentations du monde (l\u2019argent, le pouvoir, les int\u00e9r\u00eats personnels) qui peuvent d\u00e9tourner de la foi et de l&rsquo;amour.<\/li>\n<\/ol>\n<p>Ce passage de Matthieu est donc poignant et invite \u00e0 une r\u00e9flexion profonde sur la loyaut\u00e9 envers Dieu, sur la faiblesse humaine, et sur l&rsquo;amour d\u00e9sarm\u00e9 de J\u00e9sus, qui va jusqu&rsquo;\u00e0 accepter de souffrir l\u2019injustice pour sauver l\u2019humanit\u00e9.<\/p>\n<p>&nbsp;<\/p>\n<p>&nbsp;<\/p>\n<p>&nbsp;<\/p>\n<p>&nbsp;<\/p>\n","protected":false},"excerpt":{"rendered":"<p>F32.3 &#8211; Juda vend J\u00e9sus \/ Bible Nouveau-Testaament Mt 26,14-16 14 Alors, l\u2019un des Douze, nomm\u00e9 Judas Iscariote, se rendit chez les grands pr\u00eatres 15 et leur dit\u00a0: \u00ab\u00a0Que voulez-vous me donner, si je vous le livre\u00a0?\u00a0\u00bb Ils lui remirent<\/p>\n","protected":false},"author":1,"featured_media":0,"parent":0,"menu_order":0,"comment_status":"closed","ping_status":"closed","template":"","meta":{"footnotes":""},"_links":{"self":[{"href":"http:\/\/image-bible.ch\/index.php?rest_route=\/wp\/v2\/pages\/2985"}],"collection":[{"href":"http:\/\/image-bible.ch\/index.php?rest_route=\/wp\/v2\/pages"}],"about":[{"href":"http:\/\/image-bible.ch\/index.php?rest_route=\/wp\/v2\/types\/page"}],"author":[{"embeddable":true,"href":"http:\/\/image-bible.ch\/index.php?rest_route=\/wp\/v2\/users\/1"}],"replies":[{"embeddable":true,"href":"http:\/\/image-bible.ch\/index.php?rest_route=%2Fwp%2Fv2%2Fcomments&post=2985"}],"version-history":[{"count":5,"href":"http:\/\/image-bible.ch\/index.php?rest_route=\/wp\/v2\/pages\/2985\/revisions"}],"predecessor-version":[{"id":9223,"href":"http:\/\/image-bible.ch\/index.php?rest_route=\/wp\/v2\/pages\/2985\/revisions\/9223"}],"wp:attachment":[{"href":"http:\/\/image-bible.ch\/index.php?rest_route=%2Fwp%2Fv2%2Fmedia&parent=2985"}],"curies":[{"name":"wp","href":"https:\/\/api.w.org\/{rel}","templated":true}]}}