{"id":2989,"date":"2021-03-21T08:35:53","date_gmt":"2021-03-21T07:35:53","guid":{"rendered":"http:\/\/image-bible.ch\/?page_id=2989"},"modified":"2021-09-18T18:10:07","modified_gmt":"2021-09-18T16:10:07","slug":"f32-5-interpretation","status":"publish","type":"page","link":"http:\/\/image-bible.ch\/?page_id=2989","title":{"rendered":"F32.5 \/ Interpr\u00e9tation"},"content":{"rendered":"<p style=\"text-align: center;\"><span style=\"font-family: 'comic sans ms', sans-serif; font-size: 14pt;\">F32.5<\/span><span style=\"font-family: 'comic sans ms', sans-serif; font-size: 14pt;\"> &#8211; Juda vend J\u00e9sus \/ Interpr\u00e9tation<\/span><\/p>\n<p>Comme les propres fr\u00e8res de Joseph complot\u00e8rent en envoyant sa tunique, tremp\u00e9e dans du sang, \u00e0 leur p\u00e8re Jacob et en lui disant : une b\u00eate f\u00e9roce a d\u00e9vor\u00e9 son fils; ainsi Judas avec les juifs, cherche une bonne occasion pour livrer J\u00e9sus, et ainsi le trahir, sans \u00e9veiller le peuple.<\/p>\n<p>Comme Absalon, le fils de David, se tenait \u00e0 la porte de la ville et parle au peuple : \u00ab Qui va m\u2019instaurer juge pour juger avec \u00e9quit\u00e9 ? \u00bb et ainsi gagner les c\u0153urs des hommes qui avec lui complotaient contre le roi David; de m\u00eame Judas, complote avec les juifs pour livrer et tuer le Christ.<\/p>\n","protected":false},"excerpt":{"rendered":"<p>F32.5 &#8211; Juda vend J\u00e9sus \/ Interpr\u00e9tation Comme les propres fr\u00e8res de Joseph complot\u00e8rent en envoyant sa tunique, tremp\u00e9e dans du sang, \u00e0 leur p\u00e8re Jacob et en lui disant : une b\u00eate f\u00e9roce a d\u00e9vor\u00e9 son fils; ainsi Judas<\/p>\n","protected":false},"author":1,"featured_media":0,"parent":0,"menu_order":0,"comment_status":"closed","ping_status":"closed","template":"","meta":{"footnotes":""},"_links":{"self":[{"href":"http:\/\/image-bible.ch\/index.php?rest_route=\/wp\/v2\/pages\/2989"}],"collection":[{"href":"http:\/\/image-bible.ch\/index.php?rest_route=\/wp\/v2\/pages"}],"about":[{"href":"http:\/\/image-bible.ch\/index.php?rest_route=\/wp\/v2\/types\/page"}],"author":[{"embeddable":true,"href":"http:\/\/image-bible.ch\/index.php?rest_route=\/wp\/v2\/users\/1"}],"replies":[{"embeddable":true,"href":"http:\/\/image-bible.ch\/index.php?rest_route=%2Fwp%2Fv2%2Fcomments&post=2989"}],"version-history":[{"count":4,"href":"http:\/\/image-bible.ch\/index.php?rest_route=\/wp\/v2\/pages\/2989\/revisions"}],"predecessor-version":[{"id":6055,"href":"http:\/\/image-bible.ch\/index.php?rest_route=\/wp\/v2\/pages\/2989\/revisions\/6055"}],"wp:attachment":[{"href":"http:\/\/image-bible.ch\/index.php?rest_route=%2Fwp%2Fv2%2Fmedia&parent=2989"}],"curies":[{"name":"wp","href":"https:\/\/api.w.org\/{rel}","templated":true}]}}