{"id":3001,"date":"2021-03-21T08:42:08","date_gmt":"2021-03-21T07:42:08","guid":{"rendered":"http:\/\/image-bible.ch\/?page_id=3001"},"modified":"2021-09-21T19:03:18","modified_gmt":"2021-09-21T17:03:18","slug":"f33-1-la-bible-des-pauvres","status":"publish","type":"page","link":"http:\/\/image-bible.ch\/?page_id=3001","title":{"rendered":"F33.1 \/ La Bible des pauvres"},"content":{"rendered":"<p style=\"text-align: center;\"><span style=\"font-family: 'comic sans ms', sans-serif; font-size: 14pt;\">F33.1<\/span><span style=\"font-family: 'comic sans ms', sans-serif; font-size: 14pt;\"> &#8211; Juda prend l&rsquo;argent \/ La Bible des pauvres<\/span><\/p>\n<p><img loading=\"lazy\" decoding=\"async\" class=\"alignnone size-medium wp-image-5633\" src=\"http:\/\/image-bible.ch\/wp-content\/uploads\/2021\/05\/22.-Judas-prend-largent-190x300.jpg\" alt=\"\" width=\"190\" height=\"300\" srcset=\"http:\/\/image-bible.ch\/wp-content\/uploads\/2021\/05\/22.-Judas-prend-largent-190x300.jpg 190w, http:\/\/image-bible.ch\/wp-content\/uploads\/2021\/05\/22.-Judas-prend-largent.jpg 609w\" sizes=\"(max-width: 190px) 100vw, 190px\" \/><\/p>\n<p><strong>Types :<\/strong> Joseph est vendu par ses fr\u00e8res aux isma\u00e9lites &#8211; Les isma\u00e9lites am\u00e8nent Joseph chez Putiphar<\/p>\n<p><strong>Antitype<\/strong> : Judas obtient le salaire du tra\u00eetre<\/p>\n<p>Dans la Gen\u00e8se on lit sur Joseph : ses fr\u00e8res vendirent Joseph pour vingt sicles d\u2019argent. Ce juste et innocent Joseph qui fut vendu par ses fr\u00e8res est une pr\u00e9figuration pour l\u2019innocent Christ, qui fut vendu par ruse par Judas aux juifs pour 30 sicles d\u2019argent.<\/p>\n<p><i>Gn 37,25-28 : \u00a0Venez, vendons-le aux Isma\u00e9lites, mais ne portons pas la main sur lui : il est notre fr\u00e8re, de la m\u00eame chair que nous. Et ses fr\u00e8res l&rsquo;\u00e9cout\u00e8rent.28.\u00a0Or des gens pass\u00e8rent, des marchands madianites, et ils retir\u00e8rent Joseph de la citerne. Ils vendirent Joseph aux Isma\u00e9lites pour vingt sicles d&rsquo;argent et ceux-ci le conduisirent en \u00c9gypte.<\/i><\/p>\n<p><i>\u00a0<\/i>Dans la Gen\u00e8se ont lit : les isma\u00e9lites apr\u00e8s avoir amen\u00e9 Joseph dans leur pays en Egypte le vendirent au commandant des gardes du pharaon. Cet enfant vendu est pr\u00e9figuration du Christ qui fut vendu par l\u2019insidieux tra\u00eetre Judas.<\/p>\n<p><i>Gn 37,36 Cependant, les Madianites l&rsquo;avaient vendu en \u00c9gypte \u00e0 Putiphar, eunuque de Pharaon et commandant des gardes.<\/i><\/p>\n<p><i>\u00a0<\/i><strong>Salomon :<\/strong><i> Ha 2,9 : Quel malheur pour celui qui r\u00e9alise un profit malhonn\u00eate pour sa maison, afin d\u2019\u00e9tablir son nid sur la hauteur, pour \u00e9chapper \u00e0 l\u2019emprise du malheur !<br \/>\n<\/i><\/p>\n<p><strong>Nahum :<\/strong><i> Ag 1,6 : Vous avez sem\u00e9 beaucoup, mais r\u00e9colt\u00e9 peu ; vous mangez, mais sans \u00eatre rassasi\u00e9s ; vous buvez, mais sans \u00eatre d\u00e9salt\u00e9r\u00e9s ; vous vous habillez, mais sans vous r\u00e9chauffer ; et le salari\u00e9 met son salaire dans une bourse trou\u00e9e.<br \/>\n<\/i><\/p>\n<p><strong>David :<\/strong><i> Ps 108,8 : Que les jours de sa vie soient \u00e9court\u00e9s, qu&rsquo;un autre prenne sa charge<br \/>\n<\/i><\/p>\n<p><strong>Jacob<\/strong><i> (Za 11,12) : Je leur dis alors : \u00ab Si cela vous semble bon, donnez-moi mon salaire, sinon n\u2019en faites rien. \u00bb Ils pes\u00e8rent mon salaire : trente pi\u00e8ces d\u2019argent.<\/i><\/p>\n<p>&nbsp;<\/p>\n","protected":false},"excerpt":{"rendered":"<p>F33.1 &#8211; Juda prend l&rsquo;argent \/ La Bible des pauvres Types : Joseph est vendu par ses fr\u00e8res aux isma\u00e9lites &#8211; Les isma\u00e9lites am\u00e8nent Joseph chez Putiphar Antitype : Judas obtient le salaire du tra\u00eetre Dans la Gen\u00e8se on lit<\/p>\n","protected":false},"author":1,"featured_media":0,"parent":0,"menu_order":0,"comment_status":"closed","ping_status":"closed","template":"","meta":{"footnotes":""},"_links":{"self":[{"href":"http:\/\/image-bible.ch\/index.php?rest_route=\/wp\/v2\/pages\/3001"}],"collection":[{"href":"http:\/\/image-bible.ch\/index.php?rest_route=\/wp\/v2\/pages"}],"about":[{"href":"http:\/\/image-bible.ch\/index.php?rest_route=\/wp\/v2\/types\/page"}],"author":[{"embeddable":true,"href":"http:\/\/image-bible.ch\/index.php?rest_route=\/wp\/v2\/users\/1"}],"replies":[{"embeddable":true,"href":"http:\/\/image-bible.ch\/index.php?rest_route=%2Fwp%2Fv2%2Fcomments&post=3001"}],"version-history":[{"count":5,"href":"http:\/\/image-bible.ch\/index.php?rest_route=\/wp\/v2\/pages\/3001\/revisions"}],"predecessor-version":[{"id":6255,"href":"http:\/\/image-bible.ch\/index.php?rest_route=\/wp\/v2\/pages\/3001\/revisions\/6255"}],"wp:attachment":[{"href":"http:\/\/image-bible.ch\/index.php?rest_route=%2Fwp%2Fv2%2Fmedia&parent=3001"}],"curies":[{"name":"wp","href":"https:\/\/api.w.org\/{rel}","templated":true}]}}