{"id":3009,"date":"2021-03-21T08:43:28","date_gmt":"2021-03-21T07:43:28","guid":{"rendered":"http:\/\/image-bible.ch\/?page_id=3009"},"modified":"2024-11-09T14:57:59","modified_gmt":"2024-11-09T13:57:59","slug":"f33-5-interpretation","status":"publish","type":"page","link":"http:\/\/image-bible.ch\/?page_id=3009","title":{"rendered":"F33.5 \/ Interpr\u00e9tation"},"content":{"rendered":"<p style=\"text-align: center;\"><span style=\"font-family: 'comic sans ms', sans-serif; font-size: 14pt;\">F33.5<\/span><span style=\"font-family: 'comic sans ms', sans-serif; font-size: 14pt;\"> &#8211; Juda prend l&rsquo;argent \/ Interpr\u00e9tation<\/span><\/p>\n<p>Comme ses fr\u00e8res vendirent Joseph pour vingt sicles d\u2019argent; de m\u00eame l\u2019innocent J\u00e9sus-Christ est vendu par ruse par Judas aux juifs pour 30 \u00e9cus d\u2019argent.<\/p>\n<p>Comme les isma\u00e9lites apr\u00e8s avoir amen\u00e9 Joseph dans leur pays en \u00c9gypte le vendirent au commandant des gardes du pharaon; ainsi J\u00e9sus-Christ est vendu par l\u2019insidieux tra\u00eetre Judas.<\/p>\n","protected":false},"excerpt":{"rendered":"<p>F33.5 &#8211; Juda prend l&rsquo;argent \/ Interpr\u00e9tation Comme ses fr\u00e8res vendirent Joseph pour vingt sicles d\u2019argent; de m\u00eame l\u2019innocent J\u00e9sus-Christ est vendu par ruse par Judas aux juifs pour 30 \u00e9cus d\u2019argent. Comme les isma\u00e9lites apr\u00e8s avoir amen\u00e9 Joseph dans<\/p>\n","protected":false},"author":1,"featured_media":0,"parent":0,"menu_order":0,"comment_status":"closed","ping_status":"closed","template":"","meta":{"footnotes":""},"_links":{"self":[{"href":"http:\/\/image-bible.ch\/index.php?rest_route=\/wp\/v2\/pages\/3009"}],"collection":[{"href":"http:\/\/image-bible.ch\/index.php?rest_route=\/wp\/v2\/pages"}],"about":[{"href":"http:\/\/image-bible.ch\/index.php?rest_route=\/wp\/v2\/types\/page"}],"author":[{"embeddable":true,"href":"http:\/\/image-bible.ch\/index.php?rest_route=\/wp\/v2\/users\/1"}],"replies":[{"embeddable":true,"href":"http:\/\/image-bible.ch\/index.php?rest_route=%2Fwp%2Fv2%2Fcomments&post=3009"}],"version-history":[{"count":5,"href":"http:\/\/image-bible.ch\/index.php?rest_route=\/wp\/v2\/pages\/3009\/revisions"}],"predecessor-version":[{"id":9232,"href":"http:\/\/image-bible.ch\/index.php?rest_route=\/wp\/v2\/pages\/3009\/revisions\/9232"}],"wp:attachment":[{"href":"http:\/\/image-bible.ch\/index.php?rest_route=%2Fwp%2Fv2%2Fmedia&parent=3009"}],"curies":[{"name":"wp","href":"https:\/\/api.w.org\/{rel}","templated":true}]}}