{"id":3025,"date":"2021-03-21T08:50:34","date_gmt":"2021-03-21T07:50:34","guid":{"rendered":"http:\/\/image-bible.ch\/?page_id=3025"},"modified":"2024-11-10T17:04:14","modified_gmt":"2024-11-10T16:04:14","slug":"f35-3-bible-n-t","status":"publish","type":"page","link":"http:\/\/image-bible.ch\/?page_id=3025","title":{"rendered":"F35.3 \/ Bible Nouveau-Testament"},"content":{"rendered":"<p style=\"text-align: center;\"><span style=\"font-family: 'comic sans ms', sans-serif; font-size: 14pt;\">F35.3<\/span><span style=\"font-family: 'comic sans ms', sans-serif; font-size: 14pt;\"> &#8211; Judas se pend \/ Bible Nouveau-Testament<\/span><\/p>\n<p><img loading=\"lazy\" decoding=\"async\" class=\"alignnone wp-image-5641\" src=\"http:\/\/image-bible.ch\/wp-content\/uploads\/2021\/05\/24.-Judas-se-pend-C-180x300.jpg\" alt=\"\" width=\"220\" height=\"367\" srcset=\"http:\/\/image-bible.ch\/wp-content\/uploads\/2021\/05\/24.-Judas-se-pend-C-180x300.jpg 180w, http:\/\/image-bible.ch\/wp-content\/uploads\/2021\/05\/24.-Judas-se-pend-C.jpg 308w\" sizes=\"(max-width: 220px) 100vw, 220px\" \/><\/p>\n<p>Mt 27,3-5<\/p>\n<p><sup><span class=\"verse_number\" style=\"color: #0000ff;\">3<\/span><\/sup> Alors, en voyant que J\u00e9sus \u00e9tait condamn\u00e9, Judas, qui l\u2019avait livr\u00e9, fut pris de remords\u00a0; il rendit les trente pi\u00e8ces d\u2019argent aux grands pr\u00eatres et aux anciens.<\/p>\n<p><sup><span class=\"verse_number\" style=\"color: #0000ff;\">4<\/span><\/sup> Il leur dit\u00a0: \u00ab\u00a0J\u2019ai p\u00e9ch\u00e9 en livrant \u00e0 la mort un innocent.\u00a0\u00bb Ils r\u00e9pliqu\u00e8rent\u00a0: \u00ab\u00a0Que nous importe\u00a0? Cela te regarde\u00a0!\u00a0\u00bb<\/p>\n<p><sup><span class=\"verse_number\" style=\"color: #0000ff;\">5<\/span><\/sup> Jetant alors les pi\u00e8ces d\u2019argent dans le Temple, il se retira et alla se pendre.<\/p>\n<p><strong><span style=\"color: #993300;\">Vocabulaire :<\/span><\/strong><\/p>\n<p>&nbsp;<\/p>\n<p><strong><span style=\"color: #0000ff;\">Questions :<\/span><\/strong><\/p>\n<p>&nbsp;<\/p>\n<p><strong>Commentaire :<\/strong><\/p>\n<p>Ce passage est profond\u00e9ment significatif et met en lumi\u00e8re plusieurs th\u00e8mes :<\/p>\n<h3>1. <strong>Le remords de Judas<\/strong><\/h3>\n<p>Judas \u00e9prouve des remords apr\u00e8s la condamnation de J\u00e9sus, r\u00e9alisant qu\u2019il a \u00ab\u00a0livr\u00e9 un sang innocent.\u00a0\u00bb Ce sentiment de culpabilit\u00e9 montre que, malgr\u00e9 son acte, Judas est conscient du poids de sa faute. Cependant, son remords n\u2019aboutit pas \u00e0 une vraie repentance ou au pardon : il retourne aux chefs religieux, mais, au lieu de demander pardon \u00e0 Dieu, il tente de se d\u00e9charger de sa faute en leur remettant l\u2019argent. Contrairement \u00e0 Pierre, qui trouve le pardon apr\u00e8s avoir reni\u00e9 J\u00e9sus, Judas se laisse submerger par la culpabilit\u00e9 sans chercher la r\u00e9conciliation avec Dieu.<\/p>\n<h3>2. <strong>L\u2019attitude des grands pr\u00eatres<\/strong><\/h3>\n<p>Les grands pr\u00eatres et les anciens sont indiff\u00e9rents \u00e0 la confession de Judas, disant : \u00ab\u00a0Que nous importe ? Cela te regarde !\u00a0\u00bb. Ils refusent de prendre la responsabilit\u00e9 du sort de J\u00e9sus ou de celui de Judas. Ce rejet montre leur hypocrisie : apr\u00e8s avoir utilis\u00e9 Judas pour atteindre J\u00e9sus, ils ne se soucient ni de lui ni de sa conscience, se concentrant uniquement sur leurs int\u00e9r\u00eats. Ce comportement met en lumi\u00e8re le danger du cynisme et de la manipulation des autres sans compassion.<\/p>\n<h3>3. <strong>Le rejet des trente pi\u00e8ces d\u2019argent<\/strong><\/h3>\n<p>En jetant les pi\u00e8ces d\u2019argent dans le Temple, Judas semble chercher \u00e0 se d\u00e9barrasser du symbole de sa trahison. Ce geste exprime un rejet de l\u2019argent, qui n\u2019a pas apport\u00e9 le bonheur ou la satisfaction qu\u2019il attendait. Les trente pi\u00e8ces d\u2019argent deviennent un symbole de la vanit\u00e9 des gains mat\u00e9riels obtenus au prix de la trahison, renfor\u00e7ant l\u2019id\u00e9e que l\u2019argent ne peut jamais racheter la paix de l\u2019\u00e2me. Judas retourne alors ce prix du sang aux grands pr\u00eatres, comme pour se lib\u00e9rer de son p\u00e9ch\u00e9, mais il ne trouve pas la r\u00e9demption.<\/p>\n<h3>4. <strong>Le d\u00e9sespoir de Judas<\/strong><\/h3>\n<p>Ne trouvant ni consolation ni r\u00e9demption, Judas se laisse submerger par le d\u00e9sespoir et met fin \u00e0 ses jours. Ce suicide, en contraste avec le pardon que Pierre re\u00e7oit, illustre les cons\u00e9quences tragiques d&rsquo;un remords qui n&rsquo;aboutit pas \u00e0 la repentance ni \u00e0 la recherche de Dieu. Judas, isol\u00e9 par sa culpabilit\u00e9, se prive de la possibilit\u00e9 de la r\u00e9conciliation et du pardon.<\/p>\n<h3>Dimension spirituelle<\/h3>\n<p>Ce passage r\u00e9v\u00e8le l\u2019importance de la mani\u00e8re dont nous faisons face \u00e0 nos fautes. La culpabilit\u00e9 de Judas n&rsquo;est pas en elle-m\u00eame r\u00e9demptrice ; seule une repentance sinc\u00e8re, tourn\u00e9e vers Dieu, peut apporter le pardon et la paix. En outre, le sort de Judas nous rappelle que les biens mat\u00e9riels ou les ambitions personnelles, lorsqu\u2019ils sont poursuivis aux d\u00e9pens des valeurs spirituelles, m\u00e8nent souvent \u00e0 la d\u00e9sillusion et \u00e0 la souffrance.<\/p>\n<p>L\u2019\u00c9vangile, en montrant le destin de Judas, invite les croyants \u00e0 choisir le chemin de la r\u00e9conciliation plut\u00f4t que celui du d\u00e9sespoir. Ce passage montre \u00e9galement la profondeur de la mis\u00e9ricorde divine, toujours disponible m\u00eame dans les moments les plus sombres, et appelle chacun \u00e0 chercher le pardon de Dieu, quel que soit le poids de la faute commise.<\/p>\n<p>&nbsp;<\/p>\n<hr \/>\n","protected":false},"excerpt":{"rendered":"<p>F35.3 &#8211; Judas se pend \/ Bible Nouveau-Testament Mt 27,3-5 3 Alors, en voyant que J\u00e9sus \u00e9tait condamn\u00e9, Judas, qui l\u2019avait livr\u00e9, fut pris de remords\u00a0; il rendit les trente pi\u00e8ces d\u2019argent aux grands pr\u00eatres et aux anciens. 4 Il<\/p>\n","protected":false},"author":1,"featured_media":0,"parent":0,"menu_order":0,"comment_status":"closed","ping_status":"closed","template":"","meta":{"footnotes":""},"_links":{"self":[{"href":"http:\/\/image-bible.ch\/index.php?rest_route=\/wp\/v2\/pages\/3025"}],"collection":[{"href":"http:\/\/image-bible.ch\/index.php?rest_route=\/wp\/v2\/pages"}],"about":[{"href":"http:\/\/image-bible.ch\/index.php?rest_route=\/wp\/v2\/types\/page"}],"author":[{"embeddable":true,"href":"http:\/\/image-bible.ch\/index.php?rest_route=\/wp\/v2\/users\/1"}],"replies":[{"embeddable":true,"href":"http:\/\/image-bible.ch\/index.php?rest_route=%2Fwp%2Fv2%2Fcomments&post=3025"}],"version-history":[{"count":5,"href":"http:\/\/image-bible.ch\/index.php?rest_route=\/wp\/v2\/pages\/3025\/revisions"}],"predecessor-version":[{"id":9245,"href":"http:\/\/image-bible.ch\/index.php?rest_route=\/wp\/v2\/pages\/3025\/revisions\/9245"}],"wp:attachment":[{"href":"http:\/\/image-bible.ch\/index.php?rest_route=%2Fwp%2Fv2%2Fmedia&parent=3025"}],"curies":[{"name":"wp","href":"https:\/\/api.w.org\/{rel}","templated":true}]}}