{"id":388,"date":"2021-03-03T13:16:33","date_gmt":"2021-03-03T12:16:33","guid":{"rendered":"http:\/\/image-bible.ch\/?page_id=388"},"modified":"2021-05-25T20:59:17","modified_gmt":"2021-05-25T18:59:17","slug":"a2-1-la-bible-des-pauvres","status":"publish","type":"page","link":"http:\/\/image-bible.ch\/?page_id=388","title":{"rendered":"A2.1 \/ La Bible des pauvres"},"content":{"rendered":"<p style=\"text-align: center;\"><span style=\"font-size: 14pt; font-family: 'comic sans ms', sans-serif;\">A2. La naissance de J\u00e9sus \/\u00a0 La Bible des pauvres<\/span><\/p>\n<p><img loading=\"lazy\" decoding=\"async\" class=\"alignnone wp-image-5378\" src=\"http:\/\/image-bible.ch\/wp-content\/uploads\/2021\/05\/Nativite-scan-livre-201x300.jpg\" alt=\"\" width=\"451\" height=\"673\" srcset=\"http:\/\/image-bible.ch\/wp-content\/uploads\/2021\/05\/Nativite-scan-livre-201x300.jpg 201w, http:\/\/image-bible.ch\/wp-content\/uploads\/2021\/05\/Nativite-scan-livre-685x1024.jpg 685w, http:\/\/image-bible.ch\/wp-content\/uploads\/2021\/05\/Nativite-scan-livre-768x1148.jpg 768w, http:\/\/image-bible.ch\/wp-content\/uploads\/2021\/05\/Nativite-scan-livre-1370x2048.jpg 1370w, http:\/\/image-bible.ch\/wp-content\/uploads\/2021\/05\/Nativite-scan-livre-scaled.jpg 1712w\" sizes=\"(max-width: 451px) 100vw, 451px\" \/><\/p>\n<p><strong>Figures : Mo\u00efse devant le buisson ardent \u2013 Aaron devant l\u2019autel avec le b\u00e2ton verdoyant<\/strong><\/p>\n<p><strong>Accomplissement : Naissance de J\u00e9sus-Christ<\/strong><\/p>\n<p><strong>Mo\u00efse devant le buisson ardent<\/strong> :<\/p>\n<p>Dans l\u2019Exode ont lit : Mo\u00efse a vu le buisson qui br\u00fblait sans se consumer et le Seigneur lui parler du milieu du buisson. Le buisson ardent qui ne se consume pas est une pr\u00e9figuration de la Vierge dont l\u2019int\u00e9grit\u00e9 corporelle ne fut pas bless\u00e9e par la naissance. Elle enfanta comme Vierge et resta indemne.<\/p>\n<p><i>Ex 3,1-6 : \u00a0\u00a0Mo\u00efse faisait pa\u00eetre le petit b\u00e9tail de J\u00e9thro, son beau-p\u00e8re, pr\u00eatre de Madi\u00e2n ; il l\u2019emmena par-del\u00e0 le d\u00e9sert et parvint \u00e0 la montagne de Dieu, l\u2019Horeb. L\u2019Ange de Yahv\u00e9 lui apparut, dans une flamme de feu, du milieu d\u2019un buisson. Mo\u00efse regarda : le buisson \u00e9tait embras\u00e9 mais le buisson ne se consumait pas.3.\u00a0Mo\u00efse dit : \u00ab Je vais faire un d\u00e9tour pour voir cet \u00e9trange spectacle, et pourquoi le buisson ne se consume pas. \u00bb4.\u00a0Yahv\u00e9 vit qu\u2019il faisait un d\u00e9tour pour voir, et Dieu l\u2019appela du milieu du buisson. \u00bb Mo\u00efse, Mo\u00efse \u00bb, dit-il, et il r\u00e9pondit : \u00ab Me voici. \u00bb5.\u00a0Il dit : \u00ab N\u2019approche pas d\u2019ici, retire tes sandales de tes pieds car le lieu o\u00f9 tu te tiens est une terre sainte. \u00bb6.\u00a0Et il dit : \u00ab Je suis le Dieu de tes p\u00e8res, le Dieu d\u2019Abraham, le Dieu d\u2019Isaac et le Dieu de Jacob. \u00bb Alors Mo\u00efse se voila la face, car il craignait de fixer son regard sur Dieu.<\/i><\/p>\n<p><strong>Aaron devant l\u2019autel avec le b\u00e2ton verdoyant <\/strong>:<\/p>\n<p>Dans <strong>le livre des Nombres<\/strong> on lit : <em>le b\u00e2ton<\/em> sec d\u2019<strong>Aaron<\/strong> le pr\u00eatre, <em>verdoya et fleurit<\/em> une nuit et produisit des <em>amandes<\/em>, ce que la nature n\u2019octroie pas normalement. C\u2019est une <strong>pr\u00e9figuration de la Vierge<\/strong>, qui sans la semence d\u2019un homme devait enfanter le fils de Dieu, J\u00e9sus-Christ.<\/p>\n<p><i>Nb 17,1-8 : \u00a0\u00a0Yahv\u00e9 parla \u00e0 Mo\u00efse et dit :\u00ab Parle aux Isra\u00e9lites. Qu\u2019ils te remettent, pour chaque famille, un rameau ; que tous leurs chefs, pour leurs familles, te remettent douze rameaux. Tu \u00e9criras le nom de chacun sur son rameau ;et sur le rameau de L\u00e9vi tu \u00e9criras le nom d\u2019Aaron, car il y aura un rameau pour le chef des familles de L\u00e9vi.Tu les d\u00e9poseras ensuite dans la Tente du Rendez-vous, devant le T\u00e9moignage o\u00f9 je me rencontre avec toi.5L\u2019homme dont le rameau bourgeonnera sera celui que je choisis ; ainsi je ne laisserai pas monter jusqu\u2019\u00e0 moi les murmures que les Isra\u00e9lites prof\u00e8rent contre vous. \u00bbMo\u00efse parla aux Isra\u00e9lites, et tous leurs princes lui remirent chacun un rameau, douze rameaux pour l\u2019ensemble de leurs familles patriarcales ; parmi eux \u00e9tait le rameau d\u2019Aaron. Mo\u00efse les d\u00e9posa devant Yahv\u00e9 dans la Tente du T\u00e9moignage. Le lendemain, quand Mo\u00efse vint \u00e0 la Tente du T\u00e9moignage, le rameau d\u2019Aaron, pour la maison de L\u00e9vi, avait bourgeonn\u00e9 : des bourgeons avaient \u00e9clos, des fleurs s\u2019\u00e9taient \u00e9panouies et des amandes avaient m\u00fbri. Mo\u00efse reprit tous les rameaux de devant Yahv\u00e9 et les apporta \u00e0 tous les Isra\u00e9lites ; ils constat\u00e8rent, et chacun reprit son rameau. Yahv\u00e9 dit alors \u00e0 Mo\u00efse : \u00ab Remets le rameau d\u2019Aaron devant le T\u00e9moignage o\u00f9 il aura sa place rituelle, comme un signe pour ces rebelles. Il r\u00e9duira \u00e0 n\u00e9ant leurs murmures qui ne monteront plus jusqu\u2019\u00e0 moi, et eux ne mourront pas. \u00bbMo\u00efse fit comme Yahv\u00e9 le lui avait ordonn\u00e9.<\/i><\/p>\n<p><i><strong>Isa\u00efe :<\/strong> Es 9,5 : <\/i><\/p>\n<p><i>Oui, un enfant nous est n\u00e9, un fils nous a \u00e9t\u00e9 donn\u00e9 ! Sur son \u00e9paule est le signe du pouvoir ; son nom est proclam\u00e9 : \u00ab Conseiller-merveilleux, Dieu-Fort, P\u00e8re-\u00e0-jamais, Prince-de-la-Paix \u00bb. <\/i><\/p>\n<p><i><strong>Mich\u00e9e :<\/strong> Mi 5,1 : <\/i><\/p>\n<p><i>Et toi, Bethl\u00e9em \u00c9phrata, le plus petit des clans de Juda, c\u2019est de toi que sortira pour moi celui qui doit gouverner Isra\u00ebl. Ses origines remontent aux temps anciens, aux jours d\u2019autrefois. <\/i><\/p>\n<p><i><strong>Daniel :<\/strong> <\/i><\/p>\n<p><i>Dn 2,34 : Tu \u00e9tais en train de regarder : soudain une pierre se d\u00e9tacha d\u2019une montagne, sans qu\u2019on y ait touch\u00e9 ; elle vint frapper les pieds de fer et d\u2019argile de la statue et les pulv\u00e9risa. <\/i><\/p>\n<p><strong>Habacuc :<\/strong><\/p>\n<p><i>Ha 3,2 : Seigneur, j\u2019ai entendu parler de toi\u00a0; devant ton \u0153uvre, Seigneur, j\u2019ai craint\u00a0! <\/i><\/p>\n","protected":false},"excerpt":{"rendered":"<p>A2. La naissance de J\u00e9sus \/\u00a0 La Bible des pauvres Figures : Mo\u00efse devant le buisson ardent \u2013 Aaron devant l\u2019autel avec le b\u00e2ton verdoyant Accomplissement : Naissance de J\u00e9sus-Christ Mo\u00efse devant le buisson ardent : Dans l\u2019Exode ont lit<\/p>\n","protected":false},"author":1,"featured_media":0,"parent":23,"menu_order":1,"comment_status":"closed","ping_status":"closed","template":"","meta":{"footnotes":""},"_links":{"self":[{"href":"http:\/\/image-bible.ch\/index.php?rest_route=\/wp\/v2\/pages\/388"}],"collection":[{"href":"http:\/\/image-bible.ch\/index.php?rest_route=\/wp\/v2\/pages"}],"about":[{"href":"http:\/\/image-bible.ch\/index.php?rest_route=\/wp\/v2\/types\/page"}],"author":[{"embeddable":true,"href":"http:\/\/image-bible.ch\/index.php?rest_route=\/wp\/v2\/users\/1"}],"replies":[{"embeddable":true,"href":"http:\/\/image-bible.ch\/index.php?rest_route=%2Fwp%2Fv2%2Fcomments&post=388"}],"version-history":[{"count":9,"href":"http:\/\/image-bible.ch\/index.php?rest_route=\/wp\/v2\/pages\/388\/revisions"}],"predecessor-version":[{"id":5542,"href":"http:\/\/image-bible.ch\/index.php?rest_route=\/wp\/v2\/pages\/388\/revisions\/5542"}],"up":[{"embeddable":true,"href":"http:\/\/image-bible.ch\/index.php?rest_route=\/wp\/v2\/pages\/23"}],"wp:attachment":[{"href":"http:\/\/image-bible.ch\/index.php?rest_route=%2Fwp%2Fv2%2Fmedia&parent=388"}],"curies":[{"name":"wp","href":"https:\/\/api.w.org\/{rel}","templated":true}]}}