{"id":399,"date":"2021-03-03T14:54:08","date_gmt":"2021-03-03T13:54:08","guid":{"rendered":"http:\/\/image-bible.ch\/?page_id=399"},"modified":"2021-09-24T18:15:11","modified_gmt":"2021-09-24T16:15:11","slug":"a2-3-nouveau-testament","status":"publish","type":"page","link":"http:\/\/image-bible.ch\/?page_id=399","title":{"rendered":"A2.3 \/ Nouveau-Testament"},"content":{"rendered":"<p style=\"text-align: center;\"><span style=\"font-size: 14pt; font-family: 'comic sans ms', sans-serif;\">A2. La naissance de J\u00e9sus \/\u00a0 Nouveau-Testament<\/span><\/p>\n<p><img loading=\"lazy\" decoding=\"async\" class=\"alignnone wp-image-5381\" src=\"http:\/\/image-bible.ch\/wp-content\/uploads\/2021\/05\/2.-Nativite-C-200x300.jpg\" alt=\"\" width=\"228\" height=\"342\" srcset=\"http:\/\/image-bible.ch\/wp-content\/uploads\/2021\/05\/2.-Nativite-C-200x300.jpg 200w, http:\/\/image-bible.ch\/wp-content\/uploads\/2021\/05\/2.-Nativite-C-682x1024.jpg 682w, http:\/\/image-bible.ch\/wp-content\/uploads\/2021\/05\/2.-Nativite-C-768x1152.jpg 768w, http:\/\/image-bible.ch\/wp-content\/uploads\/2021\/05\/2.-Nativite-C-1024x1536.jpg 1024w, http:\/\/image-bible.ch\/wp-content\/uploads\/2021\/05\/2.-Nativite-C-1365x2048.jpg 1365w, http:\/\/image-bible.ch\/wp-content\/uploads\/2021\/05\/2.-Nativite-C.jpg 1684w\" sizes=\"(max-width: 228px) 100vw, 228px\" \/><\/p>\n<p>Lc 2,1-20 (l<strong>es personnages en gras<\/strong>, <em>mot important en italique,<span style=\"color: #008000;\"> lieu en vert, <span style=\"color: #ff0000;\">en rouge les clefs du texte)<\/span><\/span><\/em><\/p>\n<p><span style=\"color: #0000ff;\"><sup>1<\/sup><\/span> En ces jours-l\u00e0, parut un \u00e9dit de <strong>l\u2019empereur Auguste<\/strong>, ordonnant de <em>recenser toute la terre<\/em> \u2013 <span style=\"color: #0000ff;\"><sup>2<\/sup><\/span> ce premier recensement eut lieu lorsque <strong>Quiriniu<\/strong>s \u00e9tait gouverneur de Syrie. \u2013<\/p>\n<p><span style=\"color: #0000ff;\"><sup>3<\/sup><\/span> Et tous allaient se faire <em>recenser<\/em>, chacun dans sa <em>ville d\u2019origine<\/em>.<\/p>\n<p><span style=\"color: #0000ff;\"><sup>4<\/sup><\/span> <strong>Joseph<\/strong>, lui aussi, monta de <span style=\"color: #008000;\"><em>Galil\u00e9e<\/em><\/span>, depuis la ville de <span style=\"color: #008000;\"><em>Nazareth<\/em>,<\/span> vers la<span style=\"color: #008000;\"><em> Jud\u00e9e<\/em><\/span>, jusqu\u2019\u00e0 <span style=\"color: #008000;\">la ville de David<\/span> appel\u00e9e <span style=\"color: #008000;\"><em>Bethl\u00e9em<\/em><\/span>. Il \u00e9tait en effet de la maison et de <span style=\"color: #ff0000;\"><em>la lign\u00e9e de David<\/em>.<\/span><\/p>\n<p><span style=\"color: #0000ff;\"><sup>5<\/sup><\/span> Il venait se faire recenser avec <strong>Marie<\/strong>, qui lui avait \u00e9t\u00e9 accord\u00e9e en mariage et qui \u00e9tait <em>enceinte<\/em>.<\/p>\n<p><span style=\"color: #0000ff;\"><sup>6<\/sup><\/span> Or, pendant qu\u2019ils \u00e9taient l\u00e0, le temps o\u00f9 elle devait <em>enfanter fut accompli<\/em>.<\/p>\n<p><span style=\"color: #0000ff;\"><sup>7<\/sup><\/span> Et elle mit au monde <em>son fils premier-n\u00e9<\/em>\u00a0; elle<span style=\"color: #ff0000;\"> l\u2019<em>emmaillota <\/em>et le <em>coucha<\/em> dans une<em> mangeoire<\/em><\/span>, car il n\u2019y avait pas de place pour eux dans la <span style=\"color: #008000;\">salle commune<\/span>.<\/p>\n<p><span style=\"color: #0000ff;\"><sup>8<\/sup><\/span> Dans la m\u00eame r\u00e9gion, il y avait <strong>des bergers<\/strong> qui vivaient dehors et passaient la nuit <span style=\"color: #008000;\">dans les champs<\/span> pour garder leurs troupeaux.<\/p>\n<p><span style=\"color: #0000ff;\"><sup>9<\/sup><\/span> <strong>L\u2019ange du Seigneur<\/strong> se pr\u00e9senta devant eux, et <span style=\"color: #ff0000;\"><em>la gloire du Seigneur<\/em><\/span> les enveloppa de sa <em>lumi\u00e8re<\/em>. Ils furent saisis d\u2019une <em>grande crainte<\/em>.<\/p>\n<p><span style=\"color: #0000ff;\"><sup>10<\/sup><\/span> Alors <strong>l\u2019ange<\/strong> leur dit\u00a0: \u00ab\u00a0<em>Ne craignez pas<\/em>, car voici que je vous annonce <span style=\"color: #ff0000;\">une <em>bonne nouvelle<\/em><\/span>, qui sera une <em>grande joie<\/em> pour tout le peuple\u00a0: <span style=\"color: #0000ff;\"><sup>11<\/sup><\/span> Aujourd\u2019hui, dans <span style=\"color: #008000;\">la ville de David<\/span>, vous est <em>n\u00e9<\/em><span style=\"color: #ff0000;\"> <strong>un Sauveur<\/strong> qui est <strong>le Christ<\/strong>, <strong>le Seigneur<\/strong><\/span>. <span style=\"color: #0000ff;\"><sup>12<\/sup><\/span> Et voici <span style=\"color: #ff0000;\"><em>le signe<\/em><\/span> qui vous est donn\u00e9\u00a0: vous trouverez un <span style=\"color: #ff0000;\"><em>nouveau-n\u00e9 emmaillot\u00e9 et couch\u00e9 dans une mangeoire<\/em><\/span>.\u00a0\u00bb<\/p>\n<p><span style=\"color: #0000ff;\"><sup>13<\/sup><\/span> Et soudain, il y eut avec l\u2019<strong>ange<\/strong> une <strong>troupe c\u00e9leste<\/strong> innombrable, qui <strong>louait Dieu<\/strong> en disant\u00a0:<\/p>\n<p><span style=\"color: #0000ff;\"><sup>14<\/sup><\/span><span style=\"color: #ff0000;\"> \u00ab\u00a0<em>Gloire \u00e0 Dieu au plus haut des cieux, et paix sur la terre aux hommes, qu\u2019Il aime.<\/em>\u00a0\u00bb<\/span><\/p>\n<p><span style=\"color: #0000ff;\"><sup>15<\/sup><\/span> Lorsque les <strong>anges<\/strong> eurent quitt\u00e9 les <strong>bergers<\/strong> pour le ciel, ceux-ci se disaient entre eux\u00a0: \u00ab\u00a0Allons jusqu\u2019\u00e0 <span style=\"color: #008000;\"><em>Bethl\u00e9em<\/em><\/span> pour <em>voir ce qui est arriv\u00e9<\/em>, l\u2019\u00e9v\u00e9nement que le Seigneur nous a fait conna\u00eetre.\u00a0\u00bb<\/p>\n<p><span style=\"color: #0000ff;\"><sup>16<\/sup><\/span> Ils se h\u00e2t\u00e8rent d\u2019y aller, et ils d\u00e9couvrirent <strong>Marie et Joseph<\/strong>, avec <span style=\"color: #ff0000;\">le <strong>nouveau-n\u00e9<\/strong> couch\u00e9 dans <em>la mangeoire<\/em><\/span>.<\/p>\n<p><span style=\"color: #0000ff;\"><sup>17 <\/sup><\/span>Apr\u00e8s avoir vu, ils racont\u00e8rent ce qui leur avait \u00e9t\u00e9 <em>annonc\u00e9<\/em> au sujet de cet enfant.<\/p>\n<p><span style=\"color: #0000ff;\"><sup>18<\/sup><\/span> Et tous ceux qui entendirent <em>s\u2019\u00e9tonnaient<\/em> de ce que leur racontaient <strong>les bergers<\/strong>.<\/p>\n<p><span style=\"color: #0000ff;\"><sup>19<\/sup><\/span> <strong>Marie<\/strong>, cependant, <em>retenai<\/em>t tous ces \u00e9v\u00e9nements et les <em>m\u00e9ditai<\/em>t dans son c\u0153ur.<\/p>\n<p><span style=\"color: #0000ff;\"><sup>20<\/sup><\/span> <strong>Les bergers<\/strong> repartirent\u00a0; ils <em>glorifiaient et louaient Dieu<\/em> pour tout ce qu\u2019ils avaient <span style=\"color: #ff0000;\"><em>entendu et vu<\/em><\/span>, selon ce qui leur avait \u00e9t\u00e9 annonc\u00e9.<\/p>\n<p><span style=\"color: #993300;\"><strong>Vocabulaire :<\/strong><\/span><\/p>\n<p>&nbsp;<\/p>\n<p>&nbsp;<\/p>\n<p><span style=\"color: #0000ff;\"><strong>Questions :<\/strong><\/span><\/p>\n<ol>\n<li><span style=\"color: #0000ff;\">Quelle est la cause du lieu de la naissance de J\u00e9sus ?<\/span><\/li>\n<li><span style=\"color: #0000ff;\">Beth (maison) &#8211; lehem (pain) = Bethl\u00e9em = maison du pain en quoi le lieu est significatif pour la naissance et la mission de J\u00e9sus<\/span><\/li>\n<li><span style=\"color: #0000ff;\">Quelles est la lign\u00e9e de J\u00e9sus, quel en est le sens ?<\/span><\/li>\n<li><span style=\"color: #0000ff;\">L&rsquo;annonce au berger pr\u00e9cise l&rsquo;identit\u00e9 de J\u00e9sus et la bonne nouvelle : quelle est-elle ?<\/span><\/li>\n<li><span style=\"color: #0000ff;\">L&rsquo;ange donne aux bergers un signe : lequel ? Que signifie-t-il de J\u00e9sus ?<\/span><\/li>\n<li><span style=\"color: #0000ff;\">La louange de la troupe c\u00e9leste est reprise \u00e0 quel moment dans la messe ? Pourquoi ? Quelle en est la signification ?<\/span><\/li>\n<li><span style=\"color: #0000ff;\">Quelle est l&rsquo;attitude de Marie face \u00e0 l&rsquo;\u00e9tonnement de ce que raconte les bergers ? En quoi est-ce l&rsquo;attitude juste de tout chr\u00e9tien ?<\/span><\/li>\n<li><span style=\"color: #0000ff;\">Dans quelle attitude repartent les bergers ? Pourquoi ? En quoi est-ce l&rsquo;attitude juste de tout chr\u00e9tien ?<\/span><\/li>\n<\/ol>\n<p><strong>Commentaire :<\/strong><\/p>\n<p class=\"amorce\">Luc situe la naissance de J\u00e9sus dans le cadre de l\u2019histoire universelle, sans toutefois apporter les pr\u00e9cisions qui nous sont ch\u00e8res. Un vague \u00ab en ce temps-l\u00e0 \u00bb introduit l\u2019\u00e9poque o\u00f9 J\u00e9sus vient au monde : quelque part entre 29 av. J.C et 14 ap. J.C., soit la dur\u00e9e du r\u00e8gne de l\u2019empereur romain Auguste. Luc ajoute que la naissance eut lieu durant le recensement de la Palestine par le gouverneur Quirinius, en l\u2019an 6 ap. J.C. Ces notes indiquent le souci de Luc d\u2019inscrire le salut de Dieu dans la trame de l\u2019histoire. L\u2019\u00e9vang\u00e9liste nous am\u00e8ne cependant plus loin en opposant la puissance romaine et la faiblesse apparente du nouveau-n\u00e9.<\/p>\n<p>\u00a0\u00a0\u00a0\u00a0\u00a0Luc d\u00e9signe Octave \u2014c\u2019est le nom \u00ab civil \u00bb de l\u2019empereur\u2014 par son surnom divin <em>Auguste<\/em>. Il \u00e9tablit ainsi un contraste entre l\u2019empereur divinis\u00e9, auquel on rend un culte, et J\u00e9sus en qui resplendit la gloire de Dieu. D\u00e8s sa naissance, Auguste \u00e9tait salu\u00e9 comme le sauveur de l\u2019humanit\u00e9, selon une inscription datant de l\u2019an 7 d\u00e9couverte dans la ville de Pri\u00e8ne :\u00a0 \u00ab La providence divine a accord\u00e9 aux hommes ce qu\u2019il y a de plus parfait en nous donnant Auguste, qu\u2019elle a rempli de force pour le bien des hommes et qu\u2019elle a envoy\u00e9 comme <em>sauveur<\/em> pour nous et nos descendants. (&#8230;)\u00a0 Le jour de la naissance du dieu (i.e. Auguste) fut pour le monde le commencement de <em>bonnes nouvelles <\/em>qui \u00e9manent de lui \u00bb.<\/p>\n<p>Auguste avait \u00e9tabli la <em>pax romana<\/em>, parfois au prix de la violence. Au pouvoir dominateur de l\u2019empereur sur un royaume terrestre, Luc oppose, dans le d\u00e9nuement de la cr\u00e8che, l\u2019av\u00e8nement de la paix v\u00e9ritable et la naissance du r\u00e8gne de Dieu fond\u00e9 sur l\u2019amour et le service. L\u2019id\u00e9e sera reprise dans le r\u00e9cit de la Passion : <em>Les rois des nations dominent sur elles, et ceux qui exercent le pouvoir sur elles se font appeler bienfaiteurs. Mais pour vous, il n\u2019en va pas ainsi. Au contraire, que le plus grand parmi vous se comporte comme le plus jeune, et celui qui gouverne comme celui qui sert<\/em> (<em>Luc<\/em> 22, 25-26).<\/p>\n<p><strong>La naissance du Ressuscit\u00e9<\/strong><\/p>\n<p>La naissance de J\u00e9sus s\u2019accomplit dans le d\u00e9nuement le plus complet et dans la plus grande intimit\u00e9. L\u2019intervention des messagers divins sort de l\u2019ombre le nouveau-n\u00e9 et rend public un \u00e9v\u00e9nement qui est naturellement priv\u00e9. Les premiers b\u00e9n\u00e9ficiaires de la nouvelle sont les bergers qui eux aussi connaissent une vie simple et pauvre. Ils repr\u00e9sentent les petits qui accueilleront avec joie les mys\u00adt\u00e8res du P\u00e8re r\u00e9v\u00e9l\u00e9s par J\u00e9sus (<em><a>Lc<\/a><\/em><a> 10, 21<\/a>). \u00c0 travers eux, c\u2019est \u00e0 l\u2019humanit\u00e9 enti\u00e8re que les anges annoncent la signification de l\u2019\u00e9v\u00e9nement qui vient de se produire. Les anges font \u0153uvre d\u2019\u00e9vang\u00e9lisation. Ils proclament l\u2019aujourd\u2019hui du salut, r\u00e9alis\u00e9 dans la personne de l\u2019enfant J\u00e9sus : <em>\u00ab Aujourd\u2019hui vous est n\u00e9 un Sauveur, qui est le Christ Seigneur, dans la ville de David \u00bb<\/em> (<em>Lc<\/em> 2, 11).\u00a0 C\u2019est le contenu de la \u00a0pr\u00e9dication apr\u00e8s la Pentec\u00f4te : <em>C\u2019est lui que Dieu a exalt\u00e9 par sa droite, le faisant Chef et Seigneur&#8230; <\/em>(<em>Actes<\/em> 5, 31); <em>Dieu l\u2019a fait Seigneur et Christ, ce J\u00e9sus que vous, vous avez crucifi\u00e9<\/em> (<em>Ac<\/em> 2, 36). Les anges annoncent ni plus ni moins la naissance du Ressuscit\u00e9, celui qui est actuellement vivant aupr\u00e8s du P\u00e8re et en qui les destinataires de l\u2019\u00c9vangile ont mis leur foi.<\/p>\n<p>La naissance de J\u00e9sus indique l\u2019<em>aujourd\u2019hui<\/em> du salut, sa pleine actualit\u00e9 pour toutes les g\u00e9n\u00e9rations de croyants et de croyantes. Le m\u00eame <em>aujourd\u2019hui<\/em> retentira dans la synagogue de Nazareth, dans la maison de Zach\u00e9e et aux oreilles du voleur qui sera crucifi\u00e9 aux c\u00f4t\u00e9s de J\u00e9sus. \u00c0 partir du moment o\u00f9 Dieu fait irruption dans l\u2019histoire, il ouvre \u00e0 tout \u00eatre humain de bonne volont\u00e9, dans l\u2019aujourd\u2019hui de son existence, un chemin de communion avec lui.<\/p>\n<p>Le r\u00e9cit de la naissance de J\u00e9sus se termine par le t\u00e9moignage des bergers, comme l\u2019\u00c9vangile le sera par l\u2019envoi des ap\u00f4tres en mission jusqu\u2019aux extr\u00e9mit\u00e9s du monde. Ceux-ci, apr\u00e8s avoir vu l\u2019enfant, deviennent les premiers \u00e0 proclamer la Bonne Nouvelle du salut. Ils chantent les louanges et la gloire de Dieu qui s\u2019est manifest\u00e9e dans l\u2019enfant de la cr\u00e8che. Ce qu\u2019ils ont vu est maintenant converti en paroles. Beaucoup d\u2019autres rencontres avec J\u00e9sus, rapport\u00e9es par Luc, conna\u00eetront le m\u00eame d\u00e9nouement, notamment celle des disciples d\u2019Emma\u00fcs au soir de la r\u00e9surrection.<\/p>\n<p><a href=\"http:\/\/www.interbible.org\/interBible\/ecritures\/exploration\/2012\/exp_121218.html\">R\u00e9f\u00e9rences<\/a><\/p>\n<p>&nbsp;<\/p>\n","protected":false},"excerpt":{"rendered":"<p>A2. La naissance de J\u00e9sus \/\u00a0 Nouveau-Testament Lc 2,1-20 (les personnages en gras, mot important en italique, lieu en vert, en rouge les clefs du texte) 1 En ces jours-l\u00e0, parut un \u00e9dit de l\u2019empereur Auguste, ordonnant de recenser toute<\/p>\n","protected":false},"author":1,"featured_media":0,"parent":23,"menu_order":3,"comment_status":"closed","ping_status":"closed","template":"","meta":{"footnotes":""},"_links":{"self":[{"href":"http:\/\/image-bible.ch\/index.php?rest_route=\/wp\/v2\/pages\/399"}],"collection":[{"href":"http:\/\/image-bible.ch\/index.php?rest_route=\/wp\/v2\/pages"}],"about":[{"href":"http:\/\/image-bible.ch\/index.php?rest_route=\/wp\/v2\/types\/page"}],"author":[{"embeddable":true,"href":"http:\/\/image-bible.ch\/index.php?rest_route=\/wp\/v2\/users\/1"}],"replies":[{"embeddable":true,"href":"http:\/\/image-bible.ch\/index.php?rest_route=%2Fwp%2Fv2%2Fcomments&post=399"}],"version-history":[{"count":10,"href":"http:\/\/image-bible.ch\/index.php?rest_route=\/wp\/v2\/pages\/399\/revisions"}],"predecessor-version":[{"id":6299,"href":"http:\/\/image-bible.ch\/index.php?rest_route=\/wp\/v2\/pages\/399\/revisions\/6299"}],"up":[{"embeddable":true,"href":"http:\/\/image-bible.ch\/index.php?rest_route=\/wp\/v2\/pages\/23"}],"wp:attachment":[{"href":"http:\/\/image-bible.ch\/index.php?rest_route=%2Fwp%2Fv2%2Fmedia&parent=399"}],"curies":[{"name":"wp","href":"https:\/\/api.w.org\/{rel}","templated":true}]}}