{"id":403,"date":"2021-03-03T14:55:37","date_gmt":"2021-03-03T13:55:37","guid":{"rendered":"http:\/\/image-bible.ch\/?page_id=403"},"modified":"2024-11-20T16:55:33","modified_gmt":"2024-11-20T15:55:33","slug":"a2-5-interpretation","status":"publish","type":"page","link":"http:\/\/image-bible.ch\/?page_id=403","title":{"rendered":"A2.5 \/ Interpr\u00e9tation"},"content":{"rendered":"<p style=\"text-align: center;\"><span style=\"font-size: 14pt; font-family: 'comic sans ms', sans-serif;\">A2. La naissance de J\u00e9sus \/\u00a0 Interpr\u00e9tation<\/span><\/p>\n<p style=\"text-align: justify;\">Comme Mo\u00efse a vu le buisson qui br\u00fblait sans se consumer et le Seigneur lui parl\u00e9 du milieu du buisson. Ainsi la Vierge a gard\u00e9 son int\u00e9grit\u00e9 corporelle lors de la naissance de J\u00e9sus. Marie br\u00fble de l&rsquo;amour de Dieu par son oui, sans an\u00e9antir sa personnalit\u00e9, donc sa virginit\u00e9.<\/p>\n<p>Les passages de <strong>Luc 2,1-20<\/strong> (la naissance de J\u00e9sus) et d&rsquo;<strong>Exode 2,23 \u2013 3,22<\/strong> (l&rsquo;appel de Mo\u00efse) partagent des th\u00e8mes communs autour de la d\u00e9livrance, de l\u2019intervention divine dans l\u2019histoire humaine, et du choix de m\u00e9diateurs pour accomplir le salut. Voici les principales connexions :<\/p>\n<div class=\"flex max-w-full flex-col flex-grow\">\n<div class=\"min-h-8 text-message flex w-full flex-col items-end gap-2 whitespace-normal break-words [.text-message+&amp;]:mt-5\" dir=\"auto\" data-message-author-role=\"assistant\" data-message-id=\"04f6c02d-6819-4cd0-8e16-8aa7a033c73c\" data-message-model-slug=\"gpt-4o\">\n<div class=\"flex w-full flex-col gap-1 empty:hidden first:pt-[3px]\">\n<div class=\"markdown prose w-full break-words dark:prose-invert light\">\n<h3><strong>Lien th\u00e9ologique et th\u00e9matique<\/strong><\/h3>\n<ol>\n<li><strong>Intervention divine pour le salut :<\/strong>\n<ul>\n<li>Dans Luc, Dieu intervient en envoyant J\u00e9sus comme Sauveur pour apporter une d\u00e9livrance spirituelle universelle.<\/li>\n<li>Dans Exode, Dieu agit pour d\u00e9livrer son peuple de l\u2019esclavage, pr\u00e9figurant une lib\u00e9ration compl\u00e8te r\u00e9alis\u00e9e en J\u00e9sus.<\/li>\n<\/ul>\n<\/li>\n<li><strong>Choix de m\u00e9diateurs :<\/strong>\n<ul>\n<li>Mo\u00efse est choisi comme instrument pour conduire Isra\u00ebl vers la libert\u00e9.<\/li>\n<li>J\u00e9sus est le Sauveur ultime, pleinement divin et humain, charg\u00e9 de r\u00e9aliser la r\u00e9demption \u00e9ternelle.<\/li>\n<\/ul>\n<\/li>\n<li><strong>R\u00e9v\u00e9lation et signe :<\/strong>\n<ul>\n<li>Les anges annoncent la naissance de J\u00e9sus aux bergers comme un signe de joie et de paix.<\/li>\n<li>Le buisson ardent constitue un signe de la pr\u00e9sence divine et de son engagement envers Isra\u00ebl.<\/li>\n<\/ul>\n<\/li>\n<li><strong>D\u00e9livrance pour les humbles :<\/strong>\n<ul>\n<li>Dans Luc, la naissance de J\u00e9sus est d\u2019abord annonc\u00e9e aux bergers, symboles des pauvres et des exclus.<\/li>\n<li>Dans Exode, Dieu manifeste son attention pour Isra\u00ebl opprim\u00e9, montrant sa compassion pour les faibles.<\/li>\n<\/ul>\n<\/li>\n<\/ol>\n<p>Les r\u00e9cits de Luc 2,1-20 et Exode 2,23 \u2013 3,22 partagent une vision d&rsquo;intervention divine pour le salut. Dans Luc, Dieu envoie J\u00e9sus comme Sauveur pour toute l\u2019humanit\u00e9, tandis que dans Exode, il appelle Mo\u00efse \u00e0 lib\u00e9rer Isra\u00ebl de l\u2019esclavage. Les deux textes mettent en lumi\u00e8re la r\u00e9v\u00e9lation divine par des signes (anges et buisson ardent) et l\u2019attention particuli\u00e8re de Dieu pour les humbles et les opprim\u00e9s. Mo\u00efse et J\u00e9sus sont des figures m\u00e9diatrices, J\u00e9sus r\u00e9alisant pleinement la promesse de lib\u00e9ration universelle pr\u00e9figur\u00e9e dans l\u2019Exode.<\/p>\n<\/div>\n<\/div>\n<\/div>\n<\/div>\n<div class=\"mb-2 flex gap-3 empty:hidden -ml-2\">\n<div class=\"items-center justify-start rounded-xl p-1 flex\">\n<div class=\"flex items-center\"><\/div>\n<\/div>\n<\/div>\n<p style=\"text-align: justify;\">Comme le b\u00e2ton sec d\u2019Aaron le pr\u00eatre, verdoya et fleurit une nuit et produisit des amandes, ce que la nature n\u2019octroie pas normalement. Ainsi la Vierge, sans la semence d\u2019un homme enfante le fils de Dieu, J\u00e9sus-Christ.<\/p>\n<p>&nbsp;<\/p>\n<p>Les passages de 1 Samuel 1,15-20 et Luc 2,1-20 partagent des th\u00e8mes communs autour de la naissance d\u2019un enfant dans des circonstances sp\u00e9ciales, la pri\u00e8re fervente et l\u2019accomplissement d\u2019une promesse divine.<\/p>\n<h3><strong>Lien th\u00e9ologique et th\u00e9matique :<\/strong><\/h3>\n<ol>\n<li><strong>R\u00e9ponse \u00e0 une pri\u00e8re fervente :<\/strong> Dans les deux r\u00e9cits, une pri\u00e8re sinc\u00e8re est au centre de l\u2019\u00e9v\u00e9nement. Hannah prie pour un enfant, et Dieu lui r\u00e9pond par la naissance de Samuel. De m\u00eame, la naissance de J\u00e9sus est la r\u00e9ponse \u00e0 la promesse divine de salut pour l&rsquo;humanit\u00e9.<\/li>\n<li><strong>Cons\u00e9cration d\u2019un enfant \u00e0 Dieu :<\/strong> Dans 1 Samuel, Samuel est d\u00e9di\u00e9 au service de Dieu d\u00e8s sa naissance, et dans Luc, bien que la naissance de J\u00e9sus ne soit pas une \u00ab\u00a0cons\u00e9cration\u00a0\u00bb, elle marque l&rsquo;accomplissement d\u2019un dessein divin qui placera J\u00e9sus comme celui qui accomplira la volont\u00e9 de Dieu.<\/li>\n<li><strong>Intervention divine dans l\u2019histoire humaine :<\/strong> Les deux passages t\u00e9moignent de l\u2019intervention divine dans des moments cruciaux de l\u2019histoire d\u2019Isra\u00ebl. Samuel est destin\u00e9 \u00e0 \u00eatre un grand proph\u00e8te, et J\u00e9sus, le Sauveur du monde, inaugure la r\u00e9demption.<\/li>\n<li><strong>Annonciation divine :<\/strong> Dans 1 Samuel, Dieu parle directement \u00e0 Hannah et exauce son v\u0153u. Dans Luc, l&rsquo;annonce de la naissance de J\u00e9sus est faite par des anges aux bergers, soulignant la dimension c\u00e9leste et divine de l&rsquo;\u00e9v\u00e9nement.<\/li>\n<\/ol>\n<p>En r\u00e9sum\u00e9, ces deux r\u00e9cits partagent l&rsquo;id\u00e9e d&rsquo;une naissance qui r\u00e9pond \u00e0 une pri\u00e8re et \u00e0 une promesse divine, marqu\u00e9e par une cons\u00e9cration particuli\u00e8re et un r\u00f4le significatif dans le plan divin.<\/p>\n<p>&nbsp;<\/p>\n<p>Comme dans le r\u00e9cit de l&rsquo;annonciation le lien avec les deux r\u00e9cits de l&rsquo;A.T.\u00a0 pointe vers la virginit\u00e9 de Marie. Voir\u00a0 <a href=\"http:\/\/image-bible.ch\/?page_id=272\">Sens spirituel de la Virginit\u00e9<\/a><\/p>\n","protected":false},"excerpt":{"rendered":"<p>A2. La naissance de J\u00e9sus \/\u00a0 Interpr\u00e9tation Comme Mo\u00efse a vu le buisson qui br\u00fblait sans se consumer et le Seigneur lui parl\u00e9 du milieu du buisson. Ainsi la Vierge a gard\u00e9 son int\u00e9grit\u00e9 corporelle lors de la naissance de<\/p>\n","protected":false},"author":1,"featured_media":0,"parent":23,"menu_order":5,"comment_status":"closed","ping_status":"closed","template":"","meta":{"footnotes":""},"_links":{"self":[{"href":"http:\/\/image-bible.ch\/index.php?rest_route=\/wp\/v2\/pages\/403"}],"collection":[{"href":"http:\/\/image-bible.ch\/index.php?rest_route=\/wp\/v2\/pages"}],"about":[{"href":"http:\/\/image-bible.ch\/index.php?rest_route=\/wp\/v2\/types\/page"}],"author":[{"embeddable":true,"href":"http:\/\/image-bible.ch\/index.php?rest_route=\/wp\/v2\/users\/1"}],"replies":[{"embeddable":true,"href":"http:\/\/image-bible.ch\/index.php?rest_route=%2Fwp%2Fv2%2Fcomments&post=403"}],"version-history":[{"count":10,"href":"http:\/\/image-bible.ch\/index.php?rest_route=\/wp\/v2\/pages\/403\/revisions"}],"predecessor-version":[{"id":9533,"href":"http:\/\/image-bible.ch\/index.php?rest_route=\/wp\/v2\/pages\/403\/revisions\/9533"}],"up":[{"embeddable":true,"href":"http:\/\/image-bible.ch\/index.php?rest_route=\/wp\/v2\/pages\/23"}],"wp:attachment":[{"href":"http:\/\/image-bible.ch\/index.php?rest_route=%2Fwp%2Fv2%2Fmedia&parent=403"}],"curies":[{"name":"wp","href":"https:\/\/api.w.org\/{rel}","templated":true}]}}