{"id":407,"date":"2021-03-03T14:56:30","date_gmt":"2021-03-03T13:56:30","guid":{"rendered":"http:\/\/image-bible.ch\/?page_id=407"},"modified":"2022-05-04T18:41:17","modified_gmt":"2022-05-04T16:41:17","slug":"a2-7-fete-juive","status":"publish","type":"page","link":"http:\/\/image-bible.ch\/?page_id=407","title":{"rendered":"A2.7 \/ F\u00eate juive et chr\u00e9tienne"},"content":{"rendered":"<p style=\"text-align: center;\"><span style=\"font-size: 14pt; font-family: 'comic sans ms', sans-serif;\">A2. La naissance de J\u00e9sus \/\u00a0 No\u00ebl et Anoukah &#8211; Avent<br \/>\n<\/span><\/p>\n<h3><a href=\"http:\/\/image-bible.ch\/wp-content\/uploads\/7-clefs-pour-Noel.pdf\">7 clefs pour No\u00ebl<\/a><\/h3>\n<h3><strong>La f\u00eate de No\u00ebl a plusieurs origines.<\/strong><\/h3>\n<p>L\u2019empereur romain Aur\u00e9lien (empereur de 270 \u00e0 275) d\u00e9cida d\u2019unifier toutes les religions en une seule : le culte du Soleil invaincu, \u00ab <i>Sol Invictus<\/i>\u00a0\u00bb. Rien \u00e0 voir, faut-il le dire, avec le sinistre culte du Temple Solaire! Aur\u00e9lien voulait qu\u2019on adore ce soleil qui, chaque matin, remporte la victoire sur les t\u00e9n\u00e8bres, et qui, chaque ann\u00e9e, imm\u00e9diatement apr\u00e8s le Solstice d\u2019hiver (la nuit dont la dur\u00e9e est la plus longue de l\u2019ann\u00e9e), r\u00e9impose sa domination sur la nuit lorsque recommence \u00e0 cro\u00eetre la dur\u00e9e du jour.<\/p>\n<p>Aur\u00e9lien avait fait du 25 d\u00e9cembre la date de la c\u00e9l\u00e9bration de la victoire du Soleil sur la nuit, de la renaissance du Soleil invaincu. Les chr\u00e9tiens, eux, trouv\u00e8rent bient\u00f4t logique de substituer, \u00e0 cette f\u00eate de l\u2019astre solaire, la c\u00e9l\u00e9bration de la naissance du v\u00e9ritable Soleil de Justice, le Christ, v\u00e9ritable Lumi\u00e8re du monde, v\u00e9ritable vainqueur du monde des t\u00e9n\u00e8bres.<\/p>\n<p><span class=\"ILfuVd NA6bn\"><span class=\"hgKElc\">Pour la religion chr\u00e9tienne, la <b>f\u00eate de No\u00ebl<\/b> n\u2019existait pas. Ce n\u2019<b>est<\/b> qu\u2019\u00e0 partir du IIe si\u00e8cle, que l\u2019Eglise recherche la date pr\u00e9cise de la naissance du Christ. La date du 25 d\u00e9cembre fut fix\u00e9e vers l\u2019ann\u00e9e 300 par Rome, afin de christianiser les rites issus de la culture populaire.<\/span><\/span><\/p>\n<p>Alors, pourquoi le 25\u00a0d\u00e9cembre?\u00a0 Cette date tombe \u00e0 quelques jours \u00e0 peine de <strong>la nuit la plus longue de l\u2019ann\u00e9e et, donc, du jour le plus court\u00a0: le 21\u00a0d\u00e9cembre. <\/strong>Ce jour du<a href=\"http:\/\/fr.wikipedia.org\/wiki\/Solstice\" target=\"_blank\" rel=\"nofollow noopener noreferrer\"> solstice d\u2019hiver<\/a> est aussi celui qui marque le moment de l\u2019ann\u00e9e \u00e0 partir duquel les <strong>jours recommencent \u00e0 s\u2019allonger.<\/strong><\/p>\n<p>C\u2019est l\u2019\u00e9v\u00e9nement qui marque la renaissance du cycle de la nature. Son importance pour la survie de l\u2019humanit\u00e9, a conduit de <strong>nombreuses civilisation<\/strong>s de par le monde \u00e0 le f\u00eater, sous des formes diff\u00e9rentes, et ce depuis la plus haute antiquit\u00e9. Pour les<strong> Celtes, les Perses ou m\u00eame les Vikings, il s\u2019agissait aussi d\u2019une f\u00eate majeure.<\/strong> Aujourd\u2019hui encore chez les Chinois, le jour \u00ab\u00a0extr\u00eame de l\u2019hiver\u00a0\u00bb est celui o\u00f9 les forces du yin et du yang s\u2019harmonisent et o\u00f9 les familles se r\u00e9unissent. Quant aux Hindous, il s\u2019agit pour eux du d\u00e9but des c\u00e9l\u00e9brations du \u00ab\u00a0pancha ganapati\u00a0\u00bb, d\u00e9di\u00e9es au dieu \u00e9l\u00e9phant Ganesh.<\/p>\n<p>Quelle meilleure date pour f\u00eater symboliquement l\u2019anniversaire de la naissance de J\u00e9sus Christ, venu sur Terre, selon les croyants, pour sauver les hommes et leur donner la possibilit\u00e9 de conna\u00eetre la vie \u00e9ternelle par sa r\u00e9surrection, que celle qui correspond \u00e0 <strong>la renaissance du soleil et de la nature <\/strong>? C\u2019est sur ce crit\u00e8re que la date du 25\u00a0d\u00e9cembre qui correspondait \u00e0 la <strong>f\u00eate romaine pa\u00efenne de la renaissance du soleil, <\/strong>\u00a0aurait \u00e9t\u00e9 arr\u00eat\u00e9e au<strong> IVe si\u00e8cle<\/strong>, en l\u2019an 354, par le pape Lib\u00e8re, pour c\u00e9l\u00e9brer la Nativit\u00e9. Vraisemblablement dans le but astucieux de concurrencer les f\u00eates pa\u00efennes qui avaient lieu \u00e0 cette p\u00e9riode de l\u2019ann\u00e9e.<\/p>\n<p>En 425, l\u2019empereur d\u2019Orient Th\u00e9odose II codifiera officiellement les c\u00e9r\u00e9monies de la f\u00eate de No\u00ebl. En 506, le concile d\u2019Agde en fera une f\u00eate d\u2019obligation, et <strong>en 529, l\u2019empereur Justinien le d\u00e9cr\u00e9tera jour ch\u00f4m\u00e9.<\/strong><\/p>\n<h3><strong>La f\u00eate de Hannoukah juive, la lumi\u00e8re est proche de No\u00ebl.<\/strong><\/h3>\n<div class=\"question__item-reponse\">\n<p>La f\u00eate de Hanoukka rappelle un \u00e9pisode de la r\u00e9volte des juifs contre les Grecs qui contr\u00f4laient le territoire d\u2019Isra\u00ebl au 2<sup>e<\/sup>\u00a0si\u00e8cle avant notre \u00e8re. Un d\u00e9cret interdisant la religion juive et imposant le culte de Zeus dans le temple de J\u00e9rusalem a provoqu\u00e9 une r\u00e9volte. Men\u00e9e par Judas Maccab\u00e9e, les troupes juives ont reconquis le temple en 164. Au moment de purifier le temple, les Maccab\u00e9es auraient d\u00e9couvert un flacon d\u2019huile sainte servant \u00e0 alimenter le grand cand\u00e9labre. Le flacon contenait \u00e0 peine assez d\u2019huile pour une journ\u00e9e, mais cette huile aurait br\u00fbl\u00e9 pendant huit jours, ce qui est interpr\u00e9t\u00e9 comme un signe du soutien et de la fid\u00e9lit\u00e9 de Dieu envers son peuple. Les juifs c\u00e9l\u00e8brent donc Hanoukka pendant huit jours et ils utilisent <strong>un chandelier sp\u00e9cial \u00e0 neuf bougie<\/strong>s dont l\u2019une sert \u00e0 allumer les autres. La f\u00eate commence le 25<sup>e<\/sup>\u00a0jour du 9<sup>e<\/sup>\u00a0mois du calendrier lunaire juif.<\/p>\n<p>Pour les juifs d\u2019aujourd\u2019hui, cette f\u00eate est non seulement un rappel de l\u2019histoire pass\u00e9e, mais aussi une affirmation de leur droit \u00e0 pr\u00e9server leur religion et leurs traditions, principalement dans les pays o\u00f9 ils sont minoritaires. C\u2019est en outre leur fa\u00e7on d\u2019affirmer le droit de tous \u00e0 la libert\u00e9 religieuse dans les soci\u00e9t\u00e9s pluralistes actuelles.<\/p>\n<p><strong>Hanoucca<\/strong> (Hanoukkah, Hanukah, Hannoucka, Hanukkah) <em>litt\u00e9ralement Inauguration<\/em><\/p>\n<p>Elle c\u00e9l\u00e8bre la lib\u00e9ration du Temple de J\u00e9rusalem par Juda Maccab\u00e9e (en 165 avant notre \u00e8re) et sa re-cons\u00e9cration apr\u00e8s qu\u2019il fut souill\u00e9 par le roi grec Antiochus Epiphane IV. La tradition rabbinique a glorifi\u00e9 l\u2019\u00e9v\u00e9nement, en comm\u00e9morant le \u00ab miracl e\u00bb de la derni\u00e8re fiole d\u2019huile d\u00e9couverte dans le temple saccag\u00e9 et qui ne br\u00fbla pas moins de huit jours!<\/p>\n<p>C\u2019est la raison pour laquelle il est prescrit d\u2019allumer \u2013 huit soirs durant \u2013 une lumi\u00e8re suppl\u00e9mentaire d\u2019un chandelier \u00e0 huit bougies (plus une neuvi\u00e8me qui sert \u00e0 allumer les autres) appel\u00e9 hanoukkiah.<\/p>\n<p>Tr\u00e8s populaire chez les juifs d\u2019Europe et des \u00c9tats-Unis, Hanoukkah est aujourd\u2019hui c\u00e9l\u00e9br\u00e9e comme la f\u00eate des enfants.<\/p>\n<p><strong>Noms de la f\u00eate<\/strong><\/p>\n<p>Cette f\u00eate est \u00e9galement appel\u00e9e F\u00eate des Lumi\u00e8res et F\u00eate de la<strong> D\u00e9dicace<\/strong><\/p>\n<p><strong>Date de la f\u00eate de Hanoucca<\/strong><\/p>\n<p>d\u00e9cembre<\/p>\n<p><strong>Signification de la f\u00eate d&rsquo;Hanoucca<\/strong><\/p>\n<p>Hanoucca comm\u00e9more, apr\u00e8s la pers\u00e9cution d&rsquo;Antiochus, la victoire sur les grecs qui avaient profan\u00e9 le temple de J\u00e9rusalem et la restauration du temple. Elle c\u00e9l\u00e8bre surtout le miracle de la petite fiole d&rsquo;huile du temple qui a br\u00fbl\u00e9 huit jours sans s&rsquo;\u00e9teindre<\/p>\n<p><strong>C\u00e9l\u00e9bration de la f\u00eate d&rsquo;Hanoucca<\/strong><\/p>\n<p>A la tomb\u00e9e de la nuit, chaque famille allume une lumi\u00e8re apr\u00e8s avoir dit la b\u00e9n\u00e9diction. On allume une nouvelle bougie sur un chandelier \u00e0 8 branches tous les soirs pendant 8 jours et on met la lumi\u00e8re \u00e0 la fen\u00eatre ou \u00e0 l&rsquo;entr\u00e9e de la maison. La f\u00eate est c\u00e9l\u00e9br\u00e9e peu avant No\u00ebl. Les cadeaux n&rsquo;ont aucune signification particuli\u00e8re \u00e0 &lsquo;Hanoucca. La raison pour laquelle on offre des cadeaux \u00e0 &lsquo;Hanoucca est que cette f\u00eate tombe \u00e0 peu pr\u00e8s \u00e0 la m\u00eame p\u00e9riode que No\u00ebl. La f\u00eate juive a \u00e9t\u00e9 culturellement \u00a0\u00bb \u00e9cras\u00e9e \u00a0\u00bb par l&rsquo;obsession des gens pour les cadeaux de No\u00ebl.<\/p>\n<\/div>\n<h3>Avent<\/h3>\n<p>C&rsquo;est le temps de pr\u00e9paration et de conversion avant No\u00ebl : 4 semaines<\/p>\n<p>Il signifie trois choses :<\/p>\n<ul style=\"list-style-type: circle;\">\n<li>avant No\u00ebl temps de pr\u00e9paration et de conversion<\/li>\n<li>av\u00e8nement attente du retour du Christ<\/li>\n<li>J\u00e9sus toujours pr\u00e9sent ici et maintenant<\/li>\n<\/ul>\n<h4><a href=\"http:\/\/image-bible.ch\/wp-content\/uploads\/7-clefs-pour-lAvent.pdf\">7 clefs pour l&rsquo;Avent<\/a><\/h4>\n","protected":false},"excerpt":{"rendered":"<p>A2. La naissance de J\u00e9sus \/\u00a0 No\u00ebl et Anoukah &#8211; Avent 7 clefs pour No\u00ebl La f\u00eate de No\u00ebl a plusieurs origines. L\u2019empereur romain Aur\u00e9lien (empereur de 270 \u00e0 275) d\u00e9cida d\u2019unifier toutes les religions en une seule : le<\/p>\n","protected":false},"author":1,"featured_media":0,"parent":23,"menu_order":7,"comment_status":"closed","ping_status":"closed","template":"","meta":{"footnotes":""},"_links":{"self":[{"href":"http:\/\/image-bible.ch\/index.php?rest_route=\/wp\/v2\/pages\/407"}],"collection":[{"href":"http:\/\/image-bible.ch\/index.php?rest_route=\/wp\/v2\/pages"}],"about":[{"href":"http:\/\/image-bible.ch\/index.php?rest_route=\/wp\/v2\/types\/page"}],"author":[{"embeddable":true,"href":"http:\/\/image-bible.ch\/index.php?rest_route=\/wp\/v2\/users\/1"}],"replies":[{"embeddable":true,"href":"http:\/\/image-bible.ch\/index.php?rest_route=%2Fwp%2Fv2%2Fcomments&post=407"}],"version-history":[{"count":10,"href":"http:\/\/image-bible.ch\/index.php?rest_route=\/wp\/v2\/pages\/407\/revisions"}],"predecessor-version":[{"id":6935,"href":"http:\/\/image-bible.ch\/index.php?rest_route=\/wp\/v2\/pages\/407\/revisions\/6935"}],"up":[{"embeddable":true,"href":"http:\/\/image-bible.ch\/index.php?rest_route=\/wp\/v2\/pages\/23"}],"wp:attachment":[{"href":"http:\/\/image-bible.ch\/index.php?rest_route=%2Fwp%2Fv2%2Fmedia&parent=407"}],"curies":[{"name":"wp","href":"https:\/\/api.w.org\/{rel}","templated":true}]}}