{"id":409,"date":"2021-03-03T14:56:56","date_gmt":"2021-03-03T13:56:56","guid":{"rendered":"http:\/\/image-bible.ch\/?page_id=409"},"modified":"2021-12-16T18:20:11","modified_gmt":"2021-12-16T17:20:11","slug":"a2-8-kt-enfants","status":"publish","type":"page","link":"http:\/\/image-bible.ch\/?page_id=409","title":{"rendered":"A2.8 \/ KT enfants"},"content":{"rendered":"<p style=\"text-align: center;\"><span style=\"font-size: 14pt; font-family: 'comic sans ms', sans-serif;\">A2. La naissance de J\u00e9sus \/\u00a0 KT enfants<\/span><\/p>\n<p><strong>Avec KT42 : Diverses vid\u00e9os et outils :<\/strong> <a href=\"https:\/\/www.kt42.fr\/search\/label\/No%C3%ABl\">No\u00ebl vid\u00e9o et outils<\/a><\/p>\n<p><strong>Avec Th\u00e9obulle<\/strong> (seul inconv\u00e9nient les figures, images n&rsquo;invitent pas trop \u00e0 l&rsquo;int\u00e9riorit\u00e9) : <a href=\"https:\/\/www.theobule.org\/video\/joie-de-noel\/74\">No\u00ebl Theobulle<\/a><\/p>\n<p><strong>Avec Emmanuel KT :<\/strong><\/p>\n<ul>\n<li>J\u00e9sus vrai Dieu &#8211; vrai homme : <a href=\"https:\/\/catechisme-emmanuel.com\/rencontres\/jesus-vrai-dieu-et-vrai-homme\/\">A. 9 Vrai Dieu &#8211; Vrai homme<\/a><\/li>\n<li>Incarnation :\u00a0<a href=\"https:\/\/catechisme-emmanuel.com\/rencontres\/lincarnation-dieu-se-fait-homme\/\">B.9 Incarnation &#8211; Dieu se fait homme<\/a><\/li>\n<li>No\u00ebl, naissance du roi des rois : <a href=\"https:\/\/catechisme-emmanuel.com\/rencontres\/noel-la-naissance-du-roi-des-rois\/\">C.9 Naissance du roi des rois<\/a><\/li>\n<\/ul>\n<p><strong>Avec les images de Berna<\/strong> (Bernadette Lopez) : <a href=\"https:\/\/www.homelie.biz\/article-lectures-de-noel-messe-de-la-nuit-41698778.html\">Images Berna<\/a><\/p>\n<p><strong>Des cr\u00e8ches \u00e0 d\u00e9couper :<\/strong> <a href=\"http:\/\/ribambins.canalblog.com\/archives\/2008\/12\/17\/11765184.html\">Cr\u00e8che en couleur \u00e0 d\u00e9couper<\/a> \/ <a href=\"https:\/\/www.jeuxetcompagnie.fr\/creche-en-papier-2-modeles-a-imprimer\/\">Cr\u00e8che figure circulaire en couleur \u00e0 d\u00e9couper<\/a><\/p>\n<p><strong>Des images de cr\u00e8ches :<\/strong><\/p>\n<ul>\n<li>en bois (Brienz en Suisse) : <a href=\"https:\/\/www.huggler-holzbildhauerei.ch\/fr\/assortiment\/cr%C3%A9che-personnages\/\">Cr\u00e8ches sculpt\u00e9es \u00e0 la main<\/a><\/li>\n<li>en bois d&rsquo;Allemagne : <a href=\"https:\/\/www.klaus-boutik.com\/7-creches-de-noel-en-bois\">Cr\u00e8che en bois allemande<\/a> \/ <a href=\"https:\/\/www.kaethe-wohlfahrt.com\/deko\/krippen-und-krippenfiguren\/\">cr\u00e8ches diverses<\/a><\/li>\n<li>l&rsquo;histoire des cr\u00e8ches (en allemand) &#8211; belles images : <a href=\"http:\/\/blog.demetz-patrick.com\/der-krippenaufbau\/\">histoire et r\u00e9alisation de cr\u00e8ches<\/a><\/li>\n<li>santon de Provence : <a href=\"https:\/\/ca.france.fr\/fr\/provence\/article\/tradition-santons-provence\">Pr\u00e9sentation<\/a> \/<a href=\"https:\/\/www.santonsmarcelcarbonel.com\/tradition_santons\">Santons du plus c\u00e9l\u00e8bre Corbonel<\/a><\/li>\n<li>d&rsquo;autres pays : <a href=\"https:\/\/www.pinterest.ca\/denikog\/cr%C3%A8che-de-noel-africaine\/\">Afrique<\/a> \/ <a href=\"http:\/\/dansmabonjotte.canalblog.com\/archives\/2016\/12\/17\/34691790.html\">Asie<\/a> \/ <a href=\"https:\/\/artisanatrusse.fr\/noel\/creches-de-noel.shtml\">Russie<\/a> \/ <a href=\"https:\/\/www.youtube.com\/watch?v=wKFZqp9p8fs\">Tch\u00e8quie<\/a><\/li>\n<\/ul>\n<p><strong>Cr\u00e8ches anim\u00e9e en playmobil :<br \/>\n<\/strong><\/p>\n<p><a href=\"https:\/\/www.youtube.com\/watch?v=OguuH9y8_oc\">Cr\u00e8che anim\u00e9e Playmobil<\/a><\/p>\n","protected":false},"excerpt":{"rendered":"<p>A2. La naissance de J\u00e9sus \/\u00a0 KT enfants Avec KT42 : Diverses vid\u00e9os et outils : No\u00ebl vid\u00e9o et outils Avec Th\u00e9obulle (seul inconv\u00e9nient les figures, images n&rsquo;invitent pas trop \u00e0 l&rsquo;int\u00e9riorit\u00e9) : No\u00ebl Theobulle Avec Emmanuel KT : J\u00e9sus<\/p>\n","protected":false},"author":1,"featured_media":0,"parent":23,"menu_order":8,"comment_status":"closed","ping_status":"closed","template":"","meta":{"footnotes":""},"_links":{"self":[{"href":"http:\/\/image-bible.ch\/index.php?rest_route=\/wp\/v2\/pages\/409"}],"collection":[{"href":"http:\/\/image-bible.ch\/index.php?rest_route=\/wp\/v2\/pages"}],"about":[{"href":"http:\/\/image-bible.ch\/index.php?rest_route=\/wp\/v2\/types\/page"}],"author":[{"embeddable":true,"href":"http:\/\/image-bible.ch\/index.php?rest_route=\/wp\/v2\/users\/1"}],"replies":[{"embeddable":true,"href":"http:\/\/image-bible.ch\/index.php?rest_route=%2Fwp%2Fv2%2Fcomments&post=409"}],"version-history":[{"count":10,"href":"http:\/\/image-bible.ch\/index.php?rest_route=\/wp\/v2\/pages\/409\/revisions"}],"predecessor-version":[{"id":6756,"href":"http:\/\/image-bible.ch\/index.php?rest_route=\/wp\/v2\/pages\/409\/revisions\/6756"}],"up":[{"embeddable":true,"href":"http:\/\/image-bible.ch\/index.php?rest_route=\/wp\/v2\/pages\/23"}],"wp:attachment":[{"href":"http:\/\/image-bible.ch\/index.php?rest_route=%2Fwp%2Fv2%2Fmedia&parent=409"}],"curies":[{"name":"wp","href":"https:\/\/api.w.org\/{rel}","templated":true}]}}