{"id":413,"date":"2021-03-03T14:58:16","date_gmt":"2021-03-03T13:58:16","guid":{"rendered":"http:\/\/image-bible.ch\/?page_id=413"},"modified":"2024-04-19T17:17:44","modified_gmt":"2024-04-19T15:17:44","slug":"a2-10-divers-video-references","status":"publish","type":"page","link":"http:\/\/image-bible.ch\/?page_id=413","title":{"rendered":"A2.10 \/ Divers Vid\u00e9o &#8211; R\u00e9f\u00e9rences"},"content":{"rendered":"<p style=\"text-align: center;\"><span style=\"font-size: 14pt; font-family: 'comic sans ms', sans-serif;\">A2. La naissance de J\u00e9sus \/ \u00a0Divers Vid\u00e9o &#8211; R\u00e9f\u00e9rences<\/span><\/p>\n<p>Exposition d&rsquo;oeuvres d&rsquo;art actuelles : <a href=\"http:\/\/www.interbible.org\/sebq\/expositions\/nativite\/index.html\">Exposition d&rsquo;art sur le r\u00e9cit de la Nativit\u00e9<\/a><\/p>\n<p>La Nativit\u00e9, Armand Carpentier : <a href=\"http:\/\/www.interbible.org\/carpentier\/gloire\/annonciation.htm\">Armand Carpentier la Nativit\u00e9<\/a><\/p>\n<p>La Nativit\u00e9 dans l&rsquo;art au cours des si\u00e8cles : <a href=\"https:\/\/fr.wikipedia.org\/wiki\/L'Annonciation\">La Nativit\u00e9 dans l&rsquo;art au cours des si\u00e8cles<\/a><\/p>\n<p>Un commentaire vid\u00e9e <a href=\"https:\/\/cours.cath.ch\/cours-7-levangile-de-lenfance-lc-2-1-7\/\">du r\u00e9cit de l&rsquo;enfance<\/a><\/p>\n<p>Un commentaire vid\u00e9e <a href=\"https:\/\/cours.cath.ch\/cours-8-levangile-de-lenfance-lc-2-8-20\/\">du r\u00e9cit de No\u00ebl<\/a><\/p>\n<p>&nbsp;<\/p>\n","protected":false},"excerpt":{"rendered":"<p>A2. La naissance de J\u00e9sus \/ \u00a0Divers Vid\u00e9o &#8211; R\u00e9f\u00e9rences Exposition d&rsquo;oeuvres d&rsquo;art actuelles : Exposition d&rsquo;art sur le r\u00e9cit de la Nativit\u00e9 La Nativit\u00e9, Armand Carpentier : Armand Carpentier la Nativit\u00e9 La Nativit\u00e9 dans l&rsquo;art au cours des si\u00e8cles<\/p>\n","protected":false},"author":1,"featured_media":0,"parent":23,"menu_order":10,"comment_status":"closed","ping_status":"closed","template":"","meta":{"footnotes":""},"_links":{"self":[{"href":"http:\/\/image-bible.ch\/index.php?rest_route=\/wp\/v2\/pages\/413"}],"collection":[{"href":"http:\/\/image-bible.ch\/index.php?rest_route=\/wp\/v2\/pages"}],"about":[{"href":"http:\/\/image-bible.ch\/index.php?rest_route=\/wp\/v2\/types\/page"}],"author":[{"embeddable":true,"href":"http:\/\/image-bible.ch\/index.php?rest_route=\/wp\/v2\/users\/1"}],"replies":[{"embeddable":true,"href":"http:\/\/image-bible.ch\/index.php?rest_route=%2Fwp%2Fv2%2Fcomments&post=413"}],"version-history":[{"count":12,"href":"http:\/\/image-bible.ch\/index.php?rest_route=\/wp\/v2\/pages\/413\/revisions"}],"predecessor-version":[{"id":7242,"href":"http:\/\/image-bible.ch\/index.php?rest_route=\/wp\/v2\/pages\/413\/revisions\/7242"}],"up":[{"embeddable":true,"href":"http:\/\/image-bible.ch\/index.php?rest_route=\/wp\/v2\/pages\/23"}],"wp:attachment":[{"href":"http:\/\/image-bible.ch\/index.php?rest_route=%2Fwp%2Fv2%2Fmedia&parent=413"}],"curies":[{"name":"wp","href":"https:\/\/api.w.org\/{rel}","templated":true}]}}