{"id":433,"date":"2021-03-03T15:46:28","date_gmt":"2021-03-03T14:46:28","guid":{"rendered":"http:\/\/image-bible.ch\/?page_id=433"},"modified":"2021-09-13T17:21:11","modified_gmt":"2021-09-13T15:21:11","slug":"a3-3-la-bible-des-pauvres","status":"publish","type":"page","link":"http:\/\/image-bible.ch\/?page_id=433","title":{"rendered":"A3.3 \/ Nouveau-Testament"},"content":{"rendered":"\r\n<p style=\"text-align: center;\"><span style=\"font-size: 14pt; font-family: 'comic sans ms', sans-serif;\">A3. La circoncision \/\u00a0 Nouveau-Testament<\/span><\/p>\r\n\r\n\r\n\r\n<p><img loading=\"lazy\" decoding=\"async\" class=\"alignnone  wp-image-5413\" src=\"http:\/\/image-bible.ch\/wp-content\/uploads\/2021\/05\/3.-Circoncision-C-300x244.jpg\" alt=\"\" width=\"400\" height=\"325\" srcset=\"http:\/\/image-bible.ch\/wp-content\/uploads\/2021\/05\/3.-Circoncision-C-300x244.jpg 300w, http:\/\/image-bible.ch\/wp-content\/uploads\/2021\/05\/3.-Circoncision-C.jpg 597w\" sizes=\"(max-width: 400px) 100vw, 400px\" \/><\/p>\r\n<p><span class=\"verse_number\" style=\"color: #0000ff;\">Lc 2,<sup>21<\/sup><\/span> Quand fut arriv\u00e9 <em><span style=\"color: #ff0000;\">le huiti\u00e8me jour<\/span><\/em>, celui de la <span style=\"color: #ff0000;\">circoncision<\/span>, l\u2019enfant re\u00e7ut le nom de <strong>J\u00e9sus<\/strong>, le nom que l\u2019ange lui avait donn\u00e9 avant sa conception.<\/p>\r\n<p><span style=\"color: #993300;\"><strong>Vocabulaire :<\/strong><\/span><\/p>\r\n<p><span style=\"color: #993300;\">Circoncision : <span class=\"ILfuVd\"><span class=\"hgKElc\">consiste \u00e0 enlever le pr\u00e9puce qui recouvre le gland du p\u00e9nis.<\/span><\/span><\/span><\/p>\r\n<p><span style=\"color: #993300;\">Huiti\u00e8me jour : huit est le chiffre de la r\u00e9surrection. Selon la Loi de Mo\u00efse c&rsquo;est le huiti\u00e8eme que l&rsquo;enfant m\u00e2le doit \u00eatre circoncis<\/span><\/p>\r\n<p><span style=\"color: #993300;\">J\u00e9sus : Dieu sauve<\/span><\/p>\r\n<p><strong><span style=\"color: #0000ff;\">Questions :<\/span><\/strong><\/p>\r\n<p><span style=\"color: #0000ff;\">1\u00b0 Pour quoi le huiti\u00e8me jour ?<\/span><\/p>\r\n<p><span style=\"color: #0000ff;\">2\u00b0 Quelle est la signification de la circoncision (voir Gn 17) ?<\/span><\/p>\r\n<p><strong>Commentaire :<\/strong><\/p>\r\n<p>J\u00e9sus suit les m\u00eames coutumes religieuses que tout enfant m\u00e2le juif. A travers la circoncision l&rsquo;Alliance de Dieu avec les hommes est inscrite dans sa chair pour toujours.<\/p>\r\n<p>&nbsp;<\/p>\r\n","protected":false},"excerpt":{"rendered":"<p>A3. La circoncision \/\u00a0 Nouveau-Testament Lc 2,21 Quand fut arriv\u00e9 le huiti\u00e8me jour, celui de la circoncision, l\u2019enfant re\u00e7ut le nom de J\u00e9sus, le nom que l\u2019ange lui avait donn\u00e9 avant sa conception. Vocabulaire : Circoncision : consiste \u00e0 enlever<\/p>\n","protected":false},"author":1,"featured_media":0,"parent":25,"menu_order":3,"comment_status":"closed","ping_status":"closed","template":"","meta":{"footnotes":""},"_links":{"self":[{"href":"http:\/\/image-bible.ch\/index.php?rest_route=\/wp\/v2\/pages\/433"}],"collection":[{"href":"http:\/\/image-bible.ch\/index.php?rest_route=\/wp\/v2\/pages"}],"about":[{"href":"http:\/\/image-bible.ch\/index.php?rest_route=\/wp\/v2\/types\/page"}],"author":[{"embeddable":true,"href":"http:\/\/image-bible.ch\/index.php?rest_route=\/wp\/v2\/users\/1"}],"replies":[{"embeddable":true,"href":"http:\/\/image-bible.ch\/index.php?rest_route=%2Fwp%2Fv2%2Fcomments&post=433"}],"version-history":[{"count":7,"href":"http:\/\/image-bible.ch\/index.php?rest_route=\/wp\/v2\/pages\/433\/revisions"}],"predecessor-version":[{"id":5862,"href":"http:\/\/image-bible.ch\/index.php?rest_route=\/wp\/v2\/pages\/433\/revisions\/5862"}],"up":[{"embeddable":true,"href":"http:\/\/image-bible.ch\/index.php?rest_route=\/wp\/v2\/pages\/25"}],"wp:attachment":[{"href":"http:\/\/image-bible.ch\/index.php?rest_route=%2Fwp%2Fv2%2Fmedia&parent=433"}],"curies":[{"name":"wp","href":"https:\/\/api.w.org\/{rel}","templated":true}]}}