{"id":4427,"date":"2021-04-05T09:15:03","date_gmt":"2021-04-05T07:15:03","guid":{"rendered":"http:\/\/image-bible.ch\/?page_id=4427"},"modified":"2024-11-13T18:25:33","modified_gmt":"2024-11-13T17:25:33","slug":"g52-assomption-de-la-vierge-marie","status":"publish","type":"page","link":"http:\/\/image-bible.ch\/?page_id=4427","title":{"rendered":"G52 \u2013  La Bible des pauvres"},"content":{"rendered":"<p style=\"text-align: center;\"><span style=\"font-size: 14pt; font-family: 'comic sans ms', sans-serif;\">G52 &#8211; Assomption de la Vierge Marie<\/span><\/p>\n<p><span style=\"font-family: 'comic sans ms', sans-serif;\">| <a href=\"http:\/\/image-bible.ch\/?page_id=4480\" target=\"_blank\" rel=\"noreferrer noopener\">La Bible des Pauvres<\/a> | <a href=\"http:\/\/image-bible.ch\/?page_id=4443\" target=\"_blank\" rel=\"noopener noreferrer\"> Images<\/a> | <a href=\"http:\/\/image-bible.ch\/?page_id=4460\" target=\"_blank\" rel=\"noreferrer noopener\">Nouveau-Testament<\/a> | <a href=\"http:\/\/image-bible.ch\/?page_id=4462\" target=\"_blank\" rel=\"noreferrer noopener\">Ancien-Testament<\/a> | <a href=\"http:\/\/image-bible.ch\/?page_id=4464\" target=\"_blank\" rel=\"noreferrer noopener\">Interpr\u00e9tation<\/a> | <a href=\"http:\/\/image-bible.ch\/?page_id=4466\" target=\"_blank\" rel=\"noreferrer noopener\">Ic\u00f4ne<\/a> | <a href=\"http:\/\/image-bible.ch\/?page_id=4468\" target=\"_blank\" rel=\"noreferrer noopener\">F\u00eate juive et chr\u00e9tienne<\/a> | <a href=\"http:\/\/image-bible.ch\/?page_id=4470\" target=\"_blank\" rel=\"noreferrer noopener\">KT enfants<\/a> | <a href=\"http:\/\/image-bible.ch\/?page_id=4472\" target=\"_blank\" rel=\"noreferrer noopener\">Jeunes<\/a> | <a href=\"http:\/\/image-bible.ch\/?page_id=4474\" target=\"_blank\" rel=\"noreferrer noopener\">Divers Vid\u00e9o &#8211; R\u00e9f\u00e9rences<\/a> |<\/span><\/p>\n<hr \/>\n<p style=\"text-align: center;\"><strong><span style=\"font-family: 'book antiqua', palatino, serif;\">Page de pr\u00e9sentation<\/span><\/strong><\/p>\n<p>Biblia pauperum : <a href=\"http:\/\/image-bible.ch\/wp-content\/uploads\/41.-Couronnement-de-la-vierge-Marie.pptx\">41. Couronnement de la vierge Marie<\/a><\/p>\n<p><img loading=\"lazy\" decoding=\"async\" class=\"alignnone wp-image-9489\" src=\"http:\/\/image-bible.ch\/wp-content\/uploads\/Couronnement-de-la-vierge-Marie-195x300.jpg\" alt=\"\" width=\"502\" height=\"772\" srcset=\"http:\/\/image-bible.ch\/wp-content\/uploads\/Couronnement-de-la-vierge-Marie-195x300.jpg 195w, http:\/\/image-bible.ch\/wp-content\/uploads\/Couronnement-de-la-vierge-Marie.jpg 265w\" sizes=\"(max-width: 502px) 100vw, 502px\" \/><\/p>\n<p><img loading=\"lazy\" decoding=\"async\" class=\"alignnone size-medium wp-image-7103\" src=\"http:\/\/image-bible.ch\/wp-content\/uploads\/21.-Assomption--300x197.jpg\" alt=\"\" width=\"300\" height=\"197\" srcset=\"http:\/\/image-bible.ch\/wp-content\/uploads\/21.-Assomption--300x197.jpg 300w, http:\/\/image-bible.ch\/wp-content\/uploads\/21.-Assomption--1024x674.jpg 1024w, http:\/\/image-bible.ch\/wp-content\/uploads\/21.-Assomption--768x505.jpg 768w, http:\/\/image-bible.ch\/wp-content\/uploads\/21.-Assomption--1536x1011.jpg 1536w, http:\/\/image-bible.ch\/wp-content\/uploads\/21.-Assomption--2048x1348.jpg 2048w\" sizes=\"(max-width: 300px) 100vw, 300px\" \/>\u00a0Tapisserie de l\u2019abbaye de la Chaise-Dieu (France)<\/p>\n<p>L&rsquo;assomption et le couronnement de la Vierge Marie : textes, images de Berna, commentaires, illustrations : <a href=\"http:\/\/image-bible.ch\/wp-content\/uploads\/Assomption-et-couronnement-de-la-Vierge-Marie.docx\">Assomption et couronnement de la Vierge Marie<\/a><\/p>\n<table style=\"border-collapse: collapse; width: 100%;\">\n<tbody>\n<tr>\n<td style=\"width: 100%;\"><span style=\"font-size: 10pt;\"><em>G44. <a href=\"http:\/\/image-bible.ch\/?page_id=150\">La R\u00e9surrection<\/a> &#8211; G45. <a href=\"http:\/\/image-bible.ch\/?page_id=148\">Apparition aux femmes au tombeau<\/a> &#8211; G46. <a href=\"http:\/\/image-bible.ch\/?page_id=146\">Apparition \u00e0 Marie-Madeleine<\/a>\u00a0 &#8211; G47. <a href=\"http:\/\/image-bible.ch\/?page_id=144\">Apparition au c\u00e9nacle devant la Vierge et les Ap\u00f4tres<\/a> &#8211; G48. <a href=\"http:\/\/image-bible.ch\/?page_id=142\">Apparition \u00e0 Thomas<\/a> &#8211; G49. <a href=\"http:\/\/image-bible.ch\/?page_id=140\">Ascension<\/a> &#8211; G50. <a href=\"http:\/\/image-bible.ch\/?page_id=137\">Pentec\u00f4te\u00a0<\/a> &#8211; G51. <a href=\"http:\/\/image-bible.ch\/?page_id=134\">Jugement dernier<\/a> &#8211; G52. <a href=\"http:\/\/image-bible.ch\/?page_id=4427\">Assomption de la Vierge Marie<\/a> &#8211; G53. <a href=\"http:\/\/image-bible.ch\/?page_id=132\">Couronnement de la Vierge Marie<\/a><\/em><\/span><\/td>\n<\/tr>\n<\/tbody>\n<\/table>\n","protected":false},"excerpt":{"rendered":"<p>G52 &#8211; Assomption de la Vierge Marie | La Bible des Pauvres | Images | Nouveau-Testament | Ancien-Testament | Interpr\u00e9tation | Ic\u00f4ne | F\u00eate juive et chr\u00e9tienne | KT enfants | Jeunes | Divers Vid\u00e9o &#8211; R\u00e9f\u00e9rences | Page de<\/p>\n","protected":false},"author":1,"featured_media":0,"parent":0,"menu_order":0,"comment_status":"closed","ping_status":"closed","template":"","meta":{"footnotes":""},"_links":{"self":[{"href":"http:\/\/image-bible.ch\/index.php?rest_route=\/wp\/v2\/pages\/4427"}],"collection":[{"href":"http:\/\/image-bible.ch\/index.php?rest_route=\/wp\/v2\/pages"}],"about":[{"href":"http:\/\/image-bible.ch\/index.php?rest_route=\/wp\/v2\/types\/page"}],"author":[{"embeddable":true,"href":"http:\/\/image-bible.ch\/index.php?rest_route=\/wp\/v2\/users\/1"}],"replies":[{"embeddable":true,"href":"http:\/\/image-bible.ch\/index.php?rest_route=%2Fwp%2Fv2%2Fcomments&post=4427"}],"version-history":[{"count":13,"href":"http:\/\/image-bible.ch\/index.php?rest_route=\/wp\/v2\/pages\/4427\/revisions"}],"predecessor-version":[{"id":9490,"href":"http:\/\/image-bible.ch\/index.php?rest_route=\/wp\/v2\/pages\/4427\/revisions\/9490"}],"wp:attachment":[{"href":"http:\/\/image-bible.ch\/index.php?rest_route=%2Fwp%2Fv2%2Fmedia&parent=4427"}],"curies":[{"name":"wp","href":"https:\/\/api.w.org\/{rel}","templated":true}]}}