{"id":4460,"date":"2021-04-05T10:01:30","date_gmt":"2021-04-05T08:01:30","guid":{"rendered":"http:\/\/image-bible.ch\/?page_id=4460"},"modified":"2024-11-13T18:19:33","modified_gmt":"2024-11-13T17:19:33","slug":"g52-3-bible-nouveau-testament","status":"publish","type":"page","link":"http:\/\/image-bible.ch\/?page_id=4460","title":{"rendered":"G52.3 \/ Bible Nouveau-Testament"},"content":{"rendered":"<p style=\"text-align: center;\"><span style=\"font-family: 'comic sans ms', sans-serif; font-size: 14pt;\">G52.3<\/span><span style=\"font-family: 'comic sans ms', sans-serif; font-size: 14pt;\"> &#8211; Assomption de la Vierge Marie \/ Bible Nouveau-Testament<\/span><\/p>\n<p>&nbsp;<\/p>\n<p><em>Trouve-t-on dans l&rsquo;\u00c9criture Sainte quelque trace du myst\u00e8re final de Marie ? Ni dans l&rsquo;Ancien ni dans le Nouveau Testament ne se trouve de t\u00e9moignage formel sur la mani\u00e8re dont Marie a quitt\u00e9 ce monde pour entrer dans la gloire de son Fils.<\/em><\/p>\n<p><em>Ce silence du Nouveau Testament est compr\u00e9hensible si l&rsquo;on se rappelle que les livres, \u00e0 l&rsquo;exception des \u00e9crits de saint Jean, \u00e9taient \u00e9crits avant la fin de la vie de Marie. Jean m\u00eame ne se rendit en Asie qu&rsquo;apr\u00e8s la guerre juda\u00efque (66-70) S&rsquo;il reste en Jud\u00e9e jusqu&rsquo;\u00e0 cette \u00e9poque, c&rsquo;est probablement parce que la M\u00e8re de J\u00e9sus \u00e9tait encore vivante. Il ne pouvait pas abandonner celle que le Seigneur lui avait confi\u00e9e au pied de la croix.<\/em><\/p>\n<p><em>Et au moment o\u00f9 J\u00e9sus ressuscite sa M\u00e8re, elle appara\u00eet comme demeure de son Fils \u00e0 la fois dans son corps et dans son \u00e2me.<\/em><\/p>\n<p><span style=\"color: #0000ff;\">Ap 12,1-9\u00a0:<\/span><\/p>\n<p><span style=\"color: #0000ff;\"><sup>1<\/sup><\/span> <strong><span style=\"color: #ff0000;\">Un grand signe<\/span> <\/strong>apparut <span style=\"color: #008000;\">dans le ciel<\/span>\u00a0: <strong><span style=\"color: #ff0000;\">une Femme<\/span><\/strong>, ayant<span style=\"color: #ff0000;\"> le soleil pour manteau, la lune sous les pieds, et sur la t\u00eat<\/span>e une <strong><span style=\"color: #ff0000;\">couronne de douze \u00e9toiles<\/span><\/strong>.<\/p>\n<p><span style=\"color: #0000ff;\"><sup>2<\/sup><\/span> Elle est<em> enceinte<\/em>, elle <em>crie<\/em>, dans les <em>douleurs<\/em> et la torture <em>d\u2019un enfantement.<\/em><\/p>\n<p><span style=\"color: #0000ff;\"><sup>3<\/sup><\/span> <span style=\"color: #ff0000;\">Un autre signe<\/span> apparut dans le ciel\u00a0: <strong>un grand dragon<\/strong>, <em>rouge feu<\/em>, avec <em>sept t\u00eates et dix cornes<\/em>, et, sur chacune des sept t\u00eates, <em>un diad\u00e8me.<\/em><\/p>\n<p><span style=\"color: #0000ff;\"><sup>4<\/sup><\/span> Sa <em>queue<\/em>, entra\u00eenant<em> le tiers des \u00e9toiles<\/em> du <span style=\"color: #008000;\">ciel<\/span>, les pr\u00e9cipita sur <span style=\"color: #008000;\">la terre<\/span>. <strong>Le Dragon<\/strong> vint se poster devant <strong>la femme<\/strong> qui allait enfanter, afin de <em>d\u00e9vorer l\u2019enfant<\/em> d\u00e8s sa naissance.<\/p>\n<p><span style=\"color: #0000ff;\"><sup>5<\/sup><\/span> Or, elle mit au monde <strong>un fils<\/strong>, un enfant m\u00e2le, celui qui sera <em>le berger de toutes les nations<\/em>, les conduisant avec un sceptre de fer. <strong>L\u2019enfan<\/strong>t fut enlev\u00e9<em> jusqu\u2019aupr\u00e8s de Dieu et de son Tr\u00f4ne<\/em>, <span style=\"color: #0000ff;\"><sup>6<\/sup><\/span> et <strong>la Femme<\/strong> s\u2019enfuit <span style=\"color: #008000;\">au d\u00e9sert<\/span>, o\u00f9 Dieu lui a pr\u00e9par\u00e9 une place, pour qu\u2019elle y soit nourrie pendant <span style=\"color: #993300;\">mille deux cent soixante jours<\/span>.<\/p>\n<p><span style=\"color: #0000ff;\"><sup>7<\/sup><\/span> Il y eut alors<em> un combat<\/em> <span style=\"color: #008000;\">dans le ciel<\/span> : <strong>Michel, avec ses anges<\/strong>, dut combattre <strong>le Dragon<\/strong>. <strong>Le Dragon,<\/strong> lui aussi, combattait avec <strong>ses anges<\/strong>, <span style=\"color: #0000ff;\"><sup>8<\/sup><\/span> mais il ne fut <em>pas le plus fort\u00a0<\/em>; pour eux d\u00e9sormais, nulle place <span style=\"color: #008000;\">dans le ciel<\/span>.<\/p>\n<p><span style=\"color: #0000ff;\"><sup>9<\/sup><\/span> Oui, il fut rejet\u00e9,<strong> le grand Dragon<\/strong>, le <em>Serpent des origines<\/em>, celui qu\u2019on nomme <em>Diable et Satan<\/em>, le <em>s\u00e9ducteur<\/em> du <span style=\"color: #008000;\">monde entier<\/span>. Il fut jet\u00e9 sur la terre, et ses anges furent jet\u00e9s avec lui.<\/p>\n<p><strong><span style=\"color: #993300;\">Vocabulaire :<\/span><\/strong><\/p>\n<p>&nbsp;<\/p>\n<p><strong><span style=\"color: #0000ff;\">Questions :<\/span><\/strong><\/p>\n<p>&nbsp;<\/p>\n<h4>Commentaire :<\/h4>\n<p>Les catholiques f\u00eatent l\u2019Assomption de Marie tandis que les orthodoxes f\u00eatent sa Dormition. Bien plus qu\u2019une simple m\u00e9sentente sur les termes, ce litige est au c\u0153ur d\u2019une profonde diff\u00e9rence th\u00e9ologique. Cette f\u00eate est la derni\u00e8re de la s\u00e9rie des f\u00eates mariales (la Nativit\u00e9 de Marie, la Pr\u00e9sentation de Marie au Temple, l\u2019Annonciation) et des douze f\u00eates majeures de la liturgie orthodoxe. La Nativit\u00e9 de la Vierge commence l\u2019ann\u00e9e liturgique orthodoxe et La Dormition la termine. Au tout d\u00e9but de la chr\u00e9tient\u00e9, elle \u00e9tait c\u00e9l\u00e9br\u00e9e en janvier mais elle fut d\u00e9plac\u00e9e tr\u00e8s t\u00f4t au 15 ao\u00fbt pour qu\u2019elle puisse ainsi clore l\u2019ann\u00e9e liturgique. Les \u00e9vangiles ne citent pas cet \u00e9v\u00e8nement. On le retrouve dans des \u00e9crits apocryphes (\u00e9crits non retenus dans la Bible) que la v\u00e9n\u00e9ration mariale, apparue tr\u00e8s t\u00f4t dans la chr\u00e9tient\u00e9, a inspir\u00e9.<\/p>\n<p>C\u2019est en toute qui\u00e9tude que Marie se pr\u00e9pare \u00e0 l\u2019\u00e9v\u00e8nement. La tradition orientale insiste sur la douceur de la mort de Marie, tel un endormissement, d\u2019o\u00f9 le nom de Dormition.<\/p>\n<p>Alors que dans l\u2019orthodoxie Marie est totalement identique \u00e0 tout homme, chez les catholiques, elle est n\u00e9e sans p\u00e9ch\u00e9 et donc monte directement au ciel, comme aspir\u00e9e par Dieu, d\u2019o\u00f9 le nom d\u2019Assomption.<\/p>\n<p>&nbsp;<\/p>\n","protected":false},"excerpt":{"rendered":"<p>G52.3 &#8211; Assomption de la Vierge Marie \/ Bible Nouveau-Testament &nbsp; Trouve-t-on dans l&rsquo;\u00c9criture Sainte quelque trace du myst\u00e8re final de Marie ? Ni dans l&rsquo;Ancien ni dans le Nouveau Testament ne se trouve de t\u00e9moignage formel sur la mani\u00e8re<\/p>\n","protected":false},"author":1,"featured_media":0,"parent":0,"menu_order":0,"comment_status":"closed","ping_status":"closed","template":"","meta":{"footnotes":""},"_links":{"self":[{"href":"http:\/\/image-bible.ch\/index.php?rest_route=\/wp\/v2\/pages\/4460"}],"collection":[{"href":"http:\/\/image-bible.ch\/index.php?rest_route=\/wp\/v2\/pages"}],"about":[{"href":"http:\/\/image-bible.ch\/index.php?rest_route=\/wp\/v2\/types\/page"}],"author":[{"embeddable":true,"href":"http:\/\/image-bible.ch\/index.php?rest_route=\/wp\/v2\/users\/1"}],"replies":[{"embeddable":true,"href":"http:\/\/image-bible.ch\/index.php?rest_route=%2Fwp%2Fv2%2Fcomments&post=4460"}],"version-history":[{"count":6,"href":"http:\/\/image-bible.ch\/index.php?rest_route=\/wp\/v2\/pages\/4460\/revisions"}],"predecessor-version":[{"id":9488,"href":"http:\/\/image-bible.ch\/index.php?rest_route=\/wp\/v2\/pages\/4460\/revisions\/9488"}],"wp:attachment":[{"href":"http:\/\/image-bible.ch\/index.php?rest_route=%2Fwp%2Fv2%2Fmedia&parent=4460"}],"curies":[{"name":"wp","href":"https:\/\/api.w.org\/{rel}","templated":true}]}}