{"id":4466,"date":"2021-04-05T10:04:32","date_gmt":"2021-04-05T08:04:32","guid":{"rendered":"http:\/\/image-bible.ch\/?page_id=4466"},"modified":"2024-08-21T17:37:04","modified_gmt":"2024-08-21T15:37:04","slug":"g52-6-icone","status":"publish","type":"page","link":"http:\/\/image-bible.ch\/?page_id=4466","title":{"rendered":"G52.6 \/ Ic\u00f4ne"},"content":{"rendered":"<h2>Ic\u00f4ne de la dormition<\/h2>\n<h5><img loading=\"lazy\" decoding=\"async\" class=\"alignnone wp-image-7452\" src=\"http:\/\/image-bible.ch\/wp-content\/uploads\/Dormition-Eglise-San-Paolo-Adrano-01-300x231.jpg\" alt=\"\" width=\"577\" height=\"444\" srcset=\"http:\/\/image-bible.ch\/wp-content\/uploads\/Dormition-Eglise-San-Paolo-Adrano-01-300x231.jpg 300w, http:\/\/image-bible.ch\/wp-content\/uploads\/Dormition-Eglise-San-Paolo-Adrano-01-1024x788.jpg 1024w, http:\/\/image-bible.ch\/wp-content\/uploads\/Dormition-Eglise-San-Paolo-Adrano-01-768x591.jpg 768w, http:\/\/image-bible.ch\/wp-content\/uploads\/Dormition-Eglise-San-Paolo-Adrano-01-1536x1183.jpg 1536w, http:\/\/image-bible.ch\/wp-content\/uploads\/Dormition-Eglise-San-Paolo-Adrano-01-2048x1577.jpg 2048w\" sizes=\"(max-width: 577px) 100vw, 577px\" \/><\/h5>\n<p>Ic\u00f4ne de la dormition \u00e9glise St Paul Adrano (Sicile)<\/p>\n<h5><img loading=\"lazy\" decoding=\"async\" class=\"alignnone  wp-image-7457\" src=\"http:\/\/image-bible.ch\/wp-content\/uploads\/4.19-Dormition-Icone-Nazareth-Cente-international-Marie-unite-12-2-255x300.jpg\" alt=\"\" width=\"536\" height=\"631\" srcset=\"http:\/\/image-bible.ch\/wp-content\/uploads\/4.19-Dormition-Icone-Nazareth-Cente-international-Marie-unite-12-2-255x300.jpg 255w, http:\/\/image-bible.ch\/wp-content\/uploads\/4.19-Dormition-Icone-Nazareth-Cente-international-Marie-unite-12-2-871x1024.jpg 871w, http:\/\/image-bible.ch\/wp-content\/uploads\/4.19-Dormition-Icone-Nazareth-Cente-international-Marie-unite-12-2-768x902.jpg 768w, http:\/\/image-bible.ch\/wp-content\/uploads\/4.19-Dormition-Icone-Nazareth-Cente-international-Marie-unite-12-2-1307x1536.jpg 1307w, http:\/\/image-bible.ch\/wp-content\/uploads\/4.19-Dormition-Icone-Nazareth-Cente-international-Marie-unite-12-2-1743x2048.jpg 1743w\" sizes=\"(max-width: 536px) 100vw, 536px\" \/><\/h5>\n<p>Dormition-Icone-Nazareth-Cente-international-Marie<\/p>\n<h5><\/h5>\n","protected":false},"excerpt":{"rendered":"<p>Ic\u00f4ne de la dormition Ic\u00f4ne de la dormition \u00e9glise St Paul Adrano (Sicile) Dormition-Icone-Nazareth-Cente-international-Marie<\/p>\n","protected":false},"author":1,"featured_media":0,"parent":0,"menu_order":0,"comment_status":"closed","ping_status":"closed","template":"","meta":{"footnotes":""},"_links":{"self":[{"href":"http:\/\/image-bible.ch\/index.php?rest_route=\/wp\/v2\/pages\/4466"}],"collection":[{"href":"http:\/\/image-bible.ch\/index.php?rest_route=\/wp\/v2\/pages"}],"about":[{"href":"http:\/\/image-bible.ch\/index.php?rest_route=\/wp\/v2\/types\/page"}],"author":[{"embeddable":true,"href":"http:\/\/image-bible.ch\/index.php?rest_route=\/wp\/v2\/users\/1"}],"replies":[{"embeddable":true,"href":"http:\/\/image-bible.ch\/index.php?rest_route=%2Fwp%2Fv2%2Fcomments&post=4466"}],"version-history":[{"count":10,"href":"http:\/\/image-bible.ch\/index.php?rest_route=\/wp\/v2\/pages\/4466\/revisions"}],"predecessor-version":[{"id":7458,"href":"http:\/\/image-bible.ch\/index.php?rest_route=\/wp\/v2\/pages\/4466\/revisions\/7458"}],"wp:attachment":[{"href":"http:\/\/image-bible.ch\/index.php?rest_route=%2Fwp%2Fv2%2Fmedia&parent=4466"}],"curies":[{"name":"wp","href":"https:\/\/api.w.org\/{rel}","templated":true}]}}