{"id":448,"date":"2021-03-03T15:54:05","date_gmt":"2021-03-03T14:54:05","guid":{"rendered":"http:\/\/image-bible.ch\/?page_id=448"},"modified":"2021-03-27T08:36:19","modified_gmt":"2021-03-27T07:36:19","slug":"a3-10-divers-video-references","status":"publish","type":"page","link":"http:\/\/image-bible.ch\/?page_id=448","title":{"rendered":"A3.10 \/ Divers Vid\u00e9o &#8211; R\u00e9f\u00e9rences"},"content":{"rendered":"\r\n<p style=\"text-align: center;\"><span style=\"font-size: 14pt; font-family: 'comic sans ms', sans-serif;\">A3. La circoncision \/\u00a0 Divers Vid\u00e9o &#8211; R\u00e9f\u00e9rences<\/span><\/p>\r\n\r\n\r\n\r\n<p>Texte<\/p>\r\n","protected":false},"excerpt":{"rendered":"<p>A3. La circoncision \/\u00a0 Divers Vid\u00e9o &#8211; R\u00e9f\u00e9rences Texte<\/p>\n","protected":false},"author":1,"featured_media":0,"parent":25,"menu_order":10,"comment_status":"closed","ping_status":"closed","template":"","meta":{"footnotes":""},"_links":{"self":[{"href":"http:\/\/image-bible.ch\/index.php?rest_route=\/wp\/v2\/pages\/448"}],"collection":[{"href":"http:\/\/image-bible.ch\/index.php?rest_route=\/wp\/v2\/pages"}],"about":[{"href":"http:\/\/image-bible.ch\/index.php?rest_route=\/wp\/v2\/types\/page"}],"author":[{"embeddable":true,"href":"http:\/\/image-bible.ch\/index.php?rest_route=\/wp\/v2\/users\/1"}],"replies":[{"embeddable":true,"href":"http:\/\/image-bible.ch\/index.php?rest_route=%2Fwp%2Fv2%2Fcomments&post=448"}],"version-history":[{"count":3,"href":"http:\/\/image-bible.ch\/index.php?rest_route=\/wp\/v2\/pages\/448\/revisions"}],"predecessor-version":[{"id":3762,"href":"http:\/\/image-bible.ch\/index.php?rest_route=\/wp\/v2\/pages\/448\/revisions\/3762"}],"up":[{"embeddable":true,"href":"http:\/\/image-bible.ch\/index.php?rest_route=\/wp\/v2\/pages\/25"}],"wp:attachment":[{"href":"http:\/\/image-bible.ch\/index.php?rest_route=%2Fwp%2Fv2%2Fmedia&parent=448"}],"curies":[{"name":"wp","href":"https:\/\/api.w.org\/{rel}","templated":true}]}}