{"id":496,"date":"2021-03-04T08:03:10","date_gmt":"2021-03-04T07:03:10","guid":{"rendered":"http:\/\/image-bible.ch\/?page_id=496"},"modified":"2021-09-13T20:18:15","modified_gmt":"2021-09-13T18:18:15","slug":"a4-1-la-bible-des-pauvres","status":"publish","type":"page","link":"http:\/\/image-bible.ch\/?page_id=496","title":{"rendered":"A4.1 La Bible des pauvres"},"content":{"rendered":"<p style=\"text-align: center;\"><span style=\"font-size: 14pt; font-family: 'comic sans ms', sans-serif;\">A4. L\u2019 adoration des 3 Mages \/ La Bible des pauvres<\/span><\/p>\n<p><img loading=\"lazy\" decoding=\"async\" class=\"alignnone wp-image-5415\" src=\"http:\/\/image-bible.ch\/wp-content\/uploads\/2021\/05\/4.-Adoration-des-mages-3-191x300.jpg\" alt=\"\" width=\"261\" height=\"410\" \/><\/p>\n<p><strong>Types :<\/strong> Abner devant David &#8211; La reine de Saba devant Salomon<\/p>\n<p><strong>Antitype :<\/strong> l\u2019adoration des 3 mages<\/p>\n<p>&nbsp;<\/p>\n<p>Dans le livre des Rois ont lit : <strong>Abner<\/strong>, commandant en chef de Sa\u00fcl, vint \u00e0 J\u00e9rusalem. Pour <strong>rallier \u00e0 David tout le peuple d\u2019Isra\u00ebl<\/strong>. C\u2019est une bonne pr\u00e9figuration\u00a0 de l\u2019arriv\u00e9e des mages chez le Christ, qui l\u2019ont honor\u00e9 avec des cadeaux mystiques, soit de l\u2019or, de l\u2019encens et de la myrrhe.<\/p>\n<p><i>2Sm 3,12-21 : \u00a0\u00a0Abner envoya des messagers dire \u00e0 David : \u00ab &#8230; Fais alliance avec moi et je te soutiendrai pour rallier autour de toi tout Isra\u00ebl. \u00bb13.\u00a0David r\u00e9pondit : \u00ab Bien! Je ferai alliance avec toi. \u2026.17.\u00a0Abner avait eu des pourparlers avec les anciens d&rsquo;Isra\u00ebl et leur avait dit : \u00ab Voici longtemps que vous d\u00e9sirez avoir David pour votre roi.18.\u00a0Agissez donc maintenant, puisque Yahv\u00e9 a dit ceci \u00e0 propos de David : \u00abC&rsquo;est par l&rsquo;entremise de mon serviteur David que je d\u00e9livrerai mon peuple Isra\u00ebl de la main des Philistins et de tous ses ennemis\u00bb. \u00bb19.\u00a0Abner parla aussi \u00e0 Benjamin, puis il alla \u00e0 H\u00e9bron pour exposer \u00e0 David tout ce qu&rsquo;avaient approuv\u00e9 les Isra\u00e9lites et toute la maison de Benjamin.20.\u00a0Abner, accompagn\u00e9 de vingt hommes, arriva chez David \u00e0 H\u00e9bron et David offrit un festin \u00e0 Abner et aux hommes qui \u00e9taient avec lui.21.\u00a0Abner dit ensuite \u00e0 David : \u00ab Allons! Je vais rassembler tout Isra\u00ebl aupr\u00e8s de Monseigneur le roi : ils concluront un pacte avec toi et tu r\u00e9gneras sur tout ce que tu souhaites. \u00bb David cong\u00e9dia Abner, qui partit en paix.<\/i><\/p>\n<p><i>\u00a0<\/i><\/p>\n<p>Dans le livre des Rois ont lit : <strong>la reine de Saba<\/strong> vint \u00e0 J\u00e9rusalem <strong>chez le roi Salomon<\/strong> pour l\u2019honorer de riches cadeaux. Elle est comme reine pa\u00efenne une juste pr\u00e9figuration pour les pa\u00efens, qui de loin sont venu adorer le Christ avec des cadeaux.<\/p>\n<p><i>1R 10,1-13 : \u00a0\u00a0La reine de Saba apprit la renomm\u00e9e de Salomon et vint \u00e9prouver celui-ci par des \u00e9nigmes.2.\u00a0Elle arriva \u00e0 J\u00e9rusalem avec une tr\u00e8s grande suite, des chameaux charg\u00e9s d&rsquo;aromates, d&rsquo;or en \u00e9norme quantit\u00e9 et de pierres pr\u00e9cieuses. Quand elle fut arriv\u00e9e aupr\u00e8s de Salomon, elle lui proposa tout ce qu&rsquo;elle avait m\u00e9dit\u00e9,3.\u00a0mais Salomon l&rsquo;\u00e9claira sur toutes ses questions et aucune ne fut pour le roi un secret qu&rsquo;il ne p\u00fbt \u00e9lucider\u2026..6.\u00a0et elle dit au roi : \u00ab Ce que j&rsquo;ai entendu dire sur toi et ta sagesse dans mon pays \u00e9tait donc vrai !7.\u00a0Je n&rsquo;ai pas voulu croire ce qu&rsquo;on disait avant de venir et de voir de mes yeux, mais vraiment on ne m&rsquo;en avait pas appris la moiti\u00e9 : tu surpasses en sagesse et en prosp\u00e9rit\u00e9 la renomm\u00e9e dont j&rsquo;ai eu l&rsquo;\u00e9cho.8.\u00a0Bienheureuses tes femmes, bienheureux tes serviteurs que voici, qui se tiennent continuellement devant toi et qui entendent ta sagesse !<\/i><\/p>\n<p><strong>David : Ps 71,10<\/strong><\/p>\n<p><i>Les rois de Tarsis et des Iles apporteront des pr\u00e9sents. Les rois de Saba et de Seba feront leur offrande.<\/i><\/p>\n<p><strong>Balaam : Nb 24,17<\/strong><\/p>\n<p><i>Ce h\u00e9ros, je le vois \u2013 mais pas pour maintenant \u2013 je l\u2019aper\u00e7ois \u2013 mais pas de pr\u00e8s : Un astre se l\u00e8ve, issu de Jacob, un sceptre se dresse, issu d\u2019Isra\u00ebl. Il brise les flancs de Moab, il d\u00e9cime tous les fils de Seth ;<\/i><\/p>\n<p><strong>Isa\u00efe : Es 60,6 (2,2-3)<\/strong><\/p>\n<p><i>En grand nombre, des chameaux t\u2019envahiront, de Madiane et d\u2019\u00c9pha. Tous les gens de Saba viendront, apportant l\u2019or et l\u2019encens ; ils annonceront les exploits du Seigneur.<\/i><\/p>\n<p><strong>Mich\u00e9e :\u00a0 Mi 4,1<\/strong><\/p>\n<p><i>Il arrivera dans les derniers jours que la montagne de la Maison du Seigneur se tiendra plus haut que les monts, elle s\u2019\u00e9l\u00e8vera au-dessus des collines. Vers elle afflueront des peuples<\/i><\/p>\n<p>&nbsp;<\/p>\n","protected":false},"excerpt":{"rendered":"<p>A4. L\u2019 adoration des 3 Mages \/ La Bible des pauvres Types : Abner devant David &#8211; La reine de Saba devant Salomon Antitype : l\u2019adoration des 3 mages &nbsp; Dans le livre des Rois ont lit : Abner, commandant<\/p>\n","protected":false},"author":1,"featured_media":0,"parent":27,"menu_order":1,"comment_status":"closed","ping_status":"closed","template":"","meta":{"footnotes":""},"_links":{"self":[{"href":"http:\/\/image-bible.ch\/index.php?rest_route=\/wp\/v2\/pages\/496"}],"collection":[{"href":"http:\/\/image-bible.ch\/index.php?rest_route=\/wp\/v2\/pages"}],"about":[{"href":"http:\/\/image-bible.ch\/index.php?rest_route=\/wp\/v2\/types\/page"}],"author":[{"embeddable":true,"href":"http:\/\/image-bible.ch\/index.php?rest_route=\/wp\/v2\/users\/1"}],"replies":[{"embeddable":true,"href":"http:\/\/image-bible.ch\/index.php?rest_route=%2Fwp%2Fv2%2Fcomments&post=496"}],"version-history":[{"count":8,"href":"http:\/\/image-bible.ch\/index.php?rest_route=\/wp\/v2\/pages\/496\/revisions"}],"predecessor-version":[{"id":5869,"href":"http:\/\/image-bible.ch\/index.php?rest_route=\/wp\/v2\/pages\/496\/revisions\/5869"}],"up":[{"embeddable":true,"href":"http:\/\/image-bible.ch\/index.php?rest_route=\/wp\/v2\/pages\/27"}],"wp:attachment":[{"href":"http:\/\/image-bible.ch\/index.php?rest_route=%2Fwp%2Fv2%2Fmedia&parent=496"}],"curies":[{"name":"wp","href":"https:\/\/api.w.org\/{rel}","templated":true}]}}