{"id":500,"date":"2021-03-04T08:04:31","date_gmt":"2021-03-04T07:04:31","guid":{"rendered":"http:\/\/image-bible.ch\/?page_id=500"},"modified":"2024-11-20T16:36:30","modified_gmt":"2024-11-20T15:36:30","slug":"a4-3-nouveau-testament","status":"publish","type":"page","link":"http:\/\/image-bible.ch\/?page_id=500","title":{"rendered":"A4.3 Nouveau-Testament"},"content":{"rendered":"<p style=\"text-align: center;\"><span style=\"font-size: 14pt; font-family: 'comic sans ms', sans-serif;\">A4. L\u2019 adoration des 3 Mages \/ Nouveau-Testament<\/span><\/p>\n<p><img loading=\"lazy\" decoding=\"async\" class=\"alignnone wp-image-5418\" src=\"http:\/\/image-bible.ch\/wp-content\/uploads\/2021\/05\/4.-Adoration-des-mages-C-300x244.jpg\" alt=\"\" width=\"495\" height=\"403\" srcset=\"http:\/\/image-bible.ch\/wp-content\/uploads\/2021\/05\/4.-Adoration-des-mages-C-300x244.jpg 300w, http:\/\/image-bible.ch\/wp-content\/uploads\/2021\/05\/4.-Adoration-des-mages-C.jpg 618w\" sizes=\"(max-width: 495px) 100vw, 495px\" \/><\/p>\n<p>Mt 2,1-12<\/p>\n<p><sup><span style=\"color: #0000ff;\">1<\/span>\u00a0 <\/sup><strong>J\u00e9sus<\/strong> \u00e9tait n\u00e9 \u00e0 <span style=\"color: #008000;\"><strong>Bethl\u00e9em<\/strong><\/span> en<span style=\"color: #008000;\"> <strong>Jud\u00e9e<\/strong><\/span>, au temps du roi <strong>H\u00e9rode le Grand<\/strong>. Or, voici que <strong>des mages<\/strong> venus <span style=\"color: #008000;\">d\u2019Orient<\/span> arriv\u00e8rent \u00e0 <span style=\"color: #008000;\">J\u00e9rusalem<\/span> <span style=\"color: #0000ff;\"><sup>2<\/sup><\/span> et demand\u00e8rent\u00a0: \u00ab\u00a0O\u00f9 est <strong><em>le roi des Juifs<\/em><\/strong> qui vient de na\u00eetre\u00a0? Nous avons vu son <span style=\"color: #ff0000;\"><em>\u00e9toile \u00e0 l\u2019orient<\/em><\/span> et nous sommes venus nous <em>prosterner<\/em> devant lui.\u00a0\u00bb<\/p>\n<p><span style=\"color: #0000ff;\"><sup>3<\/sup><\/span> En apprenant cela, le<strong> roi H\u00e9rode<\/strong> fut <em>boulevers\u00e9<\/em>, et<em> tout <span style=\"color: #008000;\"><strong>J\u00e9rusalem<\/strong><\/span><\/em> avec lui.<\/p>\n<p><span style=\"color: #0000ff;\"><sup>4<\/sup><\/span> Il r\u00e9unit tous <strong>les grands pr\u00eatres et les scribes<\/strong> du peuple, pour leur demander o\u00f9 devait na\u00eetre <span style=\"color: #ff0000;\"><em><strong>le Christ<\/strong>.<\/em><\/span><\/p>\n<p><span style=\"color: #0000ff;\"><sup>5<\/sup><\/span> Ils lui r\u00e9pondirent\u00a0: \u00ab\u00a0<em>\u00c0<span style=\"color: #008000;\"> Bethl\u00e9em en Jud\u00e9e<\/span><\/em>, car voici ce qui est \u00e9crit par le proph\u00e8te\u00a0:<\/p>\n<p><span style=\"color: #0000ff;\"><sup>6<\/sup><\/span> Et toi, <span style=\"color: #008000;\"><strong>Bethl\u00e9em<\/strong><\/span>, terre de<span style=\"color: #008000;\"><strong> Juda<\/strong><\/span>, tu n\u2019es certes pas le dernier parmi les chefs-lieux de<span style=\"color: #008000;\"><strong> Juda<\/strong><\/span>, car de toi sortira un chef, qui sera le<em> berger de mon peuple Isra\u00ebl<\/em>.\u00a0\u00bb<\/p>\n<p><span style=\"color: #0000ff;\"><sup>7<\/sup><\/span> Alors <strong>H\u00e9rode<\/strong> convoqua <strong>les mages<\/strong> en secret pour leur faire pr\u00e9ciser \u00e0 quelle date <em>l\u2019\u00e9toile<\/em> \u00e9tait apparue ; <span style=\"color: #0000ff;\"><sup>8<\/sup><\/span> puis il les envoya \u00e0 <strong><span style=\"color: #008000;\">Bethl\u00e9em<\/span>,<\/strong> en leur disant\u00a0: \u00ab\u00a0Allez-vous <span style=\"color: #ff0000;\"><em>renseigner<\/em> <\/span>avec pr\u00e9cision sur <strong><em>l\u2019enfant<\/em><\/strong>. Et quand vous l\u2019aurez trouv\u00e9, venez me <em>l\u2019annoncer<\/em> pour que j\u2019aille, moi aussi, me <em>prosterner<\/em> devant lui.\u00a0\u00bb<\/p>\n<p><span style=\"color: #0000ff;\"><sup>9<\/sup><\/span> Apr\u00e8s avoir entendu <strong>le roi<\/strong>, ils partirent. Et voici que <em>l\u2019\u00e9toile<\/em> qu\u2019ils avaient vue <em>\u00e0 l\u2019orient<\/em> les pr\u00e9c\u00e9dait, jusqu\u2019\u00e0 ce qu\u2019elle vienne s\u2019arr\u00eater <em>au-dessus de l\u2019endroit<\/em> o\u00f9 se trouvait <strong><em>l\u2019enfant<\/em><\/strong>.<\/p>\n<p><span style=\"color: #0000ff;\"><sup>10<\/sup><\/span> Quand ils virent <em>l\u2019\u00e9toile<\/em>, ils se r\u00e9jouirent d\u2019une tr\u00e8s <em>grande joie<\/em>.<\/p>\n<p><span style=\"color: #0000ff;\"><sup>11<\/sup><\/span> Ils entr\u00e8rent dans la maison, ils virent <em><strong>l\u2019enfant<\/strong><\/em> avec <strong>Marie<\/strong> sa m\u00e8re\u00a0; et, tombant \u00e0 ses pieds, ils se prostern\u00e8rent devant lui. Ils ouvrirent leurs <em>coffrets<\/em>, et lui offrirent leurs pr\u00e9sents\u00a0: <span style=\"color: #ff0000;\"><em>de l\u2019or, de l\u2019encens et de la myrrhe<\/em><\/span>.<\/p>\n<p><span style=\"color: #0000ff;\"><sup>12<\/sup><\/span> Mais, avertis <em>en songe<\/em> de ne <em>pas retourner<\/em> chez <strong>H\u00e9rode<\/strong>, ils regagn\u00e8rent leur pays par <em>un autre chemin<\/em>.<\/p>\n<p><span style=\"color: #993300;\"><strong>Vocabulaire :<\/strong><\/span><\/p>\n<p><span style=\"color: #993300;\">\u00c9toile (4 fois) :<br \/>\n<\/span><\/p>\n<p><span style=\"color: #993300;\">Orient (3 fois) :<\/span><\/p>\n<p><span style=\"color: #993300;\">Mages (4 fois) :<\/span><\/p>\n<p><span style=\"color: #993300;\">Enfant (3 fois) :<\/span><\/p>\n<p><strong><span style=\"color: #0000ff;\">Questions :<\/span><\/strong><\/p>\n<ol>\n<li><span style=\"color: #0000ff;\">En comparant avec Lc o\u00f9 les bergers (tout proche) viennent voir l&rsquo;enfant, que repr\u00e9sentent les mages ?<\/span><\/li>\n<li><span style=\"color: #0000ff;\">Quelle figure de l&rsquo;A.T. repr\u00e9sente H\u00e9rode dans sa mani\u00e8re perverse d&rsquo;agir ?<\/span><\/li>\n<li><span style=\"color: #0000ff;\">Pourquoi H\u00e9rode est-il boulevers\u00e9 ? (les disciples dans la barque lorsque J\u00e9sus s&rsquo;avance sur l&rsquo;eau sont aussi boulevers\u00e9 Mt 14,26)<\/span><\/li>\n<li><span style=\"color: #0000ff;\">Que repr\u00e9sentent les grands pr\u00eatres et les scribes ? Que r\u00e9pondent-ils \u00e0 la question o\u00f9 doit na\u00eetre le roi des juifs ?<\/span><\/li>\n<li><span style=\"color: #0000ff;\">Quels sont les diff\u00e9rents titre donn\u00e9 \u00e0 l&rsquo;enfant ?<\/span><\/li>\n<li><span style=\"color: #0000ff;\">Pourquoi Joseph (Mt 1,18-25) est-il absent dans ce r\u00e9cit ?<\/span><\/li>\n<li><span style=\"color: #0000ff;\">Que signifie symboliquement l&rsquo;or, l&rsquo;encens et la myrrhe comme r\u00e9v\u00e9lation du myst\u00e8re de J\u00e9sus (l&rsquo;enfant) ?<\/span><\/li>\n<li><span style=\"color: #0000ff;\">Que signifie symboliquement les mages qui retournent \u00ab\u00a0par un autre chemin\u00a0\u00bb ?<\/span><\/li>\n<\/ol>\n<p><strong>Commentaire :<\/strong><\/p>\n<p>Pour bien comprendre la profondeur de ce r\u00e9cit il faut le lire en parall\u00e8le avec le r\u00e9cit de Lc. Alors que chez Luc Dieu s&rsquo;adresse au plus pauvre et simple, les bergers, ici il s&rsquo;adresse au sages, savants, les scientifiques et les chercheurs de l&rsquo;\u00e9poque. Ainsi la bonne nouvelle de la naissance de J\u00e9sus concerne toute l&rsquo;humanit\u00e9, du plus pauvre au plus intelligent, s&rsquo;il veut bien ouvrir son coeur.<\/p>\n<p>Les mages viennent d&rsquo;Orient, de l&rsquo;ailleurs du peuple juif, il repr\u00e9sentent tout les autres croyants. Ils sont guid\u00e9 par une \u00e9toile, c&rsquo;est \u00e0 dire Dieu, \u00e0 travers les m\u00e9diations de la nature et de l&rsquo;homme, que tout un chacun peut observer. ainsi la naissance de J\u00e9sus est accessible \u00e0 tout homme.<\/p>\n<p>H\u00e9rode est la figure de Pharaon, qui ne voulait pas laisser le peuple d&rsquo;Isra\u00ebl partir dans le d\u00e9sert pour son culte dans le d\u00e9sert. Mais en m\u00eame temps avec la question renvoy\u00e9e aux grands pr\u00eatres et aux scribes, il repr\u00e9sente tout l&rsquo;A.T., toute l&rsquo;attente du peuple juif de son messie, l&rsquo;oint (le Christ v. 4). Et la r\u00e9ponse vient de l\u2019\u00c9criture un passage du proph\u00e8te Mich\u00e9e : \u00ab\u00a0Et toi, Bethl\u00e9em \u00c9phrata, le plus petit des clans de Juda, c\u2019est de toi que sortira pour moi celui qui doit gouverner Isra\u00ebl. Ses origines remontent aux temps anciens, aux jours d\u2019autrefois\u00a0\u00bb (Mi 5,1).<\/p>\n<p>Ainsi pour Mathieu J\u00e9sus est clairement l&rsquo;accomplissement de l&rsquo;attente du peuple de Dieu. C&rsquo;est encore l&rsquo;\u00e9toile (Dieu) qui m\u00e8ne les mages \u00e0 Bethl\u00e9em (la maison du pain). En entrant dans la maison (ni une caverne, ni une \u00e9table) ils voient l&rsquo;enfant et Marie. Joseph dont il est longuement question (Mt 1,18-25) est absent pour marquer certainement l&rsquo;origine divine de l&rsquo;enfant. Ils se prosternent et d\u00e9ballent leurs cadeaux :<\/p>\n<ul>\n<li>de l&rsquo;or pour un roi = le roi des juifs (v. 2)<\/li>\n<li>de l&rsquo;encens pour une pr\u00eatre afin de c\u00e9l\u00e9brer la grandeur de Dieu = le Christ (v. 4)<\/li>\n<li>de la myrrhe pour embaumer le corps d&rsquo;un mort et le maintenir encore plus longtemps = l&rsquo;annonce de la mort et de la r\u00e9surrection de J\u00e9sus-Christ<\/li>\n<\/ul>\n<p>A travers ces trois pr\u00e9sents, les mages r\u00e9v\u00e8lent l&rsquo;identit\u00e9 profonde de l&rsquo;enfant, son myst\u00e8re, ils sont donc fid\u00e8le \u00e0 leur de vocation de chercheur, de l&rsquo;infini et de l&rsquo;absolu.<\/p>\n<p>Les mages ne retournent pas chez H\u00e9rode (l&rsquo;esclavage) mais par un autre chemin, car la bonne nouvelle de la naissance de cet enfant a transform\u00e9 leur vie (conversion).<\/p>\n","protected":false},"excerpt":{"rendered":"<p>A4. L\u2019 adoration des 3 Mages \/ Nouveau-Testament Mt 2,1-12 1\u00a0 J\u00e9sus \u00e9tait n\u00e9 \u00e0 Bethl\u00e9em en Jud\u00e9e, au temps du roi H\u00e9rode le Grand. Or, voici que des mages venus d\u2019Orient arriv\u00e8rent \u00e0 J\u00e9rusalem 2 et demand\u00e8rent\u00a0: \u00ab\u00a0O\u00f9 est<\/p>\n","protected":false},"author":1,"featured_media":0,"parent":27,"menu_order":3,"comment_status":"closed","ping_status":"closed","template":"","meta":{"footnotes":""},"_links":{"self":[{"href":"http:\/\/image-bible.ch\/index.php?rest_route=\/wp\/v2\/pages\/500"}],"collection":[{"href":"http:\/\/image-bible.ch\/index.php?rest_route=\/wp\/v2\/pages"}],"about":[{"href":"http:\/\/image-bible.ch\/index.php?rest_route=\/wp\/v2\/types\/page"}],"author":[{"embeddable":true,"href":"http:\/\/image-bible.ch\/index.php?rest_route=\/wp\/v2\/users\/1"}],"replies":[{"embeddable":true,"href":"http:\/\/image-bible.ch\/index.php?rest_route=%2Fwp%2Fv2%2Fcomments&post=500"}],"version-history":[{"count":12,"href":"http:\/\/image-bible.ch\/index.php?rest_route=\/wp\/v2\/pages\/500\/revisions"}],"predecessor-version":[{"id":9531,"href":"http:\/\/image-bible.ch\/index.php?rest_route=\/wp\/v2\/pages\/500\/revisions\/9531"}],"up":[{"embeddable":true,"href":"http:\/\/image-bible.ch\/index.php?rest_route=\/wp\/v2\/pages\/27"}],"wp:attachment":[{"href":"http:\/\/image-bible.ch\/index.php?rest_route=%2Fwp%2Fv2%2Fmedia&parent=500"}],"curies":[{"name":"wp","href":"https:\/\/api.w.org\/{rel}","templated":true}]}}