{"id":503,"date":"2021-03-04T08:05:07","date_gmt":"2021-03-04T07:05:07","guid":{"rendered":"http:\/\/image-bible.ch\/?page_id=503"},"modified":"2021-09-21T17:01:43","modified_gmt":"2021-09-21T15:01:43","slug":"a4-4-ancien-testament","status":"publish","type":"page","link":"http:\/\/image-bible.ch\/?page_id=503","title":{"rendered":"A4.4 Ancien-Testament"},"content":{"rendered":"<p><\/p>\r\n<p style=\"text-align: center;\"><span style=\"font-size: 14pt; font-family: 'book antiqua', palatino, serif;\"><strong>A4. L\u2019 adoration des 3 Mages \/ Ancien-Testament<\/strong><\/span><\/p>\r\n<h3>Abner devant David<\/h3>\r\n<p><img loading=\"lazy\" decoding=\"async\" class=\"alignnone  wp-image-5416\" src=\"http:\/\/image-bible.ch\/wp-content\/uploads\/2021\/05\/4.-Adoration-des-mages-A-David-179x300.jpg\" alt=\"\" width=\"222\" height=\"372\" srcset=\"http:\/\/image-bible.ch\/wp-content\/uploads\/2021\/05\/4.-Adoration-des-mages-A-David-179x300.jpg 179w, http:\/\/image-bible.ch\/wp-content\/uploads\/2021\/05\/4.-Adoration-des-mages-A-David.jpg 296w\" sizes=\"(max-width: 222px) 100vw, 222px\" \/><\/p>\r\n<p><i>2Sm 3,1&#8230;21 :\u00a0<\/i><\/p>\r\n<p><span style=\"color: #0000ff;\"><sup>1<\/sup><\/span> La guerre fut longue entre la maison de <strong>Sa\u00fcl<\/strong> et la maison de <strong>David<\/strong>. Mais <strong>David<\/strong> allait se fortifiant, tandis que la maison de <strong>Sa\u00fcl<\/strong> allait s\u2019affaiblissant\u2026<\/p>\r\n<p><span style=\"color: #0000ff;\"><sup>6<\/sup><\/span> Au cours de cette guerre entre la maison de Sa\u00fcl et la maison de David, <strong>Abner<\/strong> renfor\u00e7ait sa position dans la maison de Sa\u00fcl.<\/p>\r\n<p><span style=\"color: #0000ff;\"><sup>7<\/sup><\/span> Or, Sa\u00fcl avait eu une concubine nomm\u00e9e <strong>Rispa<\/strong>, fille de Ayya. <strong>Ishbosheth<\/strong> dit \u00e0 Abner\u00a0: \u00ab\u00a0Pourquoi es-tu all\u00e9 vers la concubine de mon p\u00e8re\u00a0?\u00a0\u00bb<\/p>\r\n<p><span style=\"color: #0000ff;\"><sup>8<\/sup><\/span> \u00c0 ces paroles d\u2019Ishbosheth, Abner fut pris d\u2019une violente col\u00e8re et dit\u00a0: \u00ab\u00a0Suis-je une t\u00eate de chien au service de <span style=\"color: #808000;\">Juda<\/span>\u00a0? Aujourd\u2019hui, j\u2019agis en toute fid\u00e9lit\u00e9 envers la maison de ton p\u00e8re Sa\u00fcl, envers ses fr\u00e8res et ses amis, je t\u2019emp\u00eache de tomber aux mains de David, et toi, tu viens me reprocher aujourd\u2019hui une faute avec cette femme\u00a0!<\/p>\r\n<p><span style=\"color: #0000ff;\"><sup>9<\/sup><\/span> Que Dieu am\u00e8ne le malheur sur moi, Abner, et pire encore, si je ne fais pas pour David ce que le Seigneur lui a promis par serment\u00a0: <span style=\"color: #0000ff;\"><sup>10<\/sup><\/span> enlever la royaut\u00e9 \u00e0 la maison de Sa\u00fcl, \u00e9riger le tr\u00f4ne de David sur Isra\u00ebl et sur Juda, depuis Dane jusqu\u2019\u00e0 Bersh\u00e9ba\u00a0!\u00a0\u00bb<\/p>\r\n<p><span style=\"color: #0000ff;\"><sup>11<\/sup><\/span> Ishbosheth ne put r\u00e9pliquer un mot \u00e0 Abner, tant il avait peur de lui.<\/p>\r\n<p><span style=\"color: #0000ff;\"><sup>12<\/sup><\/span> Abner envoya, en son propre nom, des messagers dire \u00e0 David\u00a0: \u00ab\u00a0<em><span style=\"color: #ff0000;\">\u00c0 qui appartient le pays\u00a0?<\/span><\/em>\u00a0\u00bb Et il ajouta\u00a0: \u00ab\u00a0<em><span style=\"color: #ff0000;\">Conclus donc une alliance avec moi<\/span><\/em>, et je te pr\u00eaterai main-forte pour que tout Isra\u00ebl se tourne vers toi.\u00a0\u00bb<\/p>\r\n<p><span style=\"color: #0000ff;\"><sup>13<\/sup><\/span> David r\u00e9pondit\u00a0: \u00ab\u00a0Bien\u00a0! Je vais conclure une alliance avec toi\u2026<\/p>\r\n<p><span style=\"color: #0000ff;\"><sup>17<\/sup><\/span> Abner engagea des pourparlers avec les anciens d\u2019Isra\u00ebl. Il leur dit\u00a0: \u00ab\u00a0Depuis longtemps d\u00e9j\u00e0, vous d\u00e9sirez que David soit votre roi.<\/p>\r\n<p><span style=\"color: #0000ff;\"><sup>18 <\/sup><\/span>C\u2019est le moment d\u2019agir\u00a0! En effet, le Seigneur a d\u00e9clar\u00e9 au sujet de David\u00a0: \u201cPar la main de mon serviteur David, je sauverai mon peuple Isra\u00ebl de la main des Philistins et de la main de tous ses ennemis\u201d.\u00a0\u00bb<\/p>\r\n<p><span style=\"color: #0000ff;\"><sup>19 <\/sup><\/span>Abner parla aussi avec les <strong>Benjaminites<\/strong>\u00a0; puis il alla lui-m\u00eame \u00e0 H\u00e9bron parler avec David de tout ce qui <em>paraissait bon \u00e0 Isra\u00ebl<\/em> et \u00e0 toute la maison de Benjamin.<\/p>\r\n<p><span style=\"color: #0000ff;\"><sup>20<\/sup><\/span> Abner arriva donc chez David<strong><span style=\"color: #008000;\"> \u00e0 H\u00e9bron<\/span><\/strong>\u00a0; vingt hommes l\u2019accompagnaient. David fit un festin pour Abner et ses compagnons.<\/p>\r\n<p><span style=\"color: #0000ff;\"><sup>21<\/sup><\/span> Abner dit \u00e0 David\u00a0: \u00ab\u00a0Je vais me mettre en route et<em><span style=\"color: #ff0000;\"> rassembler tout Isra\u00ebl<\/span><\/em> aupr\u00e8s de mon seigneur le roi. Ils concluront <em><span style=\"color: #ff0000;\">une alliance<\/span><\/em> avec toi, et tu r\u00e9gneras partout o\u00f9 tu le d\u00e9sires.\u00a0\u00bb Puis David cong\u00e9dia Abner qui s\u2019en alla en paix.<\/p>\r\n<p><strong><span style=\"color: #993300;\">Vocabulaire :<\/span><\/strong><\/p>\r\n<p><strong><span style=\"color: #993300;\">Abner : <\/span><\/strong><\/p>\r\n<p><strong><span style=\"color: #993300;\">David : <\/span><\/strong><\/p>\r\n<p>&nbsp;<\/p>\r\n<p><strong><span style=\"color: #0000ff;\">Questions :<\/span><\/strong><\/p>\r\n<p>&nbsp;<\/p>\r\n<p><strong>Commentaire :<\/strong><\/p>\r\n<p><b>Abner<\/b>, commandant en chef de Sa\u00fcl, vient de J\u00e9rusalem, pour <b>rallier \u00e0 David <\/b>tout le peuple d\u2019Isra\u00ebl. <br \/>C\u2019est une bonne pr\u00e9figuration\u00a0 de l\u2019arriv\u00e9e <b>des mages <\/b><b>chez le Christ<\/b>, qui l\u2019ont honor\u00e9 avec des cadeaux symboliques, soit de <b>l\u2019or, de l\u2019encens et de la myrrhe<\/b>.<\/p>\r\n<h3>La reine de Saba devant Salomon<\/h3>\r\n<p><img loading=\"lazy\" decoding=\"async\" class=\"alignnone size-medium wp-image-5417\" src=\"http:\/\/image-bible.ch\/wp-content\/uploads\/2021\/05\/4.-Adoration-des-mages-B-Salomon-194x300.jpg\" alt=\"\" width=\"194\" height=\"300\" srcset=\"http:\/\/image-bible.ch\/wp-content\/uploads\/2021\/05\/4.-Adoration-des-mages-B-Salomon-194x300.jpg 194w, http:\/\/image-bible.ch\/wp-content\/uploads\/2021\/05\/4.-Adoration-des-mages-B-Salomon.jpg 312w\" sizes=\"(max-width: 194px) 100vw, 194px\" \/><\/p>\r\n<p><i>1R 10,1-13 : \u00a0<\/i><\/p>\r\n<p><span style=\"color: #0000ff;\"><sup>1<\/sup><\/span> La <strong>reine de Saba<\/strong> avait entendu parler de la renomm\u00e9e de <strong>Salomon<\/strong>, qui faisait honneur au nom du Seigneur. Elle vint donc pour <em><span style=\"color: #ff0000;\">le mettre \u00e0 l\u2019\u00e9preuve<\/span><\/em> en lui proposant <em><span style=\"color: #ff0000;\">des \u00e9nigmes<\/span><\/em>.<\/p>\r\n<p><span style=\"color: #0000ff;\"><sup>2<\/sup><\/span> Elle arriva <strong><span style=\"color: #008000;\">\u00e0 J\u00e9rusalem<\/span><\/strong> avec une escorte imposante : des chameaux charg\u00e9s d\u2019aromates et d\u2019une \u00e9norme quantit\u00e9 d\u2019or et de pierres pr\u00e9cieuses. Quand elle fut parvenue aupr\u00e8s de Salomon, elle lui exposa les questions qu\u2019elle avait pr\u00e9par\u00e9es,<span style=\"color: #0000ff;\"> <sup>3<\/sup><\/span> mais Salomon<em> trouva r\u00e9ponse \u00e0 tout et ne fut arr\u00eat\u00e9 par aucune difficult\u00e9<\/em>.<\/p>\r\n<p><span style=\"color: #0000ff;\"><sup>4<\/sup><\/span> Lorsque la reine de Saba vit toute<em><span style=\"color: #ff0000;\"> la sagesse<\/span><\/em> de Salomon, le palais qu\u2019il avait construit<span style=\"color: #0000ff;\">, <sup>5 <\/sup><\/span>les plats servis \u00e0 sa table, le logement de ses officiers, la tenue du service et l\u2019habillement des serviteurs, ses sommeliers, les holocaustes qu\u2019il offrait \u00e0 la maison du Seigneur, <span style=\"color: #0000ff;\"><sup>6<\/sup><\/span> elle en eut le souffle coup\u00e9, et elle dit au roi : \u00ab Ce que j\u2019ai entendu dire dans mon pays sur toi et sur ta sagesse, c\u2019\u00e9tait donc vrai !<\/p>\r\n<p><span style=\"color: #0000ff;\"><sup>7<\/sup><\/span> Je ne voulais pas croire ce qu\u2019on disait, avant de venir et de voir de mes yeux ; mais voil\u00e0 qu\u2019on ne m\u2019en avait pas appris la moiti\u00e9 ! Tu <em><span style=\"color: #ff0000;\">surpasses en sagesse<\/span><\/em> et en magnificence la renomm\u00e9e qui \u00e9tait venue jusqu\u2019\u00e0 moi.<\/p>\r\n<p><span style=\"color: #0000ff;\"><sup>8<\/sup><\/span> Heureux tes gens, heureux tes serviteurs que voici, eux qui se tiennent continuellement devant toi et qui entendent ta sagesse !<\/p>\r\n<p><span style=\"color: #0000ff;\"><sup>9<\/sup><\/span> B\u00e9ni soit le Seigneur ton Dieu, qui t\u2019a montr\u00e9 sa bienveillance en te pla\u00e7ant sur le tr\u00f4ne d\u2019Isra\u00ebl. Parce que le Seigneur aime Isra\u00ebl pour toujours, il t\u2019a \u00e9tabli roi pour exercer le droit et la justice. \u00bb<\/p>\r\n<p><span style=\"color: #0000ff;\"><sup>10<\/sup><\/span> Elle fit pr\u00e9sent au roi de cent vingt lingots d\u2019or, d\u2019une grande quantit\u00e9 d\u2019aromates et de pierres pr\u00e9cieuses ; il n\u2019est plus jamais venu une quantit\u00e9 d\u2019aromates pareille \u00e0 celle que la reine de Saba avait donn\u00e9e au roi Salomon.<\/p>\r\n<p><span style=\"color: #0000ff;\"><sup>11<\/sup><\/span> La flotte d\u2019Hiram avait donc apport\u00e9 l\u2019or d\u2019Ophir. Elle en rapporta \u00e9galement du bois de santal, en tr\u00e8s grande quantit\u00e9, et des pierres pr\u00e9cieuses.<\/p>\r\n<p><span style=\"color: #0000ff;\"><sup>12<\/sup><\/span> Avec ce bois de santal, le roi fit une balustrade pour la maison du Seigneur et la maison du roi ; on en fit aussi des cithares et des harpes pour les chantres. Par la suite, on ne re\u00e7ut plus jamais de ce bois de santal, et jusqu\u2019\u00e0 ce jour on n\u2019en a plus revu.<\/p>\r\n<p><span style=\"color: #0000ff;\"><sup>13<\/sup><\/span> Le roi Salomon offrit \u00e0 la reine de Saba tout ce qui r\u00e9pondait \u00e0 ses d\u00e9sirs, en plus des pr\u00e9sents qu\u2019il lui faisait avec une munificence digne du roi Salomon. Puis elle s\u2019en retourna dans son pays avec ses serviteurs.<\/p>\r\n<p><span style=\"color: #993300;\"><strong>Vocabulaire :<\/strong><\/span><\/p>\r\n<p><span style=\"color: #993300;\"><strong>Abner : <\/strong><\/span><\/p>\r\n<p><strong><span style=\"color: #993300;\">David :<\/span> <\/strong><\/p>\r\n<p>&nbsp;<\/p>\r\n<p><span style=\"color: #0000ff;\"><strong>Questions :<\/strong><\/span><\/p>\r\n<p>&nbsp;<\/p>\r\n<p><strong>Commentaire :<\/strong><\/p>\r\n<p>&nbsp;<\/p>\r\n<p><img loading=\"lazy\" decoding=\"async\" class=\"alignnone size-medium wp-image-5418\" src=\"http:\/\/image-bible.ch\/wp-content\/uploads\/2021\/05\/4.-Adoration-des-mages-C-300x244.jpg\" alt=\"\" width=\"300\" height=\"244\" srcset=\"http:\/\/image-bible.ch\/wp-content\/uploads\/2021\/05\/4.-Adoration-des-mages-C-300x244.jpg 300w, http:\/\/image-bible.ch\/wp-content\/uploads\/2021\/05\/4.-Adoration-des-mages-C.jpg 618w\" sizes=\"(max-width: 300px) 100vw, 300px\" \/><\/p>\r\n<p><strong>David :<\/strong> <i>Ps 71,10 : <\/i><i>Les rois de Tarsis et des Iles apporteront des pr\u00e9sents. Les rois de Saba et de Seba feront leur offrande.<\/i><\/p>\r\n<p><strong>Balaam :<\/strong><i> Nb 24,17 : <\/i><i>Ce h\u00e9ros, je le vois \u2013 mais pas pour maintenant \u2013 je l\u2019aper\u00e7ois \u2013 mais pas de pr\u00e8s : Un astre se l\u00e8ve, issu de Jacob, un sceptre se dresse, issu d\u2019Isra\u00ebl. Il brise les flancs de Moab, il d\u00e9cime tous les fils de Seth ;<\/i><\/p>\r\n<p><strong>Isa\u00efe :<\/strong><i> Es 60,6 (2,2-3) : <\/i><i>En grand nombre, des chameaux t\u2019envahiront, de Madiane et d\u2019\u00c9pha. Tous les gens de Saba viendront, apportant l\u2019or et l\u2019encens ; ils annonceront les exploits du Seigneur.<\/i><\/p>\r\n<p><strong>Mich\u00e9e :<\/strong><i>\u00a0 Mi 4,1 : <\/i><i>Il arrivera dans les derniers jours que la montagne de la Maison du Seigneur se tiendra plus haut que les monts, elle s\u2019\u00e9l\u00e8vera au-dessus des collines. Vers elle afflueront des peuples<\/i><\/p>\r\n<p>&nbsp;<\/p>\r\n","protected":false},"excerpt":{"rendered":"<p>A4. L\u2019 adoration des 3 Mages \/ Ancien-Testament Abner devant David 2Sm 3,1&#8230;21 :\u00a0 1 La guerre fut longue entre la maison de Sa\u00fcl et la maison de David. Mais David allait se fortifiant, tandis que la maison de Sa\u00fcl<\/p>\n","protected":false},"author":1,"featured_media":0,"parent":27,"menu_order":4,"comment_status":"closed","ping_status":"closed","template":"","meta":{"footnotes":""},"_links":{"self":[{"href":"http:\/\/image-bible.ch\/index.php?rest_route=\/wp\/v2\/pages\/503"}],"collection":[{"href":"http:\/\/image-bible.ch\/index.php?rest_route=\/wp\/v2\/pages"}],"about":[{"href":"http:\/\/image-bible.ch\/index.php?rest_route=\/wp\/v2\/types\/page"}],"author":[{"embeddable":true,"href":"http:\/\/image-bible.ch\/index.php?rest_route=\/wp\/v2\/users\/1"}],"replies":[{"embeddable":true,"href":"http:\/\/image-bible.ch\/index.php?rest_route=%2Fwp%2Fv2%2Fcomments&post=503"}],"version-history":[{"count":7,"href":"http:\/\/image-bible.ch\/index.php?rest_route=\/wp\/v2\/pages\/503\/revisions"}],"predecessor-version":[{"id":6232,"href":"http:\/\/image-bible.ch\/index.php?rest_route=\/wp\/v2\/pages\/503\/revisions\/6232"}],"up":[{"embeddable":true,"href":"http:\/\/image-bible.ch\/index.php?rest_route=\/wp\/v2\/pages\/27"}],"wp:attachment":[{"href":"http:\/\/image-bible.ch\/index.php?rest_route=%2Fwp%2Fv2%2Fmedia&parent=503"}],"curies":[{"name":"wp","href":"https:\/\/api.w.org\/{rel}","templated":true}]}}