{"id":509,"date":"2021-03-04T08:06:25","date_gmt":"2021-03-04T07:06:25","guid":{"rendered":"http:\/\/image-bible.ch\/?page_id=509"},"modified":"2022-05-02T15:38:53","modified_gmt":"2022-05-02T13:38:53","slug":"a4-7-fete-juive","status":"publish","type":"page","link":"http:\/\/image-bible.ch\/?page_id=509","title":{"rendered":"A4.7 F\u00eate juive"},"content":{"rendered":"\r\n<p style=\"text-align: center;\"><span style=\"font-size: 14pt; font-family: 'book antiqua', palatino, serif;\"><strong>A4. L\u2019 adoration des 3 Mages \/ F\u00eate juive et Epiphanie<\/strong><\/span><\/p>\r\n<h3><a href=\"http:\/\/image-bible.ch\/wp-content\/uploads\/7-clefs-pour-lepiphanie.pdf\">7 clefs pour l&rsquo;\u00e9piphanie<\/a><\/h3>\r\n<h3><strong>F\u00eate de l&rsquo;\u00e9piphanie :<\/strong><\/h3>\r\n<p style=\"text-align: justify;\">En grec ancien <span class=\"lang-grc\" lang=\"grc\">\u1f18\u03c0\u03b9\u03c6\u03ac\u03bd\u03b5\u03b9\u03b1<\/span>\u00a0\/ <span class=\"lang-grc-latn\" lang=\"grc-latn\"><i>Epiph\u00e1neia<\/i><\/span> qui signifie \u00ab\u00a0manifestation\u00a0\u00bb ou \u00ab\u00a0apparition\u00a0\u00bb du verbe <span class=\"lang-grc\" lang=\"grc\">\u03c6\u03b1\u03af\u03bd\u03c9<\/span>\u00a0\/ <span class=\"lang-grc-latn\" lang=\"grc-latn\"><i>pha\u00edn\u014d<\/i><\/span>, \u00ab\u00a0se manifester, appara\u00eetre, \u00eatre \u00e9vident\u00a0\u00bb. Il est le neutre substantiv\u00e9 de l&rsquo;adjectif epiphanios, d&rsquo;<i>epiphan\u00eas<\/i> \u00ab\u00a0manifeste, illustre\u00a0\u00bb.<\/p>\r\n<p style=\"text-align: justify;\">La f\u00eate s&rsquo;appelle aussi \u2013 en particulier chez les orthodoxes \u2013 \u00ab\u202f<b>Th\u00e9ophanie<\/b> \u00bb, qui signifie \u00e9galement la \u00ab\u00a0manifestation de Dieu\u00a0\u00bb.<\/p>\r\n<p>Aujourd&rsquo;hui cette f\u00eate regroupe la manifestation de J\u00e9sus au rois mages, le bapt\u00eame de J\u00e9sus et le premier signe \u00e0 Cana (Jn 2).<\/p>\r\n<p><span class=\"ILfuVd\"><span class=\"hgKElc\">La Th\u00e9ophanie est l&rsquo;une <b>des<\/b> Douze Grandes <b>F\u00eates<\/b> du christianisme <b>orthodoxe<\/b>. Le 19 janvier pour les <b>orthodoxes<\/b> russes <b>et<\/b> serbes, <b>et<\/b> le 6 janvier pour les <b>orthodoxes<\/b> grecs, l&rsquo;\u00c9glise <b>orthodoxe<\/b> c\u00e9l\u00e8bre <b>la f\u00eate<\/b> de la Th\u00e9ophanie. Cette <b>f\u00eate<\/b> est le pendant <b>orthodoxe<\/b> de <b>la f\u00eate<\/b> de l&rsquo;\u00c9piphanie <b>dans<\/b> l&rsquo;\u00c9glise catholique.<\/span><\/span><\/p>\r\n","protected":false},"excerpt":{"rendered":"<p>A4. L\u2019 adoration des 3 Mages \/ F\u00eate juive et Epiphanie 7 clefs pour l&rsquo;\u00e9piphanie F\u00eate de l&rsquo;\u00e9piphanie : En grec ancien \u1f18\u03c0\u03b9\u03c6\u03ac\u03bd\u03b5\u03b9\u03b1\u00a0\/ Epiph\u00e1neia qui signifie \u00ab\u00a0manifestation\u00a0\u00bb ou \u00ab\u00a0apparition\u00a0\u00bb du verbe \u03c6\u03b1\u03af\u03bd\u03c9\u00a0\/ pha\u00edn\u014d, \u00ab\u00a0se manifester, appara\u00eetre, \u00eatre \u00e9vident\u00a0\u00bb. Il est<\/p>\n","protected":false},"author":1,"featured_media":0,"parent":27,"menu_order":7,"comment_status":"closed","ping_status":"closed","template":"","meta":{"footnotes":""},"_links":{"self":[{"href":"http:\/\/image-bible.ch\/index.php?rest_route=\/wp\/v2\/pages\/509"}],"collection":[{"href":"http:\/\/image-bible.ch\/index.php?rest_route=\/wp\/v2\/pages"}],"about":[{"href":"http:\/\/image-bible.ch\/index.php?rest_route=\/wp\/v2\/types\/page"}],"author":[{"embeddable":true,"href":"http:\/\/image-bible.ch\/index.php?rest_route=\/wp\/v2\/users\/1"}],"replies":[{"embeddable":true,"href":"http:\/\/image-bible.ch\/index.php?rest_route=%2Fwp%2Fv2%2Fcomments&post=509"}],"version-history":[{"count":7,"href":"http:\/\/image-bible.ch\/index.php?rest_route=\/wp\/v2\/pages\/509\/revisions"}],"predecessor-version":[{"id":6920,"href":"http:\/\/image-bible.ch\/index.php?rest_route=\/wp\/v2\/pages\/509\/revisions\/6920"}],"up":[{"embeddable":true,"href":"http:\/\/image-bible.ch\/index.php?rest_route=\/wp\/v2\/pages\/27"}],"wp:attachment":[{"href":"http:\/\/image-bible.ch\/index.php?rest_route=%2Fwp%2Fv2%2Fmedia&parent=509"}],"curies":[{"name":"wp","href":"https:\/\/api.w.org\/{rel}","templated":true}]}}