{"id":5268,"date":"2021-04-08T16:24:08","date_gmt":"2021-04-08T14:24:08","guid":{"rendered":"http:\/\/image-bible.ch\/?page_id=5268"},"modified":"2022-07-01T17:20:32","modified_gmt":"2022-07-01T15:20:32","slug":"a0-3-le-nouveau-testament","status":"publish","type":"page","link":"http:\/\/image-bible.ch\/?page_id=5268","title":{"rendered":"A0.3 \/ Le Nouveau Testament"},"content":{"rendered":"<h2 style=\"text-align: center;\">A0.3 \/ Le Nouveau Testament<\/h2>\n<p style=\"text-align: justify;\">Ici nous pr\u00e9senterons le texte du N.T. avec des questions\u00a0 et un commentaire.<\/p>\n<ul>\n<li style=\"text-align: justify;\">Le texte de la traduction liturgique : \u00a9 AELF : <a href=\"https:\/\/www.aelf.org\/bible\">La bible liturgique en ligne<\/a><\/li>\n<li style=\"text-align: justify;\">Des questions pour favoriser une lecture attentive du texte et entrer dans la compr\u00e9hension du texte avant son appropriation personnelle<\/li>\n<li style=\"text-align: justify;\">Le vocabulaire pour mieux comprendre les mots et donc le sens du texte. Pour chercher les mots et les occurrences, nous utilisons la bible strong o\u00f9 tous les mots ont re\u00e7u un chiffre qui permet de rep\u00e9rer toutes les occurrences d&rsquo;un mot : <a href=\"http:\/\/www.lexique-biblique.com\/bibles\/traduction-louis_segond_strong.html\">Bible Strong<\/a> et <a href=\"http:\/\/www.lexique-biblique.com\/lexiques\/grec\/\">lexique grec<\/a> et <a href=\"http:\/\/www.lexique-biblique.com\/lexiques\/hebreu\/\">lexique h\u00e9breu<\/a><\/li>\n<li style=\"text-align: justify;\">Un commentaire pour entrer dans la m\u00e9ditation du texte et approfondir son sens<\/li>\n<\/ul>\n<p style=\"text-align: justify;\"><em><strong>Par exemple : Le bapt\u00eame de J\u00e9sus<br \/>\n<\/strong><\/em><\/p>\n<p><img loading=\"lazy\" decoding=\"async\" class=\"alignnone wp-image-5548\" src=\"http:\/\/image-bible.ch\/wp-content\/uploads\/2021\/05\/10.-Bapteme-de-Jesus-C-300x231.jpg\" alt=\"\" width=\"405\" height=\"312\" srcset=\"http:\/\/image-bible.ch\/wp-content\/uploads\/2021\/05\/10.-Bapteme-de-Jesus-C-300x231.jpg 300w, http:\/\/image-bible.ch\/wp-content\/uploads\/2021\/05\/10.-Bapteme-de-Jesus-C.jpg 630w\" sizes=\"(max-width: 405px) 100vw, 405px\" \/><\/p>\n<p><span class=\"verse_number\">Mt <span style=\"color: #0000ff;\">3,<sup>13<\/sup><\/span><\/span> Alors para\u00eet J\u00e9sus. Il \u00e9tait venu de Galil\u00e9e jusqu\u2019au Jourdain aupr\u00e8s de Jean, pour \u00eatre baptis\u00e9 par lui.<\/p>\n<p><span style=\"color: #0000ff;\"><sup><span class=\"verse_number\">14<\/span><\/sup><\/span> Jean voulait l\u2019en emp\u00eacher et disait\u00a0: \u00ab\u00a0C\u2019est moi qui ai besoin d\u2019\u00eatre baptis\u00e9 par toi, et c\u2019est toi qui viens \u00e0 moi\u00a0!\u00a0\u00bb<\/p>\n<p><span style=\"color: #0000ff;\"><sup><span class=\"verse_number\">15<\/span><\/sup><\/span> Mais J\u00e9sus lui r\u00e9pondit\u00a0: \u00ab\u00a0Laisse faire pour le moment, car il convient que nous accomplissions ainsi toute justice.\u00a0\u00bb Alors Jean le laisse faire.<\/p>\n<p><span style=\"color: #0000ff;\"><sup><span class=\"verse_number\">16<\/span><\/sup><\/span> D\u00e8s que J\u00e9sus fut baptis\u00e9, il remonta de l\u2019eau, et voici que les cieux s\u2019ouvrirent\u00a0: il vit l\u2019Esprit de Dieu descendre comme une colombe et venir sur lui.<\/p>\n<p><span style=\"color: #0000ff;\"><sup><span class=\"verse_number\">17<\/span><\/sup><\/span> Et des cieux, une voix disait\u00a0: \u00ab\u00a0Celui-ci est mon Fils bien-aim\u00e9, en qui je trouve ma joie.\u00a0\u00bb<\/p>\n<h4>Questions :<\/h4>\n<p>1. Pourquoi Jean veut emp\u00eacher J\u00e9sus de se faire baptiser par lui ?<\/p>\n<p>2. Quel signe descend du ciel lorsque J\u00e9sus remonte de l\u2019eau ? Quelle signification ?<\/p>\n<p>3. Qui est cette voix qui affirme : \u00ab Celui-ci est mon Fils bien-aim\u00e9, en qui je trouve ma joie. \u00bb ?<\/p>\n<h4>Vocabulaire :<\/h4>\n<p><span style=\"color: #993300;\"><strong>Accomplir toute justice :<\/strong> la justice de Dieu = \u00eatre ajust\u00e9 au coeur de Dieu.<\/span><\/p>\n<p><span style=\"color: #993300;\"><strong>Baptiser :<\/strong> = plonger, immerger, submerger<\/span><\/p>\n<p><span style=\"color: #993300;\"><strong>Colombe : <\/strong>image de l\u2019Esprit-Saint<strong><br \/>\n<\/strong><\/span><\/p>\n<p><span style=\"color: #993300;\"><strong>Laisse faire :<\/strong> laisse Dieu agir par toi<\/span><\/p>\n<p><span style=\"color: #993300;\"><strong>Mon Fils bien-aim\u00e9 :<\/strong> Dieu le P\u00e8re reconna\u00eet son Fils et l\u2019appelle bien-aim\u00e9<\/span><\/p>\n<p><span style=\"color: #993300;\"><strong>Remonter de l\u2019eau :<\/strong> le mouvement du bapt\u00eame =\u00a0 plonger dans la mort du Christ pour ressusciter \u00e0 la vie de Dieu<\/span><\/p>\n<p><span style=\"color: #993300;\"><strong>Trouve toute ma joie :<\/strong> affection<\/span><\/p>\n<h4>Commentaire :<\/h4>\n<p>L\u2019\u00e9pisode du bapt\u00eame de J\u00e9sus est un passage tr\u00e8s connu des quatre \u00e9vangiles. Peut-\u00eatre trop connu m\u00eame, au point o\u00f9 l\u2019on peut facilement passer \u00e0 c\u00f4t\u00e9 d\u2019une question que le texte devrait normalement susciter chez tout lecteur attentif\u00a0: pourquoi J\u00e9sus souhaite-t-il se faire baptiser par Jean? En effet, le bapt\u00eame de Jean n\u2019est pas une pratique reconnue par les autorit\u00e9s juives et J\u00e9sus b\u00e9n\u00e9ficie d\u2019un statut bien sup\u00e9rieur \u00e0 celui de Jean. Alors comment se fait-il qu\u2019il tienne \u00e0 se soumettre \u00e0 cette pratique? L\u2019analyse de certains d\u00e9tails du texte permet de voir que le bapt\u00eame de Jean assure une double approbation de J\u00e9sus et lui donne l\u2019outil essentiel \u00e0 l\u2019amorce de sa mission.<\/p>\n<p>&nbsp;<\/p>\n<p>&nbsp;<\/p>\n","protected":false},"excerpt":{"rendered":"<p>A0.3 \/ Le Nouveau Testament Ici nous pr\u00e9senterons le texte du N.T. avec des questions\u00a0 et un commentaire. Le texte de la traduction liturgique : \u00a9 AELF : La bible liturgique en ligne Des questions pour favoriser une lecture attentive<\/p>\n","protected":false},"author":1,"featured_media":0,"parent":0,"menu_order":0,"comment_status":"closed","ping_status":"closed","template":"","meta":{"footnotes":""},"_links":{"self":[{"href":"http:\/\/image-bible.ch\/index.php?rest_route=\/wp\/v2\/pages\/5268"}],"collection":[{"href":"http:\/\/image-bible.ch\/index.php?rest_route=\/wp\/v2\/pages"}],"about":[{"href":"http:\/\/image-bible.ch\/index.php?rest_route=\/wp\/v2\/types\/page"}],"author":[{"embeddable":true,"href":"http:\/\/image-bible.ch\/index.php?rest_route=\/wp\/v2\/users\/1"}],"replies":[{"embeddable":true,"href":"http:\/\/image-bible.ch\/index.php?rest_route=%2Fwp%2Fv2%2Fcomments&post=5268"}],"version-history":[{"count":8,"href":"http:\/\/image-bible.ch\/index.php?rest_route=\/wp\/v2\/pages\/5268\/revisions"}],"predecessor-version":[{"id":6942,"href":"http:\/\/image-bible.ch\/index.php?rest_route=\/wp\/v2\/pages\/5268\/revisions\/6942"}],"wp:attachment":[{"href":"http:\/\/image-bible.ch\/index.php?rest_route=%2Fwp%2Fv2%2Fmedia&parent=5268"}],"curies":[{"name":"wp","href":"https:\/\/api.w.org\/{rel}","templated":true}]}}