{"id":5284,"date":"2021-04-08T16:34:30","date_gmt":"2021-04-08T14:34:30","guid":{"rendered":"http:\/\/image-bible.ch\/?page_id=5284"},"modified":"2024-09-11T13:33:30","modified_gmt":"2024-09-11T11:33:30","slug":"a0-10-divers-video-references","status":"publish","type":"page","link":"http:\/\/image-bible.ch\/?page_id=5284","title":{"rendered":"A0.10 \/ Divers Vid\u00e9o &#8211; R\u00e9f\u00e9rences"},"content":{"rendered":"<h2 style=\"text-align: center;\">Pistes de recherche pour un approfondissement de la Sainte Ecriture<\/h2>\n<p style=\"text-align: justify;\">De nombreux outils, d\u00e9marches existent pour approfondir les \u00e9critures, nous proposerons les liens et r\u00e9f\u00e9rences de ceux qui nous paraissent le plus ad\u00e9quat pour notre propre d\u00e9marche : vid\u00e9os &#8211; information &#8211; lien internet.<\/p>\n<p style=\"text-align: justify;\">Theodom propose \u00ab\u00a0Bible mode d&#8217;emploi\u00a0\u00bb : 10 vid\u00e9os pour apprendre \u00e0 lire la Bible avec 7 cl\u00e9s de lecture : <a href=\"https:\/\/www.theodom.org\/bible-mode-emploi\">Theodom 7 cl\u00e9<\/a><\/p>\n<table style=\"border-collapse: collapse; width: 99.7603%; height: 278px;\">\n<tbody>\n<tr style=\"height: 278px;\">\n<td style=\"width: 11.0048%; height: 278px;\"><img loading=\"lazy\" decoding=\"async\" class=\"alignnone wp-image-5345\" src=\"http:\/\/image-bible.ch\/wp-content\/uploads\/2021\/05\/7-clef-lire-la-Bible-50x300.jpg\" alt=\"\" width=\"42\" height=\"252\" srcset=\"http:\/\/image-bible.ch\/wp-content\/uploads\/2021\/05\/7-clef-lire-la-Bible-50x300.jpg 50w, http:\/\/image-bible.ch\/wp-content\/uploads\/2021\/05\/7-clef-lire-la-Bible.jpg 79w\" sizes=\"(max-width: 42px) 100vw, 42px\" \/><\/td>\n<td style=\"width: 88.9952%; height: 278px;\">\n<ol>\n<li>Outil structure : observer le texte : rep\u00e9rer les acteurs, les mots importants, structure concentrique, chiasme, &#8230;<\/li>\n<li>Outil mise en sc\u00e8ne : comment le r\u00e9cit est construit,\u00a0 son d\u00e9roulement logique<\/li>\n<li>Outils symbolisme : les symboles que le texte utilise : feu &#8211; montagne &#8211; eau &#8230;<\/li>\n<li>Outil intertextualit\u00e9 : rep\u00e9rer le r\u00e9seau de textes dans lequel notre r\u00e9cit se place : les renvois, les allusions \u00e0 d&rsquo;autres textes bibliques, les symboles et th\u00e8mes semblables<\/li>\n<li>Contexte historique : conna\u00eetre l&rsquo;\u00e9poque o\u00f9 le texte a \u00e9t\u00e9 \u00e9crit ou provient, pour mieux le comprendre<\/li>\n<li>Outils th\u00e9ologie : comment dans la tradition de l&rsquo;Eglise ce texte a \u00e9t\u00e9 lu, compris et accueilli<\/li>\n<li>Outil abandon \u00e0 l&rsquo;Esprit-Saint : s&rsquo;ouvrir \u00e0 l&rsquo;indicible en se laissant conduire par l&rsquo;Esprit-Saint<\/li>\n<\/ol>\n<\/td>\n<\/tr>\n<\/tbody>\n<\/table>\n<h2>R\u00e9f\u00e9rences internet :<\/h2>\n<p>Bible liturgique, \u00a9 AELF, <a href=\"https:\/\/www.aelf.org\/bible\">https:\/\/www.aelf.org\/bible<\/a><\/p>\n<p>L\u2019association biblique canadienne\u00a0: <a href=\"http:\/\/www.interbible.org\/recherche.html\">http:\/\/www.interbible.org\/recherche.html<\/a><\/p>\n<p>Service biblique catholique de France\u00a0: \u00c9vangile et Vie\u00a0:<\/p>\n<p><a href=\"https:\/\/sbev.bible\/\">Cahiers \u00e9vangile<\/a><\/p>\n<p>La Bible Louis Segond \u2013 Strong\u00a0: Bible o\u00f9 tous les mots ont num\u00e9ro de r\u00e9f\u00e9rences selon le texte orginal h\u00e9breu et grec, ce qui permet une recherche des mots identiques\u00a0:<\/p>\n<p>&nbsp;<\/p>\n<p>Egalement le lexique grec et h\u00e9breu\u00a0: qui permet de chercher \u00e0 partir d\u2019un mot en fran\u00e7ais tous les mots h\u00e9breux ou grecs traduits qui ont \u00e9t\u00e9 traduit par ce mot\u00a0:<\/p>\n<p><a href=\"https:\/\/emcitv.com\/bible\/strong-biblique-hebreu.html\">https:\/\/emcitv.com\/bible\/strong-biblique-hebreu.html<\/a><\/p>\n<p><a href=\"https:\/\/emcitv.com\/bible\/strong-biblique-grec.html\">https:\/\/emcitv.com\/bible\/strong-biblique-grec.html<\/a><\/p>\n<p>Le site lexilogos propose de nombreuses traductions en ligne dont la Bible de J\u00e9rusalem, une concordance de la TOB (Traduction \u0153cum\u00e9nique de la Bible)\u00a0:<\/p>\n<p><a href=\"https:\/\/www.lexilogos.com\/bible.htm\">https:\/\/www.lexilogos.com\/bible.htm<\/a><\/p>\n<p>Un dictionnaire encyclop\u00e9dique de la Bible en ligne\u00a0:<\/p>\n<p><a href=\"https:\/\/www.bible.audio\/liste-definitions-westphal.php\">https:\/\/www.bible.audio\/liste-definitions-westphal.php<\/a><\/p>\n<p>Pour des recherche \u00e0 partir de la Bible juive et de ses traditions\u00a0:<\/p>\n<p>La Bible juive en ligne\u00a0: <a href=\"http:\/\/www.sefarim.fr\/\">http:\/\/www.sefarim.fr\/<\/a><\/p>\n<p>Recherche sur le campus num\u00e9rique juif\u00a0: <a href=\"http:\/\/www.akadem.org\/\">http:\/\/www.akadem.org\/<\/a><\/p>\n<p>L\u2019excellent index et ses articles :<\/p>\n<p><a href=\"http:\/\/www.interbible.org\/interBible\/ecritures\/mots\/index.html\">www.interbible.org\/interBible\/ecritures\/mots\/index.html<\/a><\/p>\n<h2>Ensemble de vitraux<\/h2>\n<p>Jacques Cesa a mis en lien 4 f\u00eates majeures et les 4 \u00e9l\u00e9ments originels dans les vitraux de l&rsquo;\u00e9glise de Rossens (canton de Fribourg CH)<\/p>\n<p><a href=\"http:\/\/image-bible.ch\/wp-content\/uploads\/Les-vitraux-de-Jacques-Cesa-a-Rossens-4-fetes-4-elements.docx\">Les vitraux de Jacques Cesa \u00e0 Rossens 4 f\u00eates-4 \u00e9l\u00e9ments<\/a><\/p>\n<h2>\u0152uvres d&rsquo;art en lien avec la Bible<\/h2>\n<p>http:\/\/kerdonis.fr\/<\/p>\n","protected":false},"excerpt":{"rendered":"<p>Pistes de recherche pour un approfondissement de la Sainte Ecriture De nombreux outils, d\u00e9marches existent pour approfondir les \u00e9critures, nous proposerons les liens et r\u00e9f\u00e9rences de ceux qui nous paraissent le plus ad\u00e9quat pour notre propre d\u00e9marche : vid\u00e9os &#8211;<\/p>\n","protected":false},"author":1,"featured_media":0,"parent":0,"menu_order":0,"comment_status":"closed","ping_status":"closed","template":"","meta":{"footnotes":""},"_links":{"self":[{"href":"http:\/\/image-bible.ch\/index.php?rest_route=\/wp\/v2\/pages\/5284"}],"collection":[{"href":"http:\/\/image-bible.ch\/index.php?rest_route=\/wp\/v2\/pages"}],"about":[{"href":"http:\/\/image-bible.ch\/index.php?rest_route=\/wp\/v2\/types\/page"}],"author":[{"embeddable":true,"href":"http:\/\/image-bible.ch\/index.php?rest_route=\/wp\/v2\/users\/1"}],"replies":[{"embeddable":true,"href":"http:\/\/image-bible.ch\/index.php?rest_route=%2Fwp%2Fv2%2Fcomments&post=5284"}],"version-history":[{"count":13,"href":"http:\/\/image-bible.ch\/index.php?rest_route=\/wp\/v2\/pages\/5284\/revisions"}],"predecessor-version":[{"id":8826,"href":"http:\/\/image-bible.ch\/index.php?rest_route=\/wp\/v2\/pages\/5284\/revisions\/8826"}],"wp:attachment":[{"href":"http:\/\/image-bible.ch\/index.php?rest_route=%2Fwp%2Fv2%2Fmedia&parent=5284"}],"curies":[{"name":"wp","href":"https:\/\/api.w.org\/{rel}","templated":true}]}}