{"id":534,"date":"2021-03-04T09:16:27","date_gmt":"2021-03-04T08:16:27","guid":{"rendered":"http:\/\/image-bible.ch\/?page_id=534"},"modified":"2021-05-21T16:40:01","modified_gmt":"2021-05-21T14:40:01","slug":"a5-1-la-bible-des-pauvres","status":"publish","type":"page","link":"http:\/\/image-bible.ch\/?page_id=534","title":{"rendered":"A5.1 \/ La Bible des pauvres"},"content":{"rendered":"\r\n<p style=\"text-align: center;\"><span style=\"font-size: 14pt; font-family: 'comic sans ms', sans-serif;\">A5.\u00a0 La pr\u00e9sentation de J\u00e9sus au temple \/ La Bible des pauvres<\/span><\/p>\r\n<p><img loading=\"lazy\" decoding=\"async\" class=\"alignnone  wp-image-5437\" src=\"http:\/\/image-bible.ch\/wp-content\/uploads\/2021\/05\/6.-Presentation-au-Temple-A-Pretre-agneau-194x300.jpg\" alt=\"\" width=\"259\" height=\"401\" srcset=\"http:\/\/image-bible.ch\/wp-content\/uploads\/2021\/05\/6.-Presentation-au-Temple-A-Pretre-agneau-194x300.jpg 194w, http:\/\/image-bible.ch\/wp-content\/uploads\/2021\/05\/6.-Presentation-au-Temple-A-Pretre-agneau.jpg 656w\" sizes=\"(max-width: 259px) 100vw, 259px\" \/><\/p>\r\n<p><strong>Types :<\/strong> Purification selon la loi &#8211; Pr\u00e9sentation de Samuel au Temple<\/p>\r\n<p><strong>Antitype :<\/strong> Pr\u00e9sentation de J\u00e9sus au Temple<\/p>\r\n<p>Car c\u2019\u00e9tait la prescription de la loi : une femme apr\u00e8s la naissance d\u2019un fils doit le racheter avec un mouton. Les pauvres gens qui ne pouvait se procurer un mouton devaient offrir pour leur fils 2 tourterelles ou pigeons, soit pour leur purification. C\u2019est ce que r\u00e9alisa la glorieuse Sainte Vierge, mais si elle ne n\u00e9cessitait aucune purification.<\/p>\r\n<p><i>Lv 12,6-8 : \u00a0\u00a0Quand sera achev\u00e9e la p\u00e9riode de sa purification, que ce soit pour un gar\u00e7on ou pour une fille, elle apportera au pr\u00eatre, \u00e0 l&rsquo;entr\u00e9e de la Tente du Rendez-vous, un agneau d&rsquo;un an pour un holocauste et un pigeon ou une tourterelle en sacrifice pour le p\u00e9ch\u00e9.7.\u00a0Le pr\u00eatre l&rsquo;offrira devant Yahv\u00e9, accomplira sur elle le rite d&rsquo;expiation et elle sera purifi\u00e9e de son flux de sang. Telle est la loi concernant la femme qui enfante un gar\u00e7on ou une fille.8.\u00a0Si elle est incapable de trouver la somme n\u00e9cessaire pour une t\u00eate de petit b\u00e9tail, elle prendra deux tourterelles ou deux pigeons, l&rsquo;un pour l&rsquo;holocauste et l&rsquo;autre en sacrifice pour le p\u00e9ch\u00e9. Le pr\u00eatre fera sur elle le rite d&rsquo;expiation et elle sera purifi\u00e9e.<\/i><\/p>\r\n<p><i>\u00a0<\/i><\/p>\r\n<p>Dans le livre des Rois on lit : Apr\u00e8s l\u2019avoir sevr\u00e9, Anne, sa m\u00e8re, pr\u00e9senta Samuel au pr\u00eatre Eli \u00e0 Silo dans un balluchon, qui \u00e9tait comme celui du Seigneur. Cette pr\u00e9sentation est une bonne pr\u00e9figuration pour le Seigneur qui dans le Temple fut pr\u00e9sent\u00e9 au vieillard Sim\u00e9on.<\/p>\r\n<p><i>1Sm 1,24-28 : \u00a0\u00a0Ils immol\u00e8rent le taureau et ils conduisirent l&rsquo;enfant \u00e0 \u00c9li.26.\u00a0Elle dit : \u00ab S&rsquo;il te pla\u00eet, Monseigneur! Aussi vrai que tu vis, Monseigneur, je suis la femme qui se tenait pr\u00e8s de toi ici, priant Yahv\u00e9.27.\u00a0C&rsquo;est pour cet enfant que je priais et Yahv\u00e9 m&rsquo;a accord\u00e9 la demande que je lui ai faite.28.\u00a0A mon tour, je le c\u00e8de \u00e0 Yahv\u00e9 tous les jours de sa vie : il est c\u00e9d\u00e9 \u00e0 Yahv\u00e9. \u00bb Et, l\u00e0, ils se prostern\u00e8rent devant Yahv\u00e9.<\/i><\/p>\r\n<p><i>\u00a0<\/i><\/p>\r\n<p><i>Ps 10,4 : Mais le Seigneur, dans son temple saint, + le Seigneur, dans les cieux o\u00f9 il tr\u00f4ne, garde les yeux ouverts sur le monde. Il voit, il scrute les hommes ; <\/i><\/p>\r\n<p><i>Ma 3,1 : Voici que j\u2019envoie mon messager pour qu\u2019il pr\u00e9pare le chemin devant moi\u00a0; et soudain viendra dans son Temple le Seigneur que vous cherchez. Le messager de l\u2019Alliance que vous d\u00e9sirez, le voici qui vient, \u2013 dit le Seigneur de l\u2019univers\u00a0 <\/i><\/p>\r\n<p><i>So 3,15 : Le Seigneur a lev\u00e9 les sentences qui pesaient sur toi, il a \u00e9cart\u00e9 tes ennemis. Le roi d\u2019Isra\u00ebl, le Seigneur, est en toi. Tu n\u2019as plus \u00e0 craindre le malheur. <\/i><\/p>\r\n<p><i>Za 2,14\u00a0 (Chante et r\u00e9jouis-toi, fille de Sion\u00a0; voici que je viens, j\u2019habiterai au milieu de toi \u2013\u00a0oracle du Seigneur. <\/i><\/p>\r\n<p>&nbsp;<\/p>\r\n<p>&nbsp;<\/p>\r\n","protected":false},"excerpt":{"rendered":"<p>A5.\u00a0 La pr\u00e9sentation de J\u00e9sus au temple \/ La Bible des pauvres Types : Purification selon la loi &#8211; Pr\u00e9sentation de Samuel au Temple Antitype : Pr\u00e9sentation de J\u00e9sus au Temple Car c\u2019\u00e9tait la prescription de la loi : une<\/p>\n","protected":false},"author":1,"featured_media":0,"parent":29,"menu_order":1,"comment_status":"closed","ping_status":"closed","template":"","meta":{"footnotes":""},"_links":{"self":[{"href":"http:\/\/image-bible.ch\/index.php?rest_route=\/wp\/v2\/pages\/534"}],"collection":[{"href":"http:\/\/image-bible.ch\/index.php?rest_route=\/wp\/v2\/pages"}],"about":[{"href":"http:\/\/image-bible.ch\/index.php?rest_route=\/wp\/v2\/types\/page"}],"author":[{"embeddable":true,"href":"http:\/\/image-bible.ch\/index.php?rest_route=\/wp\/v2\/users\/1"}],"replies":[{"embeddable":true,"href":"http:\/\/image-bible.ch\/index.php?rest_route=%2Fwp%2Fv2%2Fcomments&post=534"}],"version-history":[{"count":5,"href":"http:\/\/image-bible.ch\/index.php?rest_route=\/wp\/v2\/pages\/534\/revisions"}],"predecessor-version":[{"id":5445,"href":"http:\/\/image-bible.ch\/index.php?rest_route=\/wp\/v2\/pages\/534\/revisions\/5445"}],"up":[{"embeddable":true,"href":"http:\/\/image-bible.ch\/index.php?rest_route=\/wp\/v2\/pages\/29"}],"wp:attachment":[{"href":"http:\/\/image-bible.ch\/index.php?rest_route=%2Fwp%2Fv2%2Fmedia&parent=534"}],"curies":[{"name":"wp","href":"https:\/\/api.w.org\/{rel}","templated":true}]}}