{"id":541,"date":"2021-03-04T10:22:50","date_gmt":"2021-03-04T09:22:50","guid":{"rendered":"http:\/\/image-bible.ch\/?page_id=541"},"modified":"2022-04-22T17:04:32","modified_gmt":"2022-04-22T15:04:32","slug":"a5-4-ancien-testament","status":"publish","type":"page","link":"http:\/\/image-bible.ch\/?page_id=541","title":{"rendered":"A5.4 Ancien-Testament"},"content":{"rendered":"\r\n<p style=\"text-align: center;\"><span style=\"font-size: 14pt; font-family: 'comic sans ms', sans-serif;\">A5.\u00a0 La pr\u00e9sentation de J\u00e9sus au temple \/ Ancien-Testament<\/span><\/p>\r\n<h3><strong>A. Purification selon la loi<\/strong><\/h3>\r\n<p><img loading=\"lazy\" decoding=\"async\" class=\"alignnone size-medium wp-image-5444\" src=\"http:\/\/image-bible.ch\/wp-content\/uploads\/2021\/05\/6.-Presentation-au-Temple-A-Petre-Mere-agneau-enfant-192x300.jpg\" alt=\"\" width=\"192\" height=\"300\" srcset=\"http:\/\/image-bible.ch\/wp-content\/uploads\/2021\/05\/6.-Presentation-au-Temple-A-Petre-Mere-agneau-enfant-192x300.jpg 192w, http:\/\/image-bible.ch\/wp-content\/uploads\/2021\/05\/6.-Presentation-au-Temple-A-Petre-Mere-agneau-enfant.jpg 328w\" sizes=\"(max-width: 192px) 100vw, 192px\" \/><\/p>\r\n<p style=\"text-align: justify;\">Car c\u2019\u00e9tait la prescription de la loi : une femme apr\u00e8s la naissance d\u2019un fils doit le racheter avec un mouton. Les pauvres gens qui ne pouvait se procurer un mouton devaient offrir pour leur fils 2 tourterelles ou pigeons, soit pour leur purification.<\/p>\r\n<p style=\"text-align: justify;\"><i>Lv 12,6-8 : \u00a0\u00a0<\/i><\/p>\r\n<p style=\"text-align: justify;\"><span style=\"color: #0000ff;\"><sup>6<\/sup><\/span> Quand sera achev\u00e9e la p\u00e9riode de <strong><span style=\"color: #ff0000;\">sa purification<\/span><\/strong>, que ce soit pour un gar\u00e7on ou pour une fille, elle apportera au pr\u00eatre, \u00e0 l\u2019entr\u00e9e de la Tente du Rendez-vous, un agneau d\u2019un an pour un holocauste et un pigeon ou une tourterelle en <em>sacrifice pour la faute.<\/em><\/p>\r\n<p style=\"text-align: justify;\"><span style=\"color: #0000ff;\"><sup>7<\/sup><\/span> Le pr\u00eatre l\u2019offrira devant Yahv\u00e9, accomplira sur elle<strong><span style=\"color: #ff0000;\"> le rite d\u2019expiation<\/span><\/strong> et elle sera purifi\u00e9e de <em>son flux de sang<\/em>. Telle est la loi concernant la femme qui enfante un gar\u00e7on ou une fille.<\/p>\r\n<p style=\"text-align: justify;\"><span style=\"color: #0000ff;\"><sup>8<\/sup><\/span> Si elle est incapable de trouver la somme n\u00e9cessaire pour une t\u00eate de <em>petit b\u00e9tail<\/em>, elle prendra <em>deux tourterelles<\/em> ou <em>deux pigeons<\/em>, l\u2019un pour l\u2019holocauste et l\u2019autre en sacrifice pour le p\u00e9ch\u00e9. Le pr\u00eatre fera sur elle le rite d\u2019expiation et elle sera purifi\u00e9e.<\/p>\r\n<h3><strong> B. Pr\u00e9sentation de Samuel au Temple<\/strong><\/h3>\r\n<p><img loading=\"lazy\" decoding=\"async\" class=\"alignnone size-medium wp-image-5438\" src=\"http:\/\/image-bible.ch\/wp-content\/uploads\/2021\/05\/6.-Presentation-au-Temple-B-Anne-Samuel-188x300.jpg\" alt=\"\" width=\"188\" height=\"300\" srcset=\"http:\/\/image-bible.ch\/wp-content\/uploads\/2021\/05\/6.-Presentation-au-Temple-B-Anne-Samuel-188x300.jpg 188w, http:\/\/image-bible.ch\/wp-content\/uploads\/2021\/05\/6.-Presentation-au-Temple-B-Anne-Samuel.jpg 325w\" sizes=\"(max-width: 188px) 100vw, 188px\" \/><\/p>\r\n<p><i>1Sm 1,24-28 : \u00a0<\/i><\/p>\r\n<p><sup><span class=\"verse_number\" style=\"color: #0000ff;\">24<\/span><\/sup> Lorsque<strong> Samuel<\/strong> fut sevr\u00e9,<strong> Anne<\/strong>, sa m\u00e8re, le conduisit \u00e0 <span style=\"color: #339966;\">la Maison du Seigneur<\/span>,<span style=\"color: #339966;\"> \u00e0 Silo<\/span>\u00a0; l\u2019enfant \u00e9tait encore tout jeune. Anne avait pris avec elle un taureau de trois ans, un sac de farine et une outre de vin.\u00a0<\/p>\r\n<p><sup><span style=\"color: #0000ff;\">25<\/span><\/sup> Ils immol\u00e8rent le taureau et ils conduisirent l\u2019enfant \u00e0 <strong>\u00c9li<\/strong>.<\/p>\r\n<p><sup><span style=\"color: #0000ff;\">26<\/span> <\/sup>Elle dit : \u00ab S\u2019il te pla\u00eet, Monseigneur! Aussi vrai que tu vis, Monseigneur, je suis la femme qui se tenait pr\u00e8s de toi ici, priant Yahv\u00e9.<\/p>\r\n<p><sup><span style=\"color: #0000ff;\">27<\/span><\/sup> C\u2019est pour cet enfant que je priais et <span style=\"color: #ff0000;\"><strong>Yahv\u00e9 m\u2019a accord\u00e9 la demand<\/strong>e<\/span> que je lui ai faite.<\/p>\r\n<p><sup><span style=\"color: #0000ff;\">28<\/span><\/sup> A mon tour,<strong><span style=\"color: #ff0000;\"> je le c\u00e8de \u00e0 Yahv\u00e9<\/span><\/strong> tous les jours de sa vie : il est c\u00e9d\u00e9 \u00e0 Yahv\u00e9. \u00bb Et, l\u00e0, ils se prostern\u00e8rent devant Yahv\u00e9.<\/p>\r\n<p><img loading=\"lazy\" decoding=\"async\" class=\"alignnone  wp-image-5439\" src=\"http:\/\/image-bible.ch\/wp-content\/uploads\/2021\/05\/6.-Presentation-au-Temple-C-300x226.jpg\" alt=\"\" width=\"459\" height=\"346\" srcset=\"http:\/\/image-bible.ch\/wp-content\/uploads\/2021\/05\/6.-Presentation-au-Temple-C-300x226.jpg 300w, http:\/\/image-bible.ch\/wp-content\/uploads\/2021\/05\/6.-Presentation-au-Temple-C.jpg 656w\" sizes=\"(max-width: 459px) 100vw, 459px\" \/><\/p>\r\n<p>Les citations des proph\u00e8tes annon\u00e7ant la pr\u00e9sentation de J\u00e9sus au Temple :<\/p>\r\n<p><strong>David :<\/strong><i> Ps 10,4 : Mais le Seigneur, dans son temple saint,\u00a0 le Seigneur, dans les cieux o\u00f9 il tr\u00f4ne, garde les yeux ouverts sur le monde. Il voit, il scrute les hommes ; <\/i><\/p>\r\n<p><i>Ma 3,1 : Voici que j\u2019envoie mon messager pour qu\u2019il pr\u00e9pare le chemin devant moi\u00a0; et soudain viendra dans son Temple le Seigneur que vous cherchez. Le messager de l\u2019Alliance que vous d\u00e9sirez, le voici qui vient, \u2013 dit le Seigneur de l\u2019univers\u00a0 <\/i><\/p>\r\n<p><strong>Sophonie :<\/strong><i> So 3,15 : Le Seigneur a lev\u00e9 les sentences qui pesaient sur toi, il a \u00e9cart\u00e9 tes ennemis. Le roi d\u2019Isra\u00ebl, le Seigneur, est en toi. Tu n\u2019as plus \u00e0 craindre le malheur. <\/i><\/p>\r\n<p><i><strong>Zacharie :<\/strong> Za 2,14\u00a0 : Chante et r\u00e9jouis-toi, fille de Sion ; voici que je viens, j\u2019habiterai au milieu de toi \u2013 oracle du Seigneur. <\/i><\/p>\r\n","protected":false},"excerpt":{"rendered":"<p>A5.\u00a0 La pr\u00e9sentation de J\u00e9sus au temple \/ Ancien-Testament A. Purification selon la loi Car c\u2019\u00e9tait la prescription de la loi : une femme apr\u00e8s la naissance d\u2019un fils doit le racheter avec un mouton. Les pauvres gens qui ne<\/p>\n","protected":false},"author":1,"featured_media":0,"parent":29,"menu_order":4,"comment_status":"closed","ping_status":"closed","template":"","meta":{"footnotes":""},"_links":{"self":[{"href":"http:\/\/image-bible.ch\/index.php?rest_route=\/wp\/v2\/pages\/541"}],"collection":[{"href":"http:\/\/image-bible.ch\/index.php?rest_route=\/wp\/v2\/pages"}],"about":[{"href":"http:\/\/image-bible.ch\/index.php?rest_route=\/wp\/v2\/types\/page"}],"author":[{"embeddable":true,"href":"http:\/\/image-bible.ch\/index.php?rest_route=\/wp\/v2\/users\/1"}],"replies":[{"embeddable":true,"href":"http:\/\/image-bible.ch\/index.php?rest_route=%2Fwp%2Fv2%2Fcomments&post=541"}],"version-history":[{"count":7,"href":"http:\/\/image-bible.ch\/index.php?rest_route=\/wp\/v2\/pages\/541\/revisions"}],"predecessor-version":[{"id":6778,"href":"http:\/\/image-bible.ch\/index.php?rest_route=\/wp\/v2\/pages\/541\/revisions\/6778"}],"up":[{"embeddable":true,"href":"http:\/\/image-bible.ch\/index.php?rest_route=\/wp\/v2\/pages\/29"}],"wp:attachment":[{"href":"http:\/\/image-bible.ch\/index.php?rest_route=%2Fwp%2Fv2%2Fmedia&parent=541"}],"curies":[{"name":"wp","href":"https:\/\/api.w.org\/{rel}","templated":true}]}}