{"id":543,"date":"2021-03-04T10:23:25","date_gmt":"2021-03-04T09:23:25","guid":{"rendered":"http:\/\/image-bible.ch\/?page_id=543"},"modified":"2024-11-19T21:15:49","modified_gmt":"2024-11-19T20:15:49","slug":"a5-5-interpretation","status":"publish","type":"page","link":"http:\/\/image-bible.ch\/?page_id=543","title":{"rendered":"A5.5 \/ Interpr\u00e9tation"},"content":{"rendered":"<p style=\"text-align: center;\"><span style=\"font-size: 14pt; font-family: 'comic sans ms', sans-serif;\">A5.\u00a0 La pr\u00e9sentation de J\u00e9sus au temple \/ Interpr\u00e9tation<\/span><\/p>\n<p style=\"text-align: justify;\">Les parents de J\u00e9sus suivent la prescription de la loi : une femme apr\u00e8s la naissance d\u2019un fils doit le racheter avec un mouton. Les pauvres gens qui ne pouvait se procurer un mouton devaient offrir pour leur fils 2 tourterelles ou 2 pigeons. Cette purification \u00e9tait n\u00e9cessaire \u00e0 cause du sang, signe de la vie de Dieu, qui s&rsquo;est \u00e9coul\u00e9 \u00e0 la naissance. Il faut repasser de la saintet\u00e9 de Dieu signifi\u00e9 par le sang \u00e0 l&rsquo;ordinaire de la vie. Marie n&rsquo;avait pas besoin de cette purification puisqu&rsquo;elle est \u00e9tait consacr\u00e9e et sainte depuis sa conception, mais elle se soumet \u00e0 ces rites pour leur donner un sens nouveau de cons\u00e9cration \u00e0 la saintet\u00e9 de Dieu.<\/p>\n<p>Les passages de <strong>Luc 2,22-38<\/strong> et <strong>L\u00e9vitique 12,6-8<\/strong> partagent un lien direct autour de la loi juive concernant la purification apr\u00e8s la naissance d&rsquo;un enfant, ainsi que des offrandes prescrites pour accomplir cette purification. Ces textes s&rsquo;inscrivent dans une continuit\u00e9 entre l&rsquo;Ancien et le Nouveau Testament, avec des implications th\u00e9ologiques importantes.<\/p>\n<div class=\"flex max-w-full flex-col flex-grow\">\n<div class=\"min-h-8 text-message flex w-full flex-col items-end gap-2 whitespace-normal break-words [.text-message+&amp;]:mt-5\" dir=\"auto\" data-message-author-role=\"assistant\" data-message-id=\"9339a1ac-8106-4ca1-a1d0-c4e453f8d0a2\" data-message-model-slug=\"gpt-4o\">\n<div class=\"flex w-full flex-col gap-1 empty:hidden first:pt-[3px]\">\n<div class=\"markdown prose w-full break-words dark:prose-invert light\">\n<h3><strong>Lien th\u00e9ologique entre les deux passages<\/strong><\/h3>\n<ol>\n<li><strong>Ob\u00e9issance \u00e0 la Loi de Mo\u00efse<\/strong> : Les deux passages montrent un respect des prescriptions de la Loi. Marie et Joseph suivent scrupuleusement la tradition juive, soulignant que J\u00e9sus s&rsquo;inscrit dans l&rsquo;histoire d&rsquo;Isra\u00ebl et respecte les exigences de la Loi, bien qu&rsquo;il soit destin\u00e9 \u00e0 l&rsquo;accomplir pleinement (cf. Matthieu 5,17).<\/li>\n<li><strong>L&rsquo;humilit\u00e9 et la pauvret\u00e9<\/strong> : L&rsquo;offrande des tourterelles ou des colombes, mentionn\u00e9e dans les deux passages, souligne la simplicit\u00e9 et l&rsquo;humilit\u00e9 de la Sainte Famille. Cela refl\u00e8te \u00e9galement la compassion de Dieu pour les plus modestes, en leur permettant de participer au culte.<\/li>\n<li><strong>L\u2019accomplissement du plan divin<\/strong> : Dans Luc, l&rsquo;observance des prescriptions l\u00e9gales sert de cadre pour la r\u00e9v\u00e9lation du r\u00f4le messianique de J\u00e9sus, annonc\u00e9 par Sim\u00e9on et Anne. La Loi n&rsquo;est pas abolie, mais elle est d\u00e9pass\u00e9e et accomplie en J\u00e9sus, qui apporte une nouvelle alliance.<\/li>\n<\/ol>\n<h3><strong>En r\u00e9sum\u00e9<\/strong><\/h3>\n<p>Le lien entre <strong>Luc 2,22-38<\/strong> et <strong>L\u00e9vitique 12,6-8<\/strong> r\u00e9side dans l&rsquo;ob\u00e9issance \u00e0 la Loi de Mo\u00efse, qui sert de contexte \u00e0 la r\u00e9v\u00e9lation de J\u00e9sus comme Sauveur. La pr\u00e9sentation de J\u00e9sus au Temple et l&rsquo;offrande modeste de ses parents marquent l&rsquo;humilit\u00e9 de la Sainte Famille et l&rsquo;accomplissement de la Loi, tout en annon\u00e7ant la mission universelle de J\u00e9sus.<\/p>\n<\/div>\n<\/div>\n<\/div>\n<\/div>\n<div class=\"mb-2 flex gap-3 empty:hidden -ml-2\">\n<div class=\"items-center justify-start rounded-xl p-1 flex\">\n<div class=\"flex items-center\">Les passages de <strong>Exode 25,10-22<\/strong> (la construction de l&rsquo;Arche d&rsquo;alliance) et de <strong>Luc 2,22-38<\/strong> (la pr\u00e9sentation de J\u00e9sus au Temple) partagent un lien th\u00e9ologique centr\u00e9 sur la pr\u00e9sence de Dieu parmi son peuple et l&rsquo;accomplissement de son plan de salut. Voici les principales connexions :<\/div>\n<div>\n<h3>Lien th\u00e9ologique<\/h3>\n<ol>\n<li><strong>La pr\u00e9sence divine au milieu des hommes<\/strong> : L&rsquo;Arche d&rsquo;alliance symbolise la pr\u00e9sence de Dieu avec Isra\u00ebl, tandis que J\u00e9sus, pr\u00e9sent\u00e9 au Temple, est la pr\u00e9sence incarn\u00e9e de Dieu parmi son peuple. Il accomplit et d\u00e9passe ce que l&rsquo;Arche repr\u00e9sentait.<\/li>\n<li><strong>L&rsquo;accomplissement de la Loi<\/strong> : Dans les deux passages, la Loi est au centre. L&rsquo;Arche contient les tables de la Loi, et dans Luc, Marie et Joseph respectent la Loi en pr\u00e9sentant J\u00e9sus. Ce dernier incarne la Loi parfaite et la r\u00e9alise pleinement.<\/li>\n<li><strong>La rencontre avec Dieu<\/strong> : Dans Exode, Dieu se r\u00e9v\u00e8le au-dessus du propitiatoire. Dans Luc, Sim\u00e9on et Anne rencontrent le Christ, la pl\u00e9nitude de la r\u00e9v\u00e9lation divine.<\/li>\n<\/ol>\n<p>En r\u00e9sum\u00e9, l&rsquo;Arche d&rsquo;alliance pr\u00e9figure J\u00e9sus-Christ, en qui la pr\u00e9sence divine devient accessible \u00e0 toute l&rsquo;humanit\u00e9, accomplissant ainsi l&rsquo;Alliance de mani\u00e8re d\u00e9finitive.<\/p>\n<\/div>\n<\/div>\n<\/div>\n<p>De m\u00eame que Anne a re\u00e7u Samuel comme un don inattendu de Dieu dans sa vieillesse, et le consacre au service du temple chez Eli le pr\u00eatre, ainsi Marie qui a con\u00e7u J\u00e9sus par le don de l&rsquo;Esprit-Saint offre son fils au Temple.<\/p>\n<p>Les passages de <strong>1 Samuel 1,24-28<\/strong> (offrande de Samuel) et <strong>Luc 2,22-38<\/strong> (pr\u00e9sentation de J\u00e9sus au Temple) partagent un lien th\u00e9matique autour de la cons\u00e9cration d\u2019un enfant \u00e0 Dieu, marquant leur mission unique dans le plan divin.<\/p>\n<h3><strong>Lien th\u00e9ologique<\/strong><\/h3>\n<ol>\n<li><strong>Cons\u00e9cration \u00e0 Dieu<\/strong> : Dans les deux r\u00e9cits, les parents reconnaissent que leurs enfants appartiennent \u00e0 Dieu et les consacrent \u00e0 son service.<\/li>\n<li><strong>Mission proph\u00e9tique et salvifique<\/strong> : Samuel deviendra un proph\u00e8te et un leader en Isra\u00ebl, tandis que J\u00e9sus est annonc\u00e9 comme le Messie et la lumi\u00e8re des nations.<\/li>\n<li><strong>R\u00e9ponse \u00e0 une promesse divine<\/strong> : Samuel est le fruit d\u2019une pri\u00e8re exauc\u00e9e, et J\u00e9sus, l\u2019accomplissement des promesses messianiques d\u2019Isra\u00ebl.<\/li>\n<li><strong>Lieu sacr\u00e9<\/strong> : Les deux \u00e9v\u00e9nements se d\u00e9roulent dans un lieu de culte central (Silo pour Samuel, le Temple de J\u00e9rusalem pour J\u00e9sus), soulignant l\u2019importance de la pr\u00e9sence de Dieu.<\/li>\n<\/ol>\n<p>En r\u00e9sum\u00e9, ces deux passages mettent en lumi\u00e8re la reconnaissance de Dieu comme source de vie et l\u2019importance de lui offrir ce qui lui appartient pour accomplir son dessein salvifique.<\/p>\n<p>&nbsp;<\/p>\n<p>&nbsp;<\/p>\n","protected":false},"excerpt":{"rendered":"<p>A5.\u00a0 La pr\u00e9sentation de J\u00e9sus au temple \/ Interpr\u00e9tation Les parents de J\u00e9sus suivent la prescription de la loi : une femme apr\u00e8s la naissance d\u2019un fils doit le racheter avec un mouton. Les pauvres gens qui ne pouvait se<\/p>\n","protected":false},"author":1,"featured_media":0,"parent":29,"menu_order":5,"comment_status":"closed","ping_status":"closed","template":"","meta":{"footnotes":""},"_links":{"self":[{"href":"http:\/\/image-bible.ch\/index.php?rest_route=\/wp\/v2\/pages\/543"}],"collection":[{"href":"http:\/\/image-bible.ch\/index.php?rest_route=\/wp\/v2\/pages"}],"about":[{"href":"http:\/\/image-bible.ch\/index.php?rest_route=\/wp\/v2\/types\/page"}],"author":[{"embeddable":true,"href":"http:\/\/image-bible.ch\/index.php?rest_route=\/wp\/v2\/users\/1"}],"replies":[{"embeddable":true,"href":"http:\/\/image-bible.ch\/index.php?rest_route=%2Fwp%2Fv2%2Fcomments&post=543"}],"version-history":[{"count":6,"href":"http:\/\/image-bible.ch\/index.php?rest_route=\/wp\/v2\/pages\/543\/revisions"}],"predecessor-version":[{"id":9530,"href":"http:\/\/image-bible.ch\/index.php?rest_route=\/wp\/v2\/pages\/543\/revisions\/9530"}],"up":[{"embeddable":true,"href":"http:\/\/image-bible.ch\/index.php?rest_route=\/wp\/v2\/pages\/29"}],"wp:attachment":[{"href":"http:\/\/image-bible.ch\/index.php?rest_route=%2Fwp%2Fv2%2Fmedia&parent=543"}],"curies":[{"name":"wp","href":"https:\/\/api.w.org\/{rel}","templated":true}]}}