{"id":547,"date":"2021-03-04T10:24:18","date_gmt":"2021-03-04T09:24:18","guid":{"rendered":"http:\/\/image-bible.ch\/?page_id=547"},"modified":"2021-09-15T16:34:04","modified_gmt":"2021-09-15T14:34:04","slug":"a5-7-fete-juive","status":"publish","type":"page","link":"http:\/\/image-bible.ch\/?page_id=547","title":{"rendered":"A5.7 \/ F\u00eate juive"},"content":{"rendered":"<p style=\"text-align: center;\"><span style=\"font-size: 14pt; font-family: 'comic sans ms', sans-serif;\">A5.\u00a0 La pr\u00e9sentation de J\u00e9sus au temple \/ F\u00eate juive et chr\u00e9tienne<\/span><\/p>\n<p>La f\u00eate de la Pr\u00e9sentation de J\u00e9sus au Temple, ou Sainte Rencontre, associ\u00e9e \u00e0 la Purification de la Bienheureuse Vierge Marie est une f\u00eate chr\u00e9tienne, catholique et orthodoxe (o\u00f9 l&rsquo;on dira plut\u00f4t Hypapante). Elle est c\u00e9l\u00e9br\u00e9e le 2 f\u00e9vrier, quarante jours apr\u00e8s No\u00ebl et correspond \u00e0 la pr\u00e9sentation de J\u00e9sus au Temple par ses parents Marie et Joseph (cf. Lc 2,22-38) : <em>\u00ab Et lorsque furent accomplis les jours pour leur purification, selon la loi de Mo\u00efse, ils l&#8217;emmen\u00e8rent \u00e0 J\u00e9rusalem pour le pr\u00e9senter au Seigneur \u00bb<\/em>.<\/p>\n<p>C\u00e9l\u00e9br\u00e9e \u00e0 J\u00e9rusalem d\u00e8s le IVe si\u00e8cle apr. J.-C. la f\u00eate s&rsquo;\u00e9tend \u00e0 l&rsquo;ensemble de l&rsquo;Orient chr\u00e9tien. Apr\u00e8s avoir \u00e9t\u00e9 c\u00e9l\u00e9br\u00e9e 40 jours apr\u00e8s l&rsquo;\u00c9piphanie orthodoxe (6 janvier), elle est ramen\u00e9e au 2 f\u00e9vrier par l&#8217;empereur Justinien en 542 qui l&rsquo;introduit \u00e0 Constantinople. En orthodoxie, elle fait toujours partie du nombre des douze grandes f\u00eates de l&rsquo;ann\u00e9e liturgique.<\/p>\n<p>J\u00e9sus est pr\u00e9sent\u00e9 selon le chant de Sym\u00e9on comme la lumi\u00e8re des nations.<\/p>\n<p>Cette f\u00eate a supplant\u00e9 les f\u00eates pa\u00efennes de la lumi\u00e8re c\u00e9l\u00e9br\u00e9es dans l&#8217;empire romain.<\/p>\n<p>&nbsp;<\/p>\n","protected":false},"excerpt":{"rendered":"<p>A5.\u00a0 La pr\u00e9sentation de J\u00e9sus au temple \/ F\u00eate juive et chr\u00e9tienne La f\u00eate de la Pr\u00e9sentation de J\u00e9sus au Temple, ou Sainte Rencontre, associ\u00e9e \u00e0 la Purification de la Bienheureuse Vierge Marie est une f\u00eate chr\u00e9tienne, catholique et orthodoxe<\/p>\n","protected":false},"author":1,"featured_media":0,"parent":29,"menu_order":7,"comment_status":"closed","ping_status":"closed","template":"","meta":{"footnotes":""},"_links":{"self":[{"href":"http:\/\/image-bible.ch\/index.php?rest_route=\/wp\/v2\/pages\/547"}],"collection":[{"href":"http:\/\/image-bible.ch\/index.php?rest_route=\/wp\/v2\/pages"}],"about":[{"href":"http:\/\/image-bible.ch\/index.php?rest_route=\/wp\/v2\/types\/page"}],"author":[{"embeddable":true,"href":"http:\/\/image-bible.ch\/index.php?rest_route=\/wp\/v2\/users\/1"}],"replies":[{"embeddable":true,"href":"http:\/\/image-bible.ch\/index.php?rest_route=%2Fwp%2Fv2%2Fcomments&post=547"}],"version-history":[{"count":5,"href":"http:\/\/image-bible.ch\/index.php?rest_route=\/wp\/v2\/pages\/547\/revisions"}],"predecessor-version":[{"id":5898,"href":"http:\/\/image-bible.ch\/index.php?rest_route=\/wp\/v2\/pages\/547\/revisions\/5898"}],"up":[{"embeddable":true,"href":"http:\/\/image-bible.ch\/index.php?rest_route=\/wp\/v2\/pages\/29"}],"wp:attachment":[{"href":"http:\/\/image-bible.ch\/index.php?rest_route=%2Fwp%2Fv2%2Fmedia&parent=547"}],"curies":[{"name":"wp","href":"https:\/\/api.w.org\/{rel}","templated":true}]}}