{"id":554,"date":"2021-03-04T10:25:40","date_gmt":"2021-03-04T09:25:40","guid":{"rendered":"http:\/\/image-bible.ch\/?page_id=554"},"modified":"2021-05-21T17:07:21","modified_gmt":"2021-05-21T15:07:21","slug":"a5-10-divers-video-references","status":"publish","type":"page","link":"http:\/\/image-bible.ch\/?page_id=554","title":{"rendered":"A5.10 Divers Video &#8211; R\u00e9f\u00e9rences"},"content":{"rendered":"\r\n<p style=\"text-align: center;\"><span style=\"font-size: 14pt; font-family: 'comic sans ms', sans-serif;\">A5.\u00a0 La pr\u00e9sentation de J\u00e9sus au temple \/ Divers Vid\u00e9o &#8211; R\u00e9f\u00e9rences<\/span><\/p>\r\n<p>Le chant du cantique de Sim\u00e9on :\u00a0 <a href=\"https:\/\/www.youtube.com\/watch?v=uwsk4H80r8M\">Cantique de Sim\u00e9on <\/a><\/p>\r\n<p><b>Maintenant, Seigneur, Tu peux me laisser m\u2019en aller dans la paix,<br \/>Maintenant, Seigneur, Tu peux me laisser reposer.<\/b><\/p>\r\n<p><b>1-<\/b> Tu peux laisser s\u2019en aller ton serviteur, en paix selon Ta parole<br \/>Car mes yeux ont vu le salut que Tu pr\u00e9pares \u00e0 la face des peuples.<\/p>\r\n<p><b>2-<\/b> Lumi\u00e8re pour \u00e9clairer les nations et gloire d\u2019Isra\u00ebl ton peuple.<br \/>Gloire au P\u00e8re et au Fils et au Saint Esprit pour les si\u00e8cles des si\u00e8cles.<\/p>\r\n<p>&nbsp;<\/p>\r\n","protected":false},"excerpt":{"rendered":"<p>A5.\u00a0 La pr\u00e9sentation de J\u00e9sus au temple \/ Divers Vid\u00e9o &#8211; R\u00e9f\u00e9rences Le chant du cantique de Sim\u00e9on :\u00a0 Cantique de Sim\u00e9on Maintenant, Seigneur, Tu peux me laisser m\u2019en aller dans la paix,Maintenant, Seigneur, Tu peux me laisser reposer. 1-<\/p>\n","protected":false},"author":1,"featured_media":0,"parent":29,"menu_order":10,"comment_status":"closed","ping_status":"closed","template":"","meta":{"footnotes":""},"_links":{"self":[{"href":"http:\/\/image-bible.ch\/index.php?rest_route=\/wp\/v2\/pages\/554"}],"collection":[{"href":"http:\/\/image-bible.ch\/index.php?rest_route=\/wp\/v2\/pages"}],"about":[{"href":"http:\/\/image-bible.ch\/index.php?rest_route=\/wp\/v2\/types\/page"}],"author":[{"embeddable":true,"href":"http:\/\/image-bible.ch\/index.php?rest_route=\/wp\/v2\/users\/1"}],"replies":[{"embeddable":true,"href":"http:\/\/image-bible.ch\/index.php?rest_route=%2Fwp%2Fv2%2Fcomments&post=554"}],"version-history":[{"count":6,"href":"http:\/\/image-bible.ch\/index.php?rest_route=\/wp\/v2\/pages\/554\/revisions"}],"predecessor-version":[{"id":5451,"href":"http:\/\/image-bible.ch\/index.php?rest_route=\/wp\/v2\/pages\/554\/revisions\/5451"}],"up":[{"embeddable":true,"href":"http:\/\/image-bible.ch\/index.php?rest_route=\/wp\/v2\/pages\/29"}],"wp:attachment":[{"href":"http:\/\/image-bible.ch\/index.php?rest_route=%2Fwp%2Fv2%2Fmedia&parent=554"}],"curies":[{"name":"wp","href":"https:\/\/api.w.org\/{rel}","templated":true}]}}