{"id":567,"date":"2021-03-04T11:06:15","date_gmt":"2021-03-04T10:06:15","guid":{"rendered":"http:\/\/image-bible.ch\/?page_id=567"},"modified":"2022-12-10T18:30:11","modified_gmt":"2022-12-10T17:30:11","slug":"a5-6-icone","status":"publish","type":"page","link":"http:\/\/image-bible.ch\/?page_id=567","title":{"rendered":"A5.6 \/ Ic\u00f4ne"},"content":{"rendered":"<p style=\"text-align: center;\"><span style=\"font-size: 14pt; font-family: 'comic sans ms', sans-serif;\">A5.\u00a0 La pr\u00e9sentation de J\u00e9sus au temple \/ Ic\u00f4ne<\/span><\/p>\n<p><img loading=\"lazy\" decoding=\"async\" class=\"alignnone size-medium wp-image-5887\" src=\"http:\/\/image-bible.ch\/wp-content\/uploads\/2021\/09\/4.4-Presentation-Icone-centre-international-Marial-Nazareth-05-264x300.jpg\" alt=\"\" width=\"264\" height=\"300\" srcset=\"http:\/\/image-bible.ch\/wp-content\/uploads\/2021\/09\/4.4-Presentation-Icone-centre-international-Marial-Nazareth-05-264x300.jpg 264w, http:\/\/image-bible.ch\/wp-content\/uploads\/2021\/09\/4.4-Presentation-Icone-centre-international-Marial-Nazareth-05-900x1024.jpg 900w, http:\/\/image-bible.ch\/wp-content\/uploads\/2021\/09\/4.4-Presentation-Icone-centre-international-Marial-Nazareth-05-768x874.jpg 768w, http:\/\/image-bible.ch\/wp-content\/uploads\/2021\/09\/4.4-Presentation-Icone-centre-international-Marial-Nazareth-05-1350x1536.jpg 1350w, http:\/\/image-bible.ch\/wp-content\/uploads\/2021\/09\/4.4-Presentation-Icone-centre-international-Marial-Nazareth-05-1800x2048.jpg 1800w\" sizes=\"(max-width: 264px) 100vw, 264px\" \/><\/p>\n<div class=\"wp-block-kadence-spacer aligncenter kt-block-spacer-_6c4dab-be\">\n<div class=\"kt-block-spacer kt-block-spacer-halign-center\">\n<hr class=\"kt-divider\" \/>\n<\/div>\n<\/div>\n<p>L\u2019ic\u00f4ne de la <em>Pr\u00e9sentation de J\u00e9sus au Temple<\/em> illustre bien le r\u00e9cit de saint Luc dans son \u00c9vangile (2,22-38). Quarante jours apr\u00e8s la naissance de J\u00e9sus, Joseph et Marie accomplissent la Loi de Mo\u00efse en le pr\u00e9sentant au Temple et en offrant deux petites colombes en sacrifice.<\/p>\n<p>Ce rite pouvait s\u2019accomplir aupr\u00e8s de n\u2019importe quel pr\u00eatre; ils choisissent cependant de venir au Temple de J\u00e9rusalem et c\u2019est ainsi qu\u2019une rencontre in\u00e9dite a lieu avec deux vieillards qui attendaient la consolation d\u2019Isra\u00ebl.<\/p>\n<p class=\"has-very-light-gray-background-color has-background\">En eux, <em>c\u2019est toute l\u2019Ancienne Alliance qui exprime la joie de la rencontre avec le R\u00e9dempteur<\/em>. Guid\u00e9s par l\u2019Esprit, <em>Sym\u00e9on et Anne ont l\u2019intuition que ce nouveau-n\u00e9 est pr\u00e9cis\u00e9ment celui qui est l\u2019Attendu<\/em> (Beno\u00eet XVI, hom\u00e9lie du 2 f\u00e9vrier 2011).<\/p>\n<div class=\"wp-block-kadence-rowlayout alignnone\">\n<div id=\"kt-layout-id_b506d9-a9\" class=\"kt-row-layout-inner kt-layout-id_b506d9-a9\">\n<div class=\"kt-row-column-wrap kt-has-2-columns kt-gutter-default kt-v-gutter-default kt-row-valign-top kt-row-layout-equal kt-tab-layout-inherit kt-m-colapse-left-to-right kt-mobile-layout-row\">\n<div class=\"wp-block-kadence-column inner-column-1 kadence-column_ed0930-6c\">\n<div class=\"kt-inside-inner-col\">\n<figure class=\"wp-block-image size-large\"><a href=\"https:\/\/i0.wp.com\/reclusesmiss.org\/wp\/wp-content\/uploads\/2016\/02\/presentation_jesus_temple_novgorod.jpg?ssl=1\" data-rel=\"lightbox\"><img loading=\"lazy\" decoding=\"async\" class=\"wp-image-2675 jetpack-lazy-image jetpack-lazy-image--handled\" src=\"https:\/\/i0.wp.com\/reclusesmiss.org\/wp\/wp-content\/uploads\/2016\/02\/presentation_jesus_temple_novgorod.jpg?resize=694%2C879&amp;ssl=1\" sizes=\"(max-width: 694px) 100vw, 694px\" srcset=\"https:\/\/i0.wp.com\/reclusesmiss.org\/wp\/wp-content\/uploads\/2016\/02\/presentation_jesus_temple_novgorod.jpg?w=694&amp;ssl=1 694w, https:\/\/i0.wp.com\/reclusesmiss.org\/wp\/wp-content\/uploads\/2016\/02\/presentation_jesus_temple_novgorod.jpg?resize=237%2C300&amp;ssl=1 237w\" alt=\"\" width=\"694\" height=\"879\" data-recalc-dims=\"1\" data-lazy-loaded=\"1\" \/><\/a><\/figure>\n<\/div>\n<\/div>\n<div class=\"wp-block-kadence-column inner-column-2 kadence-column_c52fd0-9a\">\n<div class=\"kt-inside-inner-col\">\n<h3 class=\"has-text-align-left\"><strong><span class=\"tadv-color\">\u00c0 l\u2019int\u00e9rieur du Temple de J\u00e9rusalem<\/span><\/strong><\/h3>\n<p>La sc\u00e8ne se d\u00e9roule \u00e0 l\u2019int\u00e9rieur du Temple signifi\u00e9 sur l\u2019ic\u00f4ne par le voile rouge unissant les deux b\u00e2timents de gauche et de droite.<\/p>\n<p>Au centre, Marie offre son enfant \u00e0 Sym\u00e9on devant un autel sur lequel dans le Temple, on immolait les agneaux apport\u00e9s par les familles riches.<\/p>\n<p>Ici, la figure de l\u2019agneau est associ\u00e9e \u00e0\u00a0l\u2019Enfant J\u00e9sus, qui adulte, offrira sa vie. D\u00e9j\u00e0, J\u00e9sus entre dans sa mission de sauveur.<\/p>\n<\/div>\n<\/div>\n<\/div>\n<\/div>\n<\/div>\n<h3><strong><span class=\"tadv-color\">Sym\u00e9on et Anne<\/span><\/strong><\/h3>\n<p><strong>Sym\u00e9on<\/strong>, dont le nom est d\u00e9riv\u00e9 du verbe <em>shama<\/em> et qui signifie \u201centendre\u201d ou \u201cil a entendu\u201d, re\u00e7oit l\u2019Enfant des mains de Marie. Il a lui-m\u00eame les mains voil\u00e9es et le buste inclin\u00e9 en signe d\u2019adoration. Son c\u0153ur d\u00e9borde de joie et il se met \u00e0 prier le P\u00e8re \u00e0 voix haute:<\/p>\n<h4 class=\"has-very-light-gray-background-color has-background\"><em><strong>Maintenant, \u00f4 ma\u00eetre Souverain, tu peux laisser aller ton serviteur en paix, selon ta parole. Car mes yeux ont vu le salut, que tu as pr\u00e9par\u00e9 \u00e0 la face de ton peuple, lumi\u00e8re pour \u00e9clairer les nations et gloire de ton peuple Isra\u00ebl.<\/strong><\/em><\/h4>\n<div class=\"wp-block-kadence-spacer aligncenter kt-block-spacer-_40e857-c3\">\n<div class=\"kt-block-spacer kt-block-spacer-halign-center\">\n<hr class=\"kt-divider\" \/>\n<\/div>\n<\/div>\n<p><strong>Anne<\/strong>, une proph\u00e9tesse, c\u2019est-\u00e0-dire une femme consacr\u00e9e \u00e0 Dieu et interpr\u00e8te de ses desseins selon l\u2019explication de la Bible de J\u00e9rusalem, <em>ne quittait pas le Temple, servant Dieu nuit et jour dans le je\u00fbne et la pri\u00e8re<\/em>, nous dit saint Luc.<\/p>\n<p>Sur l\u2019ic\u00f4ne de Novgorod, Anne pointe vers l\u2019Enfant, de qui elle parle <em>\u00e0 tous ceux qui attendaient la d\u00e9livrance de J\u00e9rusalem<\/em>. Sur d\u2019autres ic\u00f4nes, elle tient un phylact\u00e8re avec cette inscription en grec: <em>Ce nouveau-n\u00e9 a cr\u00e9\u00e9 le ciel et la terre<\/em>, ou en arabe: <em>Cet Enfant est celui qui a consolid\u00e9 les cieux et la terre.<\/em><\/p>\n<div class=\"wp-block-kadence-spacer aligncenter kt-block-spacer-_12ca8f-e3\">\n<div class=\"kt-block-spacer kt-block-spacer-halign-center\">\n<hr class=\"kt-divider\" \/>\n<\/div>\n<\/div>\n<div class=\"wp-block-kadence-rowlayout alignnone\">\n<div id=\"kt-layout-id_392f8b-f1\" class=\"kt-row-layout-inner kt-layout-id_392f8b-f1\">\n<div class=\"kt-row-column-wrap kt-has-2-columns kt-gutter-default kt-v-gutter-default kt-row-valign-top kt-row-layout-equal kt-tab-layout-inherit kt-m-colapse-left-to-right kt-mobile-layout-row\">\n<div class=\"wp-block-kadence-column inner-column-1 kadence-column_22cf3d-f2\">\n<div class=\"kt-inside-inner-col\">\n<h3><strong><span class=\"tadv-color\">Reconna\u00eetre J\u00e9sus tel qu\u2019il\u00a0se pr\u00e9sente<\/span><\/strong><\/h3>\n<p><em>En contemplant l\u2019Enfant J\u00e9sus, Sym\u00e9on et Anne entrevoient son destin de mort et de r\u00e9surrection et annoncent ce myst\u00e8re comme salut universel. Cette sc\u00e8ne \u00e9vang\u00e9lique manifeste la sagesse de Sym\u00e9on et d\u2019Anne, la sagesse d\u2019une vie totalement consacr\u00e9e \u00e0 la recherche du visage de Dieu, de ses signes et de sa volont\u00e9<\/em>\u00a0(Beno\u00eet XVI, 2 f\u00e9vrier 2011).<\/p>\n<p>Une volont\u00e9 qui ne cherche ni grandeur ni richesse selon les vues humaines.<\/p>\n<\/div>\n<\/div>\n<div class=\"wp-block-kadence-column inner-column-2 kadence-column_f6b719-42\">\n<div class=\"kt-inside-inner-col\">\n<figure class=\"wp-block-image size-large\"><a href=\"https:\/\/i1.wp.com\/reclusesmiss.org\/wp\/wp-content\/uploads\/2016\/02\/Pr\u00e9sentation-de-J\u00e9sus-au-Temple-Ic\u00f4ne-sr-Jacqueline.jpg?ssl=1\" data-rel=\"lightbox\"><img loading=\"lazy\" decoding=\"async\" class=\"wp-image-2679 jetpack-lazy-image jetpack-lazy-image--handled\" src=\"https:\/\/i1.wp.com\/reclusesmiss.org\/wp\/wp-content\/uploads\/2016\/02\/Pr\u00e9sentation-de-J\u00e9sus-au-Temple-Ic\u00f4ne-sr-Jacqueline.jpg?resize=804%2C1024&amp;ssl=1\" sizes=\"(max-width: 804px) 100vw, 804px\" srcset=\"https:\/\/i1.wp.com\/reclusesmiss.org\/wp\/wp-content\/uploads\/2016\/02\/Pr\u00e9sentation-de-J\u00e9sus-au-Temple-Ic\u00f4ne-sr-Jacqueline.jpg?resize=804%2C1024&amp;ssl=1 804w, https:\/\/i1.wp.com\/reclusesmiss.org\/wp\/wp-content\/uploads\/2016\/02\/Pr\u00e9sentation-de-J\u00e9sus-au-Temple-Ic\u00f4ne-sr-Jacqueline.jpg?resize=235%2C300&amp;ssl=1 235w, https:\/\/i1.wp.com\/reclusesmiss.org\/wp\/wp-content\/uploads\/2016\/02\/Pr\u00e9sentation-de-J\u00e9sus-au-Temple-Ic\u00f4ne-sr-Jacqueline.jpg?w=1836&amp;ssl=1 1836w\" alt=\"\" width=\"804\" height=\"1024\" data-recalc-dims=\"1\" data-lazy-loaded=\"1\" \/><\/a><\/figure>\n<p class=\"has-text-align-center\">Ic\u00f4ne de sr Jacqueline Poirier, r.m.<\/p>\n<\/div>\n<\/div>\n<\/div>\n<\/div>\n<\/div>\n<p>Avec les Mages et les Bergers, Sym\u00e9on et Anne compl\u00e8tent la trilogie des personnages\u00a0ayant\u00a0d\u00e9couvert la grande nouveaut\u00e9\u00a0en cet Enfant n\u00e9 simplement, dans une cr\u00e8che. Ce ne sont ni les pr\u00eatres, ni les l\u00e9vites et les scribes du Temple qui le reconnaissent, ni le roi H\u00e9rode ou les habitants de Bethl\u00e9em, mais ceux et celles qui ont le c\u0153ur ouvert et en\u00a0recherche. L\u2019Esprit Saint ouvre alors leurs yeux pour qu\u2019ils reconnaissent en J\u00e9sus\u00a0l\u2019accomplissement du dessein mis\u00e9ricordieux du P\u00e8re.<\/p>\n<div class=\"wp-block-kadence-spacer aligncenter kt-block-spacer-_a7721b-b9\">\n<div class=\"kt-block-spacer kt-block-spacer-halign-center\">\n<hr class=\"kt-divider\" \/>\n<\/div>\n<\/div>\n<p><strong>Pour nous, cette ic\u00f4ne est un appel \u00e0 d\u00e9couvrir J\u00e9sus, \u00e0 le rencontrer et \u00e0 l\u2019accepter tel qu\u2019il se pr\u00e9sente \u00e0 nous.<\/strong><\/p>\n<ul>\n<li class=\"kt-svg-icon-list-style-default kt-svg-icon-list-item-wrap kt-svg-icon-list-item-0\"><span class=\"kt-svg-icon-list-text\">Est-ce que nous cherchons J\u00e9sus?<\/span><\/li>\n<li class=\"kt-svg-icon-list-style-default kt-svg-icon-list-item-wrap kt-svg-icon-list-item-1\"><span class=\"kt-svg-icon-list-text\">Et si Marie nous le pr\u00e9sentait, est-ce que notre c\u0153ur l\u2019accueillerait?<\/span><\/li>\n<\/ul>\n<div class=\"wp-block-kadence-iconlist kt-svg-icon-list-items kt-svg-icon-list-items_d2fe0a-93 kt-svg-icon-list-columns-1 alignnone kt-list-icon-aligntop\">\n<ul class=\"kt-svg-icon-list\">\n<li class=\"kt-svg-icon-list-style-default kt-svg-icon-list-item-wrap kt-svg-icon-list-item-2\"><span class=\"kt-svg-icon-list-text\">Ou avons-nous quelque chose \u00e0 offrir afin de lib\u00e9rer notre c\u0153ur pour nous permettre de l\u2019accueillir comme notre Sauveur?<\/span><\/li>\n<\/ul>\n<\/div>\n<div class=\"wp-block-kadence-spacer aligncenter kt-block-spacer-_e93645-16\">\n<div class=\"kt-block-spacer kt-block-spacer-halign-center\">\n<hr class=\"kt-divider\" \/>\n<\/div>\n<\/div>\n<p class=\"has-text-align-center has-very-light-gray-background-color has-background\"><span class=\"tadv-color\"><strong>Chacun et chacune de nous peut \u00e0 n\u2019importe quel moment rencontrer J\u00e9sus et l\u2019accueillir dans ses propres mains en recevant l\u2019Eucharistie.<\/strong><\/span><\/p>\n<div class=\"wp-block-kadence-spacer aligncenter kt-block-spacer-_740409-7b\">\n<div class=\"kt-block-spacer kt-block-spacer-halign-center\">\n<hr class=\"kt-divider\" \/>\n<\/div>\n<\/div>\n<p><a href=\"https:\/\/reclusesmiss.org\/wp\/la-presentation-de-jesus-au-temple\/\">R\u00e9f\u00e9rences<\/a><\/p>\n","protected":false},"excerpt":{"rendered":"<p>A5.\u00a0 La pr\u00e9sentation de J\u00e9sus au temple \/ Ic\u00f4ne L\u2019ic\u00f4ne de la Pr\u00e9sentation de J\u00e9sus au Temple illustre bien le r\u00e9cit de saint Luc dans son \u00c9vangile (2,22-38). Quarante jours apr\u00e8s la naissance de J\u00e9sus, Joseph et Marie accomplissent la<\/p>\n","protected":false},"author":1,"featured_media":0,"parent":29,"menu_order":6,"comment_status":"closed","ping_status":"closed","template":"","meta":{"footnotes":""},"_links":{"self":[{"href":"http:\/\/image-bible.ch\/index.php?rest_route=\/wp\/v2\/pages\/567"}],"collection":[{"href":"http:\/\/image-bible.ch\/index.php?rest_route=\/wp\/v2\/pages"}],"about":[{"href":"http:\/\/image-bible.ch\/index.php?rest_route=\/wp\/v2\/types\/page"}],"author":[{"embeddable":true,"href":"http:\/\/image-bible.ch\/index.php?rest_route=\/wp\/v2\/users\/1"}],"replies":[{"embeddable":true,"href":"http:\/\/image-bible.ch\/index.php?rest_route=%2Fwp%2Fv2%2Fcomments&post=567"}],"version-history":[{"count":5,"href":"http:\/\/image-bible.ch\/index.php?rest_route=\/wp\/v2\/pages\/567\/revisions"}],"predecessor-version":[{"id":5889,"href":"http:\/\/image-bible.ch\/index.php?rest_route=\/wp\/v2\/pages\/567\/revisions\/5889"}],"up":[{"embeddable":true,"href":"http:\/\/image-bible.ch\/index.php?rest_route=\/wp\/v2\/pages\/29"}],"wp:attachment":[{"href":"http:\/\/image-bible.ch\/index.php?rest_route=%2Fwp%2Fv2%2Fmedia&parent=567"}],"curies":[{"name":"wp","href":"https:\/\/api.w.org\/{rel}","templated":true}]}}