{"id":582,"date":"2021-03-04T13:29:49","date_gmt":"2021-03-04T12:29:49","guid":{"rendered":"http:\/\/image-bible.ch\/?page_id=582"},"modified":"2024-11-19T21:04:35","modified_gmt":"2024-11-19T20:04:35","slug":"a6-3-nouveau-testament","status":"publish","type":"page","link":"http:\/\/image-bible.ch\/?page_id=582","title":{"rendered":"A6.3 \/ Nouveau-Testament"},"content":{"rendered":"<p><\/p>\r\n<p style=\"text-align: center;\"><span style=\"font-size: 14pt; font-family: georgia, palatino, serif;\">A6. La fuite en Egypte \/ Nouveau-Testament<\/span><\/p>\r\n<p><img loading=\"lazy\" decoding=\"async\" class=\"alignnone  wp-image-5478\" src=\"http:\/\/image-bible.ch\/wp-content\/uploads\/2021\/05\/6.-Fuite-en-Egypte-C-248x300.jpg\" alt=\"\" width=\"327\" height=\"396\" srcset=\"http:\/\/image-bible.ch\/wp-content\/uploads\/2021\/05\/6.-Fuite-en-Egypte-C-248x300.jpg 248w, http:\/\/image-bible.ch\/wp-content\/uploads\/2021\/05\/6.-Fuite-en-Egypte-C.jpg 393w\" sizes=\"(max-width: 327px) 100vw, 327px\" \/><\/p>\r\n<p>Mt 2,13-14<\/p>\r\n<p><span class=\"verse_number\">Mt 2,<sup><span style=\"color: #0000ff;\">13<\/span><\/sup><\/span> Apr\u00e8s leur d\u00e9part (des mages), voici que <strong>l\u2019ange du Seigneur<\/strong> appara\u00eet <em>en<strong><span style=\"color: #ff0000;\"> songe<\/span><\/strong><\/em><strong> \u00e0 Joseph<\/strong> et lui dit : \u00ab L\u00e8ve-toi ; prends l\u2019enfant et sa m\u00e8re, et <em>fuis<\/em> <span style=\"color: #008080;\">en <strong>\u00c9gypte<\/strong><\/span>. Reste l\u00e0-bas jusqu\u2019\u00e0 ce que je t\u2019avertisse, car <strong>H\u00e9rode<\/strong> va rechercher <strong>l\u2019enfant<\/strong> pour <em>le faire p\u00e9rir<\/em>. \u00bb<\/p>\r\n<p><sup><span class=\"verse_number\" style=\"color: #0000ff;\">14<\/span><\/sup> <strong>Joseph<\/strong> se leva ; <em>dans la nuit<\/em>, il prit <strong>l\u2019enfant et sa m\u00e8re<\/strong>, et se retira en <span style=\"color: #008080;\"><strong>\u00c9gypte<\/strong><\/span>, <sup><span class=\"verse_number\" style=\"color: #0000ff;\">15<\/span><\/sup> o\u00f9 il resta jusqu\u2019\u00e0 <em>la mort<\/em> <strong>d\u2019H\u00e9rode<\/strong>, pour que soit <em>accomplie<\/em> la <em>parole du Seigneur<\/em> prononc\u00e9e par<em> le proph\u00e8te<\/em>\u00a0: <em>D\u2019<span style=\"color: #008080;\">\u00c9gypte<\/span>, j\u2019ai appel\u00e9 mon fils<\/em>.<\/p>\r\n<p><span style=\"color: #993300;\"><strong>Vocabulaire :<\/strong><\/span><\/p>\r\n<p><span style=\"color: #993300;\"><strong>Joseph :<\/strong> <span class=\"ILfuVd c3biWd\"><span class=\"hgKElc\">de l&rsquo;h\u00e9breu \u05d9\u05d5\u05b9\u05e1\u05b5\u05e3 : Yosseph = <\/span><\/span><span class=\"ILfuVd\"><span class=\"hgKElc\">qui signifie \u00ab il augmentera \u00bb, \u00ab il ajoutera \u00bb ou \u00ab fera cro\u00eetre \u00bb.<\/span><\/span><br \/><\/span><\/p>\r\n<p><span style=\"color: #993300;\"><strong>Songe :<\/strong> C&rsquo;est la mani\u00e8re de Dieu de s&rsquo;adresse \u00e0 l&rsquo;homme masculin, endormir les sens pour qu&rsquo;il ne puisse mettre la main sur Dieu. Alors que Dieu s&rsquo;adresse aux femmes par une apparition<br \/><\/span><\/p>\r\n<p><span style=\"color: #993300;\"><strong>Fuir :<\/strong> \u00ab\u00a0Races de vip\u00e8res, qui vous a appris \u00e0 <span class=\"strong_selected\">fuir<\/span> [<strong>pheugo<\/strong>] la col\u00e8re \u00e0 venir? \u00a0\u00bb (Mt 3,7; 24, 23,33 ; Lc 3,7 &#8230;)<\/span><\/p>\r\n<p><strong><span style=\"color: #993300;\">Faire p\u00e9rir :<\/span><\/strong><\/p>\r\n<p><span style=\"color: #0000ff;\"><strong>Questions :<\/strong><\/span><\/p>\r\n<ol>\r\n<li><span style=\"color: #0000ff;\">Quels sont les songes dans l&rsquo;Evangile, dans l&rsquo;A.T. ?<\/span><\/li>\r\n<li><span style=\"color: #0000ff;\">A quelle figure de l&rsquo;A.T. ressemble H\u00e9rode ?<\/span><\/li>\r\n<li><span style=\"color: #0000ff;\">Pourquoi H\u00e9rode chercher \u00e0 faire p\u00e9rir l&rsquo;enfant ?<\/span><\/li>\r\n<li><span style=\"color: #0000ff;\">Que symbolise la nuit durant laquelle Joseph se retire en Egypte avec l&rsquo;enfant et sa m\u00e8re ?<\/span><\/li>\r\n<li><span style=\"color: #0000ff;\">Quel est l&rsquo;accomplissement effectu\u00e9 par J\u00e9sus ?<\/span><\/li>\r\n<\/ol>\r\n<p><strong>Commentaire :<\/strong><\/p>\r\n<p style=\"text-align: justify;\">La cl\u00e9 de ce r\u00e9cit est la conclusion : \u00ab\u00a0pour que soit <em>accomplie<\/em> la <em>parole du Seigneur<\/em> prononc\u00e9e par<em> le proph\u00e8te<\/em>\u00a0: <em>D\u2019\u00c9gypte, j\u2019ai appel\u00e9 mon fils<\/em>.\u00a0\u00bb Si J\u00e9sus avec ses parents, descend en Egypte pour fuir la furie d&rsquo;H\u00e9rode, figure de Pharaon, c&rsquo;est pour r\u00e9sumer et accomplir le chemin du peuple de Dieu, le peuple h\u00e9breu qui a \u00e9t\u00e9 lib\u00e9re de l&rsquo;esclavage d&rsquo;Egypte \u00e0 travers l&rsquo;intervention de Dieu par Mo\u00efse. C&rsquo;\u00e9tait la P\u00e2que juive, qui annonce d\u00e9j\u00e0 la P\u00e2que de J\u00e9sus, sa mort et sa r\u00e9surrection pour sauver cette fois-ci l&rsquo;humanit\u00e9 toute enti\u00e8re, et non pas seulement le peuple h\u00e9breu.<\/p>\r\n<p>Le m\u00eame combat pour la libert\u00e9 et la vie du peuple h\u00e9breu envers pharaon, se reproduit avec J\u00e9sus envers H\u00e9rode.<\/p>\r\n","protected":false},"excerpt":{"rendered":"<p>A6. La fuite en Egypte \/ Nouveau-Testament Mt 2,13-14 Mt 2,13 Apr\u00e8s leur d\u00e9part (des mages), voici que l\u2019ange du Seigneur appara\u00eet en songe \u00e0 Joseph et lui dit : \u00ab L\u00e8ve-toi ; prends l\u2019enfant et sa m\u00e8re, et fuis<\/p>\n","protected":false},"author":1,"featured_media":0,"parent":31,"menu_order":3,"comment_status":"closed","ping_status":"closed","template":"","meta":{"footnotes":""},"_links":{"self":[{"href":"http:\/\/image-bible.ch\/index.php?rest_route=\/wp\/v2\/pages\/582"}],"collection":[{"href":"http:\/\/image-bible.ch\/index.php?rest_route=\/wp\/v2\/pages"}],"about":[{"href":"http:\/\/image-bible.ch\/index.php?rest_route=\/wp\/v2\/types\/page"}],"author":[{"embeddable":true,"href":"http:\/\/image-bible.ch\/index.php?rest_route=\/wp\/v2\/users\/1"}],"replies":[{"embeddable":true,"href":"http:\/\/image-bible.ch\/index.php?rest_route=%2Fwp%2Fv2%2Fcomments&post=582"}],"version-history":[{"count":9,"href":"http:\/\/image-bible.ch\/index.php?rest_route=\/wp\/v2\/pages\/582\/revisions"}],"predecessor-version":[{"id":9528,"href":"http:\/\/image-bible.ch\/index.php?rest_route=\/wp\/v2\/pages\/582\/revisions\/9528"}],"up":[{"embeddable":true,"href":"http:\/\/image-bible.ch\/index.php?rest_route=\/wp\/v2\/pages\/31"}],"wp:attachment":[{"href":"http:\/\/image-bible.ch\/index.php?rest_route=%2Fwp%2Fv2%2Fmedia&parent=582"}],"curies":[{"name":"wp","href":"https:\/\/api.w.org\/{rel}","templated":true}]}}