{"id":584,"date":"2021-03-04T13:30:11","date_gmt":"2021-03-04T12:30:11","guid":{"rendered":"http:\/\/image-bible.ch\/?page_id=584"},"modified":"2021-09-21T11:33:18","modified_gmt":"2021-09-21T09:33:18","slug":"a6-4-ancien-testament","status":"publish","type":"page","link":"http:\/\/image-bible.ch\/?page_id=584","title":{"rendered":"A6.4 \/ Ancien-Testament"},"content":{"rendered":"\r\n<p style=\"text-align: center;\"><span style=\"font-size: 14pt; font-family: 'comic sans ms', sans-serif;\">A6. La fuite en Egypte \/ Ancien-Testament<\/span><\/p>\r\n<h3><strong>Rebecca entre \u00c9sa\u00fc et Jacob<\/strong><\/h3>\r\n<p><img loading=\"lazy\" decoding=\"async\" class=\"alignnone size-medium wp-image-5440\" src=\"http:\/\/image-bible.ch\/wp-content\/uploads\/2021\/05\/5.-Fuite-en-Egypte-A-Esau-Jacob-196x300.jpg\" alt=\"\" width=\"196\" height=\"300\" srcset=\"http:\/\/image-bible.ch\/wp-content\/uploads\/2021\/05\/5.-Fuite-en-Egypte-A-Esau-Jacob-196x300.jpg 196w, http:\/\/image-bible.ch\/wp-content\/uploads\/2021\/05\/5.-Fuite-en-Egypte-A-Esau-Jacob.jpg 313w\" sizes=\"(max-width: 196px) 100vw, 196px\" \/><\/p>\r\n<p><i>Gn 27,41-45 :<\/i><\/p>\r\n<p><i>Apr\u00e8s que Jacob a vol\u00e9 la b\u00e9n\u00e9diction d&rsquo;Isaac (27,6-40) son p\u00e8re, en se faisant passer pour Esa\u00fc (l&rsquo;a\u00een\u00e9) &#8230; <br \/><\/i><\/p>\r\n<p><sup><span class=\"verse_number\" style=\"color: #0000ff;\">41<\/span><\/sup> <strong>\u00c9sa\u00fc<\/strong> se mit \u00e0 consid\u00e9rer <strong>Jacob<\/strong> comme son ennemi \u00e0 cause de la b\u00e9n\u00e9diction qu\u2019il avait re\u00e7ue de <strong>son p\u00e8re<\/strong>. Il se disait en lui-m\u00eame\u00a0: \u00ab\u00a0Le moment du deuil de mon p\u00e8re approche. Alors je tuerai mon fr\u00e8re Jacob.\u00a0\u00bb<\/p>\r\n<p><span style=\"color: #0000ff;\"><sup><span class=\"verse_number\">42<\/span><\/sup><\/span> On rapporta \u00e0 <strong>R\u00e9becca<\/strong> les paroles d\u2019\u00c9sa\u00fc, son fils a\u00een\u00e9, et elle fit appeler Jacob, son fils cadet. Elle lui dit\u00a0: \u00ab\u00a0Voici que ton fr\u00e8re \u00c9sa\u00fc <em>veut se venger de toi en te tuant<\/em>.<\/p>\r\n<p><sup><span class=\"verse_number\" style=\"color: #0000ff;\">43<\/span><\/sup> Maintenant, mon fils, \u00e9coute-moi bien\u00a0: <strong><span style=\"color: #ff0000;\">l\u00e8ve-toi et fuis<\/span><\/strong> \u00e0 <span style=\"color: #008000;\">Harane<\/span> chez mon <strong>fr\u00e8re Laban<\/strong>.<\/p>\r\n<p><sup><span class=\"verse_number\" style=\"color: #0000ff;\">44<\/span><\/sup> Tu habiteras avec lui quelque temps, jusqu\u2019\u00e0 ce que<em> la fureur<\/em> de ton fr\u00e8re se d\u00e9tourne de toi, <sup><span class=\"verse_number\" style=\"color: #0000ff;\">45<\/span><\/sup> oui, que <em>sa col\u00e8re<\/em> se d\u00e9tourne de toi et qu\u2019il oublie ce que tu lui as fait\u00a0; alors j\u2019enverrai quelqu\u2019un te chercher l\u00e0-bas. Pourquoi serais-je priv\u00e9e de mes deux enfants le m\u00eame jour\u00a0?\u00a0\u00bb<\/p>\r\n<p><sup><span class=\"verse_number\" style=\"color: #0000ff;\">46<\/span><\/sup> R\u00e9becca dit \u00e0 <strong>Isaac\u00a0<\/strong>: \u00ab\u00a0Je suis d\u00e9go\u00fbt\u00e9e de la vie \u00e0 cause des filles de Hittites, les femmes d\u2019\u00c9sa\u00fc. Si jamais Jacob devait \u00e9pouser une fille comme celles-l\u00e0, une fille de ce pays, \u00e0 quoi bon vivre encore\u00a0!\u00a0\u00bb<\/p>\r\n<p style=\"text-align: justify;\"><span style=\"color: #993300;\"><strong>Vocabulaire :<\/strong><\/span><\/p>\r\n<p style=\"text-align: justify;\"><span style=\"color: #993300;\"><strong>Esa\u00fc :<\/strong> Fils d&rsquo;Isaac et de R\u00e9becca, fr\u00e8re jumeau de Jacob dont il est l&rsquo;a\u00een\u00e9 ; appel\u00e9 aussi \u00c9dom, anc\u00eatre des \u00c9domites ou Idum\u00e9ens ; ceux-ci sont appel\u00e9s \u00ab enfants d&rsquo;\u00c9sa\u00fc \u00bb (Dt 2,4), . Le nom d&rsquo;\u00c9sa\u00fc, qui signifie \u00ab\u00a0velu\u00a0\u00bb, est expliqu\u00e9 par l&rsquo;aspect du nouveau-n\u00e9.<\/span><\/p>\r\n<p style=\"text-align: justify;\"><span style=\"color: #993300;\"><strong>Filles de Hittites :<\/strong> femmes d&rsquo;Esa\u00fc : Gn 26,24 : <i>\u00ab \u00c9sa\u00fc, \u00e2g\u00e9 de quarante ans, prit Judith pour femme, fille de Be\u00e9ri le Hittite, ainsi que Basmath, fille d&rsquo;\u00c9lon le Hittite. \u00bb<\/i> Les hitites sont un des peuples habitant Canaan avant l&rsquo;arriv\u00e9e d&rsquo;Abraham.<br \/><\/span><\/p>\r\n<p style=\"text-align: justify;\"><span style=\"color: #993300;\"><strong>Isaac :<\/strong> <span class=\"ILfuVd\"><span class=\"hgKElc\">signifie \u00ab\u00a0rire\u00a0\u00bb en h\u00e9breu. Dans l&rsquo;Ancien Testament, <b>Isaac<\/b> est le fils de Sarah et Abraham. Lorsque Sarah apprend \u00e0 l&rsquo;\u00e2ge de 90 ans qu&rsquo;elle attend un enfant, elle est secou\u00e9e d&rsquo;un petit rire, d&rsquo;o\u00f9 l&rsquo;origine du <b>pr\u00e9nom Isaac<\/b>.<\/span><\/span><\/span><\/p>\r\n<p style=\"text-align: justify;\"><span style=\"color: #993300;\"><strong>Jacob :<\/strong> signifie <span class=\"ILfuVd\"><span class=\"hgKElc\">\u00ab talon \u00bb (parce qu&rsquo;il \u00e9tait n\u00e9 juste apr\u00e8s Esa\u00fc en tenant son fr\u00e8re jumeau par le talon), ou ya&rsquo;aqob, \u00ab que Dieu favorise \u00bb. Il est le cadet des fr\u00e8res jumeaux n\u00e9 de Isaac et Rebecca.<\/span><\/span><\/span><\/p>\r\n<p style=\"text-align: justify;\"><span style=\"color: #993300;\"><strong>Laban :<\/strong> signifie \u00ab\u00a0rendre blanc, devenir blanc, purifier\u00a0\u00bb et \u00ab\u00a0montrer de la blancheur, blanchir\u00a0\u00bb.\u00a0 Il le fr\u00e8re de Rebecca. <\/span>Jacob se r\u00e9fugie chez Laban \u00e0 Harran pour fuir la col\u00e8re d&rsquo;\u00c9sa\u00fc qu&rsquo;il a tromp\u00e9. Il travaille pour son oncle de nombreuses ann\u00e9es puis il \u00e9pouse successivement les deux filles de Laban : L\u00e9a et Rachel alors que le L\u00e9vitique interdit d&rsquo;\u00e9pouser deux s\u0153urs.<\/p>\r\n<p style=\"text-align: justify;\"><span style=\"color: #993300;\"><strong>Rebecca :<\/strong> <span class=\"ILfuVd\"><span class=\"hgKElc\">vient du terme \u00ab\u00a0Rivka\u00a0\u00bb, qui signifie \u00ab\u00a0celle qui est rassasi\u00e9e\u00a0\u00bb en h\u00e9breu. Fille de Bethouel et femme d\u2019Isaac, l\u2019h\u00e9ritier d\u2019Abraham. C\u2019est elle qui est la m\u00e8re de Jacob et d\u2019Esa\u00fc.<\/span><\/span><\/span><\/p>\r\n<p><span style=\"color: #0000ff;\"><strong>Questions :<\/strong><\/span><\/p>\r\n<p>&nbsp;<\/p>\r\n<p><strong>Commentaire :<\/strong><\/p>\r\n<p>Jacob \u00e9chappe \u00e0 la vengeance d&rsquo;Esa\u00fc, &#8211; son fr\u00e8re jumeau, \u00e0 qui il a vol\u00e9 la b\u00e9n\u00e9diction de son p\u00e8re &#8211; gr\u00e2ce au conseil de Rebecca sa m\u00e8re qui l&rsquo;envoie chez son fr\u00e8re Laban. La r\u00e9conciliation n&rsquo;aura lieu que bien plus tard apr\u00e8s le mariage de Jacob.<\/p>\r\n<h3><strong>Mikal aide David \u00e0 fuir devant le roi Sa\u00fcl<\/strong><\/h3>\r\n<p><i>\u00a0<\/i><img loading=\"lazy\" decoding=\"async\" class=\"alignnone size-medium wp-image-5441\" src=\"http:\/\/image-bible.ch\/wp-content\/uploads\/2021\/05\/5.-Fuite-en-Egypte-B-Saul-David-183x300.jpg\" alt=\"\" width=\"183\" height=\"300\" srcset=\"http:\/\/image-bible.ch\/wp-content\/uploads\/2021\/05\/5.-Fuite-en-Egypte-B-Saul-David-183x300.jpg 183w, http:\/\/image-bible.ch\/wp-content\/uploads\/2021\/05\/5.-Fuite-en-Egypte-B-Saul-David.jpg 306w\" sizes=\"(max-width: 183px) 100vw, 183px\" \/><\/p>\r\n<p><i>1Sm 19,9-18 : \u00a0<\/i><\/p>\r\n<p><em>Sa\u00fcl cherche \u00e0 tuer David, qu&rsquo;il ressent comme un rival<\/em><\/p>\r\n<p><sup><span class=\"verse_number\" style=\"color: #0000ff;\">9<\/span><\/sup> Un mauvais esprit envoy\u00e9 par le Seigneur vint sur <strong>Sa\u00fcl<\/strong>, alors qu\u2019il \u00e9tait assis dans sa maison. Il tenait sa <em>lance<\/em> \u00e0 la main, et <strong>David<\/strong> jouait de son <em>instrument<\/em>.<\/p>\r\n<p><sup><span class=\"verse_number\" style=\"color: #0000ff;\">10<\/span><\/sup> Sa\u00fcl chercha \u00e0 clouer David au mur avec sa lance, mais David <em>esquiva<\/em> le coup de Sa\u00fcl, qui ficha sa lance dans le mur. David <strong><span style=\"color: #ff0000;\">prit la fuite<\/span><\/strong> et <strong><span style=\"color: #ff0000;\">fut sauv\u00e9<\/span><\/strong> cette nuit-l\u00e0.<\/p>\r\n<p><sup><span class=\"verse_number\" style=\"color: #0000ff;\">11<\/span><\/sup> Sa\u00fcl envoya des \u00e9missaires \u00e0 la maison de David, pour le surveiller et le mettre \u00e0 mort au matin. Mais <strong>Mikal<\/strong>, la femme de David, l\u2019avertit\u00a0: \u00ab\u00a0<em>Si tu ne te <span style=\"color: #ff0000;\">sauves<\/span><\/em> pas cette nuit, demain tu seras mis \u00e0 mort\u00a0!\u00a0\u00bb<\/p>\r\n<p><sup><span class=\"verse_number\" style=\"color: #0000ff;\">12<\/span><\/sup> Et Mikal fit descendre David par la fen\u00eatre. Il partit, <strong><span style=\"color: #ff0000;\">prit la fuite<\/span> <\/strong>et <strong><span style=\"color: #ff0000;\">fut sauv\u00e9.<\/span><\/strong><\/p>\r\n<p><sup><span class=\"verse_number\" style=\"color: #0000ff;\">13<\/span><\/sup> Mikal saisit l\u2019idole domestique, la pla\u00e7a sur le lit\u00a0; elle mit \u00e0 l\u2019endroit de la t\u00eate une touffe de poils de ch\u00e8vre et recouvrit le reste d\u2019un v\u00eatement.<\/p>\r\n<p><sup><span class=\"verse_number\" style=\"color: #0000ff;\">14<\/span><\/sup> Sa\u00fcl envoya des \u00e9missaires pour se saisir de David, mais elle dit\u00a0: \u00ab\u00a0<em>Il est malade<\/em>.\u00a0\u00bb<\/p>\r\n<p><sup><span class=\"verse_number\" style=\"color: #0000ff;\">15<\/span><\/sup> Alors Sa\u00fcl renvoya les \u00e9missaires voir David, en leur disant\u00a0: \u00ab\u00a0Apportez-le-moi, dans son lit, pour qu\u2019il soit mis \u00e0 mort.\u00a0\u00bb<\/p>\r\n<p><sup><span class=\"verse_number\" style=\"color: #0000ff;\">16<\/span><\/sup> Mais quand les \u00e9missaires furent entr\u00e9s, il n\u2019y avait, sur le lit, que l\u2019idole, avec une touffe de poils de ch\u00e8vre \u00e0 l\u2019endroit de la t\u00eate\u00a0!<\/p>\r\n<p><sup><span class=\"verse_number\" style=\"color: #0000ff;\">17<\/span><\/sup> Sa\u00fcl dit \u00e0 Mikal\u00a0: \u00ab\u00a0Pourquoi m\u2019as-tu ainsi tromp\u00e9\u00a0? Tu as laiss\u00e9 partir mon ennemi, et il est <span style=\"color: #ff0000;\">sauv\u00e9<\/span>\u00a0!\u00a0\u00bb Mikal r\u00e9pondit \u00e0 Sa\u00fcl\u00a0: \u00ab\u00a0C\u2019est lui qui m\u2019a dit\u00a0: \u201cLaisse-moi partir. Pourquoi faudrait-il que je sois la cause de ta mort\u00a0?\u201d\u00a0\u00bb<\/p>\r\n<p><span style=\"color: #0000ff;\"><sup><span class=\"verse_number\">18<\/span><\/sup><\/span> David prit donc la fuite et fut sauv\u00e9. Il arriva chez <strong>Samuel<\/strong> \u00e0 <span style=\"color: #008000;\">Rama<\/span> et lui rapporta tout ce que Sa\u00fcl lui avait fait subir.<\/p>\r\n<p><span style=\"color: #993300;\"><strong>Vocabulaire :<\/strong><\/span><\/p>\r\n<p>&nbsp;<\/p>\r\n<p><span style=\"color: #0000ff;\"><strong>Questions :<\/strong><\/span><\/p>\r\n<p>&nbsp;<\/p>\r\n<p>&nbsp;<\/p>\r\n<p><strong>Commentaire :<\/strong><\/p>\r\n<p>David prend la fuite et il est sauv\u00e9, voil\u00e0 le coeur de ce r\u00e9cit. Il est sauv\u00e9 une premi\u00e8re fois en s&rsquo;\u00e9chappant devant Sa\u00fcl qui veut le tuer avec sa lance, alors que lui n&rsquo;a qu&rsquo;un instrument de musique. Il est sauv\u00e9 une deuxi\u00e8me par sa femme Mikal qui le fait descendre par la fen\u00eatre. Il est sauv\u00e9 une troisi\u00e8me fois en allant chez le proph\u00e8te Samuel.<\/p>\r\n<p><strong>Les proph\u00e8tes :<\/strong><\/p>\r\n<p><img loading=\"lazy\" decoding=\"async\" class=\"alignnone size-medium wp-image-5479\" src=\"http:\/\/image-bible.ch\/wp-content\/uploads\/2021\/05\/6.-Fuite-en-Egypte-D-300x232.jpg\" alt=\"\" width=\"300\" height=\"232\" srcset=\"http:\/\/image-bible.ch\/wp-content\/uploads\/2021\/05\/6.-Fuite-en-Egypte-D-300x232.jpg 300w, http:\/\/image-bible.ch\/wp-content\/uploads\/2021\/05\/6.-Fuite-en-Egypte-D.jpg 624w\" sizes=\"(max-width: 300px) 100vw, 300px\" \/><\/p>\r\n<p><i><strong>David :<\/strong> Ps 54,8 : <\/i><i>Loin, tr\u00e8s loin, je m&rsquo;enfuirais pour chercher asile au d\u00e9sert. \u00bb<\/i><\/p>\r\n<p><i><strong>J\u00e9r\u00e9mie :<\/strong> Jr 12,7 : <\/i><i>J\u2019ai abandonn\u00e9 ma maison, d\u00e9laiss\u00e9 mon h\u00e9ritage, livr\u00e9 ma bien-aim\u00e9e \u00e0 la poigne de ses ennemis.<\/i><\/p>\r\n<p><i><strong>Isa\u00efe :<\/strong> Es 19,1 : <\/i><i>Proclamation sur l\u2019\u00c9gypte. Voici le Seigneur : il chevauche une nu\u00e9e l\u00e9g\u00e8re, il entre en \u00c9gypte ; les idoles d\u2019\u00c9gypte vacillent devant lui, l\u2019\u00c9gypte voit fondre son courage<\/i><\/p>\r\n<p><i><strong>Os\u00e9e :<\/strong> Os 5,6 : <\/i><i>Avec leurs brebis et leurs b\u0153ufs, ils iront chercher le Seigneur, mais ils ne le trouveront pas\u00a0: il s\u2019est \u00e9loign\u00e9 d\u2019eux\u00a0!,<\/i><\/p>\r\n","protected":false},"excerpt":{"rendered":"<p>A6. La fuite en Egypte \/ Ancien-Testament Rebecca entre \u00c9sa\u00fc et Jacob Gn 27,41-45 : Apr\u00e8s que Jacob a vol\u00e9 la b\u00e9n\u00e9diction d&rsquo;Isaac (27,6-40) son p\u00e8re, en se faisant passer pour Esa\u00fc (l&rsquo;a\u00een\u00e9) &#8230; 41 \u00c9sa\u00fc se mit \u00e0 consid\u00e9rer<\/p>\n","protected":false},"author":1,"featured_media":0,"parent":31,"menu_order":4,"comment_status":"closed","ping_status":"closed","template":"","meta":{"footnotes":""},"_links":{"self":[{"href":"http:\/\/image-bible.ch\/index.php?rest_route=\/wp\/v2\/pages\/584"}],"collection":[{"href":"http:\/\/image-bible.ch\/index.php?rest_route=\/wp\/v2\/pages"}],"about":[{"href":"http:\/\/image-bible.ch\/index.php?rest_route=\/wp\/v2\/types\/page"}],"author":[{"embeddable":true,"href":"http:\/\/image-bible.ch\/index.php?rest_route=\/wp\/v2\/users\/1"}],"replies":[{"embeddable":true,"href":"http:\/\/image-bible.ch\/index.php?rest_route=%2Fwp%2Fv2%2Fcomments&post=584"}],"version-history":[{"count":7,"href":"http:\/\/image-bible.ch\/index.php?rest_route=\/wp\/v2\/pages\/584\/revisions"}],"predecessor-version":[{"id":6229,"href":"http:\/\/image-bible.ch\/index.php?rest_route=\/wp\/v2\/pages\/584\/revisions\/6229"}],"up":[{"embeddable":true,"href":"http:\/\/image-bible.ch\/index.php?rest_route=\/wp\/v2\/pages\/31"}],"wp:attachment":[{"href":"http:\/\/image-bible.ch\/index.php?rest_route=%2Fwp%2Fv2%2Fmedia&parent=584"}],"curies":[{"name":"wp","href":"https:\/\/api.w.org\/{rel}","templated":true}]}}