{"id":586,"date":"2021-03-04T13:30:40","date_gmt":"2021-03-04T12:30:40","guid":{"rendered":"http:\/\/image-bible.ch\/?page_id=586"},"modified":"2024-11-19T21:04:26","modified_gmt":"2024-11-19T20:04:26","slug":"a6-5-interpretation","status":"publish","type":"page","link":"http:\/\/image-bible.ch\/?page_id=586","title":{"rendered":"A6.5 \/ Interpr\u00e9tation"},"content":{"rendered":"<p style=\"text-align: center;\"><span style=\"font-size: 14pt; font-family: 'comic sans ms', sans-serif;\">A6. La fuite en Egypte \/ Interpr\u00e9tation<\/span><\/p>\n<p>Comme <strong>Rebecca<\/strong> la m\u00e8re des jumeaux \u00c9sa\u00fc et Jacob, lorsqu\u2019elle entendit d\u2019Esa\u00fc qu&rsquo;il voulait se venger en tuant son fr\u00e8re Jacob, <strong>envoya elle-m\u00eame son fils Jacob<\/strong> dans un <strong>pays \u00e9tranger<\/strong>, afin d\u2019\u00e9chapper au meurtre, ainsi Dieu averti en songe Joseph de fuir en \u00c9gypte pour que J\u00e9sus \u00e9chappe au massacre des premiers-n\u00e9s ordonn\u00e9 par H\u00e9rode.<\/p>\n<p>Les passages de <strong>Matthieu 2,13-14<\/strong> et <strong>Gen\u00e8se 27,41-45<\/strong> partagent un lien important \u00e0 travers les th\u00e8mes de la fuite pour \u00e9chapper \u00e0 une menace et la pr\u00e9servation de la vie d&rsquo;un personnage central en raison de la volont\u00e9 divine.<\/p>\n<h3><strong>Lien th\u00e9ologique entre les deux passages :<\/strong><\/h3>\n<ul>\n<li><strong>La fuite pour \u00e9chapper \u00e0 la menace de mort :<\/strong> Dans les deux passages, une menace de mort plane sur un personnage central (Jacob dans Gen\u00e8se, J\u00e9sus dans Matthieu), et dans les deux cas, la fuite devient n\u00e9cessaire pour pr\u00e9server leur vie. La fuite est dict\u00e9e par un avertissement divin, et elle permet de pr\u00e9server le plan divin pour ces personnages.<\/li>\n<li><strong>La protection divine :<\/strong> Dans <strong>Gen\u00e8se<\/strong>, Dieu prot\u00e8ge Jacob en l&rsquo;envoyant fuir, assurant ainsi qu&rsquo;il puisse accomplir sa destin\u00e9e. De m\u00eame, dans <strong>Matthieu<\/strong>, Dieu prot\u00e8ge J\u00e9sus en ordonnant \u00e0 Joseph de fuir en \u00c9gypte, afin que le Sauveur puisse accomplir sa mission de salut pour l&rsquo;humanit\u00e9.<\/li>\n<li><strong>L\u2019accomplissement du plan divin \u00e0 travers la fuite :<\/strong> Dans les deux cas, bien que la fuite semble \u00eatre un acte de protection et de pr\u00e9servation temporaire, elle sert \u00e0 accomplir un plan plus large de Dieu pour leur vie. Jacob sera celui par qui na\u00eetra la nation d&rsquo;Isra\u00ebl, et J\u00e9sus, sauv\u00e9 de la menace d&rsquo;H\u00e9rode, accomplira son r\u00f4le de Messie.<\/li>\n<\/ul>\n<p>En r\u00e9sum\u00e9, le lien entre <strong>Matthieu 2,13-14<\/strong> et <strong>Gen\u00e8se 27,41-45<\/strong> r\u00e9side dans le th\u00e8me de la fuite face \u00e0 une menace de mort, o\u00f9 la protection divine est essentielle pour pr\u00e9server la vie de ceux qui ont un r\u00f4le particulier dans le plan de Dieu. Dans les deux cas, cette fuite est une r\u00e9ponse \u00e0 une crise, guid\u00e9e par la volont\u00e9 divine.<\/p>\n<p>De m\u00eame que <strong>le roi Sa\u00fcl<\/strong> a ordonn\u00e9 de <strong>rechercher David<\/strong> pour <strong>le tuer,<\/strong>\u00a0 ainsi H\u00e9rode, cherche \u00e0 tuer J\u00e9sus de la lign\u00e9e de David en ordonnant le massacre des premiers-n\u00e9s. De m\u00eame que David \u00e9chappe \u00e0 la mort par la fuite et l&rsquo;ing\u00e9niosit\u00e9 de Mikal sa femme, ainsi J\u00e9sus \u00e9chappe \u00e0 la mort par le songe de Joseph.<\/p>\n<p>Les passages de <strong>1 Samuel 19,9-18<\/strong> et <strong>Matthieu 2,13-14<\/strong> partagent un lien th\u00e9ologique fond\u00e9 sur la fuite devant une menace de mort, guid\u00e9e par une intervention divine pour pr\u00e9server la vie d&rsquo;un personnage central destin\u00e9 \u00e0 accomplir un plan divin. Voici le lien entre les deux passages :<\/p>\n<div class=\"flex max-w-full flex-col flex-grow\">\n<div class=\"min-h-8 text-message flex w-full flex-col items-end gap-2 whitespace-normal break-words [.text-message+&amp;]:mt-5\" dir=\"auto\" data-message-author-role=\"assistant\" data-message-id=\"6e01e672-fbe7-4b19-a024-5a7b4566779a\" data-message-model-slug=\"gpt-4o-mini\">\n<div class=\"flex w-full flex-col gap-1 empty:hidden first:pt-[3px]\">\n<div class=\"markdown prose w-full break-words dark:prose-invert light\">\n<h3>Lien th\u00e9ologique :<\/h3>\n<ul>\n<li><strong>La protection divine<\/strong> : Dans les deux passages, Dieu intervient pour prot\u00e9ger la vie de ceux qui ont un r\u00f4le cl\u00e9 dans le plan divin. David doit fuir pour devenir le roi d&rsquo;Isra\u00ebl, et J\u00e9sus doit \u00eatre pr\u00e9serv\u00e9 pour accomplir sa mission de Messie.<\/li>\n<li><strong>La fuite pour \u00e9chapper \u00e0 la menace de mort<\/strong> : Dans les deux r\u00e9cits, un personnage central (David et J\u00e9sus) fuit pour \u00e9chapper \u00e0 une menace de mort dirig\u00e9e par un souverain (Sa\u00fcl et H\u00e9rode). Cette fuite est dict\u00e9e par un avertissement ou une r\u00e9v\u00e9lation divine, permettant \u00e0 la volont\u00e9 de Dieu de s&rsquo;accomplir.<\/li>\n<li><strong>L&rsquo;accomplissement du plan divin<\/strong> : Bien que la fuite soit une r\u00e9ponse imm\u00e9diate \u00e0 un danger, elle sert \u00e0 pr\u00e9server la vie de David et de J\u00e9sus, assurant ainsi que les promesses de Dieu \u00e0 leur sujet se r\u00e9aliseront. David est pr\u00e9serv\u00e9 pour devenir le roi d&rsquo;Isra\u00ebl, et J\u00e9sus est sauv\u00e9 pour accomplir son r\u00f4le de Sauveur du monde.<\/li>\n<\/ul>\n<p>En r\u00e9sum\u00e9, ces deux passages montrent comment Dieu prot\u00e8ge ceux qu&rsquo;il a choisis, en leur permettant d&rsquo;\u00e9chapper \u00e0 des menaces de mort par des r\u00e9v\u00e9lations divines, afin qu&rsquo;ils accomplissent le dessein divin pour leur vie.<\/p>\n<\/div>\n<\/div>\n<\/div>\n<\/div>\n<div class=\"mb-2 flex gap-3 empty:hidden -ml-2\">\n<div class=\"items-center justify-start rounded-xl p-1 flex\">\n<div class=\"flex items-center\"><\/div>\n<\/div>\n<\/div>\n<p><!-- \/wp:paragraph --><\/p>\n","protected":false},"excerpt":{"rendered":"<p>A6. La fuite en Egypte \/ Interpr\u00e9tation Comme Rebecca la m\u00e8re des jumeaux \u00c9sa\u00fc et Jacob, lorsqu\u2019elle entendit d\u2019Esa\u00fc qu&rsquo;il voulait se venger en tuant son fr\u00e8re Jacob, envoya elle-m\u00eame son fils Jacob dans un pays \u00e9tranger, afin d\u2019\u00e9chapper au<\/p>\n","protected":false},"author":1,"featured_media":0,"parent":31,"menu_order":5,"comment_status":"closed","ping_status":"closed","template":"","meta":{"footnotes":""},"_links":{"self":[{"href":"http:\/\/image-bible.ch\/index.php?rest_route=\/wp\/v2\/pages\/586"}],"collection":[{"href":"http:\/\/image-bible.ch\/index.php?rest_route=\/wp\/v2\/pages"}],"about":[{"href":"http:\/\/image-bible.ch\/index.php?rest_route=\/wp\/v2\/types\/page"}],"author":[{"embeddable":true,"href":"http:\/\/image-bible.ch\/index.php?rest_route=\/wp\/v2\/users\/1"}],"replies":[{"embeddable":true,"href":"http:\/\/image-bible.ch\/index.php?rest_route=%2Fwp%2Fv2%2Fcomments&post=586"}],"version-history":[{"count":7,"href":"http:\/\/image-bible.ch\/index.php?rest_route=\/wp\/v2\/pages\/586\/revisions"}],"predecessor-version":[{"id":9529,"href":"http:\/\/image-bible.ch\/index.php?rest_route=\/wp\/v2\/pages\/586\/revisions\/9529"}],"up":[{"embeddable":true,"href":"http:\/\/image-bible.ch\/index.php?rest_route=\/wp\/v2\/pages\/31"}],"wp:attachment":[{"href":"http:\/\/image-bible.ch\/index.php?rest_route=%2Fwp%2Fv2%2Fmedia&parent=586"}],"curies":[{"name":"wp","href":"https:\/\/api.w.org\/{rel}","templated":true}]}}