{"id":590,"date":"2021-03-04T13:31:30","date_gmt":"2021-03-04T12:31:30","guid":{"rendered":"http:\/\/image-bible.ch\/?page_id=590"},"modified":"2021-09-15T17:36:04","modified_gmt":"2021-09-15T15:36:04","slug":"a6-7-fete-juive","status":"publish","type":"page","link":"http:\/\/image-bible.ch\/?page_id=590","title":{"rendered":"A6.7 \/ F\u00eate juive"},"content":{"rendered":"<p><\/p>\r\n<p style=\"text-align: center;\"><span style=\"font-size: 14pt; font-family: 'comic sans ms', sans-serif;\">A6. La fuite en Egypte \/ F\u00eate juive et chr\u00e9tienne<\/span><\/p>\r\n<p>Il n&rsquo;y a pas \u00e0 proprement parler de f\u00eate de ce r\u00e9cit de J\u00e9sus.<\/p>\r\n","protected":false},"excerpt":{"rendered":"<p>A6. La fuite en Egypte \/ F\u00eate juive et chr\u00e9tienne Il n&rsquo;y a pas \u00e0 proprement parler de f\u00eate de ce r\u00e9cit de J\u00e9sus.<\/p>\n","protected":false},"author":1,"featured_media":0,"parent":31,"menu_order":7,"comment_status":"closed","ping_status":"closed","template":"","meta":{"footnotes":""},"_links":{"self":[{"href":"http:\/\/image-bible.ch\/index.php?rest_route=\/wp\/v2\/pages\/590"}],"collection":[{"href":"http:\/\/image-bible.ch\/index.php?rest_route=\/wp\/v2\/pages"}],"about":[{"href":"http:\/\/image-bible.ch\/index.php?rest_route=\/wp\/v2\/types\/page"}],"author":[{"embeddable":true,"href":"http:\/\/image-bible.ch\/index.php?rest_route=\/wp\/v2\/users\/1"}],"replies":[{"embeddable":true,"href":"http:\/\/image-bible.ch\/index.php?rest_route=%2Fwp%2Fv2%2Fcomments&post=590"}],"version-history":[{"count":4,"href":"http:\/\/image-bible.ch\/index.php?rest_route=\/wp\/v2\/pages\/590\/revisions"}],"predecessor-version":[{"id":5903,"href":"http:\/\/image-bible.ch\/index.php?rest_route=\/wp\/v2\/pages\/590\/revisions\/5903"}],"up":[{"embeddable":true,"href":"http:\/\/image-bible.ch\/index.php?rest_route=\/wp\/v2\/pages\/31"}],"wp:attachment":[{"href":"http:\/\/image-bible.ch\/index.php?rest_route=%2Fwp%2Fv2%2Fmedia&parent=590"}],"curies":[{"name":"wp","href":"https:\/\/api.w.org\/{rel}","templated":true}]}}